{"id":537,"date":"2017-07-02T09:30:29","date_gmt":"2017-07-02T07:30:29","guid":{"rendered":"https:\/\/plouguerneau.net\/circuit-n21-117-km\/"},"modified":"2025-01-15T19:24:36","modified_gmt":"2025-01-15T18:24:36","slug":"circuit-n21-117-km","status":"publish","type":"page","link":"https:\/\/appriou.bzh\/index.php\/circuit-n21-117-km\/","title":{"rendered":"Circuit 21 (11,7 km)"},"content":{"rendered":"<p><b> <FONT size=\"4pt\">Circuit n\u00b021 :  <\/b> <br \/>Distance : 11.7 km<br \/><\/FONT><br \/>Erik et DomD proposent des parcours de randonn\u00e9e \u00e0 travers Plouguerneau.<\/p>\n<p><b>Circuit n\u00b021<\/b>&nbsp;: <i>Pour mieux visualiser la carte, voici la R\u00e9f\u00e9rence Open Runner&nbsp;: <a href=\"http:\/\/www.openrunner.com\/index.php?id=1628092\" target=blank>1628092<\/a><\/i><\/p>\n<p>Distance&nbsp;: 11.7(km) <br \/>\nAltitude min.&nbsp;: 21 (m) <br \/>\nAltitude max.&nbsp;: 61 (m) <br \/>\nActivit\u00e9&nbsp;: Course \u00e0 pied, promenade, Cyclisme VTT, \u00e9questre<br \/>\nDifficult\u00e9&nbsp;: Basse<br \/>\nType de sol&nbsp;: Sentier et route<br \/>\nParcours balis\u00e9&nbsp;: Non <\/p>\n<p>Pour r\u00e9aliser ce circuit nous vous conseillons de vous munir de la carte IGN<br \/>\nPlouguerneau Les Abers &#8211; IGN 0416ET ou de vous munir de la carte de l&rsquo;association vendue 2\u20ac  \u00e0 l&rsquo;office du tourisme et dans certains commerces..<\/p>\n<p>.<\/p>\n<div>\n<div align=center>\n<a href=\"https:\/\/appriou.bzh\/wp-content\/uploads\/2017\/07\/jpg_circuit_211.jpg\" target=blank><img decoding=\"async\" src=\"https:\/\/appriou.bzh\/wp-content\/uploads\/2017\/07\/jpg_circuit_211.jpg\" width=550 height=334><\/a><br \/>\n<i>Cliquer sur la carte pour l&rsquo;agrandir<\/i><\/div>\n<div align=center>\n<a href=\"https:\/\/appriou.bzh\/wp-content\/uploads\/2017\/07\/jpg_circuit_212.jpg\" target=blank><img decoding=\"async\" src=\"https:\/\/appriou.bzh\/wp-content\/uploads\/2017\/07\/jpg_circuit_212.jpg\" width=550 height=334><\/a><br \/>\n<i>Cliquer sur la carte pour l&rsquo;agrandir<\/i><\/div>\n<p><b> <FONT size=\"4pt\">Circuit n\u00b021 <\/FONT><\/b> <\/p>\n<p>D\u00e9part et retour  du parking du bourg du Grouanec<\/p>\n","protected":false},"excerpt":{"rendered":"<p>Circuit n\u00b021 : Distance : 11.7 kmErik et DomD proposent des parcours de randonn\u00e9e \u00e0 travers Plouguerneau. Circuit n\u00b021&nbsp;: Pour mieux visualiser la carte, voici la R\u00e9f\u00e9rence Open Runner&nbsp;: 1628092 [&hellip;]<\/p>\n","protected":false},"author":4,"featured_media":0,"parent":0,"menu_order":0,"comment_status":"closed","ping_status":"closed","template":"","meta":{"ngg_post_thumbnail":0,"_EventAllDay":false,"_EventTimezone":"","_EventStartDate":"","_EventEndDate":"","_EventStartDateUTC":"","_EventEndDateUTC":"","_EventShowMap":false,"_EventShowMapLink":false,"_EventURL":"","_EventCost":"","_EventCostDescription":"","_EventCurrencySymbol":"","_EventCurrencyCode":"","_EventCurrencyPosition":"","_EventDateTimeSeparator":"","_EventTimeRangeSeparator":"","_EventOrganizerID":[],"_EventVenueID":[],"_OrganizerEmail":"","_OrganizerPhone":"","_OrganizerWebsite":"","_VenueAddress":"","_VenueCity":"","_VenueCountry":"","_VenueProvince":"","_VenueState":"","_VenueZip":"","_VenuePhone":"","_VenueURL":"","_VenueStateProvince":"","_VenueLat":"","_VenueLng":"","_VenueShowMap":false,"_VenueShowMapLink":false,"footnotes":""},"categories":[134],"tags":[],"class_list":["post-537","page","type-page","status-publish","hentry","category-randonnees-dautres-idees"],"_links":{"self":[{"href":"https:\/\/appriou.bzh\/index.php\/wp-json\/wp\/v2\/pages\/537","targetHints":{"allow":["GET"]}}],"collection":[{"href":"https:\/\/appriou.bzh\/index.php\/wp-json\/wp\/v2\/pages"}],"about":[{"href":"https:\/\/appriou.bzh\/index.php\/wp-json\/wp\/v2\/types\/page"}],"author":[{"embeddable":true,"href":"https:\/\/appriou.bzh\/index.php\/wp-json\/wp\/v2\/users\/4"}],"replies":[{"embeddable":true,"href":"https:\/\/appriou.bzh\/index.php\/wp-json\/wp\/v2\/comments?post=537"}],"version-history":[{"count":0,"href":"https:\/\/appriou.bzh\/index.php\/wp-json\/wp\/v2\/pages\/537\/revisions"}],"wp:attachment":[{"href":"https:\/\/appriou.bzh\/index.php\/wp-json\/wp\/v2\/media?parent=537"}],"wp:term":[{"taxonomy":"category","embeddable":true,"href":"https:\/\/appriou.bzh\/index.php\/wp-json\/wp\/v2\/categories?post=537"},{"taxonomy":"post_tag","embeddable":true,"href":"https:\/\/appriou.bzh\/index.php\/wp-json\/wp\/v2\/tags?post=537"}],"curies":[{"name":"wp","href":"https:\/\/api.w.org\/{rel}","templated":true}]}}