{"id":562,"date":"2012-08-18T16:10:53","date_gmt":"2012-08-18T14:10:53","guid":{"rendered":"https:\/\/plouguerneau.net\/joseph-kermaidic\/"},"modified":"2012-08-18T16:10:53","modified_gmt":"2012-08-18T14:10:53","slug":"joseph-kermaidic","status":"publish","type":"page","link":"https:\/\/appriou.bzh\/index.php\/joseph-kermaidic\/","title":{"rendered":"Joseph Kerma\u00efdic"},"content":{"rendered":"<div align=justify>\n<i>Le texte et les photos qui suivent nous ont \u00e9t\u00e9 transmises par Jean Kerma\u00efdic le fils de Joseph, gardien de phare \u00e0 l&rsquo;\u00eele Wrac&rsquo;h<\/i><\/p>\n<p>Pour la p\u00e9riode qui vous int\u00e9resse, ce sont mes parents qui \u00e9taient gardiens de ce phare  et Job, c\u2019\u00e9tait mon p\u00e8re\u2026<\/p>\n<p>Mon paternel, Joseph Kerma\u00efdic (1884-1969)  a commenc\u00e9 par faire la p\u00eache avec son p\u00e8re. Puis , il s\u2019est engag\u00e9 dans la marine comme manoeuvrier. Je pr\u00e9cise qu\u2019il \u00e9tait \u00e9galement voilier. Quand il a quitt\u00e9 l\u2019arm\u00e9e,  il est venu faire la p\u00eache \u00e0 l\u2019Aber-Wrac\u2019h. Manifestement, il poss\u00e9dait d\u00e9j\u00e0 un bateau.<\/p>\n<p>Ma m\u00e8re, Marianne L\u00e9on (1896-1966) \u00e9tait couturi\u00e8re et se d\u00e9pla\u00e7ait chez les particuliers pour raccommoder le linge. Rapidement elle a eu une machine \u00e0 coudre de marque Singer\u00a0: une r\u00e9f\u00e9rence\u00a0!<\/p>\n<p>Ils vont se marier en 1920 \u00e0 Land\u00e9da. J\u2019ai constat\u00e9 que ce jour-l\u00e0, il y avait eu 5 mariages\u00a0: les familles avaient fait un regroupement.<\/p>\n<div align=center>\n<img decoding=\"async\" src=\"https:\/\/appriou.bzh\/wp-content\/uploads\/2012\/08\/portrait_kermaidic_kermaidic1.jpg\"><br \/>\n<i>Les jeunes mari\u00e9s<\/i>\n<\/div>\n<p>\nMa s\u0153ur va na\u00eetre sur l\u2019\u00eele en 1926. Mon p\u00e8re est parti \u00e0 terre en canot pour chercher le m\u00e9decin. A noter la fureur de ma m\u00e8re quand elle a constat\u00e9 que le docteur \u00e9tait saoul. Mais l\u2019accouchement s\u2019est bien pass\u00e9 et, au bout d\u2019un moment  et moult palabres , mon p\u00e8re a pu ramener \u00e0 terre le toubib .<\/p>\n<p>Mon p\u00e8re faisait donc la p\u00eache et ma m\u00e8re s\u2019occupait du phare. Il avait  filets et casiers. En ce temps-l\u00e0, les langoustes pullulaient et de gros bateaux venaient chez nous pour faire leurs mar\u00e9es. La plupart venaient de Mogueriec.<\/p>\n<div align=center>\n<img decoding=\"async\" src=\"https:\/\/appriou.bzh\/wp-content\/uploads\/2012\/08\/portrait_kermaidic_kermaidic2.jpg\"><br \/>\n<i>Sur l&rsquo;\u00eele avec ma soeur<\/i>\n<\/div>\n<p>\nLe mareyeur de l\u2019Aber-Wrac\u2019h faisait fortune\u00a0: il s\u2019appelait Joseph Oulhen. Il avait un grand vivier dans le port mais rapidement celui-ci est devenu trop petit. Il d\u00e9cide donc de faire un autre vivier\u00a0et  le fait fabriquer sur un ilot pr\u00e9s de l\u2019\u00eele Wrac\u2019h. Comme il faut un gardien , il construit donc une petite maison pour l\u2019h\u00e9berger .<\/p>\n<p>Comme vous pouvez le constater, cette maison est toujours debout. Pourtant elle a eu bien des ennuis. Pendant la guerre de 40,  les Allemands s\u2019en servaient de cible pour les tirs au canon. Apr\u00e8s la guerre , elle a \u00e9t\u00e9 restaur\u00e9e.<\/p>\n<p>Si, pendant les grandes mar\u00e9es , vous allez pr\u00e8s de cette maison, vous apercevrez le reste des murs de l\u2019ancien vivier . Vous pourrez en profiter pour y p\u00eacher la crevette qui vient s\u2019y r\u00e9fugier .<\/p>\n<p>Mes parents avaient donc un voisin\u2026 Bien s\u00fbr il s\u2019ennuyait\u2026 Mes parents sont donc venus le voir\u2026 Et il les a invit\u00e9s \u00e0 manger\u2026 Mais que manger sinon des langoustes, celles qui venaient de mourir \u00e9videmment. Comme leur h\u00f4te n\u2019avait ni mayonnaise ni huile ni  vinaigre, c\u2019\u00e9tait donc la gal\u00e8re.<\/p>\n<p>R\u00e9flexions de ma m\u00e8re\u00a0: \u00a0\u00bb\u00a0En mangeant, je fermais les yeux en me persuadant que c\u2019\u00e9tait du jambon\u2026 Si encore il nous avait permis d\u2019en amener avec nous, on aurait fait un assaisonnement. Mais il le refusait syst\u00e9matiquement \u00ab\u00a0<\/p>\n<p>Mes parents vont quitter d\u00e9finitivement l\u2019\u00eele \u00e0 cause de moi\u00a0: J\u2019allais na\u00eetre et ma m\u00e8re voulait  \u00e0 tout prix \u00e9viter d\u2019accoucher sur l\u2019\u00eele .Je vais donc venir au monde dans la maison de mes parents \u00e0 l\u2019Aber-Wrac\u2019h ( en ode bri ) en septembre 1931. Vous en d\u00e9duirez donc que j\u2019ai  actuellement 81 ans. Je fais toujours du sport, je ne fume pas, je ne bois pas et j\u2019ai une femme adorable qui ne m\u2019em\u2026 pas\u00a0!<\/p>\n<p>Avec les nouveaux gardiens , mes parents ont entretenu de bonnes relations et, quand il faisait beau, nous allions les voir pour y  passer une bonne apr\u00e8s-midi.<\/p>\n<p>Un jour, nous sommes tous partis sur l\u2019\u00eele Stagadon pour rendre visite \u00e0 la famille Bellec qui y s\u00e9journait en permanence. Nous avons donc pass\u00e9 un bon moment et nous n\u2019avons pas vu que le soir arrivait.<\/p>\n<p>Tout \u00e0 coup, un hurlement\u00a0:<\/p>\n<p>&#8211; Job\u00a0! il faut partir\u2026 le phare n\u2019est pas allum\u00e9\u00a0! on a oubli\u00e9 l\u2019heure.\n<\/p>\n<p>\nNous avons vite pli\u00e9 bagages. Mon p\u00e8re a lanc\u00e9 le  moteur et nous sommes partis tr\u00e8s rapidement. Il n\u2019y  a eu aucune cons\u00e9quence \u00e0 cet incident qui aurait pu \u00eatre grave et  il n\u2019y a jamais eu d\u2019\u00e9chos. Formidable\u00a0!<\/p>\n<p>En 1940, mon p\u00e8re a 56 ans et est toujours en activit\u00e9. Il fait donc la p\u00eache sous le regard des Allemands qui le contr\u00f4lent en permanence. Les Affaires  Maritimes vont lui demander d\u2019assurer le ravitaillement du phare de l\u2019\u00eele Vierge \u00e0 partir de l\u2019Aber-Wrac\u2019h. Il y a trois gardiens Fran\u00e7ais en rotation\u00a0: 2 sur l\u2019\u00eele et 1 \u00e0 terre. Mais il y a aussi un groupe d\u2019Allemands.<br \/>\nUn jour , mon p\u00e8re est rentr\u00e9 \u00e0 3 heures du matin et tout le monde \u00e9tait inquiet. Explications\u00a0: probl\u00e8me de voile\u2026En voyant le regard illumin\u00e9 de mon p\u00e8re, j\u2019en avais d\u00e9duit, peut-\u00eatre \u00e0 tord, que la soir\u00e9e franco-germanique avait \u00e9t\u00e9 quelque peu plaisante.<\/p>\n<div align=center>\n<img decoding=\"async\" src=\"https:\/\/appriou.bzh\/wp-content\/uploads\/2012\/08\/portrait_kermaidic_kermaidic3.jpg\"><br \/>\n<i>Mes parents dans leur vieillesse<\/i>\n<\/div>\n<p>\nA noter une p\u00e9riode peu r\u00e9jouissante\u00a0: la d\u00e9b\u00e2cle. A ce moment beaucoup veulent partir en Angleterre. De  nombreux bateaux quittent Brest et se trouvent le soir devant le port de L\u2019Aber-Wrac\u2019h. Ils mouillent et se reposent pour partir le lendemain de belle heure. En face c\u2019est l\u2019Angleterre\u2026<br \/>\nOn frappe \u00e0 la porte, devant moi un gars en v\u00e9lo\u00a0: Paul Normand. Avec ses parents, il venait chez nous passer les vacances d\u2019\u00e9t\u00e9. Il est venu de Brest en v\u00e9lo et, tout de suite\u00a0:<\/p>\n<p>&#8211; Job , am\u00e8ne-moi en Angleterre<\/p>\n<p>Mon p\u00e8re a tout de m\u00eame une autre solution\u00a0: le faire embarquer demain matin sur un des bateaux qui vont partir de belle heure. Mais rien n\u2019y fait et Paul est obstin\u00e9\u00a0: il veut partir tout de suite. Mon p\u00e8re va donc l\u2019emmener.<\/p>\n<p>4 ans apr\u00e8s, on frappe \u00e0 la porte\u00a0. Devant moi un officier de marine avec 2 galons\u00a0: c\u2019est Paul qui cherche son p\u00e8re. Il a fait la guerre avec  Philippe de Gaulle et arrive en France en h\u00e9ros\u00a0: il a 20 ans.<br \/>\nPour son malheur , il va rester dans une marine anti-gaulliste jusqu\u2019au bout des ongles . Il n\u2019a que tr\u00e8s peu de formation militaire. On va le diriger vers l\u2019A\u00e9ronavale comme pilote, mais c\u2019est un \u00e9chec. Il est finalement orient\u00e9 vers les transmissions\u00a0: une voie de garage. Alors qu\u2019il a 3 galons, il voit que sa carri\u00e8re est termin\u00e9e. Il prend son pistolet et se suicide. C\u2019\u00e9tait un ami.\n<\/div>\n","protected":false},"excerpt":{"rendered":"<p>Le texte et les photos qui suivent nous ont \u00e9t\u00e9 transmises par Jean Kerma\u00efdic le fils de Joseph, gardien de phare \u00e0 l&rsquo;\u00eele Wrac&rsquo;h Pour la p\u00e9riode qui vous int\u00e9resse, [&hellip;]<\/p>\n","protected":false},"author":4,"featured_media":0,"parent":0,"menu_order":0,"comment_status":"closed","ping_status":"open","template":"","meta":{"ngg_post_thumbnail":0,"_EventAllDay":false,"_EventTimezone":"","_EventStartDate":"","_EventEndDate":"","_EventStartDateUTC":"","_EventEndDateUTC":"","_EventShowMap":false,"_EventShowMapLink":false,"_EventURL":"","_EventCost":"","_EventCostDescription":"","_EventCurrencySymbol":"","_EventCurrencyCode":"","_EventCurrencyPosition":"","_EventDateTimeSeparator":"","_EventTimeRangeSeparator":"","_EventOrganizerID":[],"_EventVenueID":[],"_OrganizerEmail":"","_OrganizerPhone":"","_OrganizerWebsite":"","_VenueAddress":"","_VenueCity":"","_VenueCountry":"","_VenueProvince":"","_VenueState":"","_VenueZip":"","_VenuePhone":"","_VenueURL":"","_VenueStateProvince":"","_VenueLat":"","_VenueLng":"","_VenueShowMap":false,"_VenueShowMapLink":false,"footnotes":""},"categories":[273],"tags":[],"class_list":["post-562","page","type-page","status-publish","hentry","category-portraits-dhier"],"_links":{"self":[{"href":"https:\/\/appriou.bzh\/index.php\/wp-json\/wp\/v2\/pages\/562","targetHints":{"allow":["GET"]}}],"collection":[{"href":"https:\/\/appriou.bzh\/index.php\/wp-json\/wp\/v2\/pages"}],"about":[{"href":"https:\/\/appriou.bzh\/index.php\/wp-json\/wp\/v2\/types\/page"}],"author":[{"embeddable":true,"href":"https:\/\/appriou.bzh\/index.php\/wp-json\/wp\/v2\/users\/4"}],"replies":[{"embeddable":true,"href":"https:\/\/appriou.bzh\/index.php\/wp-json\/wp\/v2\/comments?post=562"}],"version-history":[{"count":0,"href":"https:\/\/appriou.bzh\/index.php\/wp-json\/wp\/v2\/pages\/562\/revisions"}],"wp:attachment":[{"href":"https:\/\/appriou.bzh\/index.php\/wp-json\/wp\/v2\/media?parent=562"}],"wp:term":[{"taxonomy":"category","embeddable":true,"href":"https:\/\/appriou.bzh\/index.php\/wp-json\/wp\/v2\/categories?post=562"},{"taxonomy":"post_tag","embeddable":true,"href":"https:\/\/appriou.bzh\/index.php\/wp-json\/wp\/v2\/tags?post=562"}],"curies":[{"name":"wp","href":"https:\/\/api.w.org\/{rel}","templated":true}]}}