{"id":572,"date":"2025-01-12T21:58:59","date_gmt":"2025-01-12T20:58:59","guid":{"rendered":"https:\/\/plouguerneau.net\/?p=572"},"modified":"2025-01-25T19:49:14","modified_gmt":"2025-01-25T18:49:14","slug":"chemins-de-plouguerneau","status":"publish","type":"page","link":"https:\/\/appriou.bzh\/index.php\/chemins-de-plouguerneau\/","title":{"rendered":"Chemins de Plouguerneau"},"content":{"rendered":"<p><Font size=\"4pt\"><center><b>CHEMINS DE PLOUGUERNEAU<\/b><\/font><br \/>500 photos de chemins et croisements<br \/>class\u00e9es par secteurs avec position GPS et carte  associ\u00e9e.<br \/><\/center><\/p>\n<p><\/p>\n<div align=center>\n<img src=http:\/\/www.plouguerneau.net\/IMG\/jpg\/Chemins-SPIP.jpg width=480 height=300><\/div>\n<p><\/p>\n<p><b>SECTEUR AB1 ou AB\/<\/b><\/p>\n<p>. <a href=\"https:\/\/docs.google.com\/open?id=0B3wqmy_fDrjBTm5GRkV4VVlLQm8\" target=_blank>Photos 1 \u00e0 20<\/a> : Le Grouanec &#8211; Barguet &#8211; Prat-Orven &#8211; Anteren &#8211; Enez Cadec &#8211; Kerhabo<\/p>\n<p>. <a href=\"https:\/\/docs.google.com\/open?id=0B3wqmy_fDrjBV01fdF9INHBEUE0\" target=_blank>Photos 21 \u00e0 40 <\/a> : Anteren &#8211; Prat-Orven &#8211; Mezaloret &#8211; Barguet &#8211; Le bourg du Grouanec &#8211; Gweleran<\/p>\n<p>. <a href=\"https:\/\/docs.google.com\/open?id=0B3wqmy_fDrjBdVJRQ181QldCcXM\" target=_blank>Photos 41 \u00e0 60<\/a> : Anteren &#8211; M\u00e9zaloret &#8211; Kerdelant &#8211; Keroudern &#8211; Plage du Zorn &#8211; La plage du Vougot &#8211; Kervezennec &#8211; Kastel al Lez<\/p>\n<p>. <a href=\"https:\/\/docs.google.com\/open?id=0B3wqmy_fDrjBc25wXzF4WU9rdU0\" target=_blank>Photos 62 \u00e0 78<\/a> : Guisseny : Lanveur &#8211; Le Grouanec &#8211; Anteren &#8211; Sainte-Anne &#8211; Le Leur\u00e9 &#8211; Keroudern &#8211; Enez-Cadec<\/p>\n<p><b>SECTEUR AB2 ou  AB.<\/b><\/p>\n<p>. <a href=\"https:\/\/docs.google.com\/open?id=0B3wqmy_fDrjBQndyZEpyM0JIb1U\" target=_blank>Photos 80 \u00e0 100<\/a> : Keroudern &#8211; Leur\u00e9 vers le Grouanec &#8211; Anteren &#8211; Leur\u00e9 &#8211; chapelle Sainte-Anne &#8211; Enez-Cadec &#8211; Chapelle Sainte-Claude &#8211; Kroaz-Edern &#8211; Kervener &#8211; Kroaz-Edern &#8211; Rann-Grannoc &#8211; Carpont &#8211; Rann-Enezi &#8211; Barguet &#8211; Gweleran<\/p>\n<p>. <a href=\"https:\/\/docs.google.com\/open?id=0B3wqmy_fDrjBWTVVbDVtc282UGM\" target=_blank>Photos 103 \u00e0 120<\/a> : Rann-Grannoc &#8211; (zone artisanale du Hellez) &#8211; Carpont &#8211; Gweleran<\/p>\n<p>. <a href=\"https:\/\/docs.google.com\/open?id=0B3wqmy_fDrjBRnRteG95bWRYS2M\" target=_blank>Photos 121 \u00e0 140<\/a> : Croaz al Lann (Kroaz al lann) &#8211; Sainte-Anne (chapelle) &#8211; Gweleran &#8211; Barguet &#8211; Le bourg du Grouanec &#8211; Kerili &#8211; Rann- Grannoc Keroudern (chapelle) &#8211; Kervener &#8211; Kroaz al Lann<\/p>\n<p><b>SECTEUR AC1 ou AC\/<\/b><\/p>\n<p>. <a href=\"https:\/\/docs.google.com\/open?id=0B3wqmy_fDrjBYWM0UjVHYVAxYkU\" target=_blank>Photos 141 \u00e0 160<\/a> : D52 (du Grouanec vers Le Diouris &#8211; Kerfavenn &#8211; Lannebeur &#8211; Kernilis lieu-dit : Pellan &#8211; Grounant &#8211; Kernilis : Toulran<\/p>\n<p>. <a href=\"https:\/\/docs.google.com\/open?id=0B3wqmy_fDrjBUEE3Q09yVGVRcE0\" target=_blank>Photos 161 \u00e0 180 <\/a> : Kernilis : Toulran (le puit) &#8211; Treverroc-Izella &#8211; Le Naount &#8211; Kerscao &#8211; Lannoster<\/p>\n<p>. <a href=\"https:\/\/docs.google.com\/open?id=0B3wqmy_fDrjBbGlBdHdMaDlUUU0\" target=_blank>Photos 182 \u00e0 200<\/a> : Kerdelant &#8211; Le Naount &#8211; Lannebeur &#8211; Languerc&rsquo;h &#8211; Koz-Castel &#8211; Lannerchen &#8211; Kroaz-Prenn &#8211; Kergueo &#8211; Le Grouanec &#8211; Koat-Hallec &#8211; Porz al lez<\/p>\n<p>. <a href=\"https:\/\/docs.google.com\/open?id=0B3wqmy_fDrjBakN0b0hUV2VCOFk\" target=_blank>Photos 201 \u00e0 209<\/a> : Kozh-Castell &#8211; Coat-halec Le Grouanec &#8211; Kerdelant -Kerhabo &#8211; Languerc&rsquo;h &#8211; Kernevez-Gorreblou\u00e9<\/p>\n<p><b>SECTEUR AC2 ou  AC.<\/b><\/p>\n<p>. <a href=\"https:\/\/docs.google.com\/open?id=0B3wqmy_fDrjBeFY4anlPX0h0djQ\" target=_blank>Photos 210 \u00e0 230<\/a> : Kerdelant &#8211; Lannerchen &#8211; Kroaz-Prenn &#8211; Naount &#8211; Le Grouanec<\/p>\n<p>. <a href=\"https:\/\/docs.google.com\/open?id=0B3wqmy_fDrjBMUFQUmhyUEtDOXc\" target=_blank>Photos 231 \u00e0 250<\/a> : Lannebeur &#8211; Kerdelant &#8211; Kozh-Castell &#8211; Kroaz-Prenn &#8211; Lanvern &#8211; Languerc&rsquo;h &#8211; Kernevez-Gorrebloue<\/p>\n<p>. <a href=\"https:\/\/docs.google.com\/open?id=0B3wqmy_fDrjBTFN6VlFZQ2tGeUU\" target=_blank>Photos 251 \u00e0 265<\/a> : Kerdelant &#8211; Naount &#8211; Kozh-Castell &#8211; Koat-Halec &#8211; Kernevez-Gorrebloue &#8211; Kerigoualc&rsquo;h &#8211; Kergueo &#8211; Kerabo &#8211; kerigoualc&rsquo;h &#8211; Kozh-Castell &#8211; Lannebeur<\/p>\n<p>. <a href=\"https:\/\/drive.google.com\/file\/d\/0B3wqmy_fDrjBX3lsdXZoVzJScjQ\" target=_blank>Photos 267 \u00e0 280<\/a> : Coat-Kenan (Koat-Kenan) &#8211; Kerili &#8211; Odeveur &#8211; Kervidot<\/p>\n<p>. <a href=\"https:\/\/docs.google.com\/open?id=0B3wqmy_fDrjBbmFWLVM4RW1IR2M\" target=_blank>Photos 281 \u00e0 295<\/a> : Kervidot &#8211; Ranorgat &#8211; Kernevez-loguivy &#8211; Kermoyen &#8211; Pont-Krac&rsquo;h (pont du diable) &#8211; Kerandraon<\/p>\n<p>. <a href=\"https:\/\/drive.google.com\/file\/d\/0B3wqmy_fDrjBaHF3WTZBekhmVGM\" target=_blank>Photos 296 \u00e0 306<\/a> : Kevolan &#8211; Rann ar Groaz &#8211; Pont-Krac&rsquo;h (pont du diable) &#8211; Ridoun &#8211; Kerfavenn &#8211; Kervidot <\/p>\n<p><b>SECTEUR AD1 ou  AD\/<\/b><\/p>\n<p>. <a href=\"https:\/\/drive.google.com\/file\/d\/0B3wqmy_fDrjBaHF3WTZBekhmVGM\" target=_blank>Photos 307 \u00e0 314<\/a> : Guisseny : Kerhornaouen &#8211; Kerlergon &#8211; Poull-Kroaz &#8211; La Palud (Curnic) &#8211; Cleguer &#8211; La plage du Vougot GR34<\/p>\n<p><b>SECTEUR AD2 ou  AD.<\/b><\/p>\n<p>. <a href=\"https:\/\/docs.google.com\/open?id=0B3wqmy_fDrjBeGh4SV9Kby02OUk\" target=_blank>Photos 319 \u00e0 339<\/a> : Kerannaou &#8211; Mezeozen &#8211; Kergasken &#8211; Kernevez-Tremeur &#8211; Kergasken (manoir) &#8211; Kergadavarn &#8211; Poull-Pri &#8211; Kergouroun &#8211; Kreac&rsquo;h (Creac&rsquo;h) an Avel<\/p>\n<p>. <a href=\"https:\/\/docs.google.com\/open?id=0B3wqmy_fDrjBaGVTb21SRlNwZ28\" target=_blank>Photos 340 \u00e0 359<\/a> : Kreac&rsquo;h (Creac&rsquo;h) an Avel &#8211; Kerrachen et la plage du Zorn &#8211; Kerrachen &#8211; Kerilles &#8211; Kastell ar Ran &#8211; Goarivan &#8211; Kernevez-Tremeur (route touristique)<\/p>\n<p>. <a href=\"https:\/\/docs.google.com\/open?id=0B3wqmy_fDrjBRzFldUYwamV1clU\" target=_blank>Photos 360 \u00e0 379<\/a> : Kernevez-Tremeur &#8211; Plage du Zorn &#8211; Kerannaou &#8211; Plage du Vougot &#8211; Chapel-Christ &#8211; Kerizoc &#8211; Leur\u00e9 &#8211; Kerlastren<\/p>\n<p>. <a href=\"https:\/\/docs.google.com\/open?id=0B3wqmy_fDrjBdzZ6WXBYMEduaHM\" target=_blank>Photos 380 \u00e0 398<\/a> : Kerlastren &#8211; Chapelle Saint-Laurent &#8211; Mogueran &#8211; Kroaz-Ruz &#8211; Prat-Yen &#8211; Creac&rsquo;h an Avel &#8211; Kergouroun &#8211; Poull-Pri &#8211; Kergadavarn<\/p>\n<p>. <a href=\"https:\/\/docs.google.com\/open?id=0B3wqmy_fDrjBYURLbUVmMXVHbTA\" target=_blank>Photos 403 \u00e0 407<\/a> : Kerrachen &#8211; Kernevez-Tremeur &#8211; Prat-Yen &#8211; Creac&rsquo;h an Avel<\/p>\n<p><b>SECTEUR AE1 ou  AE\/ &#8211; AE2 ou  AE.<\/b><\/p>\n<p>. <a href=\"https:\/\/docs.google.com\/open?id=0B3wqmy_fDrjBeklodW4wUVUwS00\" target=_blank>Photos 409 \u00e0 428<\/a> : Derbez &#8211; Kerneac&rsquo;h an Traon &#8211; Kroaz-Hir &#8211; voie \u00ab bleue \u00bb (Plouguerneau-Lilia) &#8211; Kerf\u00e9r\u00e9 &#8211; phare de Lanvaon<\/p>\n<p>. <a href=\"https:\/\/docs.google.com\/open?id=0B3wqmy_fDrjBMEQza0F2ZnNPUVE\" target=_blank>Photos 429 \u00e0 448<\/a> : voie \u00ab bleue \u00bb Tremeal &#8211; Streat-Treuz &#8211; Kergoz &#8211; Tremeal &#8211; Menguen &#8211; Lanvaon (phare) &#8211; Lesmel &#8211; GR34 du port de Perroz<\/p>\n<p>. <a href=\"https:\/\/docs.google.com\/open?id=0B3wqmy_fDrjBb2pDMDZfd25rNWM\" target=_blank>Photos 449 \u00e0 468<\/a> : Lesmel  &#8211; GR34 &#8211; Perroz &#8211; Keriel &#8211; Milin an Aod &#8211; Beg an Toull D113 &#8211; Le Trao\u00f1, la chapelle &#8211; Trao\u00f1 &#8211; Kastell an Dour &#8211; Lostrouc&rsquo;h &#8211; la Gr\u00eave Blanche, plage<\/p>\n<p>. <a href=\"https:\/\/docs.google.com\/open?id=0B3wqmy_fDrjBS1RIWEliaVltVjg\" target=_blank>Photos 469 \u00e0 488<\/a> : Iliz-Koz &#8211; Kreac&rsquo;h ar C&rsquo;hamm &#8211; Prat-Menan &#8211; Kroaz-Ruz D32 &#8211; Kerneac&rsquo;h-Guidadou &#8211; Tregestan &#8211; Pik-Bran<\/p>\n<p>. <a href=\"https:\/\/docs.google.com\/open?id=0B3wqmy_fDrjBSjBQeFMyQlZaUTQ\" target=_blank>Photos 489 \u00e0 509<\/a> : Tregestan &#8211; Gr\u00e8ve-Blanche &#8211; Iliz-Koz &#8211; Menan &#8211; Penn ar Strejou &#8211; Kergongar &#8211; Keruzal-Vihan &#8211; Raglan &#8211; Kreac&rsquo;h ar C&rsquo;hamm &#8211; Kervelt &#8211; Kergleuz &#8211; Krukerou &#8211; Enez-Sanq &#8211; Pik-Bran &#8211; Kelerdut<\/p>\n<p><\/p>\n<p><i>Documents PDF stock\u00e9s sous Google Drive<\/i> &#8211; <b>Textes et Photos<\/b> : Erik &#8211; <b>Mise en Page Web <\/b>: Pierre.<\/p>\n","protected":false},"excerpt":{"rendered":"<p>CHEMINS DE PLOUGUERNEAU500 photos de chemins et croisementsclass\u00e9es par secteurs avec position GPS et carte associ\u00e9e. SECTEUR AB1 ou AB\/ . Photos 1 \u00e0 20 : Le Grouanec &#8211; Barguet [&hellip;]<\/p>\n","protected":false},"author":4,"featured_media":0,"parent":0,"menu_order":0,"comment_status":"closed","ping_status":"closed","template":"","meta":{"ngg_post_thumbnail":0,"_EventAllDay":false,"_EventTimezone":"","_EventStartDate":"","_EventEndDate":"","_EventStartDateUTC":"","_EventEndDateUTC":"","_EventShowMap":false,"_EventShowMapLink":false,"_EventURL":"","_EventCost":"","_EventCostDescription":"","_EventCurrencySymbol":"","_EventCurrencyCode":"","_EventCurrencyPosition":"","_EventDateTimeSeparator":"","_EventTimeRangeSeparator":"","_EventOrganizerID":[],"_EventVenueID":[],"_OrganizerEmail":"","_OrganizerPhone":"","_OrganizerWebsite":"","_VenueAddress":"","_VenueCity":"","_VenueCountry":"","_VenueProvince":"","_VenueState":"","_VenueZip":"","_VenuePhone":"","_VenueURL":"","_VenueStateProvince":"","_VenueLat":"","_VenueLng":"","_VenueShowMap":false,"_VenueShowMapLink":false,"footnotes":""},"categories":[134],"tags":[],"class_list":["post-572","page","type-page","status-publish","hentry","category-randonnees-dautres-idees"],"_links":{"self":[{"href":"https:\/\/appriou.bzh\/index.php\/wp-json\/wp\/v2\/pages\/572","targetHints":{"allow":["GET"]}}],"collection":[{"href":"https:\/\/appriou.bzh\/index.php\/wp-json\/wp\/v2\/pages"}],"about":[{"href":"https:\/\/appriou.bzh\/index.php\/wp-json\/wp\/v2\/types\/page"}],"author":[{"embeddable":true,"href":"https:\/\/appriou.bzh\/index.php\/wp-json\/wp\/v2\/users\/4"}],"replies":[{"embeddable":true,"href":"https:\/\/appriou.bzh\/index.php\/wp-json\/wp\/v2\/comments?post=572"}],"version-history":[{"count":0,"href":"https:\/\/appriou.bzh\/index.php\/wp-json\/wp\/v2\/pages\/572\/revisions"}],"wp:attachment":[{"href":"https:\/\/appriou.bzh\/index.php\/wp-json\/wp\/v2\/media?parent=572"}],"wp:term":[{"taxonomy":"category","embeddable":true,"href":"https:\/\/appriou.bzh\/index.php\/wp-json\/wp\/v2\/categories?post=572"},{"taxonomy":"post_tag","embeddable":true,"href":"https:\/\/appriou.bzh\/index.php\/wp-json\/wp\/v2\/tags?post=572"}],"curies":[{"name":"wp","href":"https:\/\/api.w.org\/{rel}","templated":true}]}}