{"id":575,"date":"2012-09-03T17:07:31","date_gmt":"2012-09-03T15:07:31","guid":{"rendered":"https:\/\/plouguerneau.net\/02-milin-ar-stanc\/"},"modified":"2025-01-27T10:15:23","modified_gmt":"2025-01-27T09:15:23","slug":"02-milin-ar-stanc","status":"publish","type":"page","link":"https:\/\/appriou.bzh\/index.php\/02-milin-ar-stanc\/","title":{"rendered":"02 &#8211; Milin ar Stanc"},"content":{"rendered":"<div align=\"justify\">\n<p><span style=\"font-size: xx-small;\"><i>Pr\u00e9ambule : afin de permettre une plus grande facilit\u00e9 de lecture sur internet, cette \u00e9tude d&rsquo;Andr\u00e9 Nicolas a \u00e9t\u00e9 fractionn\u00e9e en chapitres. Il est possible de prendre connaissance du texte original en cliquant <a href=\"https:\/\/appriou.bzh\/wp-content\/uploads\/2012\/09\/anicolas_diouris_kerandraon.pdf\" target=\"blank\" rel=\"noopener\">ici. Fichier de 21 Mo au format pdf.<\/a> <\/i><\/span><\/p>\n<div align=\"center\"><span style=\"background: #ffcc99;\"><b><span style=\"font-size: medium;\">Du Diouris au Diouris<\/span><\/b><br \/>\n<i>en passant par le Stanc et Kerandraon<\/i><\/span><\/div>\n<p>&nbsp;<\/p>\n<div align=\"right\">Andr\u00e9 NICOLAS<br \/>\njuillet 2012<\/div>\n<p>Au Diouris, \u00e0 l&rsquo;extr\u00eame sud de la commune de Plouguerneau, le flot vient chaque jour mourir contre la chauss\u00e9e de l&rsquo;ancien moulin banal du manoir de Kerandraon. L\u2019aber Wrac\u2019h qui serpente entre les roseaux venus recouvrir les anciens pr\u00e9s sal\u00e9s de ses rives, les sentiers des sous-bois et les constructions s\u00e9culaires font de l&rsquo;endroit, qui fut l&rsquo;ancien si\u00e8ge du fief de Kerandraon, un lieu \u00e0 la fois myst\u00e9rieux et enchanteur.<\/p>\n<p><span style=\"background: #ccffff;\"><span style=\"font-size: medium;\"><b>Milin ar Stanc<\/b><\/span><\/span><\/p>\n<p>Le sentier qui permet d&rsquo;acc\u00e9der au Stanc longe une large tranch\u00e9e qui ressemble \u00e0 un ancien bras artificiel de l&rsquo;aber. Il est aujourd&rsquo;hui envas\u00e9 et couvert de v\u00e9g\u00e9tation mais, il y a moins de cinquante ans, on pouvait s&rsquo;imaginer qu&rsquo;il s&rsquo;agissait d&rsquo;un ancien canal lat\u00e9ral rendant possible le halage d&#8217;embarcations entre le Stanc et le Diouris, o\u00f9 un acc\u00e8s direct au chemin de grande circulation de Lannilis \u00e0 Lesneven permettait de transf\u00e9rer des marchandises entre la mer et l&rsquo;int\u00e9rieur des terres, en particulier l&rsquo;ancienne forteresse des marquis de Carman situ\u00e9e \u00e0 deux kilom\u00e8tres en amont, abandonn\u00e9e et ruin\u00e9e vers le d\u00e9but du XVIII\u00e8me si\u00e8cle. Il n&rsquo;en reste plus rien aujourd&rsquo;hui : elle servit longtemps de carri\u00e8re de pierres et disparut totalement au cours du XIX\u00e8me si\u00e8cle.<\/p>\n<p>A 800 m\u00e8tres environ, en aval sur l&rsquo;Aber-Wrac&rsquo;h, nous trouvons les vestiges d&rsquo;un moulin dit ar Vilin Goz par les anciens du village de Kerandraon.<br \/>\nIl est figur\u00e9 sur le cadastre napol\u00e9onien comme Milin ar Stanc. Propri\u00e9t\u00e9 des cousins Pierre et Gabriel Rucard de Kerandraon, il est consid\u00e9r\u00e9 comme b\u00e2timent rural et qualifi\u00e9 de masure dans la matrice cadastrale de 1842. C&rsquo;est la seule trace \u00e9crite que nous ayons trouv\u00e9e \u00e0 propos de l&rsquo;histoire de cet \u00e9difice. A cette \u00e9poque, il est certainement d\u00e9j\u00e0 d\u00e9saffect\u00e9. La configuration de son emplacement permet de douter de son efficacit\u00e9. Il fut, probablement, b\u00e2ti comme moulin \u00e0 mar\u00e9e avec un barrage et le canal artificiel permettant de forcer le courant, au flux et au reflux, vers sa roue motrice qui devait \u00eatre \u00e0 aubes radiales (ur galegen).<br \/>\nOn peut aussi comprendre que son fonctionnement devait \u00eatre perturb\u00e9 par le moulin qui avait \u00e9t\u00e9 install\u00e9, vers 1800, \u00e0 Pont Krac&rsquo;h situ\u00e9 \u00e0 1500 m\u00e8tres en aval, seulement.<br \/>\nCe ne fut pas forc\u00e9ment un moulin \u00e0 c\u00e9r\u00e9ales, mais peut-\u00eatre \u00e0 lin, ou un autre usage&#8230;<br \/>\nLe linteau sur le conduit d&rsquo;eau porte des motifs \u00e9tranges rest\u00e9s, pour nous, myst\u00e9rieux. Peut-\u00eatre s&rsquo;agit-il d&rsquo;une pierre r\u00e9cup\u00e9r\u00e9e sur un \u00e9difice plus ancien ?<\/p>\n<table width=\"100%\">\n<tbody>\n<tr>\n<td width=\"50%\">\n<div align=\"center\"><img decoding=\"async\" src=\"https:\/\/appriou.bzh\/wp-content\/uploads\/2012\/09\/anicolas_moulins_stanc01.jpg\" \/><br \/>\n<i>Les myst\u00e9rieux motifs sur le linteau du passage d&rsquo;eau<\/i><\/div>\n<\/td>\n<td width=\"50%\">\n<div align=\"center\">\n<p><img decoding=\"async\" src=\"https:\/\/appriou.bzh\/wp-content\/uploads\/2012\/09\/anicolas_moulins_stanc02.jpg\" \/><\/p>\n<p><i>Les vestiges du moulin du Stanc<\/i><\/p>\n<\/div>\n<\/td>\n<\/tr>\n<\/tbody>\n<\/table>\n<\/div>\n","protected":false},"excerpt":{"rendered":"<p>Pr\u00e9ambule : afin de permettre une plus grande facilit\u00e9 de lecture sur internet, cette \u00e9tude d&rsquo;Andr\u00e9 Nicolas a \u00e9t\u00e9 fractionn\u00e9e en chapitres. Il est possible de prendre connaissance du texte [&hellip;]<\/p>\n","protected":false},"author":8,"featured_media":573,"parent":0,"menu_order":0,"comment_status":"closed","ping_status":"open","template":"","meta":{"ngg_post_thumbnail":0,"_EventAllDay":false,"_EventTimezone":"","_EventStartDate":"","_EventEndDate":"","_EventStartDateUTC":"","_EventEndDateUTC":"","_EventShowMap":false,"_EventShowMapLink":false,"_EventURL":"","_EventCost":"","_EventCostDescription":"","_EventCurrencySymbol":"","_EventCurrencyCode":"","_EventCurrencyPosition":"","_EventDateTimeSeparator":"","_EventTimeRangeSeparator":"","_EventOrganizerID":[],"_EventVenueID":[],"_OrganizerEmail":"","_OrganizerPhone":"","_OrganizerWebsite":"","_VenueAddress":"","_VenueCity":"","_VenueCountry":"","_VenueProvince":"","_VenueState":"","_VenueZip":"","_VenuePhone":"","_VenueURL":"","_VenueStateProvince":"","_VenueLat":"","_VenueLng":"","_VenueShowMap":false,"_VenueShowMapLink":false,"footnotes":""},"categories":[144],"tags":[],"class_list":["post-575","page","type-page","status-publish","has-post-thumbnail","hentry","category-du-diouris-au-diouris"],"_links":{"self":[{"href":"https:\/\/appriou.bzh\/index.php\/wp-json\/wp\/v2\/pages\/575","targetHints":{"allow":["GET"]}}],"collection":[{"href":"https:\/\/appriou.bzh\/index.php\/wp-json\/wp\/v2\/pages"}],"about":[{"href":"https:\/\/appriou.bzh\/index.php\/wp-json\/wp\/v2\/types\/page"}],"author":[{"embeddable":true,"href":"https:\/\/appriou.bzh\/index.php\/wp-json\/wp\/v2\/users\/8"}],"replies":[{"embeddable":true,"href":"https:\/\/appriou.bzh\/index.php\/wp-json\/wp\/v2\/comments?post=575"}],"version-history":[{"count":0,"href":"https:\/\/appriou.bzh\/index.php\/wp-json\/wp\/v2\/pages\/575\/revisions"}],"wp:featuredmedia":[{"embeddable":true,"href":"https:\/\/appriou.bzh\/index.php\/wp-json\/wp\/v2\/media\/573"}],"wp:attachment":[{"href":"https:\/\/appriou.bzh\/index.php\/wp-json\/wp\/v2\/media?parent=575"}],"wp:term":[{"taxonomy":"category","embeddable":true,"href":"https:\/\/appriou.bzh\/index.php\/wp-json\/wp\/v2\/categories?post=575"},{"taxonomy":"post_tag","embeddable":true,"href":"https:\/\/appriou.bzh\/index.php\/wp-json\/wp\/v2\/tags?post=575"}],"curies":[{"name":"wp","href":"https:\/\/api.w.org\/{rel}","templated":true}]}}