{"id":584,"date":"2012-11-02T16:46:58","date_gmt":"2012-11-02T15:46:58","guid":{"rendered":"https:\/\/plouguerneau.net\/ouvrages-sur-le-leon\/"},"modified":"2012-11-02T16:46:58","modified_gmt":"2012-11-02T15:46:58","slug":"ouvrages-sur-le-leon","status":"publish","type":"page","link":"https:\/\/appriou.bzh\/index.php\/ouvrages-sur-le-leon\/","title":{"rendered":"Ouvrages sur le L\u00e9on"},"content":{"rendered":"<p><center><br \/>\nVoici quelques ouvrages traitant du <strong>L\u00e9on <\/strong> (r\u00e9gion du Nord-Finist\u00e8re) o\u00f9 le nom de <strong>Plouguerneau<\/strong> est cit\u00e9.<\/p>\n<p>Si le patrimoine et l&rsquo;histoire de <strong>Plouguerneau<\/strong> vous int\u00e9ressent, leur lecture vous est chaudement recommand\u00e9e.<\/p>\n<p><span style=\"font-size: small;\"><i>Pr\u00e9sentation des derniers ouvrages r\u00e9f\u00e9renc\u00e9s.<\/i><\/span><\/center><\/p>\n<hr \/>\n<p>&nbsp;<\/p>\n<table border=\"1\">\n<tbody>\n<tr bgcolor=\"#DDDDD0\">\n<td width=\"200\"><center><strong>Auteur(s)<\/strong><\/center><\/td>\n<td width=\"350\"><center><strong>Titre<\/strong><\/center><\/td>\n<td width=\"50\"><center><strong>Sortie<\/strong><\/center><\/td>\n<td width=\"100\"><center><strong>Ajout\u00e9 en<\/strong><\/center><\/td>\n<\/tr>\n<tr>\n<td width=\"200\">\u00a0<strong>BRAMOULLE Yves<\/strong><\/td>\n<td width=\"350\">\u00a0<strong>Lannilis<\/strong> &#8211; L\u2019album du si\u00e8cle<\/td>\n<td width=\"50\"><center>2006<\/center><\/td>\n<td width=\"100\"><center>Novembre 2012<\/center><\/td>\n<\/tr>\n<tr bgcolor=\"#DDDDD0\">\n<td width=\"200\">\u00a0<strong>ELEGOET Louis<\/strong><\/td>\n<td width=\"350\">\u00a0<strong>Le L\u00e9on<\/strong> &#8211; Histoire et G\u00e9ographie Contemporaine<\/td>\n<td width=\"50\"><center>2007<\/center><\/td>\n<td width=\"100\"><center>Novembre 2012<\/center><\/td>\n<\/tr>\n<tr>\n<td width=\"200\"><\/td>\n<td width=\"350\">\u00a0<strong>Les Juloded<\/strong> &#8211; Grandeur et d\u00e9cadence d&rsquo;une caste paysanne en Basse-Bretagne<\/td>\n<td width=\"50\"><center>1996<\/center><\/td>\n<td width=\"100\"><center>Novembre 2012<\/center><\/td>\n<\/tr>\n<tr bgcolor=\"#DDDDD0\">\n<td width=\"200\">\u00a0<strong>GAC Yvon<\/strong><\/td>\n<td width=\"350\">\u00a0<strong>Guiss\u00e9ny<\/strong> &#8211; Histoire d&rsquo;une commune au coeur du Pays Pagan<\/td>\n<td width=\"50\"><center>2000<\/center><\/td>\n<td width=\"100\"><center>Novembre 2012<\/center><\/td>\n<\/tr>\n<tr>\n<td width=\"200\">\u00a0<span class=\"vcard author\"><a class=\"url fn spip_in\" href=\"spip.php?auteur8\"><strong>HIRRIEN Jean-Pierre<\/strong><\/a><\/span><\/td>\n<td width=\"350\">\u00a0<span class=\"vcard author\"><a class=\"url fn spip_in\" href=\"https:\/\/plouguerneau.net\/vie-et-mort-du-paysan-leonard\/\"><strong>Le Pagan et la Mer<\/strong><\/a><\/span><\/td>\n<td width=\"50\"><center>2007<\/center><\/td>\n<td width=\"100\"><center>Novembre 2012<\/center><\/td>\n<\/tr>\n<tr bgcolor=\"#DDDDD0\">\n<td width=\"200\"><\/td>\n<td width=\"350\">\u00a0<strong>Corsaires<\/strong> &#8211; Guerre de course en L\u00e9on 1689-1815<\/td>\n<td width=\"50\"><center>2004<\/center><\/td>\n<td width=\"100\"><center>Novembre 2012<\/center><\/td>\n<\/tr>\n<tr>\n<td width=\"200\"><\/td>\n<td width=\"350\">\u00a0<strong>Naufrages et pillages en L\u00e9on<\/strong> &#8211; 1681-1815<\/td>\n<td width=\"50\"><center>2000<\/center><\/td>\n<td width=\"100\"><center>Novembre 2012<\/center><\/td>\n<\/tr>\n<tr bgcolor=\"#DDDDD0\">\n<td width=\"200\">\u00a0<strong>ROUDAUT Fanch \u2013 COLLET Daniel \u2013 LE FLOC\u2019H Jean-Louis<\/strong><\/td>\n<td width=\"350\">\u00a0<strong>1774 : Les recteurs l\u00e9onards parlent de la mis\u00e8re<\/strong><\/td>\n<td width=\"50\"><center>1998<\/center><\/td>\n<td width=\"100\"><center>Novembre 2012<\/center><\/td>\n<\/tr>\n<\/tbody>\n<\/table>\n<p>En gras lien vers les Articles de l&rsquo;Auteur ou vers le Titre sur <strong>Plouguerneau d&rsquo;Hier et d&rsquo;Aujourd&rsquo;hui<\/strong>.<\/p>\n<hr \/>\n<p><center><em> <strong>REFERENCEMENT <\/strong> : Vous pouvez proposer le r\u00e9f\u00e9rencement d&rsquo;un ouvrage en envoyant un mail au webmaster via la rubrique \u00ab\u00a0<strong>Contact<\/strong>\u00a0\u00bb avec en pi\u00e8ces jointes : photo de couverture au format jpeg, texte \u00e0 inclure (20 lignes maxi), rubrique ( Ouvrages sur Plouguerneau, Ouvrages sur le L\u00e9on, &#8230;), lien avec le L\u00e9on, &#8230; <\/em><\/center><\/p>\n","protected":false},"excerpt":{"rendered":"<p>Voici quelques ouvrages traitant du L\u00e9on (r\u00e9gion du Nord-Finist\u00e8re) o\u00f9 le nom de Plouguerneau est cit\u00e9. Si le patrimoine et l&rsquo;histoire de Plouguerneau vous int\u00e9ressent, leur lecture vous est chaudement [&hellip;]<\/p>\n","protected":false},"author":4,"featured_media":0,"parent":0,"menu_order":0,"comment_status":"closed","ping_status":"open","template":"","meta":{"ngg_post_thumbnail":0,"_EventAllDay":false,"_EventTimezone":"","_EventStartDate":"","_EventEndDate":"","_EventStartDateUTC":"","_EventEndDateUTC":"","_EventShowMap":false,"_EventShowMapLink":false,"_EventURL":"","_EventCost":"","_EventCostDescription":"","_EventCurrencySymbol":"","_EventCurrencyCode":"","_EventCurrencyPosition":"","_EventDateTimeSeparator":"","_EventTimeRangeSeparator":"","_EventOrganizerID":[],"_EventVenueID":[],"_OrganizerEmail":"","_OrganizerPhone":"","_OrganizerWebsite":"","_VenueAddress":"","_VenueCity":"","_VenueCountry":"","_VenueProvince":"","_VenueState":"","_VenueZip":"","_VenuePhone":"","_VenueURL":"","_VenueStateProvince":"","_VenueLat":"","_VenueLng":"","_VenueShowMap":false,"_VenueShowMapLink":false,"footnotes":""},"categories":[261],"tags":[],"class_list":["post-584","page","type-page","status-publish","hentry","category-bibliographie"],"_links":{"self":[{"href":"https:\/\/appriou.bzh\/index.php\/wp-json\/wp\/v2\/pages\/584","targetHints":{"allow":["GET"]}}],"collection":[{"href":"https:\/\/appriou.bzh\/index.php\/wp-json\/wp\/v2\/pages"}],"about":[{"href":"https:\/\/appriou.bzh\/index.php\/wp-json\/wp\/v2\/types\/page"}],"author":[{"embeddable":true,"href":"https:\/\/appriou.bzh\/index.php\/wp-json\/wp\/v2\/users\/4"}],"replies":[{"embeddable":true,"href":"https:\/\/appriou.bzh\/index.php\/wp-json\/wp\/v2\/comments?post=584"}],"version-history":[{"count":0,"href":"https:\/\/appriou.bzh\/index.php\/wp-json\/wp\/v2\/pages\/584\/revisions"}],"wp:attachment":[{"href":"https:\/\/appriou.bzh\/index.php\/wp-json\/wp\/v2\/media?parent=584"}],"wp:term":[{"taxonomy":"category","embeddable":true,"href":"https:\/\/appriou.bzh\/index.php\/wp-json\/wp\/v2\/categories?post=584"},{"taxonomy":"post_tag","embeddable":true,"href":"https:\/\/appriou.bzh\/index.php\/wp-json\/wp\/v2\/tags?post=584"}],"curies":[{"name":"wp","href":"https:\/\/api.w.org\/{rel}","templated":true}]}}