{"id":590,"date":"2012-11-09T16:04:02","date_gmt":"2012-11-09T15:04:02","guid":{"rendered":"https:\/\/plouguerneau.net\/gerd-lohmann\/"},"modified":"2012-11-09T16:04:02","modified_gmt":"2012-11-09T15:04:02","slug":"gerd-lohmann","status":"publish","type":"page","link":"https:\/\/appriou.bzh\/index.php\/gerd-lohmann\/","title":{"rendered":"Gerd L\u00f6hmann"},"content":{"rendered":"\n<p><i><span style=\"color: #ff0000;\">En cours de r\u00e9daction<\/span><\/i><\/p>\n\n\n\n<p>Gerd L\u00f6hmann, charpentier voyageur.<br>N\u00e9 en Allemagne, loin de la mer, il r\u00eavait de grand large, mais c\u2019est dans l\u2019odeur des copeaux qu\u2019il trouvera son bonheur. Apr\u00e8s \u00eatre all\u00e9 s\u2019abreuver aux meilleures sources \u2013 Etats-Unis, Scandinavie, Angleterre, Bretagne \u2013 pour apprendre les arcanes du m\u00e9tier de charpentier et d\u2019architecte naval, Gerd exerce aujourd\u2019hui ses multiples talents au chantier du Guip, il habite Plouguerneau depuis 2005.<\/p>\n\n\n\n<figure class=\"wp-block-table\"><table class=\"has-fixed-layout\"><tbody><tr><td><span style=\"font-size: small;\">Ecoutez l&rsquo;entretien de Gerd avec l&rsquo;\u00e9quipe de \u00ab\u00a0Plouguerneau d&rsquo;hier et d&rsquo;aujourd&rsquo;hui\u00a0\u00bb <i>(Genevi\u00e8ve et Erik )<\/i> :<\/span><\/td><td><figure><a href=\"https:\/\/appriou.bzh\/wp-content\/uploads\/2012\/11\/portrait_gerd_Gerd_lohmann.mp3\" target=\"blank\"><img decoding=\"async\" src=\"https:\/\/appriou.bzh\/wp-content\/uploads\/2010\/05\/site_casque.gif\"><\/a><\/figure><\/td><\/tr><\/tbody><\/table><\/figure>\n\n\n\n<p>&nbsp;<\/p>\n\n\n\n<div align=\"center\"><a href=\"https:\/\/appriou.bzh\/wp-content\/uploads\/2012\/11\/jpg_06_oct-04_046.jpg\" target=\"blank\"><img fetchpriority=\"high\" decoding=\"async\" src=\"https:\/\/appriou.bzh\/wp-content\/uploads\/2012\/11\/jpg_06_oct-04_046.jpg\" width=\"550\" height=\"334\"><\/a><br><i>Cliquer sur la photo pour l&rsquo;agrandir<\/i><\/div>\n\n\n\n<div align=\"center\"><a href=\"https:\/\/appriou.bzh\/wp-content\/uploads\/2012\/11\/portrait_gerd_00005910.jpg\" target=\"blank\"><img decoding=\"async\" src=\"https:\/\/appriou.bzh\/wp-content\/uploads\/2012\/11\/portrait_gerd_00005910.jpg\" width=\"550\" height=\"334\"><\/a><br><i>Cliquer sur la photo pour l&rsquo;agrandir<\/i><\/div>\n\n\n\n<div align=\"center\"><a href=\"https:\/\/appriou.bzh\/wp-content\/uploads\/2012\/11\/portrait_gerd_MLC_59079.jpg\" target=\"blank\"><img decoding=\"async\" src=\"https:\/\/appriou.bzh\/wp-content\/uploads\/2012\/11\/portrait_gerd_MLC_59079.jpg\" width=\"550\" height=\"334\"><\/a><br><i>Cliquer sur la photo pour l&rsquo;agrandir<\/i><\/div>\n\n\n\n<div align=\"center\"><a href=\"http:\/\/www.plouguerneau.net\/IMG\/portrait\/gerd\/MLC_59758\" target=\"blank\"><img loading=\"lazy\" decoding=\"async\" src=\"http:\/\/www.plouguerneau.net\/IMG\/portrait\/gerd\/MLC_59758\" width=\"550\" height=\"334\"><\/a><br><i>Cliquer sur la photo pour l&rsquo;agrandir<\/i><\/div>\n\n\n\n<div align=\"center\"><a href=\"http:\/\/www.plouguerneau.net\/IMG\/portrait\/gerd\/10-mlc_19690 copie\" target=\"blank\"><img loading=\"lazy\" decoding=\"async\" src=\"http:\/\/www.plouguerneau.net\/IMG\/portrait\/gerd\/10-mlc_19690 copie\" width=\"550\" height=\"334\"><\/a><br><i>Cliquer sur la photo pour l&rsquo;agrandir<\/i><\/div>\n\n\n\n<p>&nbsp;<\/p>\n","protected":false},"excerpt":{"rendered":"<p>En cours de r\u00e9daction Gerd L\u00f6hmann, charpentier voyageur.N\u00e9 en Allemagne, loin de la mer, il r\u00eavait de grand large, mais c\u2019est dans l\u2019odeur des copeaux qu\u2019il trouvera son bonheur. Apr\u00e8s [&hellip;]<\/p>\n","protected":false},"author":4,"featured_media":0,"parent":0,"menu_order":0,"comment_status":"closed","ping_status":"open","template":"","meta":{"ngg_post_thumbnail":0,"_EventAllDay":false,"_EventTimezone":"","_EventStartDate":"","_EventEndDate":"","_EventStartDateUTC":"","_EventEndDateUTC":"","_EventShowMap":false,"_EventShowMapLink":false,"_EventURL":"","_EventCost":"","_EventCostDescription":"","_EventCurrencySymbol":"","_EventCurrencyCode":"","_EventCurrencyPosition":"","_EventDateTimeSeparator":"","_EventTimeRangeSeparator":"","_EventOrganizerID":[],"_EventVenueID":[],"_OrganizerEmail":"","_OrganizerPhone":"","_OrganizerWebsite":"","_VenueAddress":"","_VenueCity":"","_VenueCountry":"","_VenueProvince":"","_VenueState":"","_VenueZip":"","_VenuePhone":"","_VenueURL":"","_VenueStateProvince":"","_VenueLat":"","_VenueLng":"","_VenueShowMap":false,"_VenueShowMapLink":false,"footnotes":""},"categories":[271],"tags":[],"class_list":["post-590","page","type-page","status-publish","hentry","category-portraits-daujourdhui"],"_links":{"self":[{"href":"https:\/\/appriou.bzh\/index.php\/wp-json\/wp\/v2\/pages\/590","targetHints":{"allow":["GET"]}}],"collection":[{"href":"https:\/\/appriou.bzh\/index.php\/wp-json\/wp\/v2\/pages"}],"about":[{"href":"https:\/\/appriou.bzh\/index.php\/wp-json\/wp\/v2\/types\/page"}],"author":[{"embeddable":true,"href":"https:\/\/appriou.bzh\/index.php\/wp-json\/wp\/v2\/users\/4"}],"replies":[{"embeddable":true,"href":"https:\/\/appriou.bzh\/index.php\/wp-json\/wp\/v2\/comments?post=590"}],"version-history":[{"count":0,"href":"https:\/\/appriou.bzh\/index.php\/wp-json\/wp\/v2\/pages\/590\/revisions"}],"wp:attachment":[{"href":"https:\/\/appriou.bzh\/index.php\/wp-json\/wp\/v2\/media?parent=590"}],"wp:term":[{"taxonomy":"category","embeddable":true,"href":"https:\/\/appriou.bzh\/index.php\/wp-json\/wp\/v2\/categories?post=590"},{"taxonomy":"post_tag","embeddable":true,"href":"https:\/\/appriou.bzh\/index.php\/wp-json\/wp\/v2\/tags?post=590"}],"curies":[{"name":"wp","href":"https:\/\/api.w.org\/{rel}","templated":true}]}}