{"id":604,"date":"2013-06-10T17:52:01","date_gmt":"2013-06-10T15:52:01","guid":{"rendered":"https:\/\/plouguerneau.net\/lieux-de-naissances-des-plouguerneens-en-1876-et-1911\/"},"modified":"2013-06-10T17:52:01","modified_gmt":"2013-06-10T15:52:01","slug":"lieux-de-naissances-des-plouguerneens-en-1876-et-1911","status":"publish","type":"page","link":"https:\/\/appriou.bzh\/index.php\/lieux-de-naissances-des-plouguerneens-en-1876-et-1911\/","title":{"rendered":"Lieux de Naissances des Plouguern\u00e9ens en 1876 et 1911"},"content":{"rendered":"<p><center><br \/>\n<span style=\"color: #0000ff;\"><strong><span style=\"font-size: large;\">LIEUX DE NAISSANCES DES PLOUGUERNEENS en 1876 et 1911<\/span><\/strong><\/span><\/center><center><\/center><i>Article complet au format pdf sur CALAMEO en cliquant <a href=\"http:\/\/www.calameo.com\/read\/001987319d2c7c454940b\" target=\"blank\">ici<\/a>.<\/i><\/p>\n<table>\n<tbody>\n<tr>\n<td><\/td>\n<\/tr>\n<\/tbody>\n<\/table>\n<p><span style=\"color: #0000ff;\"><strong><em><span style=\"font-size: medium;\">1 \u2013 La Commune de Plouguerneau<\/span><\/em><\/strong><\/span><\/p>\n<p>Au bord de la Manche, Plouguerneau est bord\u00e9e par quarante-cinq kilom\u00e8tres d\u2019une c\u00f4te escarp\u00e9e et parfois dangereuse \u00e0 la navigation.<\/p>\n<p>A Plouguerneau, comme souvent dans les communes c\u00f4ti\u00e8res du L\u00e9on, la campagne se compose d&rsquo;une zone \u00ab Arvor \u00bb et d&rsquo;une zone \u00ab M\u00e9nez \u00bb.<\/p>\n<p>Pour Plouguerneau, l&rsquo;Arvor couvre une bande de 1 \u00e0 2 km le long de la c\u00f4te et le M\u00e9nez l&rsquo;int\u00e9rieur de la commune, le bourg \u00e9tant le lien entre ces deux zones.<\/p>\n<p>&nbsp;<\/p>\n<table>\n<tbody>\n<tr>\n<td><img decoding=\"async\" src=\"http:\/\/www.plouguerneau.net\/IMG\/png\/graphique-population.png\" \/><\/td>\n<\/tr>\n<\/tbody>\n<\/table>\n<p>&nbsp;<\/p>\n<p>Pour Plouguerneau, les recensements disponibles sont ceux des ann\u00e9es 1836 \u00e0 1911. Sur cette p\u00e9riode, la population de la commune passe de 5 550 habitants en 1836 \u00e0 5 820 habitants en 1911 (avec un pic \u00e0 plus de 6 200 habitants en 1851).<\/p>\n<p>Cela repr\u00e9sente une moyenne de 140 habitants au km2 mais pouvant aller jusqu&rsquo;\u00e0 300 habitants au km2 dans la zone c\u00f4ti\u00e8re.<\/p>\n<table>\n<tbody>\n<tr>\n<td><\/td>\n<\/tr>\n<\/tbody>\n<\/table>\n<p><span style=\"color: #0000ff;\"><strong><em><span style=\"font-size: medium;\">2 \u2013 Qui est n\u00e9 hors de Plouguerneau<\/span><\/em><\/strong><\/span><\/p>\n<p>Le but de cet article est de r\u00e9f\u00e9rencer le nombre et le lieu de naissance des habitants n\u00e9s sur une autre commune.<\/p>\n<p>Pour cela, nous avons travaill\u00e9 sur les recensements de 1876 et 1911 qui pr\u00e9cisent le lieu de naissance des habitants.<\/p>\n<p>&nbsp;<\/p>\n<p>&nbsp;<\/p>\n<table>\n<tbody>\n<tr>\n<td><img decoding=\"async\" src=\"http:\/\/www.plouguerneau.net\/IMG\/jpg\/plouguerneau-4-2.jpg\" \/><\/td>\n<\/tr>\n<\/tbody>\n<\/table>\n<p>&nbsp;<\/p>\n<p>On pourra voir que les non n\u00e9s sur la commune sont principalement des agriculteurs, femmes \u00e0 la ferme, journaliers, domestiques, \u2026 venant des communes limitrophes.<\/p>\n<p>Le mariage est la principale raison de la venue de ces personnes n\u00e9es hors de la commune.<\/p>\n<p>Le seconde raison est \u00e0 rechercher dans les m\u00e9tiers demandant des comp\u00e9tences n&rsquo;existant pas sur la commune : Cur\u00e9-Vicaires, Instituteurs, Gardiens de phare, Douaniers, \u2026 Dans ce cas, le lieu de naissance peut m\u00eame se trouver hors du d\u00e9partement.<\/p>\n<p>Comme nous l&rsquo;avons vu dans les articles pr\u00e9c\u00e9dents, Plouguerneau est une commune agricole.<\/p>\n<p>Dans la seconde partie du XIX\u00e8me si\u00e8cle, une vue rapide de la population donnait:<\/p>\n<ul>\n<li>80 % des hommes ont un m\u00e9tier en relation pour la terre : cultivateurs, journaliers, &#8230;<\/li>\n<\/ul>\n<ul>\n<li>5 % ont un m\u00e9tier associ\u00e9 au monde paysan : meuniers, forgerons, \u2026<\/li>\n<\/ul>\n<ul>\n<li>5 % sont commer\u00e7ants ou fonctionnaires.<\/li>\n<\/ul>\n<ul>\n<li>10 % sont go\u00e9moniers ou p\u00eacheurs.<\/li>\n<\/ul>\n<p>Pour rappel, \u00e0 l&rsquo;\u00e9poque, la commune se composait de 5 sections plus le Bourg :<\/p>\n<p>&nbsp;<\/p>\n<p>&nbsp;<\/p>\n<table>\n<tbody>\n<tr>\n<td><img decoding=\"async\" src=\"http:\/\/www.plouguerneau.net\/IMG\/jpg\/carte1851-3.jpg\" \/><\/td>\n<\/tr>\n<\/tbody>\n<\/table>\n<p>&nbsp;<\/p>\n<p>Tr\u00e9h\u00e9nan ( secteur longeant L&rsquo;Aber-Wrac&rsquo;h de Perros \u00e0 Prad-Paol )<br \/>\nGorr\u00e9plou\u00e9 ( secteur du Grouanec actuellement )<br \/>\nTr\u00e9meur ( secteur longeant la c\u00f4te du Vougot \u00e0 Creac&rsquo;h-an-Avel )<br \/>\nTr\u00e9m\u00e9nac&rsquo;h ( secteur de l&rsquo;ancienne paroisse de Tr\u00e9m\u00e9nac&rsquo;h )<br \/>\nL&rsquo;Armorique ( secteur de Lilia actuellement )<\/p>\n<p>Dans la campagne, il y a environ :<\/p>\n<ul>\n<li>200 Villages ou Hameaux<\/li>\n<\/ul>\n<ul>\n<li>Plus de 1100 Maisons d&rsquo;habitation<\/li>\n<\/ul>\n<table>\n<tbody>\n<tr>\n<td><\/td>\n<\/tr>\n<\/tbody>\n<\/table>\n<p><strong><span style=\"color: #0000ff;\"><em><span style=\"font-size: medium;\">3 \u2013 Plouguerneau, commune du Pays Pagan<\/span><\/em> <\/span><br \/>\n<\/strong><\/p>\n<p><span style=\"color: #0000ff;\"><strong><em><span style=\"font-size: small;\">3.1 \u2013 Bourg et hameaux (1)<\/span><\/em><\/strong><\/span><\/p>\n<p>L&rsquo;impression que ressentait le plus vivement un voyageur visitant la Bretagne au XIX\u00e8me si\u00e8cle \u00e9tait celle d&rsquo;isolement.<\/p>\n<p>Venu d&rsquo;un monde en pleine agitation, enfi\u00e9vr\u00e9 de progr\u00e8s, secou\u00e9 par le d\u00e9veloppement du capitalisme et la prol\u00e9tarisation des masses, il se trouvait soudain dans un pays hors du temps, laiss\u00e9 \u00e0 l&rsquo;\u00e9cart par les grands courants d&rsquo;\u00e9changes, et vivant en marge du continent auquel il \u00e9tait simplement accol\u00e9.<\/p>\n<p>&nbsp;<\/p>\n<p>&nbsp;<\/p>\n<table>\n<tbody>\n<tr>\n<td><img decoding=\"async\" src=\"http:\/\/www.plouguerneau.net\/IMG\/jpg\/lilia.jpg\" \/><\/td>\n<\/tr>\n<\/tbody>\n<\/table>\n<p>&nbsp;<\/p>\n<p>Il vous fallait traverser une immensit\u00e9 d\u00e9sol\u00e9e de landes, d&rsquo;ajoncs et de bruy\u00e8res avant de vous perdre sous la frondaison touffue des \u00eelots de bocage, v\u00e9ritables labyrinthes de haies et de talus plus hauts que vous, qui entouraient les hameaux.<\/p>\n<p>Pendant la plus grande partie de l&rsquo;ann\u00e9e, ces hameaux \u00e9taient presque coup\u00e9s du reste de l&rsquo;univers, car l&rsquo;eau qui stagnait dans les bas-fonds rendait certains chemins difficilement praticables.<\/p>\n<p>Ainsi le paysan vivait-il confin\u00e9 dans les \u00e9troites limites de sa ferme et de son voisinage.<br \/>\nCe mode de peuplement est particulier \u00e0 l&rsquo;ouest. Dans presque toute la France, il est de r\u00e8gle que les habitations se regroupent au centre de la commune, autour de l&rsquo;\u00e9glise et de la mairie. De l\u00e0 partent en \u00e9toile les routes qui conduisent aux champs.<\/p>\n<p>La Bretagne, donc, en ce domaine se singularise. L&rsquo;habitat y est si dispers\u00e9 que la population \u00e9parse repr\u00e9sente, dans les communes rurales, le triple ou le quadruple de la population du Bourg.<br \/>\nCet \u00e9parpillement de l&rsquo;habitat est la forme la plus naturelle du peuplement. Il permet un minimum de vie collective, tout en laissant le paysan au milieu de ses champs. Mais dans la plus grande partie de l&rsquo;Europe occidentale cela n&rsquo;est pas possible, car les points d&rsquo;eau sont trop clairsem\u00e9s. Dans le massif Armoricain, par contre, l&rsquo;eau est partout. O\u00f9 que l&rsquo;on s&rsquo;installe, on est \u00e0 peu pr\u00e8s assur\u00e9 de pouvoir creuser un puits ou de trouver, non loin, une fontaine ou une rivi\u00e8re.<\/p>\n<p>L&rsquo;un des hameaux dont est form\u00e9 la commune n&rsquo;en est le chef-lieu que parce qu&rsquo;il poss\u00e8de l&rsquo;\u00e9glise paroissiale. Et ce chef-lieu n&rsquo;est pas forcement le hameau le plus important au XIX\u00e8me si\u00e8cle. Le chef-lieu, qu&rsquo;on appelle le \u00ab bourg \u00bb, n&rsquo;a pas de nom.<\/p>\n<p>C&rsquo;est au bourg, bien s\u00fbr, que l&rsquo;on trouve le m\u00e9decin et le notaire, mais sont-ce l\u00e0 des gens \u00e0 qui le paysan a affaire tous les jours ? Souvent difficile \u00e0 atteindre, le bourg, avec son presbyt\u00e8re, sa demi-douzaine de maisons et ses trois ou quatre fermes, ne peut \u00eatre un centre d&rsquo;attraction pour les habitants des hameaux \u00e9cart\u00e9s, sauf le dimanche, o\u00f9 la grand-messe les rassemble, et les jours de foire ou de march\u00e9.<\/p>\n<p>En fait, le paysan vit essentiellement sur sa ferme et n&rsquo;a que peu de raisons de sortir des limites de son village. Il consomme les produits de sa propre exploitation, cuit son pain, a du lard dans son saloir ; il r\u00e9pare lui-m\u00eame et souvent fabrique ses outils ; il fait venir le tailleur \u00e0 domicile. Il lui suffit donc de s\u2019approvisionner, de temps \u00e0 autre, au bourg, en sel, tabac, mercerie, quincaillerie. Il le fait g\u00e9n\u00e9ralement le dimanche, apr\u00e8s la grand-messe.<\/p>\n<table>\n<tbody>\n<tr>\n<td><\/td>\n<\/tr>\n<\/tbody>\n<\/table>\n<p><span style=\"color: #0000ff;\"><strong><em><span style=\"font-size: small;\">3.2 \u2013 L&rsquo;exode rurale (2)<\/span><\/em><\/strong><\/span><\/p>\n<p>Dans le L\u00e9on, la population rurale cro\u00eet de 7 % au cours du XIX\u00e8me si\u00e8cle. Du fait de la m\u00e9canisation de l\u2019agriculture, ce qui tend \u00e0 lib\u00e9rer des bras, toutes les campagnes du L\u00e9on sont dans un \u00e9tat de surpeuplement dans la deuxi\u00e8me partie du XIX\u00e8me si\u00e8cle.<\/p>\n<p>Ce surpeuplement des campagnes entra\u00eene un important exode rural. C\u2019est ainsi, par exemple, que Plounevez-Lochrist (4 400 habitants en 1872) perd, en moyenne, 14 \u00e9l\u00e9ments par an entre 1846 et 1886 et Plouider (3 080 habitants en 1872), 34 \u00e9l\u00e9ments par an.<\/p>\n<p>Les l\u00e9onards de la campagne gagnent, en grand nombre, les villes les plus proches de leur domicile.<\/p>\n<p>En 1911, 56 % de 8 250 habitants de Landerneau sont n\u00e9s hors de la ville, et pr\u00e8s de la moiti\u00e9 d\u2019entre eux, soit 2 300, y sont arriv\u00e9s de moins de 15 kilom\u00e8tres. S\u2019agissant de Brest, le recensement de 1911 r\u00e9v\u00e8le que pr\u00e8s de 59 % des habitants sont n\u00e9s hors de la ville, soit 53 400. Sur ce nombre, 35 %, soit 18 700, viennent du L\u00e9on, dont 71 % du Bas-L\u00e9on. Relevons enfin que la commune alors ind\u00e9pendante de Lamb\u00e9zellec (19 320 habitants en 1911) attire surtout des l\u00e9onards. En 1911, sur les 51,5 % n\u00e9s \u00e0 l\u2019ext\u00e9rieur, le trois quarts viennent du L\u00e9on, dont 85 % du Bas-L\u00e9on.<\/p>\n<p>Les migrants l\u00e9onards sont d\u2019origine tr\u00e8s modeste. Ce sont des journaliers, des domestiques, des petits paysans, des petits commer\u00e7ants, des petits artisans \u2026 Ce n\u2019est pas de gaiet\u00e9 de c\u0153ur qu\u2019ils quittent leur terre natale. Ces partants ont \u00e9t\u00e9 peu scolaris\u00e9s, ne sont gu\u00e8re familiaris\u00e9s avec la langue fran\u00e7aise et manquent de qualification professionnelle.<\/p>\n<table>\n<tbody>\n<tr>\n<td><\/td>\n<\/tr>\n<\/tbody>\n<\/table>\n<p><span style=\"color: #0000ff;\"><strong><em><span style=\"font-size: small;\">3.3 \u2013 Plouguerneau, commune du Pays Pagan (3)<\/span><\/em><\/strong><\/span><\/p>\n<p>\u00c9dit\u00e9e sous la direction de Paul Gu\u00e9rin, le Dictionnaire des Dictionnaires donne de la Paganie cette d\u00e9finition\u00a0: \u00ab\u00a0R\u00e9gion de la c\u00f4te nord du Finist\u00e8re dont les habitants vivent isol\u00e9s et sans relation avec le reste du monde\u00a0\u00bb.<\/p>\n<p>Un double pourcentage \u00e9tabli \u00e0 partir du recensement de 1911 donne quelque cr\u00e9dit \u00e0 cette appr\u00e9ciation : plus de 90 % des habitants du Pays Pagan \u00e9taient n\u00e9s dans leur commune de r\u00e9sidence, ce taux n&rsquo;\u00e9tant que d&rsquo;environ 70% d\u00e8s lors que l&rsquo;on s&rsquo;\u00e9loigne de ce territoire. D\u00e9tail plus surprenant\u00a0: dans les zones littorales paganes, le taux des non-natifs de la commune de r\u00e9sidence ne d\u00e9passe pas les 3%.<\/p>\n<p>A l&rsquo;\u00e9poque de son maximum de population, la Paganie comptait 16 776 habitants, soit 154 habitants au km2\u00a0: on a l\u00e0 une forte densit\u00e9. La m\u00eame ann\u00e9e, la densit\u00e9 moyenne de la population rurale du L\u00e9on \u00e9tait de 86, celle de la totalit\u00e9 du Finist\u00e8re de 75. En ce milieu du XIX\u00e8me si\u00e8cle, la population pagane repr\u00e9sentait pr\u00e8s de 10% de la population rurale du L\u00e9on. Aujourd&rsquo;hui, ce taux est de 12,3%.<\/p>\n<table>\n<tbody>\n<tr>\n<td><\/td>\n<\/tr>\n<\/tbody>\n<\/table>\n<p><center><span style=\"font-size: medium;\"><br \/>\n<strong>Les CHAPITRES 4 et 5 (d\u00e9tail de l&rsquo;article) sont \u00e0 lire au format pdf sur CALAMEO en cliquant <\/strong> <a href=\"http:\/\/www.calameo.com\/read\/001987319d2c7c454940b\" target=\"blank\"><strong>ICI<\/strong><\/a>.<br \/>\n<\/span><\/center><\/p>\n<table>\n<tbody>\n<tr>\n<td><\/td>\n<\/tr>\n<\/tbody>\n<\/table>\n<p><span style=\"color: #0000ff;\"><strong><em><span style=\"font-size: medium;\">4 \u2013 Recensement de 1876<\/span><\/em><\/strong><\/span><\/p>\n<table>\n<tbody>\n<tr>\n<td><\/td>\n<\/tr>\n<\/tbody>\n<\/table>\n<p><span style=\"color: #0000ff;\"><strong><em><span style=\"font-size: medium;\">5 \u2013 Recensement de 1911<\/span><\/em><\/strong><\/span><\/p>\n<table>\n<tbody>\n<tr>\n<td><\/td>\n<\/tr>\n<\/tbody>\n<\/table>\n<p><span style=\"color: #0000ff;\"><strong><em><span style=\"font-size: medium;\">6 \u2013 Conclusion<\/span><\/em><\/strong><\/span><\/p>\n<p><span style=\"color: #0000ff;\"><strong><em><span style=\"font-size: small;\">6.1 \u2013 La Population n\u00e9e hors de Plouguerneau<\/span><\/em><\/strong><\/span><\/p>\n<p>En 1876, 8% des habitants de 16 ans et plus \u00e9taient n\u00e9s hors de la Commune. En 1911, 6,40%.<\/p>\n<p>La moyenne pour les autres communes du Pays Pagan \u00e9tait estim\u00e9e \u00e0 environ 10%.<\/p>\n<table>\n<tbody>\n<tr>\n<td><\/td>\n<\/tr>\n<\/tbody>\n<\/table>\n<p><span style=\"color: #0000ff;\"><strong><em><span style=\"font-size: small;\">6.2 \u2013 La Population n\u00e9e hors de Plouguerneau par secteur<\/span><\/em><\/strong><\/span><\/p>\n<p>La premi\u00e8re conclusion est que la commune de Plouguerneau pouvait se d\u00e9couper en 3 parties :<\/p>\n<p>1 &#8211; Gorr\u00e9plou\u00e9 ( secteur du Grouanec actuellement ) et le Bourg o\u00f9 la population n\u00e9e hors de Plouguerneau d\u00e9passait 12 %.<\/p>\n<p>2 \u2013 Tr\u00e9h\u00e9nan et Tr\u00e9meur o\u00f9 la population n\u00e9e hors de Plouguerneau se situe entre 6 % \u00e0 9 %.<\/p>\n<p>3 \u2013 L&rsquo;Armorique et Tr\u00e9m\u00e9nac&rsquo;h o\u00f9 la population n\u00e9e hors de Plouguerneau est inf\u00e9rieure \u00e0 3%.<\/p>\n<p>Ces chiffres repr\u00e9sentent une moyenne pour les deux recensements de 1876 et 1911.<\/p>\n<p>Chose normale, ce sont les secteurs voisins des autres communes limitrophes (hors le Bourg) o\u00f9 la population n\u00e9e hors de Plouguerneau est la plus nombreuse et principalement Gorr\u00e9plou\u00e9 proche de Kernilis et de Guiss\u00e9ny.<\/p>\n<p>Si l&rsquo;on ne prend que les chiffres du recensement de 1911, le d\u00e9coupage en 3 parties est toujours pr\u00e9sent, mais hors Tr\u00e9h\u00e9nan, le nombre de personnes n\u00e9es hors de Plouguerneau diminue :<\/p>\n<ul>\n<li>1 \u2013 Bourg : de 14,50 % \u00e0 13,60%<\/li>\n<\/ul>\n<ul>\n<li>2 \u2013 Tr\u00e9h\u00e9nan : de 8,00 % \u00e0 8,50%<\/li>\n<\/ul>\n<ul>\n<li>3 \u2013 Gorr\u00e9plou\u00e9 : de 18,60% \u00e0 12,50%<\/li>\n<\/ul>\n<ul>\n<li>4 \u2013 Tr\u00e9meur : de 7% \u00e0 5,60%<\/li>\n<\/ul>\n<ul>\n<li>5 \u2013 L&rsquo;Armorique : de 2,50% \u00e0 1,50%<\/li>\n<\/ul>\n<ul>\n<li>6 \u2013 Tr\u00e9m\u00e9nac&rsquo;h : de 1,50% \u00e0 0,70%<\/li>\n<\/ul>\n<p>Il semble donc qu&rsquo;en 25 ans, plut\u00f4t que de s&rsquo;\u00e9largir, la communaut\u00e9 se soit plut\u00f4t repli\u00e9e sur elle m\u00eame.<\/p>\n<table>\n<tbody>\n<tr>\n<td><\/td>\n<\/tr>\n<\/tbody>\n<\/table>\n<p><span style=\"color: #0000ff;\"><strong><em><span style=\"font-size: small;\">6.3 \u2013 Lieu de naissance par Communes<\/span><\/em><\/strong><\/span><\/p>\n<p><strong>En 1876<\/strong>, 4 communes d\u00e9passent les 5 % :<\/p>\n<ul>\n<li>1 \u2013 Guiss\u00e9ny : 28 %<\/li>\n<\/ul>\n<ul>\n<li>2 \u2013 Kernilis : 8,5 %<\/li>\n<\/ul>\n<ul>\n<li>3 \u2013 Kerlouan : 8 %<\/li>\n<\/ul>\n<ul>\n<li>4 \u2013 Lannilis : 6 %<\/li>\n<\/ul>\n<p>Cela repr\u00e9sente environ 50 % sur un total de 476 personnes n\u00e9es hors de Plouguerneau.<\/p>\n<p>7 personnes sont n\u00e9es hors du d\u00e9partement du Finist\u00e8re. Cela repr\u00e9sente 1,5%.<\/p>\n<p><strong>En 1911<\/strong>, 4 communes d\u00e9passent toujours les 5 % :<\/p>\n<ul>\n<li>1 \u2013 Guiss\u00e9ny : 25 %<\/li>\n<\/ul>\n<ul>\n<li>2 \u2013 Lannilis : 11 %<\/li>\n<\/ul>\n<ul>\n<li>3 \u2013 Kerlouan : 7 %<\/li>\n<\/ul>\n<ul>\n<li>4 \u2013 Kernilis : 7 %<\/li>\n<\/ul>\n<p>Cela repr\u00e9sente toujours environ 50 % sur un total de 370 personnes n\u00e9es hors de Plouguerneau.<\/p>\n<p>12 personnes sont n\u00e9es hors du d\u00e9partement du Finist\u00e8re. Cela repr\u00e9sente 3 %.<\/p>\n<p>Peu de changement, sauf peut-\u00eatre plus d&rsquo;\u00e9change avec Lannilis.<\/p>\n<table>\n<tbody>\n<tr>\n<td><\/td>\n<\/tr>\n<\/tbody>\n<\/table>\n<p><span style=\"color: #0000ff;\"><strong><em><span style=\"font-size: small;\">6.4 \u2013 Les 3 premiers m\u00e9tiers des personnes n\u00e9es hors de la Commune<\/span><\/em><\/strong><\/span><\/p>\n<p><span style=\"color: #000000;\"><strong>6.4.1 \u2013 Pour le Bourg :<\/strong><\/span><\/p>\n<ul>\n<li><strong>Hommes<\/strong><\/li>\n<\/ul>\n<ul>\n<li><strong>1876<\/strong> : Sur un Total de : 54 (Douaniers : 6 &#8211; Fr\u00e8res-Instituteurs : 5 &#8211; Cur\u00e9s-Vicaires : 5)<\/li>\n<\/ul>\n<ul>\n<li><strong>1911<\/strong> : Sur un Total de : 59 (Fr\u00e8res-Instituteurs : 5 &#8211; Cur\u00e9s-Vicaires : 5 &#8211; Cultivateurs : 4)<\/li>\n<\/ul>\n<ul>\n<li><strong>Femmes<\/strong><\/li>\n<\/ul>\n<ul>\n<li><strong>1876<\/strong> : Sur un Total de : 52 (Domestiques : 10 \u2013 Femmes au Foyer : 8 \u2013 Bonnes Soeurs : 5)<\/li>\n<\/ul>\n<ul>\n<li><strong>1911<\/strong> : Sur un Total de : 64 (Femmes au Foyer : 19 &#8211; Couturi\u00e8res : 8 &#8211; Institutrices : 5)<\/li>\n<\/ul>\n<table>\n<tbody>\n<tr>\n<td><\/td>\n<\/tr>\n<\/tbody>\n<\/table>\n<p><strong>6.4.2 &#8211; Pour la Menez (Tr\u00e9h\u00e9nan, Gorr\u00e9plou\u00e9 et Tr\u00e9meur) :<\/strong><\/p>\n<ul>\n<li><strong>Hommes <\/strong><\/li>\n<\/ul>\n<ul>\n<li><strong>1876<\/strong> : Sur un Total de : 137 (Cultivateurs : 94 &#8211; Domestiques : 26 &#8211; Journaliers : 17) &#8211; Donc environ de 80 % des hommes n\u00e9s hors de Plouguerneau<\/li>\n<\/ul>\n<ul>\n<li><strong>1911<\/strong> : Sur un Total de : 107 (Cultivateurs : 80 &#8211; Domestiques : 7) &#8211; Donc plus de 81 % des hommes n\u00e9s hors de Plouguerneau<\/li>\n<\/ul>\n<ul>\n<li><strong>Femmes <\/strong><\/li>\n<\/ul>\n<ul>\n<li><strong>1876 <\/strong> : Sur un Total de: 156 (A la Ferme : 106 &#8211; Domestiques : 16 &#8211; Journali\u00e8res : 10) &#8211; Donc environ 84 % des femmes n\u00e9es hors de Plouguerneau<\/li>\n<\/ul>\n<ul>\n<li><strong>1911 <\/strong> : Sur un Total de : 113 (A la Ferme : 75 &#8211; Domestiques : 10 \u2013 Au Foyer : 2) &#8211; Donc plus de 75 % des femmes n\u00e9es hors de Plouguerneau<\/li>\n<\/ul>\n<table>\n<tbody>\n<tr>\n<td><\/td>\n<\/tr>\n<\/tbody>\n<\/table>\n<p><strong>6.4.3 \u2013 Pour l&rsquo;Arvor (L&rsquo;Armorique et Tr\u00e9m\u00e9nac&rsquo;h) :<\/strong><\/p>\n<ul>\n<li><strong>Hommes<\/strong><\/li>\n<\/ul>\n<ul>\n<li><strong>1876<\/strong> : Sur un Total de : 24 (Cultivateurs : 10 &#8211; Journaliers : 4 &#8211; Domestiques : 4) &#8211; Donc plus de 75 % des hommes n\u00e9s hors de Plouguerneau<\/li>\n<\/ul>\n<ul>\n<li><strong>1911<\/strong> : Sur un Total de : 13 (Cultivateurs : 6 &#8211; Domestiques : 2 &#8211; Instituteur : 1)<\/li>\n<\/ul>\n<ul>\n<li><strong>Femmes<\/strong><\/li>\n<\/ul>\n<ul>\n<li><strong>1876<\/strong> : Sur un Total de : 22 (A la ferme : 12 \u2013 De Go\u00e9monier: 3 \u2013 Au Foyer : 2) &#8211; Donc plus de 77 % des femmes n\u00e9es hors de Plouguerneau<\/li>\n<\/ul>\n<ul>\n<li><strong>1911<\/strong> : Sur un Total de : 14 (A la Ferme : 7 \u2013 de Gardien de phare : 2 \u2013 d&rsquo;Instituteur : 1)<\/li>\n<\/ul>\n<table>\n<tbody>\n<tr>\n<td><\/td>\n<\/tr>\n<\/tbody>\n<\/table>\n<p>On peut dire, en conclusion, que ce sont principalement les populations associ\u00e9es au monde agricole qui sont n\u00e9es hors de la commune (exception du bourg).<\/p>\n<table>\n<tbody>\n<tr>\n<td><\/td>\n<\/tr>\n<\/tbody>\n<\/table>\n<p><span style=\"color: #0000ff;\"><strong><em><span style=\"font-size: medium;\">Annexe \u2013 Bibliographie<\/span><\/em><\/strong><\/span><\/p>\n<p>&#8211; <strong>(1) YANN BREKILIEN<\/strong> &#8211; Les Paysans Bretons au XIX\u00e8me Si\u00e8cle &#8211; Hachette ( 1994 )<\/p>\n<p>&#8211; <strong>(2) LOUIS ELEGOET<\/strong> &#8211; Le L\u00e9on \u2013 Ed. Palantines ( 2007 )<\/p>\n<p>&#8211; <strong>(3) LOUIS ELEGOET<\/strong> \u2013 Le Pays Pagan \u2013 Editions Palentines (2012)<\/p>\n","protected":false},"excerpt":{"rendered":"<p>LIEUX DE NAISSANCES DES PLOUGUERNEENS en 1876 et 1911Article complet au format pdf sur CALAMEO en cliquant ici. 1 \u2013 La Commune de Plouguerneau Au bord de la Manche, Plouguerneau [&hellip;]<\/p>\n","protected":false},"author":4,"featured_media":6738,"parent":0,"menu_order":0,"comment_status":"closed","ping_status":"open","template":"","meta":{"ngg_post_thumbnail":0,"_EventAllDay":false,"_EventTimezone":"","_EventStartDate":"","_EventEndDate":"","_EventStartDateUTC":"","_EventEndDateUTC":"","_EventShowMap":false,"_EventShowMapLink":false,"_EventURL":"","_EventCost":"","_EventCostDescription":"","_EventCurrencySymbol":"","_EventCurrencyCode":"","_EventCurrencyPosition":"","_EventDateTimeSeparator":"","_EventTimeRangeSeparator":"","_EventOrganizerID":[],"_EventVenueID":[],"_OrganizerEmail":"","_OrganizerPhone":"","_OrganizerWebsite":"","_VenueAddress":"","_VenueCity":"","_VenueCountry":"","_VenueProvince":"","_VenueState":"","_VenueZip":"","_VenuePhone":"","_VenueURL":"","_VenueStateProvince":"","_VenueLat":"","_VenueLng":"","_VenueShowMap":false,"_VenueShowMapLink":false,"footnotes":""},"categories":[253],"tags":[],"class_list":["post-604","page","type-page","status-publish","has-post-thumbnail","hentry","category-18-19-analyse-population"],"_links":{"self":[{"href":"https:\/\/appriou.bzh\/index.php\/wp-json\/wp\/v2\/pages\/604","targetHints":{"allow":["GET"]}}],"collection":[{"href":"https:\/\/appriou.bzh\/index.php\/wp-json\/wp\/v2\/pages"}],"about":[{"href":"https:\/\/appriou.bzh\/index.php\/wp-json\/wp\/v2\/types\/page"}],"author":[{"embeddable":true,"href":"https:\/\/appriou.bzh\/index.php\/wp-json\/wp\/v2\/users\/4"}],"replies":[{"embeddable":true,"href":"https:\/\/appriou.bzh\/index.php\/wp-json\/wp\/v2\/comments?post=604"}],"version-history":[{"count":0,"href":"https:\/\/appriou.bzh\/index.php\/wp-json\/wp\/v2\/pages\/604\/revisions"}],"wp:featuredmedia":[{"embeddable":true,"href":"https:\/\/appriou.bzh\/index.php\/wp-json\/wp\/v2\/media\/6738"}],"wp:attachment":[{"href":"https:\/\/appriou.bzh\/index.php\/wp-json\/wp\/v2\/media?parent=604"}],"wp:term":[{"taxonomy":"category","embeddable":true,"href":"https:\/\/appriou.bzh\/index.php\/wp-json\/wp\/v2\/categories?post=604"},{"taxonomy":"post_tag","embeddable":true,"href":"https:\/\/appriou.bzh\/index.php\/wp-json\/wp\/v2\/tags?post=604"}],"curies":[{"name":"wp","href":"https:\/\/api.w.org\/{rel}","templated":true}]}}