{"id":606,"date":"2013-10-03T17:04:56","date_gmt":"2013-10-03T15:04:56","guid":{"rendered":"https:\/\/plouguerneau.net\/pont-crach-et-son-environnement\/"},"modified":"2013-10-03T17:04:56","modified_gmt":"2013-10-03T15:04:56","slug":"pont-crach-et-son-environnement","status":"publish","type":"page","link":"https:\/\/appriou.bzh\/index.php\/pont-crach-et-son-environnement\/","title":{"rendered":"Pont-Crac&rsquo;h et son environnement"},"content":{"rendered":"<h2 style=\"text-align: center;\"><span style=\"color: #0000ff;\"><strong>Pont-Crac&rsquo;h et son terroir<\/strong><\/span><br \/>\n<span style=\"color: #0000ff;\">(vers 1792 ~ 1940)<\/span><\/h2>\n<p>&nbsp;<\/p>\n<div align=\"justify\">\n<p>Surplombant Pont-Crac&rsquo;h, ou Pont an Diaoul, sur la rive de l&rsquo;Aber-Wrach du c\u00f4t\u00e9 de Plouguerneau,les restes des murs d&rsquo;une maison myst\u00e9rieuse sont toujours visibles de nos jours.<br \/>\nElle fut sans doute b\u00e2tie bien avant la R\u00e9volution de 1789 pour abriter une sorte de collecteur de droits de p\u00e9age.<br \/>\nEn effet, le 5 avril 1792, le proc\u00e8s-verbal de la vente comme bien national rappelle que le dit PontCr\u00e9ac&rsquo;h rapportait un revenu annuel de 3 livres et 3 sols. Il s&rsquo;agit donc d&rsquo;un pont \u00e0 p\u00e9age, ce qui n&rsquo;arien d&rsquo;exceptionnel durant l&rsquo;Ancien R\u00e9gime ; les taxes et droits de passage \u00e9taient en effet multiples et li\u00e9s aux privil\u00e8ges fort anciens de la Noblesse ou de l\u2019\u00c9glise.<br \/>\nNous n&rsquo;avons pas retrouv\u00e9 le motif de la mise sous s\u00e9questre puis la mise aux ench\u00e8res de PontCrac&rsquo;h, mais l&rsquo;op\u00e9ration est contemporaine de la vente des biens nationaux de premi\u00e8re origine, c&rsquo;est-\u00e0-dire les anciennes propri\u00e9t\u00e9s de l\u2019\u00c9glise et de la Couronne&#8230;..<\/p>\n<p><em>Article complet au format <strong>PDF<\/strong> en cliquant<\/em> <a href=\"http:\/\/www.plouguerneau.net\/IMG\/anicolas\/pont-crach_environs.pdf\" target=\"blank\"><strong><span style=\"color: #ff0000;\">ICI<\/span><\/strong><\/a>.<\/p>\n<p><em>Version Aout 2016<a href=\"https:\/\/appriou.bzh\/wp-content\/uploads\/2013\/10\/3-Pont-Diabl641d.jpg\"><img fetchpriority=\"high\" decoding=\"async\" class=\"aligncenter wp-image-1354 size-medium\" src=\"https:\/\/appriou.bzh\/wp-content\/uploads\/2013\/10\/3-Pont-Diabl641d-300x225.jpg\" alt=\"\" width=\"300\" height=\"225\" \/><\/a><\/em><\/p>\n<\/div>\n","protected":false},"excerpt":{"rendered":"<p>Pont-Crac&rsquo;h et son terroir (vers 1792 ~ 1940) &nbsp; Surplombant Pont-Crac&rsquo;h, ou Pont an Diaoul, sur la rive de l&rsquo;Aber-Wrach du c\u00f4t\u00e9 de Plouguerneau,les restes des murs d&rsquo;une maison myst\u00e9rieuse [&hellip;]<\/p>\n","protected":false},"author":4,"featured_media":0,"parent":0,"menu_order":0,"comment_status":"closed","ping_status":"open","template":"","meta":{"ngg_post_thumbnail":0,"_EventAllDay":false,"_EventTimezone":"","_EventStartDate":"","_EventEndDate":"","_EventStartDateUTC":"","_EventEndDateUTC":"","_EventShowMap":false,"_EventShowMapLink":false,"_EventURL":"","_EventCost":"","_EventCostDescription":"","_EventCurrencySymbol":"","_EventCurrencyCode":"","_EventCurrencyPosition":"","_EventDateTimeSeparator":"","_EventTimeRangeSeparator":"","_EventOrganizerID":[],"_EventVenueID":[],"_OrganizerEmail":"","_OrganizerPhone":"","_OrganizerWebsite":"","_VenueAddress":"","_VenueCity":"","_VenueCountry":"","_VenueProvince":"","_VenueState":"","_VenueZip":"","_VenuePhone":"","_VenueURL":"","_VenueStateProvince":"","_VenueLat":"","_VenueLng":"","_VenueShowMap":false,"_VenueShowMapLink":false,"footnotes":""},"categories":[249],"tags":[],"class_list":["post-606","page","type-page","status-publish","hentry","category-patrimoine-maritime"],"_links":{"self":[{"href":"https:\/\/appriou.bzh\/index.php\/wp-json\/wp\/v2\/pages\/606","targetHints":{"allow":["GET"]}}],"collection":[{"href":"https:\/\/appriou.bzh\/index.php\/wp-json\/wp\/v2\/pages"}],"about":[{"href":"https:\/\/appriou.bzh\/index.php\/wp-json\/wp\/v2\/types\/page"}],"author":[{"embeddable":true,"href":"https:\/\/appriou.bzh\/index.php\/wp-json\/wp\/v2\/users\/4"}],"replies":[{"embeddable":true,"href":"https:\/\/appriou.bzh\/index.php\/wp-json\/wp\/v2\/comments?post=606"}],"version-history":[{"count":0,"href":"https:\/\/appriou.bzh\/index.php\/wp-json\/wp\/v2\/pages\/606\/revisions"}],"wp:attachment":[{"href":"https:\/\/appriou.bzh\/index.php\/wp-json\/wp\/v2\/media?parent=606"}],"wp:term":[{"taxonomy":"category","embeddable":true,"href":"https:\/\/appriou.bzh\/index.php\/wp-json\/wp\/v2\/categories?post=606"},{"taxonomy":"post_tag","embeddable":true,"href":"https:\/\/appriou.bzh\/index.php\/wp-json\/wp\/v2\/tags?post=606"}],"curies":[{"name":"wp","href":"https:\/\/api.w.org\/{rel}","templated":true}]}}