{"id":624,"date":"2013-11-19T11:45:51","date_gmt":"2013-11-19T10:45:51","guid":{"rendered":"https:\/\/plouguerneau.net\/nettoyage-du-lavoir-de-kervili\/"},"modified":"2025-01-27T10:03:45","modified_gmt":"2025-01-27T09:03:45","slug":"nettoyage-du-lavoir-de-kervili","status":"publish","type":"page","link":"https:\/\/appriou.bzh\/index.php\/nettoyage-du-lavoir-de-kervili\/","title":{"rendered":"Nettoyage du Lavoir de Kervili"},"content":{"rendered":"<p><center><br \/>\n<span style=\"color: #0000ff;\"><strong><span style=\"font-size: large;\">NETTOYAGE DU LAVOIR DE KERVILI<\/span><\/strong><\/span><\/center><\/p>\n<table>\n<tbody>\n<tr>\n<td><\/td>\n<\/tr>\n<\/tbody>\n<\/table>\n<p>A la demande d\u2019un riverain qui avait bien entam\u00e9 un travail harassant de d\u00e9frichage, l\u2019association lui a pr\u00eat\u00e9 main forte pour finaliser l\u2019ouverture d\u2019un ancien chemin qui m\u00e8ne \u00e0 un lavoir. Celui- ci avait \u00e9t\u00e9 r\u00e9pertori\u00e9 lors de l\u2019inventaire de ces ouvrages, on en d\u00e9nombre environ 70 sur la commune.<\/p>\n<p>Ces t\u00e9moins du dur labeur de nos grands-m\u00e8res \u00e9taient le haut lieu de la vie sociale communale de part les \u00e9changes et les papotages, ils m\u00e9ritent leur mise en valeur, ce que tente de faire l\u2019association.<\/p>\n<p>Celui-ci, entre le village de Kervily et le bord de Aber-Wrac&rsquo;h, vaut le d\u00e9tour. Le travail n\u2019est pas termin\u00e9, d\u2019autres matin\u00e9es de travail seront organis\u00e9es. Avis aux bonnes volont\u00e9s &#8230;<\/p>\n<table>\n<tbody>\n<tr>\n<td><\/td>\n<\/tr>\n<\/tbody>\n<\/table>\n<p><iframe style=\"border: 0;\" src=\"https:\/\/www.google.com\/maps\/embed?pb=!1m18!1m12!1m3!1d2379.4624275188685!2d-4.5273422500577505!3d48.5965128005962!2m3!1f0!2f0!3f0!3m2!1i1024!2i768!4f13.1!3m3!1m2!1s0x4816a72f8293c3a3%3A0xd6f770bb8c7971b7!2sKervili%2C+29880+Plouguerneau!5e1!3m2!1sfr!2sfr!4v1543217102923\" width=\"600\" height=\"450\" frameborder=\"0\" allowfullscreen=\"allowfullscreen\"><\/iframe><\/p>\n<p>Le point rouge situe le village de Kervili, le lavoir se trouve entre le point rouge et l&rsquo;aber<\/p>\n<p><img fetchpriority=\"high\" decoding=\"async\" class=\"alignnone size-medium wp-image-1461\" src=\"https:\/\/appriou.bzh\/wp-content\/uploads\/2013\/11\/Lavoir-Kervili-300x210.jpg\" alt=\"\" width=\"300\" height=\"210\" \/> <img decoding=\"async\" class=\"alignnone size-medium wp-image-1462\" src=\"https:\/\/appriou.bzh\/wp-content\/uploads\/2013\/11\/Lavoir-Kervili-ciel-300x206.jpg\" alt=\"\" width=\"300\" height=\"206\" \/><\/p>\n<table border=\"0\" width=\"100%\" frame=\"BELOW\" rules=\"ROWS\" cellspacing=\"0\">\n<tbody>\n<tr>\n<td width=\"43%\"><span style=\"font-size: small;\"><span style=\"color: blue;\"><b>. Position du Lavoir<\/b><\/span><\/span><\/p>\n<p><strong>VUE DU CIEL DU GR34 passant \u00e0 KERVILY : <\/strong><\/p>\n<p>Le lavoir se trouve en contre bas. Il faut prendre un petit chemin et descendre sur 150 m en direction de l&rsquo;aber-wrac&rsquo;h.<\/td>\n<\/tr>\n<\/tbody>\n<\/table>\n<table border=\"0\" width=\"100%\" frame=\"BELOW\" rules=\"ROWS\" cellspacing=\"0\">\n<tbody>\n<tr>\n<td width=\"43%\"><span style=\"font-size: small;\"><span style=\"color: blue;\"><b>. Photo 1<\/b><\/span><\/span><\/p>\n<p><strong>VUE A L\u2019ENTR\u00c9E DU CHEMIN : <\/strong><\/p>\n<p>Vue sur l&rsquo;Aber-Wrac&rsquo;h<\/td>\n<td><img decoding=\"async\" src=\"https:\/\/appriou.bzh\/wp-content\/uploads\/2013\/11\/jpg_Kervili-1a.jpg\" \/><\/td>\n<\/tr>\n<\/tbody>\n<\/table>\n<p>ftp:\/\/u58352312@plouguerneau.net\/IMG\/lavoirs\/k\/Fontaine_kervily_loupep.jpg<\/p>\n<table border=\"0\" width=\"100%\" frame=\"BELOW\" rules=\"ROWS\" cellspacing=\"0\">\n<tbody>\n<tr>\n<td width=\"43%\"><span style=\"font-size: small;\"><span style=\"color: blue;\"><b>. Photo 2<\/b><\/span><\/span><\/p>\n<p><strong>CHEMIN D&rsquo;ACCES :<\/strong><\/p>\n<p>Chemin d&rsquo;acc\u00e8s apr\u00e8s un premier d\u00e9broussaillage<\/td>\n<td><img decoding=\"async\" src=\"https:\/\/appriou.bzh\/wp-content\/uploads\/2013\/11\/jpg_Kervili-2.jpg\" \/><\/td>\n<\/tr>\n<tr>\n<td width=\"43%\"><span style=\"font-size: small;\"><span style=\"color: blue;\"><b>. Photo 3<\/b><\/span><\/span><\/p>\n<p><strong>DESCENDE DES OUTILS :<\/strong><\/p>\n<p>Descende des outils par le chemin<\/td>\n<td><img decoding=\"async\" src=\"https:\/\/appriou.bzh\/wp-content\/uploads\/2013\/11\/jpg_Kervili-3.jpg\" \/><\/td>\n<\/tr>\n<tr>\n<td width=\"43%\"><span style=\"font-size: small;\"><span style=\"color: blue;\"><b>. Photo 4<\/b><\/span><\/span><\/p>\n<p><strong>VUE DU LAVOIR AVANT : <\/strong><\/p>\n<p>Vue du Lavoir \u00e0 l&rsquo;arriv\u00e9e de l&rsquo;\u00e9quipe<\/td>\n<td><img decoding=\"async\" src=\"https:\/\/appriou.bzh\/wp-content\/uploads\/2013\/11\/jpg_Kervili-4.jpg\" \/><\/td>\n<\/tr>\n<tr>\n<td width=\"43%\"><span style=\"font-size: small;\"><span style=\"color: blue;\"><b>. Photo 5<\/b><\/span><\/span><\/p>\n<p><strong>L&rsquo;EQUIPE DE LA 2eme JOURNEE :<\/strong><\/p>\n<p>L&rsquo;\u00e9quipe devant le lavoir en d\u00e9but de matin\u00e9e<\/td>\n<td><img decoding=\"async\" src=\"https:\/\/appriou.bzh\/wp-content\/uploads\/2013\/11\/jpg_Kervili-5.jpg\" \/><\/td>\n<\/tr>\n<tr>\n<td width=\"43%\"><span style=\"font-size: small;\"><span style=\"color: blue;\"><b>. Photo 6<\/b><\/span><\/span><\/p>\n<p><strong>NETTOYAGE DU LAVOIR :<\/strong><\/p>\n<p>Enlever la boue du lavoir<\/td>\n<td><img decoding=\"async\" src=\"https:\/\/appriou.bzh\/wp-content\/uploads\/2013\/11\/jpg_Kervili-6a.jpg\" \/><\/td>\n<\/tr>\n<tr>\n<td width=\"43%\"><span style=\"font-size: small;\"><span style=\"color: blue;\"><b>. Photo 7<\/b><\/span><\/span><\/p>\n<p><strong>LE LAVOIR APPARAIT :<\/strong><\/p>\n<p>Aspect du lavoir \u00e0 la fin de la 2eme 1\/2 journ\u00e9e<\/td>\n<td><img decoding=\"async\" src=\"https:\/\/appriou.bzh\/wp-content\/uploads\/2013\/11\/jpg_Kervili-7.jpg\" \/><\/td>\n<\/tr>\n<tr>\n<td width=\"43%\"><span style=\"font-size: small;\"><span style=\"color: blue;\"><b>. Photo 8<\/b><\/span><\/span><\/p>\n<p><strong>LE LAVOIR DEGAGE :<\/strong><\/p>\n<p>Aspect du lavoir \u00e0 la fin de la 3eme 1\/2 journ\u00e9e. L&rsquo;aspect appara\u00eet. Diff\u00e9rentes pierres se sont d\u00e9plac\u00e9es.<\/td>\n<td><img decoding=\"async\" src=\"https:\/\/appriou.bzh\/wp-content\/uploads\/2013\/11\/jpg_Kervily-8.jpg\" \/><\/td>\n<\/tr>\n<tr>\n<td width=\"43%\"><span style=\"font-size: small;\"><span style=\"color: blue;\"><b>. Photo 9<\/b><\/span><\/span><\/p>\n<p><strong>LE LAVOIR DANS SON ASPECT INITIAL :<\/strong><\/p>\n<p>Aspect du lavoir \u00e0 la fin de la 4eme 1\/2 journ\u00e9e. Les pierres d\u00e9plac\u00e9es sont \u00e0 nouveau \u00e0 leurs places.<\/td>\n<td><img decoding=\"async\" src=\"http:\/\/www.plouguerneau.net\/IMG\/jpg\/Kervily-9.jpg\" \/><\/td>\n<\/tr>\n<tr>\n<td width=\"43%\"><span style=\"font-size: small;\"><span style=\"color: blue;\"><b>. Photo 10<\/b><\/span><\/span><\/p>\n<p><strong>LE LAVOIR DANS SON ASPECT INITIAL :<\/strong><\/p>\n<p>Autre vue \u00e0 la fin de la 4eme 1\/2 journ\u00e9e.<\/td>\n<td><img decoding=\"async\" src=\"http:\/\/www.plouguerneau.net\/IMG\/jpg\/Kervily-109.jpg\" \/><\/td>\n<\/tr>\n<tr>\n<td width=\"43%\"><span style=\"font-size: small;\"><span style=\"color: blue;\"><b>. Photo 11<\/b><\/span><\/span><\/p>\n<p><strong>LE LAVOIR &#8211; AVRIL 2014 :<\/strong><\/p>\n<p>Un mois apr\u00e8s la 4eme 1\/2 journ\u00e9e. La nature reprend d\u00e9j\u00e0 le dessus.<\/td>\n<td><img decoding=\"async\" src=\"https:\/\/appriou.bzh\/wp-content\/uploads\/2013\/11\/jpg_Kervily-12.jpg\" \/><\/td>\n<\/tr>\n<tr>\n<td width=\"43%\"><span style=\"font-size: small;\"><span style=\"color: blue;\"><b>. Photo 12<\/b><\/span><\/span><\/p>\n<p><strong>LE LAVOIR &#8211; AVRIL 2014 :<\/strong><\/p>\n<p>Ren\u00e9 Abjean, doyen de notre association, en visite.<\/td>\n<td><img decoding=\"async\" src=\"https:\/\/appriou.bzh\/wp-content\/uploads\/2013\/11\/jpg_Kervily-11.jpg\" \/><\/td>\n<\/tr>\n<tr>\n<td width=\"43%\"><span style=\"font-size: small;\"><span style=\"color: blue;\"><b>. Photo 13<\/b><\/span><\/span><\/p>\n<p><strong>LE LAVOIR &#8211; MAI 2014 :<\/strong><\/p>\n<p>Le chemin d&rsquo;acc\u00e8s \u00e0 partir du GR34 est d\u00e9gag\u00e9. Plus de probl\u00e8me pour trouver le lavoir.<\/td>\n<td><img decoding=\"async\" src=\"https:\/\/appriou.bzh\/wp-content\/uploads\/2013\/11\/jpg_Kervily-13-1.jpg\" \/><\/td>\n<\/tr>\n<tr>\n<td width=\"43%\"><span style=\"font-size: small;\"><span style=\"color: blue;\"><b>. Photo 14<\/b><\/span><\/span><\/p>\n<p><strong>LE LAVOIR &#8211; MAI 2014 :<\/strong><\/p>\n<p>L&rsquo;\u00e9quipe pr\u00e9sente le Samedi 17 Mai 2014. Pas encore la parit\u00e9, mais &#8230;<\/td>\n<td><img decoding=\"async\" src=\"https:\/\/appriou.bzh\/wp-content\/uploads\/2013\/11\/jpg_Kervily-14-1.jpg\" \/><\/td>\n<\/tr>\n<tr>\n<td width=\"43%\"><span style=\"font-size: small;\"><span style=\"color: blue;\"><b>. Photo 15<\/b><\/span><\/span><\/p>\n<p><strong>LA FONTAINE &#8211; JANVIER 2015 :<\/strong><\/p>\n<p>Un joli travail\u2026<\/td>\n<td><img decoding=\"async\" src=\"http:\/\/www.plouguerneau.net\/IMG\/lavoirs\/k\/Fontaine_kervily_loupep.jpg \" \/><\/td>\n<\/tr>\n<\/tbody>\n<\/table>\n<hr \/>\n<table>\n<tbody>\n<tr>\n<td><\/td>\n<\/tr>\n<\/tbody>\n<\/table>\n<p><center><br \/>\n<span style=\"color: #0000ff;\"><strong><span style=\"font-size: medium;\">LA PRESSE EN PARLE<\/span><\/strong><\/span><\/center><\/p>\n<table>\n<tbody>\n<tr>\n<td><\/td>\n<\/tr>\n<\/tbody>\n<\/table>\n<p><strong>Le T\u00e9l\u00e9gramme du Jeudi 21 Novembre 2013<\/strong><\/p>\n<table>\n<tbody>\n<tr>\n<td><\/td>\n<\/tr>\n<\/tbody>\n<\/table>\n<p><img decoding=\"async\" src=\"https:\/\/appriou.bzh\/wp-content\/uploads\/2013\/11\/bmp_Telegramme.bmp\" \/><\/p>\n<table>\n<tbody>\n<tr>\n<td><\/td>\n<\/tr>\n<\/tbody>\n<\/table>\n<p><strong>L&rsquo;Ouest-France du Mardi 19 Novembre 2013<\/strong><\/p>\n<table>\n<tbody>\n<tr>\n<td><\/td>\n<\/tr>\n<\/tbody>\n<\/table>\n<p><i>Allez voir l&rsquo;article en cliquant <a href=\"http:\/\/www.ouest-france.fr\/debroussaillage-autour-dun-ancien-lavoir-1730143\" target=\"blank\"><strong>ICI<\/strong><\/a>.<\/i><\/p>\n<hr \/>\n","protected":false},"excerpt":{"rendered":"<p>NETTOYAGE DU LAVOIR DE KERVILI A la demande d\u2019un riverain qui avait bien entam\u00e9 un travail harassant de d\u00e9frichage, l\u2019association lui a pr\u00eat\u00e9 main forte pour finaliser l\u2019ouverture d\u2019un ancien [&hellip;]<\/p>\n","protected":false},"author":4,"featured_media":623,"parent":0,"menu_order":0,"comment_status":"closed","ping_status":"open","template":"","meta":{"ngg_post_thumbnail":0,"_EventAllDay":false,"_EventTimezone":"","_EventStartDate":"","_EventEndDate":"","_EventStartDateUTC":"","_EventEndDateUTC":"","_EventShowMap":false,"_EventShowMapLink":false,"_EventURL":"","_EventCost":"","_EventCostDescription":"","_EventCurrencySymbol":"","_EventCurrencyCode":"","_EventCurrencyPosition":"","_EventDateTimeSeparator":"","_EventTimeRangeSeparator":"","_EventOrganizerID":[],"_EventVenueID":[],"_OrganizerEmail":"","_OrganizerPhone":"","_OrganizerWebsite":"","_VenueAddress":"","_VenueCity":"","_VenueCountry":"","_VenueProvince":"","_VenueState":"","_VenueZip":"","_VenuePhone":"","_VenueURL":"","_VenueStateProvince":"","_VenueLat":"","_VenueLng":"","_VenueShowMap":false,"_VenueShowMapLink":false,"footnotes":""},"categories":[140],"tags":[],"class_list":["post-624","page","type-page","status-publish","has-post-thumbnail","hentry","category-lavoirs"],"_links":{"self":[{"href":"https:\/\/appriou.bzh\/index.php\/wp-json\/wp\/v2\/pages\/624","targetHints":{"allow":["GET"]}}],"collection":[{"href":"https:\/\/appriou.bzh\/index.php\/wp-json\/wp\/v2\/pages"}],"about":[{"href":"https:\/\/appriou.bzh\/index.php\/wp-json\/wp\/v2\/types\/page"}],"author":[{"embeddable":true,"href":"https:\/\/appriou.bzh\/index.php\/wp-json\/wp\/v2\/users\/4"}],"replies":[{"embeddable":true,"href":"https:\/\/appriou.bzh\/index.php\/wp-json\/wp\/v2\/comments?post=624"}],"version-history":[{"count":0,"href":"https:\/\/appriou.bzh\/index.php\/wp-json\/wp\/v2\/pages\/624\/revisions"}],"wp:featuredmedia":[{"embeddable":true,"href":"https:\/\/appriou.bzh\/index.php\/wp-json\/wp\/v2\/media\/623"}],"wp:attachment":[{"href":"https:\/\/appriou.bzh\/index.php\/wp-json\/wp\/v2\/media?parent=624"}],"wp:term":[{"taxonomy":"category","embeddable":true,"href":"https:\/\/appriou.bzh\/index.php\/wp-json\/wp\/v2\/categories?post=624"},{"taxonomy":"post_tag","embeddable":true,"href":"https:\/\/appriou.bzh\/index.php\/wp-json\/wp\/v2\/tags?post=624"}],"curies":[{"name":"wp","href":"https:\/\/api.w.org\/{rel}","templated":true}]}}