{"id":625,"date":"2014-04-09T09:29:41","date_gmt":"2014-04-09T07:29:41","guid":{"rendered":"https:\/\/plouguerneau.net\/pont-avignon\/"},"modified":"2025-01-27T10:08:28","modified_gmt":"2025-01-27T09:08:28","slug":"pont-avignon","status":"publish","type":"page","link":"https:\/\/appriou.bzh\/index.php\/pont-avignon\/","title":{"rendered":"Pont-Avignon"},"content":{"rendered":"<p><center><\/center><center><span style=\"color: #0000ff;\"><strong><span style=\"font-size: large;\">Sur le Pont d&rsquo;Avignon &#8230;<\/span><\/strong><\/span><\/p>\n<p><\/center><\/p>\n<table>\n<tbody>\n<tr>\n<td><\/td>\n<\/tr>\n<\/tbody>\n<\/table>\n<p>\u00ab\u00a0Sur le pont d\u2019Avignon, on y danse, on y danse, sur le pont d\u2019Avignon on y danse tous en rond\u00a0!\u00a0\u00bb &#8211; Qui dans son enfance \u00e0 Plouguerneau n\u2019a pas chant\u00e9 cette chanson l\u00e0\u00a0? Dans notre pays pagan, on aimait bien danser en rond sur les ponts du monde\u00a0: sur le pont d\u2019Avignon bien s\u00fbr, mais aussi sur le pont du Nord &#8211; joli c\u0153ur de rose &#8211; et m\u00eame en breton war bont an Naoned (sur le pont de Nantes\u00a0!).<\/p>\n<p>Pourtant \u00e0 Plouguerneau il n\u2019y avait pas beaucoup de ponts et celui de Paluden ne se pr\u00eatait pas beaucoup \u00e0 ce genre de r\u00e9jouissances, encore moins celui du Pont du Diable l\u00e0-bas au fond de son ravin. Non, on dansait plut\u00f4t aux carrefours des routes de campagne comme au Leur\u00e9, voire peut-\u00eatre \u00e0 l\u2019entr\u00e9e du Grouanec.<\/p>\n<p>Mais c\u2019est vrai qu\u2019\u00e0 l\u2019entr\u00e9e du Grouanec, sur la route qui vient du bourg de Plouguerneau, il y avait un panneau indicateur qui nous intriguait car il indiquait \u00ab\u00a0Pont-Avignon\u00a0\u00bb\u00a0!<\/p>\n<p><center><\/center><\/p>\n<table>\n<tbody>\n<tr>\n<td><img decoding=\"async\" src=\"http:\/\/www.plouguerneau.net\/IMG\/jpg\/PontAvignon11.jpg\" \/><\/td>\n<\/tr>\n<\/tbody>\n<\/table>\n<p><em>Croisement \u00e0 la sortie du Grouanec ou se trouvait le panneau.<\/em><\/p>\n<table>\n<tbody>\n<tr>\n<td><\/td>\n<\/tr>\n<\/tbody>\n<\/table>\n<p>Ce panneau a malheureusement disparu depuis quelques ann\u00e9es et cela nous interpelle sur ce nom de lieu assez incongru \u00e0 Plouguerneau. Il faut faire appel aux \u00e9tymologistes pour essayer de comprendre le sens de cette curieuse indication. Voici ce qu\u2019\u00e9crivait Pierre Abjean (1) \u00e0 ce sujet\u00a0:<\/p>\n<p>\u00ab\u00a0A cet endroit il y a un nom de lieu qui indique une source tout-\u00e0-fait dans un \u00e9tat naturel, c\u2019est Pont-Avignon , o\u00f9 les cartographes n\u2019ont pas mis la pr\u00e9position de ou d\u2019 devant la voyelle <em>A<\/em> du nom Avignon. Dans cette appellation situ\u00e9e \u00e0 un carrefour de deux chemins d\u00e9partementaux, il y a lieu de voir deux mots\u00a0: l\u2019un est le mot Pont qui s\u2019\u00e9crit en breton comme en fran\u00e7ais dont il provient d\u2019ailleurs, le mot celtique \u00e9tant briva\u00a0; l\u2019autre \u00e9tant le mot avignon qui r\u00e9sonne \u00e9videmment comme la ville au c\u00e9l\u00e8bre pont o\u00f9 l\u2019on danse tous en rond. Mais le nom de lieu aurait certainement d\u00fb s\u2019\u00e9crire pont-a(r)-vignon.<\/p>\n<p>La source en vieux celtique se disait bugn, au pluriel bugnou. A partir du VII\u00e8me si\u00e8cle ce mot s\u2019est modifi\u00e9 en bignon, voire bign, ou encore beugn. Ce nom tr\u00e8s r\u00e9pandu en France a surtout le sens de la source. On en a rapproch\u00e9 le mot vieil-irlandais buinne, source jaillissante. La lettre B du d\u00e9but de ces mots se mute en V selon la r\u00e8gle des mutations qui s\u2019applique en breton. On dit ar vignon ou ar vign et non ar bignon ou ar bign.<\/p>\n<p><center><\/center><\/p>\n<table>\n<tbody>\n<tr>\n<td><img decoding=\"async\" src=\"http:\/\/www.plouguerneau.net\/IMG\/jpg\/PontAvignon13.jpg\" \/><\/td>\n<\/tr>\n<\/tbody>\n<\/table>\n<p><em>Sortie de la buse qui a s\u00fbrement remplac\u00e9 le pont.<\/em><\/p>\n<table>\n<tbody>\n<tr>\n<td><\/td>\n<\/tr>\n<\/tbody>\n<\/table>\n<p>La chute de la d\u00e9sinence, tr\u00e8s courante aussi en breton qui accentue l\u2019avant-derni\u00e8re syllabe, et non la derni\u00e8re comme en fran\u00e7ais, a sans doute fini par donner vign au lieu de vignon, mais aussi, ult\u00e9rieurement, le mot ven \u00e0 la place de vign. Le mot ven est tr\u00e8s courant dans la toponymie bretonne et m\u00eame plouguern\u00e9enne. (Kerven, Prat-Orven, Kelerven, Pengourven, etc\u2026). Notons que pour plus de compr\u00e9hension ven a parfois \u00e9tait remplac\u00e9 dans les noms de lieux par le suffixe gwen, plus compr\u00e9hensible aux r\u00e9dacteurs du cadastre\u00a0\u00bb.<\/p>\n<p>Non loin de Plouguerneau, \u00e0 Guisseny, derri\u00e8re la mairie, il y a un lieu dit la Vigne. Ne cherchez pas \u00e0 cueillir de raisins en cet aust\u00e8re lieu armoricain, mais \u00e9tudiez plut\u00f4t sa situation entre deux ruisseaux qui vous rappelleront peut-\u00eatre la fin de Tristan et Yseult quand deux vignes ont pouss\u00e9 sur leur tombe\u00a0: tout cela face aux rochers de Neiz-Vran qui ont aussi engendr\u00e9 la l\u00e9gende de la voile blanche et de la voile noire, mais ceci est une autre histoire (2) \u2026<\/p>\n<p>Comme le faisait remarquer Jean Huchet (3) \u00ab\u00a0l\u2019aire g\u00e9ographique du nom de lieu Bignon est significative. Il est rare au sud, \u00e0 l\u2019est et au nord de la France. On en trouve quelques dizaines dans la r\u00e9gion Centre, dans le Poitou et en basse Normandie. En revanche en Pays de Loire comme en Bretagne, Bignon totalise entre 150 et 200 lieux-dits. Il est absent, sous cette forme, du Finist\u00e8re o\u00f9 l\u2019on trouve ses \u00e9quivalents bretons. Deux communes de l\u2019Ouest portent ce nom, Le Bignon (Loire Atlantique) et Le Bignon-du-Maine en Mayenne. \u2026 Il semble que ce nom soit d\u2019origine ancienne. On le rattache au gaulois bun, qui d\u00e9signe une source jaillissante, ou excav\u00e9e. On sait combien les sources rev\u00eataient une grande importance autrefois pour l\u2019installation des habitations. Leur abondance dans l\u2019Ouest, surtout dans le Massif Armoricain a permis un habitat dispers\u00e9 dont les noms ont conserv\u00e9 la raison de l\u2019implantation.\u00a0\u00bb<\/p>\n<p><center><\/center><\/p>\n<table>\n<tbody>\n<tr>\n<td><img decoding=\"async\" src=\"http:\/\/www.plouguerneau.net\/IMG\/jpg\/PontAvignon12.jpg\" \/><\/td>\n<\/tr>\n<\/tbody>\n<\/table>\n<p><em>Croix du Pont-Avignon au croisement vers le Leur\u00e9 &#8211; Notre association mettra en valeur cette croix sous peu.<\/em><\/p>\n<table>\n<tbody>\n<tr>\n<td><\/td>\n<\/tr>\n<\/tbody>\n<\/table>\n<p>On pourrait aussi s\u2019instruire de la longue \u00e9tude du chanoine Falc\u2019hun (4) sur les noms de lieux celtiques o\u00f9 il s\u2019\u00e9tend sur les lieux-dits Mignon, Vignon, Mignen, Mignac, en Allier, en Sologne, en Charente-Maritime, et m\u00eame jusqu\u2019\u00e0 Vienne&#8230; Mais revenons \u00e0 Plouguerneau\u00a0:<\/p>\n<p>Pour conclure, pourrons-nous bient\u00f4t revenir danser sur le Pont-d\u2019Avignon, ou peut-\u00eatre sur le pont-ar-vignon\u00a0? Les souvenirs de l\u2019\u00e9poque celte sont encore nombreux chez nous, mais souvent ignor\u00e9s au risque de leur disparition. Alors, \u00e0 d\u00e9faut de venir danser en ce lieu, venons au moins d\u00e9couvrir cette source qui alimentait les douves du manoir de Coat-Quenan, situ\u00e9 un peu plus bas au sud de ce carrefour\u2026 du moins quand ce haut lieu de l\u2019\u00e9poque celtique sera de nouveau indiqu\u00e9 aux passants par une pancarte judicieuse\u00a0: Pont-Avignon\u00a0?<\/p>\n<table>\n<tbody>\n<tr>\n<td><\/td>\n<\/tr>\n<\/tbody>\n<\/table>\n<p>(1) Pierre Abjean \u2013 Notes manuscrites &#8211; vers 1974<\/p>\n<p>(2) Ren\u00e9 Abjean \u2013 Balade sur la c\u00f4te des L\u00e9gendes au temps du Roi Arthur \u2013 Cahiers de l&rsquo;Iroise n\u00b0 216 \u2013 voir aussi la l\u00e9gende du Chevalier Bran dans le Barzaz Breiz<\/p>\n<p>(3) Jean Huchet in Ouest-France du 09\/03\/2008<\/p>\n<p>(4) Fran\u00e7ois Falc\u2019hun \u2013 Les noms de lieux celtiques &#8211; Ed. Slatkine 1982<\/p>\n<table>\n<tbody>\n<tr>\n<td><\/td>\n<\/tr>\n<\/tbody>\n<\/table>\n<p>Ren\u00e9 Abjean &#8211; Avril 2014<\/p>\n","protected":false},"excerpt":{"rendered":"<p>Sur le Pont d&rsquo;Avignon &#8230; \u00ab\u00a0Sur le pont d\u2019Avignon, on y danse, on y danse, sur le pont d\u2019Avignon on y danse tous en rond\u00a0!\u00a0\u00bb &#8211; Qui dans son enfance [&hellip;]<\/p>\n","protected":false},"author":4,"featured_media":0,"parent":0,"menu_order":0,"comment_status":"closed","ping_status":"open","template":"","meta":{"ngg_post_thumbnail":0,"_EventAllDay":false,"_EventTimezone":"","_EventStartDate":"","_EventEndDate":"","_EventStartDateUTC":"","_EventEndDateUTC":"","_EventShowMap":false,"_EventShowMapLink":false,"_EventURL":"","_EventCost":"","_EventCostDescription":"","_EventCurrencySymbol":"","_EventCurrencyCode":"","_EventCurrencyPosition":"","_EventDateTimeSeparator":"","_EventTimeRangeSeparator":"","_EventOrganizerID":[],"_EventVenueID":[],"_OrganizerEmail":"","_OrganizerPhone":"","_OrganizerWebsite":"","_VenueAddress":"","_VenueCity":"","_VenueCountry":"","_VenueProvince":"","_VenueState":"","_VenueZip":"","_VenuePhone":"","_VenueURL":"","_VenueStateProvince":"","_VenueLat":"","_VenueLng":"","_VenueShowMap":false,"_VenueShowMapLink":false,"footnotes":""},"categories":[138],"tags":[],"class_list":["post-625","page","type-page","status-publish","hentry","category-patrimoine-archeologique"],"_links":{"self":[{"href":"https:\/\/appriou.bzh\/index.php\/wp-json\/wp\/v2\/pages\/625","targetHints":{"allow":["GET"]}}],"collection":[{"href":"https:\/\/appriou.bzh\/index.php\/wp-json\/wp\/v2\/pages"}],"about":[{"href":"https:\/\/appriou.bzh\/index.php\/wp-json\/wp\/v2\/types\/page"}],"author":[{"embeddable":true,"href":"https:\/\/appriou.bzh\/index.php\/wp-json\/wp\/v2\/users\/4"}],"replies":[{"embeddable":true,"href":"https:\/\/appriou.bzh\/index.php\/wp-json\/wp\/v2\/comments?post=625"}],"version-history":[{"count":0,"href":"https:\/\/appriou.bzh\/index.php\/wp-json\/wp\/v2\/pages\/625\/revisions"}],"wp:attachment":[{"href":"https:\/\/appriou.bzh\/index.php\/wp-json\/wp\/v2\/media?parent=625"}],"wp:term":[{"taxonomy":"category","embeddable":true,"href":"https:\/\/appriou.bzh\/index.php\/wp-json\/wp\/v2\/categories?post=625"},{"taxonomy":"post_tag","embeddable":true,"href":"https:\/\/appriou.bzh\/index.php\/wp-json\/wp\/v2\/tags?post=625"}],"curies":[{"name":"wp","href":"https:\/\/api.w.org\/{rel}","templated":true}]}}