{"id":626,"date":"2014-01-15T11:38:03","date_gmt":"2014-01-15T10:38:03","guid":{"rendered":"https:\/\/plouguerneau.net\/plouguerneau-vue-dans-les-annees-1880\/"},"modified":"2014-01-15T11:38:03","modified_gmt":"2014-01-15T10:38:03","slug":"plouguerneau-vue-dans-les-annees-1880","status":"publish","type":"page","link":"https:\/\/appriou.bzh\/index.php\/plouguerneau-vue-dans-les-annees-1880\/","title":{"rendered":"Plouguerneau vue dans les ann\u00e9es 1880"},"content":{"rendered":"<p><center><br \/>\n<span style=\"color: #0000ff;\"><strong><span style=\"font-size: large;\">PLOUGUERNEAU vue dans les ann\u00e9es 1880<br \/>\n<\/span><span style=\"font-size: small;\">(Extrait de l\u2019annuaire du Finist\u00e8re des ann\u00e9es 1885 et 1886)<\/span><\/strong><\/span><\/center>&nbsp;<\/p>\n<table>\n<tbody>\n<tr>\n<td><\/td>\n<\/tr>\n<\/tbody>\n<\/table>\n<p>5 kilom\u00e8tres de Lannilis. \u2013 27 kilom\u00e8tres de Brest. \u2013 Superficie\u00a0: 4.344 hectares. \u2013 Population\u00a0: 5852 habitants. \u2013 1.173 maisons. \u2013 1.235 m\u00e9nages.<\/p>\n<p>Syndicat maritime. \u2013 Bureau des postes et des t\u00e9l\u00e9graphes. \u2013 Bureau de bienfaisance.<\/p>\n<p>Cette grande et riche commune, situ\u00e9e sur la rive droite de l\u2019Aberwrach, qui la d\u00e9limite au sud, borde dans sa partie nord, le littoral de la Manche.<\/p>\n<p>Elle est travers\u00e9e par les chemins de grande communication n\u00b0 13, 27 et 32.<\/p>\n<p>Le bourg, tr\u00e8s important (782 habitants) poss\u00e8de une \u00e9cole publique de gar\u00e7ons et une \u00e9cole publique de filles. Il a \u00e9galement des \u00e9coles de hameau dans les sections du Grouanec et de l\u2019Armorique.<\/p>\n<p>Il y a foire \u00e0 Plouguerneau le troisi\u00e8me jeudi de chaque mois.<\/p>\n<p>&nbsp;<\/p>\n<table>\n<tbody>\n<tr>\n<td><img decoding=\"async\" src=\"http:\/\/www.plouguerneau.net\/IMG\/jpg\/plouguerneau-4-3.jpg\" \/><\/td>\n<\/tr>\n<\/tbody>\n<\/table>\n<p>&nbsp;<\/p>\n<p>L\u2019\u00e9glise paroissiale, sous le patronage des saints Pierre et Paul, est une cure de 1\u00e8re classe. Reconstruite dans ces derniers temps, \u00e0 l\u2019exception de la tour, qui date de 1701, elle enferme le tombeau de Mgr de Poulpiquet, \u00e9v\u00eaque de Quimper, d\u00e9c\u00e9d\u00e9 en 1840.<\/p>\n<p>La f\u00eate patronale a lieu le dernier dimanche de juillet. Il y a pardon \u00e0 la chapelle de Tremenach, le second dimanche d\u2019ao\u00fbt\u00a0; \u00e0 la chapelle du Grouanec, le 15 ao\u00fbt\u00a0; \u00e0 la chapelle de Saint-Cava, le dernier dimanche d\u2019ao\u00fbt et \u00e0 la chapelle de Saint-Michel, le dernier dimanche de septembre.<\/p>\n<p>La chapelle du Grouanec, d\u00e9di\u00e9e \u00e0 Notre-Dame, date de 1503. On y voit des peintures sur verre d\u2019une grande fra\u00eecheur et des corniches fort curieuses sur lesquelles on a fait la satire de l\u2019ivrognerie.<\/p>\n<p>&nbsp;<\/p>\n<table>\n<tbody>\n<tr>\n<td><img decoding=\"async\" src=\"http:\/\/www.plouguerneau.net\/IMG\/jpg\/Chapelle-grouanec.jpg\" \/><\/td>\n<\/tr>\n<\/tbody>\n<\/table>\n<p>&nbsp;<\/p>\n<p>On comptait autrefois dans cette commune onze chapelles qui sont aujourd\u2019hui en partie ruin\u00e9es.<\/p>\n<p>La commune de Plouguerneau, bien que maritime, ne poss\u00e8de point de port proprement dit, mais on trouve sur son littoral quelques criques ou petites baies, qui servent d\u2019abri \u00e0 de nombreux bateaux de p\u00eache. Les deux plus importantes sont le Port-Malo et le Corr\u00e9jou. C\u2019est au Corr\u00e9jou que Jean de Montfort, apr\u00e8s son \u00e9vasion de la tour du Louvre, en 1345, s\u2019embarqua pour l\u2019Angleterre. L\u2019anse du Corr\u00e9jou, accessible aux navires de 300 tonneaux, est pr\u00e9c\u00e9d\u00e9e d\u2019une rade tr\u00e8s s\u00fbre, qui peut recevoir environ 70 b\u00e2timents de toute grandeur.<\/p>\n<p>De nombreux \u00eelots sont r\u00e9pandus sur le littoral de la commune. Le plus connu est celui qui porte le nom de l\u2019\u00eele Vierge, ancien sanctuaire druidique, qui devint plus tard le s\u00e9jour de pieux c\u00e9nobites\u00a0; il est situ\u00e9 \u00e0 l\u2019entr\u00e9e de la Manche et on y a construit un phare de 33 m\u00e8tres de hauteur et d\u2019une port\u00e9e de 11 milles.<\/p>\n<p>&nbsp;<\/p>\n<table>\n<tbody>\n<tr>\n<td><img decoding=\"async\" src=\"http:\/\/www.plouguerneau.net\/IMG\/jpg\/phare-ile-vierge.jpg\" \/><\/td>\n<\/tr>\n<\/tbody>\n<\/table>\n<p>&nbsp;<\/p>\n<p>D\u2019apr\u00e8s la tradition une grande ville aurait exist\u00e9 autrefois \u00e0 l\u2019embouchure et sur la rive droite de l\u2019Aberwrach, \u00e0 l\u2019opposite du fort C\u00e9zon. Quelques arch\u00e9ologues, s\u2019autorisant d\u2019une certaine similitude de nom, ont cru devoir y placer le Gesocribate des Anciens, bien qu\u2019il soit impossible de trouver entre Carhaix et la pointe de Plouguerneau la distance de 45 lieues gauloises qui, d\u2019apr\u00e8s la Table Th\u00e9odosienne, s\u00e9parait Vorgium de Gesocribate. Toutefois il est certain que la voix romaine partant de Nantes, en passant par Vannes et Carhaix, avait son point terminus dans la commune de Plouguerneau o\u00f9 devait exister d\u00e8s lors un \u00e9tablissement de quelque importance.<\/p>\n<p>On voyait autrefois dans cette commune un assez grand nombre de monuments celtiques qui ont \u00e9t\u00e9 d\u00e9truits. On ne peut gu\u00e8re citer aujourd\u2019hui qu\u2019un menhir de 4 m\u00e8tres de hauteur, pr\u00e8s du village de Gu\u00e9l\u00e9ran.<\/p>\n<p>&nbsp;<\/p>\n<table>\n<tbody>\n<tr>\n<td><img decoding=\"async\" src=\"http:\/\/www.plouguerneau.net\/IMG\/jpg\/menhir-goarivan.jpg\" \/><\/td>\n<\/tr>\n<\/tbody>\n<\/table>\n<p>&nbsp;<\/p>\n<table>\n<tbody>\n<tr>\n<td><\/td>\n<\/tr>\n<\/tbody>\n<\/table>\n<p>Ren\u00e9 Abjean &#8211; Janvier 2014<\/p>\n","protected":false},"excerpt":{"rendered":"<p>PLOUGUERNEAU vue dans les ann\u00e9es 1880 (Extrait de l\u2019annuaire du Finist\u00e8re des ann\u00e9es 1885 et 1886)&nbsp; 5 kilom\u00e8tres de Lannilis. \u2013 27 kilom\u00e8tres de Brest. \u2013 Superficie\u00a0: 4.344 hectares. \u2013 [&hellip;]<\/p>\n","protected":false},"author":4,"featured_media":1758,"parent":0,"menu_order":0,"comment_status":"closed","ping_status":"open","template":"","meta":{"ngg_post_thumbnail":0,"_EventAllDay":false,"_EventTimezone":"","_EventStartDate":"","_EventEndDate":"","_EventStartDateUTC":"","_EventEndDateUTC":"","_EventShowMap":false,"_EventShowMapLink":false,"_EventURL":"","_EventCost":"","_EventCostDescription":"","_EventCurrencySymbol":"","_EventCurrencyCode":"","_EventCurrencyPosition":"","_EventDateTimeSeparator":"","_EventTimeRangeSeparator":"","_EventOrganizerID":[],"_EventVenueID":[],"_OrganizerEmail":"","_OrganizerPhone":"","_OrganizerWebsite":"","_VenueAddress":"","_VenueCity":"","_VenueCountry":"","_VenueProvince":"","_VenueState":"","_VenueZip":"","_VenuePhone":"","_VenueURL":"","_VenueStateProvince":"","_VenueLat":"","_VenueLng":"","_VenueShowMap":false,"_VenueShowMapLink":false,"footnotes":""},"categories":[253],"tags":[],"class_list":["post-626","page","type-page","status-publish","has-post-thumbnail","hentry","category-18-19-analyse-population"],"_links":{"self":[{"href":"https:\/\/appriou.bzh\/index.php\/wp-json\/wp\/v2\/pages\/626","targetHints":{"allow":["GET"]}}],"collection":[{"href":"https:\/\/appriou.bzh\/index.php\/wp-json\/wp\/v2\/pages"}],"about":[{"href":"https:\/\/appriou.bzh\/index.php\/wp-json\/wp\/v2\/types\/page"}],"author":[{"embeddable":true,"href":"https:\/\/appriou.bzh\/index.php\/wp-json\/wp\/v2\/users\/4"}],"replies":[{"embeddable":true,"href":"https:\/\/appriou.bzh\/index.php\/wp-json\/wp\/v2\/comments?post=626"}],"version-history":[{"count":0,"href":"https:\/\/appriou.bzh\/index.php\/wp-json\/wp\/v2\/pages\/626\/revisions"}],"wp:featuredmedia":[{"embeddable":true,"href":"https:\/\/appriou.bzh\/index.php\/wp-json\/"}],"wp:attachment":[{"href":"https:\/\/appriou.bzh\/index.php\/wp-json\/wp\/v2\/media?parent=626"}],"wp:term":[{"taxonomy":"category","embeddable":true,"href":"https:\/\/appriou.bzh\/index.php\/wp-json\/wp\/v2\/categories?post=626"},{"taxonomy":"post_tag","embeddable":true,"href":"https:\/\/appriou.bzh\/index.php\/wp-json\/wp\/v2\/tags?post=626"}],"curies":[{"name":"wp","href":"https:\/\/api.w.org\/{rel}","templated":true}]}}