{"id":631,"date":"2014-04-08T10:32:10","date_gmt":"2014-04-08T08:32:10","guid":{"rendered":"https:\/\/plouguerneau.net\/tous-a-velo\/"},"modified":"2014-04-08T10:32:10","modified_gmt":"2014-04-08T08:32:10","slug":"tous-a-velo","status":"publish","type":"page","link":"https:\/\/appriou.bzh\/index.php\/tous-a-velo\/","title":{"rendered":"Tous \u00e0 V\u00e9lo"},"content":{"rendered":"<div align=\"justify\"><center><strong>V\u00e9lo Club Lannilisien : Balade \u00e0 Lannilis<\/strong> &#8211; 21 Avril 2014<\/center>&nbsp;<\/p>\n<p><center><br \/>\n<iframe width=\"560\" height=\"315\" src=\"https:\/\/www.youtube.com\/embed\/0zSwNzcmmJo\" frameborder=\"0\" allow=\"accelerometer; autoplay; encrypted-media; gyroscope; picture-in-picture\" allowfullscreen><\/iframe><\/p>\n<p>Journ\u00e9e coup de coeur au profit de l&rsquo;association des chiens guides d&rsquo;aveugles de l&rsquo;ouest. Circuit 15 km \u00e0 Lannilis.<\/center><\/p>\n<table>\n<tbody>\n<tr>\n<td><\/td>\n<\/tr>\n<\/tbody>\n<\/table>\n<hr \/>\n<table>\n<tbody>\n<tr>\n<td><\/td>\n<\/tr>\n<\/tbody>\n<\/table>\n<p><center><strong>Tro-v\u00e9lo : Balade \u00e0 Guiss\u00e9ny<\/strong> &#8211; 6 Avril 2014<\/center>&nbsp;<\/p>\n<p><center><br \/>\n<iframe width=\"560\" height=\"315\" src=\"https:\/\/www.youtube.com\/embed\/8C-j4yYNN9E\" frameborder=\"0\" allow=\"accelerometer; autoplay; encrypted-media; gyroscope; picture-in-picture\" allowfullscreen><\/iframe><\/p>\n<p>D\u00e9couverte du Patrimoine de Guiss\u00e9ny \u00e0 v\u00e9lo. Un circuit de 13 km accessible \u00e0 tous. Tr\u00e8s bien balis\u00e9. De nombreux endroits sympas \u00e0 d\u00e9couvrir. <strong>Informations<\/strong> : Office du Tourisme de Guiss\u00e9ny.<\/center><\/div>\n","protected":false},"excerpt":{"rendered":"<p>V\u00e9lo Club Lannilisien : Balade \u00e0 Lannilis &#8211; 21 Avril 2014&nbsp; Journ\u00e9e coup de coeur au profit de l&rsquo;association des chiens guides d&rsquo;aveugles de l&rsquo;ouest. Circuit 15 km \u00e0 Lannilis. [&hellip;]<\/p>\n","protected":false},"author":4,"featured_media":0,"parent":0,"menu_order":0,"comment_status":"closed","ping_status":"open","template":"","meta":{"ngg_post_thumbnail":0,"_EventAllDay":false,"_EventTimezone":"","_EventStartDate":"","_EventEndDate":"","_EventStartDateUTC":"","_EventEndDateUTC":"","_EventShowMap":false,"_EventShowMapLink":false,"_EventURL":"","_EventCost":"","_EventCostDescription":"","_EventCurrencySymbol":"","_EventCurrencyCode":"","_EventCurrencyPosition":"","_EventDateTimeSeparator":"","_EventTimeRangeSeparator":"","_EventOrganizerID":[],"_EventVenueID":[],"_OrganizerEmail":"","_OrganizerPhone":"","_OrganizerWebsite":"","_VenueAddress":"","_VenueCity":"","_VenueCountry":"","_VenueProvince":"","_VenueState":"","_VenueZip":"","_VenuePhone":"","_VenueURL":"","_VenueStateProvince":"","_VenueLat":"","_VenueLng":"","_VenueShowMap":false,"_VenueShowMapLink":false,"footnotes":""},"categories":[265],"tags":[],"class_list":["post-631","page","type-page","status-publish","hentry","category-videos"],"_links":{"self":[{"href":"https:\/\/appriou.bzh\/index.php\/wp-json\/wp\/v2\/pages\/631","targetHints":{"allow":["GET"]}}],"collection":[{"href":"https:\/\/appriou.bzh\/index.php\/wp-json\/wp\/v2\/pages"}],"about":[{"href":"https:\/\/appriou.bzh\/index.php\/wp-json\/wp\/v2\/types\/page"}],"author":[{"embeddable":true,"href":"https:\/\/appriou.bzh\/index.php\/wp-json\/wp\/v2\/users\/4"}],"replies":[{"embeddable":true,"href":"https:\/\/appriou.bzh\/index.php\/wp-json\/wp\/v2\/comments?post=631"}],"version-history":[{"count":0,"href":"https:\/\/appriou.bzh\/index.php\/wp-json\/wp\/v2\/pages\/631\/revisions"}],"wp:attachment":[{"href":"https:\/\/appriou.bzh\/index.php\/wp-json\/wp\/v2\/media?parent=631"}],"wp:term":[{"taxonomy":"category","embeddable":true,"href":"https:\/\/appriou.bzh\/index.php\/wp-json\/wp\/v2\/categories?post=631"},{"taxonomy":"post_tag","embeddable":true,"href":"https:\/\/appriou.bzh\/index.php\/wp-json\/wp\/v2\/tags?post=631"}],"curies":[{"name":"wp","href":"https:\/\/api.w.org\/{rel}","templated":true}]}}