{"id":634,"date":"2014-08-17T15:10:09","date_gmt":"2014-08-17T13:10:09","guid":{"rendered":"https:\/\/plouguerneau.net\/videos-en-wrach\/"},"modified":"2014-08-17T15:10:09","modified_gmt":"2014-08-17T13:10:09","slug":"videos-en-wrach","status":"publish","type":"page","link":"https:\/\/appriou.bzh\/index.php\/videos-en-wrach\/","title":{"rendered":"Vid\u00e9os en Wrac&rsquo;h"},"content":{"rendered":"<div align=justify>\n<center><strong>PETITS SAINTS ET LAVOIR DE KEROUDERN<\/strong> &#8211; 15 Ao\u00fbt 2014<\/center><br \/>\n<\/p>\n<div align=center>\n<iframe width=\"560\" height=\"315\" src=\"http:\/\/www.youtube.com\/embed\/3RoUf8zYqlg\" frameborder=\"0\" allowfullscreen><\/iframe>\n<\/div>\n<p><center><br \/>\nVid\u00e9o de Photos de la procession des Petits Saints 2014 \u00e0 Plouguerneau.<br \/>Avant le lavoir de K\u00e9roudern nettoy\u00e9 par notre associaton.<\/center>\n<\/div>\n<table>\n<tr>\n<td><\/td>\n<\/tr>\n<\/table>\n<hr>\n<table>\n<tr>\n<td><\/td>\n<\/tr>\n<\/table>\n<p><center><strong>A LA DECOUVERTE DU KOREJOU<\/strong> &#8211; Avril 2014<\/center><br \/>\n<\/p>\n<div align=center>\n<iframe width=\"560\" height=\"315\" src=\"http:\/\/www.youtube.com\/embed\/FdyXIOdpBUY\" frameborder=\"0\" allowfullscreen><\/iframe>\n<\/div>\n<p><center><br \/>\nVid\u00e9o de Photos d&rsquo;un circuit p\u00e9destre sur Plouguerneau &#8211; Saint-Michel.<br \/> Un d\u00e9pliant a \u00e9t\u00e9 r\u00e9alis\u00e9 par notre association sur ce circuit. Ce d\u00e9pliant est disponible \u00e0 l&rsquo;Office du Tourisme et au Pub Le Dolenn[\/bleu].<\/center>\n<\/div>\n<table>\n<tr>\n<td><\/td>\n<\/tr>\n<\/table>\n<hr>\n<table>\n<tr>\n<td><\/td>\n<\/tr>\n<\/table>\n<div align=justify>\n<center><strong>FETE DES GOEMONIERS<\/strong> &#8211; Ao\u00fbt 2012<\/center><br \/>\n<\/p>\n<div align=center>\n<iframe width=\"560\" height=\"315\" src=\"http:\/\/www.youtube.com\/embed\/A6pO3Gq3tZY\" frameborder=\"0\" allowfullscreen><\/iframe>\n<\/div>\n<p><center><br \/>\nL&rsquo;Ecomus\u00e9e de Plouguerneau organise chaque ann\u00e9e une f\u00eate des Go\u00e9moniers.<br \/>Cela \u00e0 lieu en g\u00e9n\u00e9ral la 2eme quinzaine d&rsquo;Ao\u00fbt. Aller voir sur : http:\/\/www.ecomusee-plouguerneau.fr\/la-fete-des-goemoniers.php[\/bleu].<\/center>\n<\/div>\n<table>\n<tr>\n<td><\/td>\n<\/tr>\n<\/table>\n<hr>\n<table>\n<tr>\n<td><\/td>\n<\/tr>\n<\/table>\n<div align=justify>\n<center><strong>LA MARCHE DES PETITS SAINTS<\/strong> &#8211; Ao\u00fbt 2012<\/center><br \/>\n<\/p>\n<div align=center>\n<iframe width=\"560\" height=\"315\" src=\"http:\/\/www.youtube.com\/embed\/bpBKoKAvLQM\" frameborder=\"0\" allowfullscreen><\/iframe>\n<\/div>\n<p><center><br \/>\nTous les ans a lieu \u00e0 Plouguerneau, le 15 Ao\u00fbt, la marche des Petits Saints. Aller voir sur : http:\/\/www.plouguerneau.net\/spip.php?article33[\/bleu].<\/center>\n<\/div>\n","protected":false},"excerpt":{"rendered":"<p>PETITS SAINTS ET LAVOIR DE KEROUDERN &#8211; 15 Ao\u00fbt 2014 Vid\u00e9o de Photos de la procession des Petits Saints 2014 \u00e0 Plouguerneau.Avant le lavoir de K\u00e9roudern nettoy\u00e9 par notre associaton. [&hellip;]<\/p>\n","protected":false},"author":4,"featured_media":0,"parent":0,"menu_order":0,"comment_status":"closed","ping_status":"open","template":"","meta":{"ngg_post_thumbnail":0,"_EventAllDay":false,"_EventTimezone":"","_EventStartDate":"","_EventEndDate":"","_EventStartDateUTC":"","_EventEndDateUTC":"","_EventShowMap":false,"_EventShowMapLink":false,"_EventURL":"","_EventCost":"","_EventCostDescription":"","_EventCurrencySymbol":"","_EventCurrencyCode":"","_EventCurrencyPosition":"","_EventDateTimeSeparator":"","_EventTimeRangeSeparator":"","_EventOrganizerID":[],"_EventVenueID":[],"_OrganizerEmail":"","_OrganizerPhone":"","_OrganizerWebsite":"","_VenueAddress":"","_VenueCity":"","_VenueCountry":"","_VenueProvince":"","_VenueState":"","_VenueZip":"","_VenuePhone":"","_VenueURL":"","_VenueStateProvince":"","_VenueLat":"","_VenueLng":"","_VenueShowMap":false,"_VenueShowMapLink":false,"footnotes":""},"categories":[265],"tags":[],"class_list":["post-634","page","type-page","status-publish","hentry","category-videos"],"_links":{"self":[{"href":"https:\/\/appriou.bzh\/index.php\/wp-json\/wp\/v2\/pages\/634","targetHints":{"allow":["GET"]}}],"collection":[{"href":"https:\/\/appriou.bzh\/index.php\/wp-json\/wp\/v2\/pages"}],"about":[{"href":"https:\/\/appriou.bzh\/index.php\/wp-json\/wp\/v2\/types\/page"}],"author":[{"embeddable":true,"href":"https:\/\/appriou.bzh\/index.php\/wp-json\/wp\/v2\/users\/4"}],"replies":[{"embeddable":true,"href":"https:\/\/appriou.bzh\/index.php\/wp-json\/wp\/v2\/comments?post=634"}],"version-history":[{"count":0,"href":"https:\/\/appriou.bzh\/index.php\/wp-json\/wp\/v2\/pages\/634\/revisions"}],"wp:attachment":[{"href":"https:\/\/appriou.bzh\/index.php\/wp-json\/wp\/v2\/media?parent=634"}],"wp:term":[{"taxonomy":"category","embeddable":true,"href":"https:\/\/appriou.bzh\/index.php\/wp-json\/wp\/v2\/categories?post=634"},{"taxonomy":"post_tag","embeddable":true,"href":"https:\/\/appriou.bzh\/index.php\/wp-json\/wp\/v2\/tags?post=634"}],"curies":[{"name":"wp","href":"https:\/\/api.w.org\/{rel}","templated":true}]}}