{"id":635,"date":"2014-04-15T05:53:09","date_gmt":"2014-04-15T03:53:09","guid":{"rendered":"https:\/\/plouguerneau.net\/pierre-yves-moign\/"},"modified":"2014-04-15T05:53:09","modified_gmt":"2014-04-15T03:53:09","slug":"pierre-yves-moign","status":"publish","type":"page","link":"https:\/\/appriou.bzh\/index.php\/pierre-yves-moign\/","title":{"rendered":"Pierre-Yves Moign"},"content":{"rendered":"\n<p><i><span style=\"color: #ff0000;\"><a href=\"https:\/\/www.letelegramme.fr\/finistere\/plouguerneau-29880\/spanpierre-yves-moignspan-la-musique-traditionnelle-en-deuil-1794403.php\" data-type=\"link\" data-id=\"https:\/\/www.letelegramme.fr\/finistere\/plouguerneau-29880\/spanpierre-yves-moignspan-la-musique-traditionnelle-en-deuil-1794403.php\">Article du T\u00e9l\u00e9gramme de Brest du 20 Mars 2013<\/a><\/span><\/i><\/p>\n\n\n\n<p>&nbsp;<\/p>\n\n\n\n<p>&nbsp;<\/p>\n\n\n\n<figure class=\"wp-block-image size-full\"><img decoding=\"async\" src=\"https:\/\/plouguerneau.net\/wp-content\/uploads\/2014\/04\/Pierre-Yves-Moign-2013.webp\" alt=\"\" class=\"wp-image-5405\"\/><\/figure>\n\n\n\n<p>&nbsp;<\/p>\n\n\n\n<p>Le compositeur Pierre-Yves Moign est d\u00e9c\u00e9d\u00e9 le lundi 18 Mars 2013 \u00e0 Brest, ville o\u00f9 il \u00e9tait n\u00e9 le 5 septembre 1927. Ce fils et petit-fils d&rsquo;officier de Marine a opt\u00e9 pour une carri\u00e8re musicale, apr\u00e8s des \u00e9tudes de piano et un premier prix de contrepoint qu&rsquo;il a obtenu en 1952 au conservatoire national sup\u00e9rieur de musique de Paris.<\/p>\n\n\n\n<p>Pierre-Yves Moign s&rsquo;int\u00e9resse d\u00e8s le d\u00e9but de sa carri\u00e8re \u00e0 la musique traditionnelle bretonne, met en musique une com\u00e9die musicale sur des textes de Glennmor, signe la musique du premier spectacle du mime Marceau, participe \u00e0 la cr\u00e9ation d&rsquo;ensembles comme Son ha koroll au milieu des ann\u00e9es cinquante ou les Kabalerien, au d\u00e9but des ann\u00e9es soixante, qui ont enregistr\u00e9 au Chant du Monde et se sont produits en concert en France, en Allemagne, en Suisse, en Belgique et en Grande-Bretagne.<\/p>\n\n\n\n<p>Tout en \u00e9crivant de nombreuses pi\u00e8ces pour des chorales et ensembles instrumentaux, Pierre-Yves Moign s&rsquo;est int\u00e9ress\u00e9 aux m\u00e9thodes actives d&rsquo;Orff et Kodaly, qu&rsquo;il met en pratique au sein de l&rsquo;association War hentou breiz pour enseigner la musique aux enfants et adolescents.<\/p>\n\n\n\n<p>Pierre-Yves Moign est aussi connu pour avoir fond\u00e9, \u00e0 la fin des ann\u00e9es 70, avec sa femme Jacqueline Bocoyran, professeur de guitare d\u00e9c\u00e9d\u00e9e il y a deux ans, et avec son ami de Plouguerneau, Ren\u00e9 Abjean, chef de choeur comme lui, le Centre breton d&rsquo;art populaire.<\/p>\n\n\n\n<p>Cette \u00e9cole de musique associative est toujours tr\u00e8s active dans le domaine des musiques traditionnelles.<\/p>\n\n\n\n<p>Pierre-Yves Moign, d\u00e9cor\u00e9 de l&rsquo;ordre de l&rsquo;Hermine en 2004, a \u00e9galement \u00e9crit les orchestrations des symphonies \u00ab Bretagne \u00bb et \u00ab Iroise \u00bb de Didier Squiban.<\/p>\n\n\n\n<p>Le Centre Breton d&rsquo;art populaire avait lanc\u00e9 il y a un peu plus d&rsquo;un an un projet ambitieux avec des musiciens autour de Pierre-Yves Moign et de son oeuvre.<\/p>\n\n\n\n<p>Il vivait \u00e0 Plouguerneau. Les obs\u00e8ques de P.Y. Moign ont \u00e9t\u00e9 c\u00e9l\u00e9br\u00e9 au cimeti\u00e8re de Plouguerneau le vendredi 22 mars 2013.<\/p>\n\n\n\n<center><br><iframe src=\"https:\/\/www.youtube.com\/embed\/IIFFzI6axN4\" width=\"560\" height=\"315\" frameborder=\"0\" allowfullscreen=\"allowfullscreen\"><\/iframe><br>Didier Squiban \u00a0\u00bb Suite Symphonique Bretagne \u00a0\u00bb en 2004.<br>Avec \u00e0 la clarinette : Bernard Le Dr\u00e9au et \u00e0 l&rsquo;accord\u00e9on : Alain Tr\u00e9varin.<\/center>\n\n\n\n<p>Le 18 Avril 2014, <strong>Diquier SQUIBAN<\/strong> sera en concert au Quartz de Brest avec l&rsquo;<strong>Orchestre Symphonique de Bretagne<\/strong> et interpr\u00e9tera la <strong>Symphonie No 3 LE PONANT<\/strong>. Informations en cliquant <a href=\"http:\/\/www.lequartz.com\/fr\/content\/saison-1314\/symphonie-n-3-le-ponant\"><strong>ICI<\/strong><\/a>.<\/p>\n\n\n\n<p>Autres informations sur le site de <strong>Diquier SQUIBAN<\/strong> en cliquant <a href=\"http:\/\/www.didier-squiban.net\/public\/actualites\/projets-symphonie-du-ponant\"><strong>ICI<\/strong><\/a>.<\/p>\n","protected":false},"excerpt":{"rendered":"<p>Article du T\u00e9l\u00e9gramme de Brest du 20 Mars 2013 &nbsp; &nbsp; &nbsp; Le compositeur Pierre-Yves Moign est d\u00e9c\u00e9d\u00e9 le lundi 18 Mars 2013 \u00e0 Brest, ville o\u00f9 il \u00e9tait n\u00e9 [&hellip;]<\/p>\n","protected":false},"author":4,"featured_media":0,"parent":0,"menu_order":0,"comment_status":"closed","ping_status":"open","template":"","meta":{"ngg_post_thumbnail":0,"_EventAllDay":false,"_EventTimezone":"","_EventStartDate":"","_EventEndDate":"","_EventStartDateUTC":"","_EventEndDateUTC":"","_EventShowMap":false,"_EventShowMapLink":false,"_EventURL":"","_EventCost":"","_EventCostDescription":"","_EventCurrencySymbol":"","_EventCurrencyCode":"","_EventCurrencyPosition":"","_EventDateTimeSeparator":"","_EventTimeRangeSeparator":"","_EventOrganizerID":[],"_EventVenueID":[],"_OrganizerEmail":"","_OrganizerPhone":"","_OrganizerWebsite":"","_VenueAddress":"","_VenueCity":"","_VenueCountry":"","_VenueProvince":"","_VenueState":"","_VenueZip":"","_VenuePhone":"","_VenueURL":"","_VenueStateProvince":"","_VenueLat":"","_VenueLng":"","_VenueShowMap":false,"_VenueShowMapLink":false,"footnotes":""},"categories":[271],"tags":[],"class_list":["post-635","page","type-page","status-publish","hentry","category-portraits-daujourdhui"],"_links":{"self":[{"href":"https:\/\/appriou.bzh\/index.php\/wp-json\/wp\/v2\/pages\/635","targetHints":{"allow":["GET"]}}],"collection":[{"href":"https:\/\/appriou.bzh\/index.php\/wp-json\/wp\/v2\/pages"}],"about":[{"href":"https:\/\/appriou.bzh\/index.php\/wp-json\/wp\/v2\/types\/page"}],"author":[{"embeddable":true,"href":"https:\/\/appriou.bzh\/index.php\/wp-json\/wp\/v2\/users\/4"}],"replies":[{"embeddable":true,"href":"https:\/\/appriou.bzh\/index.php\/wp-json\/wp\/v2\/comments?post=635"}],"version-history":[{"count":0,"href":"https:\/\/appriou.bzh\/index.php\/wp-json\/wp\/v2\/pages\/635\/revisions"}],"wp:attachment":[{"href":"https:\/\/appriou.bzh\/index.php\/wp-json\/wp\/v2\/media?parent=635"}],"wp:term":[{"taxonomy":"category","embeddable":true,"href":"https:\/\/appriou.bzh\/index.php\/wp-json\/wp\/v2\/categories?post=635"},{"taxonomy":"post_tag","embeddable":true,"href":"https:\/\/appriou.bzh\/index.php\/wp-json\/wp\/v2\/tags?post=635"}],"curies":[{"name":"wp","href":"https:\/\/api.w.org\/{rel}","templated":true}]}}