{"id":640,"date":"2014-05-02T08:20:29","date_gmt":"2014-05-02T06:20:29","guid":{"rendered":"https:\/\/plouguerneau.net\/un-village-sur-pilotis-a-rann-grannog\/"},"modified":"2025-01-27T09:55:36","modified_gmt":"2025-01-27T08:55:36","slug":"un-village-sur-pilotis-a-rann-grannog","status":"publish","type":"page","link":"https:\/\/appriou.bzh\/index.php\/un-village-sur-pilotis-a-rann-grannog\/","title":{"rendered":"Un Village sur Pilotis \u00e0 Rann-Grannog ?"},"content":{"rendered":"<p><center><br \/>\n<strong><span style=\"font-size: large;\"><span style=\"color: #0000ff;\">UN VILLAGE SUR PILOTIS A RANN-GRANNOG ?<\/span><br \/>\n<\/span><\/strong><\/center>&nbsp;<\/p>\n<table>\n<tbody>\n<tr>\n<td><\/td>\n<\/tr>\n<\/tbody>\n<\/table>\n<p><span style=\"color: #0000ff;\"><strong><em><span style=\"font-size: medium;\">1 \u2013 Dans l&rsquo;Ouvrage de Pierre Abjean \u00ab\u00a0PLOUGUERNEAU Histoire\u00a0\u00bb de 1987<\/span><\/em><\/strong><\/span><\/p>\n<p>Dans l&rsquo;ouvrage de Pierre Abjean \u00ab\u00a0PLOUGUERNEAU Histoire\u00a0\u00bb parue en 1987, on peut trouver en page 13 un paragraphe intitul\u00e9 \u00ab\u00a0Un village sur pilotis \u00e0 Rann-Grannog\u00a0\u00bb et 2 plans de la situation de ce village.<\/p>\n<p>&nbsp;<\/p>\n<table>\n<tbody>\n<tr>\n<td><img decoding=\"async\" src=\"http:\/\/www.plouguerneau.net\/IMG\/jpg\/Rann-Grannog.jpg\" \/><\/td>\n<\/tr>\n<\/tbody>\n<\/table>\n<p>&nbsp;<\/p>\n<table>\n<tbody>\n<tr>\n<td><\/td>\n<\/tr>\n<\/tbody>\n<\/table>\n<p><strong>Le Texte\u00a0:<\/strong><\/p>\n<p>Il nous aura fallu attendre 1971 pour d\u00e9couvrir l&rsquo;existence d&rsquo;un Krannog ou village sur pilotis au lieu-dit Rann-Grannog \u00e0 partir de photos a\u00e9riennes de 1966.<\/p>\n<p>Ce village devait comporter environ 55 huttes circulaires de 6 m de diam\u00e8tre reposant sur de grosses pierres.<\/p>\n<p>Il s&rsquo;\u00e9tendait sur une zone de 95 m de longueur et de 45 m de largeur, entourant une mare ou un ruisseau. Ces photographies a\u00e9riennes indiquent la pr\u00e9sence de gros blocs de pierre.<\/p>\n<p>C&rsquo;est en Grande-Bretagne et en Irlande que l&rsquo;on compte le plus de <em>Krannog<\/em>. Si celui de Rann-Grannog \u00e9tait v\u00e9rifi\u00e9, il serait le premier \u00e0 \u00eatre d\u00e9couvert sur le continent.<\/p>\n<p>Attendons donc que les savants s&rsquo;y int\u00e9ressent, car la loi du 27 septembre 1941 r\u00e9glemente s\u00e9rieusement les fouilles et l&rsquo;amateur trop z\u00e9l\u00e9 risque de payer d&rsquo;une amende sa trop grande passion.<\/p>\n<table>\n<tbody>\n<tr>\n<td><\/td>\n<\/tr>\n<\/tbody>\n<\/table>\n<p><strong>Les 2 plans\u00a0:<\/strong><\/p>\n<p>&nbsp;<\/p>\n<table>\n<tbody>\n<tr>\n<td><img decoding=\"async\" src=\"http:\/\/www.plouguerneau.net\/IMG\/bmp\/Plan-Rann-Grannog-40.bmp\" \/><\/td>\n<\/tr>\n<\/tbody>\n<\/table>\n<p><em>Krannog de Plouguerneau<\/em><\/p>\n<table>\n<tbody>\n<tr>\n<td><\/td>\n<\/tr>\n<\/tbody>\n<\/table>\n<p><span style=\"color: #0000ff;\"><strong><em><span style=\"font-size: medium;\">2 \u2013 Plouguerneau d&rsquo;Hier et d&rsquo;Aujourd&rsquo;hui sur le Terrain<\/span><\/em><\/strong><\/span><\/p>\n<p>Le groupe \u00ab\u00a0Histoire\u00a0\u00bb de Plouguerneau d&rsquo;Hier et d&rsquo;Aujourd&rsquo;hui s&rsquo;est int\u00e9ress\u00e9 au site de Rann-Grannog.<\/p>\n<p>Nous \u00e9tions 3 sur place le Mardi 22 Avril 2014\u00a0: Ren\u00e9 Abjean, Pierre Joll\u00e9 et Pierre Arzur.<\/p>\n<p>A l&#8217;emplacement indiqu\u00e9 par Pierre Abjean, nous avons bien trouv\u00e9 un ensemble de blocs formant une forme ovale.<\/p>\n<p>Tous ces blocs sont forcement noy\u00e9s dans la v\u00e9g\u00e9tation.<\/p>\n<table>\n<tbody>\n<tr>\n<td><\/td>\n<\/tr>\n<\/tbody>\n<\/table>\n<p><iframe src=\"https:\/\/www.youtube.com\/embed\/seQoj3cH0LM\" width=\"560\" height=\"315\" frameborder=\"0\" allowfullscreen=\"allowfullscreen\"><\/iframe><\/p>\n<p><span style=\"color: #0000ff;\">Images du site de Rann-Grannog<\/span><\/p>\n<table>\n<tbody>\n<tr>\n<td><\/td>\n<\/tr>\n<\/tbody>\n<\/table>\n<p><span style=\"color: #0000ff;\"><strong><em><span style=\"font-size: medium;\">3 \u2013 La suite<\/span><\/em><\/strong><\/span><\/p>\n<p>Sommes-nous en pr\u00e9sence du premier \u00ab\u00a0<strong>Plouguerneau<\/strong>\u00a0\u00bb\u00a0?<\/p>\n<p>Pour le savoir, nous sommes \u00e0 la recherche de toutes bonnes volont\u00e9s d&rsquo;experts en pierres anciennes pouvant analyser le site.<\/p>\n<p>Si le r\u00e9sultat des expertises montre que le site est vraiment un <em>krannog<\/em>, notre association r\u00e9fl\u00e9chira, avec les autorit\u00e9s comp\u00e9tentes, \u00e0 sa mise en valeur.<\/p>\n<table>\n<tbody>\n<tr>\n<td><\/td>\n<\/tr>\n<\/tbody>\n<\/table>\n<p><span style=\"color: #0000ff;\"><strong><em><span style=\"font-size: medium;\">Annexe \u2013 Bibliographie<\/span><\/em><\/strong><\/span><\/p>\n<ul>\n<li><strong>Pierre Abjean<\/strong> &#8211; PLOUGUERNEAU Histoire \u2013 Mairie de Plouguerneau ( 1987 )<\/li>\n<\/ul>\n","protected":false},"excerpt":{"rendered":"<p>UN VILLAGE SUR PILOTIS A RANN-GRANNOG ? &nbsp; 1 \u2013 Dans l&rsquo;Ouvrage de Pierre Abjean \u00ab\u00a0PLOUGUERNEAU Histoire\u00a0\u00bb de 1987 Dans l&rsquo;ouvrage de Pierre Abjean \u00ab\u00a0PLOUGUERNEAU Histoire\u00a0\u00bb parue en 1987, on [&hellip;]<\/p>\n","protected":false},"author":4,"featured_media":1792,"parent":0,"menu_order":0,"comment_status":"closed","ping_status":"open","template":"","meta":{"ngg_post_thumbnail":0,"_EventAllDay":false,"_EventTimezone":"","_EventStartDate":"","_EventEndDate":"","_EventStartDateUTC":"","_EventEndDateUTC":"","_EventShowMap":false,"_EventShowMapLink":false,"_EventURL":"","_EventCost":"","_EventCostDescription":"","_EventCurrencySymbol":"","_EventCurrencyCode":"","_EventCurrencyPosition":"","_EventDateTimeSeparator":"","_EventTimeRangeSeparator":"","_EventOrganizerID":[],"_EventVenueID":[],"_OrganizerEmail":"","_OrganizerPhone":"","_OrganizerWebsite":"","_VenueAddress":"","_VenueCity":"","_VenueCountry":"","_VenueProvince":"","_VenueState":"","_VenueZip":"","_VenuePhone":"","_VenueURL":"","_VenueStateProvince":"","_VenueLat":"","_VenueLng":"","_VenueShowMap":false,"_VenueShowMapLink":false,"footnotes":""},"categories":[146],"tags":[],"class_list":["post-640","page","type-page","status-publish","has-post-thumbnail","hentry","category-histoire-15e-siecle-et-avant"],"_links":{"self":[{"href":"https:\/\/appriou.bzh\/index.php\/wp-json\/wp\/v2\/pages\/640","targetHints":{"allow":["GET"]}}],"collection":[{"href":"https:\/\/appriou.bzh\/index.php\/wp-json\/wp\/v2\/pages"}],"about":[{"href":"https:\/\/appriou.bzh\/index.php\/wp-json\/wp\/v2\/types\/page"}],"author":[{"embeddable":true,"href":"https:\/\/appriou.bzh\/index.php\/wp-json\/wp\/v2\/users\/4"}],"replies":[{"embeddable":true,"href":"https:\/\/appriou.bzh\/index.php\/wp-json\/wp\/v2\/comments?post=640"}],"version-history":[{"count":0,"href":"https:\/\/appriou.bzh\/index.php\/wp-json\/wp\/v2\/pages\/640\/revisions"}],"wp:featuredmedia":[{"embeddable":true,"href":"https:\/\/appriou.bzh\/index.php\/wp-json\/"}],"wp:attachment":[{"href":"https:\/\/appriou.bzh\/index.php\/wp-json\/wp\/v2\/media?parent=640"}],"wp:term":[{"taxonomy":"category","embeddable":true,"href":"https:\/\/appriou.bzh\/index.php\/wp-json\/wp\/v2\/categories?post=640"},{"taxonomy":"post_tag","embeddable":true,"href":"https:\/\/appriou.bzh\/index.php\/wp-json\/wp\/v2\/tags?post=640"}],"curies":[{"name":"wp","href":"https:\/\/api.w.org\/{rel}","templated":true}]}}