{"id":642,"date":"2014-05-26T17:47:15","date_gmt":"2014-05-26T15:47:15","guid":{"rendered":"https:\/\/plouguerneau.net\/le-moulin-de-kerniguel\/"},"modified":"2025-01-27T10:04:29","modified_gmt":"2025-01-27T09:04:29","slug":"le-moulin-de-kerniguel","status":"publish","type":"page","link":"https:\/\/appriou.bzh\/index.php\/le-moulin-de-kerniguel\/","title":{"rendered":"Le Moulin de Kerniguel"},"content":{"rendered":"<p>&nbsp;<\/p>\n<p><center><br \/>\n<span style=\"color: #0000ff;\"><strong><span style=\"font-size: large;\">KERNIGUEL<br \/>\nUn moulin m\u00e9connu \u00e0 Plouguerneau<\/span><\/strong><\/span><\/center>&nbsp;<\/p>\n<table>\n<tbody>\n<tr>\n<td>&nbsp;<\/td>\n<\/tr>\n<\/tbody>\n<\/table>\n<table>\n<tbody>\n<tr>\n<td>&nbsp;<\/td>\n<\/tr>\n<\/tbody>\n<\/table>\n<div align=\"justify\">\n<p><em>Article complet (R\u00e9vision novembre 2021) au format <strong>PDF<\/strong> en cliquant<\/em> <a href=\"https:\/\/plouguerneau.net\/wp-content\/uploads\/2022\/02\/20220118_kerniguel-1.pdf\" target=\"blank\" rel=\"noopener\"><strong><span style=\"color: #ff0000;\">ICI<\/span><\/strong><\/a><\/p>\n<p>Dans les terres humides situ\u00e9es entre Enescadec, Enizinoc et Anteren, des petites sources et les foss\u00e9s de drainage des pr\u00e9s donnent naissance \u00e0 un petit cours d&rsquo;eau. A son passage \u00e0 proximit\u00e9 de la chapelle Sainte Anne, son d\u00e9bit est d\u00e9j\u00e0 bien form\u00e9, surtout en hiver. Moins de 1000 m\u00e8tres plus loin, il passe en contrebas de Rann Grannog.<\/p>\n<p>Le modeste ruisseau s&rsquo;est grossi de plusieurs affluents venant de sources situ\u00e9es vers Santez Anna, K\u00e9roudern, Gu\u00e9l\u00e9ran, Hell\u00e8s&#8230; quand il traverse le hameau du Carpont. Il rejoint ensuite l&rsquo;ancien moulin de Kerga\u00eble dit <em>du Stang <\/em> avant de passer dans le village du Traon o\u00f9 il alimenta jusqu&rsquo;\u00e0 la fin du XIX\u00e8me si\u00e8cle une s\u00e9rie de moulins. Finalement, il se jette dans l&rsquo;estuaire de l&rsquo;aber Wrach au pied de la chauss\u00e9e de <em>Milin an Aod<\/em> qui est \u00e0 la limite du domaine maritime.<\/p>\n<p>&nbsp;<\/p>\n<table>\n<tbody>\n<tr>\n<td><img decoding=\"async\" src=\"http:\/\/www.plouguerneau.net\/IMG\/jpg\/2-ruisseaux_2.jpg\"><\/td>\n<\/tr>\n<\/tbody>\n<\/table>\n<p>&nbsp;<\/p>\n<p>Kerniguel est le moulin situ\u00e9 le plus en amont sur ce ruisseau. Disparu depuis environ 130 ans, il se trouvait au pied du village de Rann Grannoc et du lieudit devenu inhabit\u00e9 de Poul Lossouarn.<\/p>\n<p>Ses vestiges ne sont plus visibles aujourd&rsquo;hui ; elles ont sans doute disparu \u00e0 cause de l&rsquo;\u00e9volution de l&rsquo;agriculture.<\/p>\n<table>\n<tbody>\n<tr>\n<td>&nbsp;<\/td>\n<\/tr>\n<\/tbody>\n<\/table>\n<p><span style=\"font-size: medium; color: #0000ff;\"><strong>1 &#8211; Le Moulin banal<\/strong><\/span><\/p>\n<p>Avant la R\u00e9volution, le moulin \u00e9tait attach\u00e9 au domaine de <em>Gu\u00e9l\u00e9ran<\/em>, parfois appel\u00e9 <em>Guelec Rann<\/em> ou <em>Gueletran<\/em> dans certains documents.<\/p>\n<p>Louis Le Guennec, dans son ouvrage \u00ab Nos vieux Manoirs \u00e0 L\u00e9gendes \u00bb, cite le fief de <em>Gueletran<\/em> \u00e0 propos des d\u00e9m\u00eal\u00e9s de Yves Denys, seigneur du dit lieu et h\u00e9ritier l\u00e9gitime de Lesmel et de Lanvaon, avec Anne de Sanzay, comte de La Magnanne. Ce personnage, occupant du ch\u00e2teau de Penmarc&rsquo;h \u00e0 la fin du XVI\u00e8me si\u00e8cle, peut-\u00eatre suite \u00e0 son mariage avec la veuve de Claude de<br \/>\nPenmarc&rsquo;h, est un sire de triste r\u00e9putation durant les guerres de la Ligue et, \u00e0 l&rsquo;occasion, brigand, extorqueur de biens et massacreur.<\/p>\n<p>Le moulin de Gu\u00e9l\u00e9ran, \u00e9tait situ\u00e9 \u00e0 environ 600 m\u00e8tres de son manoir suzerain, lui aussi totalement disparu de nos jours. Son appellation populaire de <em>milin kerniguel<\/em>, ou moulin des vanneaux, provient peut-\u00eatre d&rsquo;un surnom ayant rapport avec ces oiseaux, hypoth\u00e8se avanc\u00e9e par Ren\u00e9 Abjean.<\/p>\n<p>L\u2019existence du moulin est attest\u00e9e sans ambiguit\u00e9 par des sources \u00e9crites du d\u00e9but du XVIII\u00e8me si\u00e8cle.<\/p>\n<p>Fran\u00e7ois Lesteven et Jacquette le Venec, auparavant \u00e9tablis en Lannilis aux moulins de la Fosse, puis de Mescaradec, viennent y demeurer vers 1707. Leur fille Marie na\u00eet au moulin dit de <em>Gueletran<\/em> le 23 ao\u00fbt 1707. Le moulin est d\u00e9nomm\u00e9 <em>Guelec Ran<\/em> lors du bapt\u00eame d&rsquo;un de leurs autres enfants, Anne, le 12 mai 1715.<\/p>\n<p>&nbsp;<\/p>\n<table>\n<tbody>\n<tr>\n<td><img decoding=\"async\" src=\"http:\/\/www.plouguerneau.net\/IMG\/jpg\/2-lesteven-M_1707_N.jpg\"><\/td>\n<\/tr>\n<\/tbody>\n<\/table>\n<p>&nbsp;<\/p>\n<p>A cette \u00e9poque, le domaine de Gu\u00e9l\u00e9ran, dont fait partie le moulin, est propri\u00e9t\u00e9 de Messire Olivier T\u00e9ven Sieur de <em>Guelletran<\/em>, avocat au parlement. Il est mari\u00e9 \u00e0 Laurence C\u00e9leste Locquet qui est cit\u00e9e comme t\u00e9moin dans son acte de s\u00e9pulture, le lendemain de son d\u00e9c\u00e8s survenu le 5 novembre 1720 \u00e0 Plouguerneau.<\/p>\n<p>&nbsp;<\/p>\n<table>\n<tbody>\n<tr>\n<td><img decoding=\"async\" src=\"http:\/\/www.plouguerneau.net\/IMG\/jpg\/2-theven-O_1720_D.jpg\"><\/td>\n<\/tr>\n<\/tbody>\n<\/table>\n<p>&nbsp;<\/p>\n<p>La veuve du Sieur de Gu\u00e9l\u00e9ran se remarie \u00e0 Plouguerneau le 10 janvier 1723 avec <em>Noble Homme<\/em> <em>Prigent Jan Cabon, Sieur de Lesma\u00efdic<\/em> en Lannilis, veuf de Marie-Catherine Michelet. Le nouvel \u00e9poux est avocat au parlement et s\u00e9n\u00e9chal des juridictions du Chatel, de Carman et de Coatqu\u00e9nan.<\/p>\n<p>Quant \u00e0 la famille Lesteven, elle quitta le moulin \u00e0 une date inconnue, mais post\u00e9rieure \u00e0 la naissance de leur fille Anne en 1715. Elle partit s&rsquo;\u00e9tablir au Val du Traon, et resta sans doute dans la meunerie.<\/p>\n<p>Fran\u00e7ois y d\u00e9c\u00e9da le 25 mars 1733 \u00e2g\u00e9 de 60 ans et Jacquette Le V\u00e9nec le 8 d\u00e9cembre 1743. Tous deux furent inhum\u00e9s \u00e0 Plouguerneau.<\/p>\n<p>Philippe Migadel et Marie Le Berre se sont mari\u00e9s \u00e0 Plouguerneau le 21 mai 1765. Ils demeurent au moulin de Kerniguel quand Corentin, leur premier enfant, na\u00eet le 6 mai 1766.<\/p>\n<p>Dans les ann\u00e9es 1750 \u00e0 1780, la famille Migadel est pr\u00e9sente dans plusieurs moulins de la paroisse de Plouguerneau. Mari\u00e9 avec Marie Jaffrez \u00e0 Milizac en 1715, le patriarche, Pierre demeura d&rsquo;abord au bourg de Milizac puis \u00e0 Plouguin. Il vint s&rsquo;installer \u00e0 Plouguerneau entre 1a naissance de sa fille Catherine en 1723 \u00e0 Plouguin et celle de Herv\u00e9 en 1725.<\/p>\n<p>Il est d\u00e9c\u00e9d\u00e9 \u00e0 Rannorgat, probablement au moulin, le 16 f\u00e9vrier 1748. Ren\u00e9, un des fr\u00e8res de Philippe, et Corentin Le Normant, son beau-fr\u00e8re mari\u00e9 \u00e0 Barbe Migadel, ont pris sa succession au moulin de Rannorgat. Plus tard, le premier deviendra meunier \u00e0 La Rive puis \u00e0 K\u00e9rilli. Il est alli\u00e9 \u00e0 une autre famille de meuniers de la paroisse de Plouguerneau ; sa femme Marie, aussi originaire de Plouguin, est une des s\u0153urs de Nicolas Bollor\u00e9 qui tint le moulin de La Martyre<br \/>\ndurant les vingt derni\u00e8res ann\u00e9es de l&rsquo;Ancien R\u00e9gime.<\/p>\n<p>Au moins cinq enfants du couple Migadel \u2013 Le Berre naissent au moulin de Kerniguel entre 1766 et 1776.<\/p>\n<p>&nbsp;<\/p>\n<table>\n<tbody>\n<tr>\n<td><img decoding=\"async\" src=\"http:\/\/www.plouguerneau.net\/IMG\/jpg\/2-migadel-F_1768_N.jpg\"><\/td>\n<\/tr>\n<\/tbody>\n<\/table>\n<p>&nbsp;<\/p>\n<p>Jean est semble-t-il le dernier ; le r\u00e9dacteur de l&rsquo;acte de bapt\u00eame l&rsquo;inscrit comme n\u00e9 au moulin de <em>Gu\u00e9l\u00e9ran<\/em>.<\/p>\n<p>&nbsp;<\/p>\n<table>\n<tbody>\n<tr>\n<td><img decoding=\"async\" src=\"http:\/\/www.plouguerneau.net\/IMG\/jpg\/2-migadel-J_1776_N.jpg\"><\/td>\n<\/tr>\n<\/tbody>\n<\/table>\n<p>&nbsp;<\/p>\n<p>La famille quitta le moulin et \u00e9lit domicile au bourg de Plouguerneau apr\u00e8s 1776.<\/p>\n<p>Nous ignorons le lieudit de naissance de Marie-Louise Migadel n\u00e9e le 6 f\u00e9vrier 1779 en la paroisse de Plouguerneau. L&rsquo;acte de bapt\u00eame ne le pr\u00e9cise pas.<\/p>\n<p>Cependant, le 30 octobre 1779, <em>par devant le procureur fiscal de la juridiction de Coatqu\u00e9nan et les notaires royaux de Lesneven<\/em>, le contrat de vente du manoir et du noble moulin de <em>G\u00e9l\u00e9tran<\/em>, terres, appartenances et d\u00e9pendances est sign\u00e9. Le domaine a \u00e9t\u00e9 achet\u00e9 pour 8000 livres par <em>Noble Homme Fran\u00e7ois-Marie Moyot et Demoiselle Marie-Yvonne Cornec<\/em>, sa femme, tous deux de Lanildut.<\/p>\n<p>L&rsquo;acheteur est maitre de barque et issu d&rsquo;une famille d&rsquo;armateurs de la mer d&rsquo;Iroise, dont l&rsquo;activit\u00e9 principale est le commerce maritime avec les ports de la Gironde.<\/p>\n<p>Les vendeurs sont <em>Noble Homme Olivier Agathange Theven, sieur de Gu\u00e9l\u00e9ran, et Dame JeanneMarie Rouxel<\/em>, son \u00e9pouse, demeurant \u00e0 Lesneven. Olivier Agathange Theven est petit-fils et h\u00e9ritier du propri\u00e9taire du domaine au d\u00e9but du XVIII\u00e8me si\u00e8cle.<\/p>\n<p>&nbsp;<\/p>\n<table>\n<tbody>\n<tr>\n<td><img decoding=\"async\" src=\"http:\/\/www.plouguerneau.net\/IMG\/jpg\/2-gueleran_1779-V.jpg\"><\/td>\n<\/tr>\n<\/tbody>\n<\/table>\n<p>&nbsp;<\/p>\n<p>Il est possible que le changement de propri\u00e9taire fut la raison du d\u00e9part du moulin de Kerniguel de Philippe Migadel.<\/p>\n<p>En 1782, le meunier est \u00e9tabli au bourg de Plouguerneau o\u00f9 lui naissent encore au moins cinq enfants, dont les derniers furent des jumeaux, le 27 novembre 1787. L&rsquo;un d&rsquo;eux demeura anonyme car il mourut avant son bapt\u00eame. Ondoy\u00e9 \u00e0 la maison, il fut enterr\u00e9 le lendemain <em>en terre b\u00e9nite<\/em>. L&rsquo;autre nouveau-n\u00e9, Pierre, surv\u00e9cut mais il d\u00e9c\u00e9da loin de son pays, \u00e0 l&rsquo;h\u00f4pital militaire de Neisse (Pologne) le 6 octobre 1808. Il \u00e9tait soldat-fusilier au 17\u00e8me r\u00e9giment d&rsquo;infanterie de ligne.<\/p>\n<p>Son p\u00e8re \u00e9tait mort le 5 brumaire an X (27 octobre 1801). A cette date, il \u00e9tait toujours dit <em>meunier \u00e0 Plouguerneau<\/em>, dans un moulin dont nous ignorons le nom car l&rsquo;acte de d\u00e9c\u00e8s ne le pr\u00e9cise pas. Quant \u00e0 Marie Le Berre, elle tr\u00e9passa au bourg de Plouguerneau le 28 ao\u00fbt 1810. L&rsquo;un des t\u00e9moins cit\u00e9s dans l&rsquo;acte fut son fils Corentin Migadel n\u00e9 au moulin de Kerniguel le 6 mai 1766. Il \u00e9tait<br \/>\ndevenu buandier \u00e0 Lamb\u00e9zellec. L&rsquo;autre \u00e9tait Goulven Abjean, secr\u00e9taire de mairie.<\/p>\n<table>\n<tbody>\n<tr>\n<td>&nbsp;<\/td>\n<\/tr>\n<\/tbody>\n<\/table>\n<p><span style=\"font-size: medium; color: #0000ff;\"><strong>2 &#8211; La R\u00e9volution et les d\u00e9buts du XIX\u00e8me si\u00e8cle<\/strong><\/span><\/p>\n<p>Le domaine de Gu\u00e9l\u00e9ran et son moulin n&rsquo;ont sans doute pas \u00e9t\u00e9 confisqu\u00e9s par la Nation ni, par cons\u00e9quent, mis en en vente comme biens nationaux. Ils avaient en effet \u00e9t\u00e9 achet\u00e9s par des bourgeois enrichis, appartenant donc au Tiers-Etat, une vingtaine d&rsquo;ann\u00e9es avant la fin de l&rsquo;Ancien R\u00e9gime.<\/p>\n<p>Le 15 niv\u00f4se an VIII (5 janvier 1800), Jean Uguen agent du Directoire charg\u00e9 des Contributions pour le canton de Plouguerneau, comprenant les communes de Plouguerneau, Guiss\u00e9ny et Saint-Fr\u00e9gant, adresse aux administrateurs du d\u00e9partement du Finist\u00e8re la liste des assujettis \u00e0 la patente pour l&rsquo;ann\u00e9e.\u00a0\u00bb<\/p>\n<p>Dans la commune de Plouguerneau, 18 moulins doivent cette taxe.<\/p>\n<p>Le meunier de Kerniguel n&rsquo;est pas concern\u00e9 car le rapport de l&rsquo;\u00e9tablissement qu&rsquo;il exploite se situe sans doute au-dessous du seuil d&rsquo;imposition, c&rsquo;est-\u00e0-dire qu&rsquo;il est bien inf\u00e9rieur aux 60 francs de chacun des moulins de La Martyre et du Grand Moulin de Kelerven. Au moulin du Diouris, la base de taxation pour Pierre Mingam est 300 francs et il sera tributaire de 5 francs de droits fixes et de 30<br \/>\nfrancs de droits proportionnels.<\/p>\n<p>Jean-Fran\u00e7ois Salaun, notaire au chef-lieu, devra 20 francs de droits fixes et 2 francs de droits proportionnels. Quant \u00e0 l&rsquo;aubergiste le plus tax\u00e9, Christophe Bossard demeurant au bourg, il sera impos\u00e9 pour un total de 19 francs.<\/p>\n<p>Le probable m\u00e9diocre revenu du moulin de Gu\u00e9l\u00e9ran peut s&rsquo;expliquer par le fait qu&rsquo;il est fortement tributaire des saisons, \u00e0 cause de sa situation \u00e0 moins de 1500 m\u00e8tres des quelques sources, dont la plupart sont surtout des foss\u00e9s de drainage, avec une tr\u00e8s faible d\u00e9nivel\u00e9e, qui alimentent le ruisseau<br \/>\navec un d\u00e9bit assez al\u00e9atoire.<\/p>\n<p>Goulven Goasduff et Marie-Jeanne Kerscaven furent \u00e0 l&rsquo;origine de la derni\u00e8re famille qui exploita milin Kerniguel. Le couple et les a\u00een\u00e9s de leurs enfants vinrent occuper le moulin au d\u00e9but de la R\u00e9volution.<\/p>\n<p>Leur fils, Yves, n\u00e9 \u00e0 Kervenn al Lann, fut baptis\u00e9 le 7 janvier 1792. Il ne v\u00e9cut que cinq mois et, suivant son acte de s\u00e9pulture, il d\u00e9c\u00e9da \u00e0 Gu\u00e9l\u00e9ran, sans doute au moulin, le 4 juin 1792.<\/p>\n<p>Son fr\u00e8re pu\u00een\u00e9, Jean-Marie, usuellement dit Jean, naquit \u00e0 Kerniguel le 25 septembre 1793 et passa toute sa vie au moulin, dont il fut le dernier meunier.<\/p>\n<p>&nbsp;<\/p>\n<table>\n<tbody>\n<tr>\n<td><img decoding=\"async\" src=\"http:\/\/www.plouguerneau.net\/IMG\/jpg\/2-goasduff-J_1793_N.jpg\"><\/td>\n<\/tr>\n<\/tbody>\n<\/table>\n<p>&nbsp;<\/p>\n<p>Le 17 juin 1813, il se marie \u00e0 Lannilis avec Marie-Louise Saliou n\u00e9e au moulin de Baniguel en Kernilis, le 4 juillet 1781.<\/p>\n<p>Sa m\u00e8re, Marie-Jeanne Kerscaven, tr\u00e9passe au moulin le 23 juin 1823. Goulven Goasduff survit \u00e0 sa femme jusqu&rsquo;au 4 septembre 1839. Selon son acte de d\u00e9c\u00e8s, il \u00e9tait \u00e2g\u00e9 de 98 ans, un \u00e2ge canonique mais sans doute fantaisiste ; il \u00e9tait toujours mineur, donc \u00e2g\u00e9 de moins de 25 ans, lors de son mariage \u00e0 Land\u00e9da en 1779.<\/p>\n<p>En fait, il \u00e9tait n\u00e9 \u00e0 Loc-Br\u00e9valaire le 11 janvier 1757 et son \u00e2ge r\u00e9el \u00e9tait de 82 ans, ce qui pour l&rsquo;\u00e9poque constituait d\u00e9j\u00e0 une sorte de record de long\u00e9vit\u00e9.<\/p>\n<table>\n<tbody>\n<tr>\n<td>&nbsp;<\/td>\n<\/tr>\n<\/tbody>\n<\/table>\n<p><span style=\"font-size: medium;\"><strong><span style=\"color: #0000ff;\">3 &#8211; La d\u00e9cadence et la fin du moulin de Kerniguel<\/span><\/strong><\/span><\/p>\n<p>&nbsp;<\/p>\n<p>En 1841, un \u00e9tang de 1326 m2 sert de r\u00e9serve d&rsquo;eau motrice au moulin. Huit personnes y vivent et, suivant la matrice cadastrale, il ne procure qu&rsquo;un modeste revenu annuel de 17 francs ; ce qui le place parmi les moulins les moins rentables de la commune de Plouguerneau.<\/p>\n<p>&nbsp;<\/p>\n<table>\n<tbody>\n<tr>\n<td><img decoding=\"async\" src=\"http:\/\/www.plouguerneau.net\/IMG\/jpg\/2-kerniguel_cad_1841.jpg\"><\/td>\n<\/tr>\n<\/tbody>\n<\/table>\n<p>&nbsp;<\/p>\n<p>Le meunier est Jean Goasduff qui a succ\u00e9d\u00e9 \u00e0 son p\u00e8re Goulven. Il exploite le moulin aid\u00e9 par sa femme Marie Saliou, leurs enfants c\u00e9libataires, Jean et Yvonne Goasduff, et leur autre fille Marie-Ren\u00e9e mari\u00e9e \u00e0 Gabriel Cl\u00e9ach. Ces deux derniers ont deux enfants : Jean et Marie Cl\u00e9ach.<\/p>\n<p>Son propri\u00e9taire est un certain Le Jeune de Lannilis. Il s&rsquo;agit sans doute de Joseph Le Jeune, notaire devenu le gendre des acqu\u00e9reurs de 1779, Fran\u00e7ois-Marie Moyot et Marie-Yvonne Cornec, par son mariage \u00e0 Plouarzel avec leur fille Marie-Fran\u00e7oise le 24 octobre 1808. Ils n&rsquo;eurent pas d&rsquo;enfants, semble-t-il.<\/p>\n<p>Devenu veuf, Joseph Le Jeune d\u00e9c\u00e8dera au bourg de Lannilis le 24 avril 1851.<\/p>\n<p>Il ne fait pas de doute que Jean Goasduff assiste \u00e0 la d\u00e9cadence inexorable du modeste moulin.<\/p>\n<p>Ses gendres, Gabriel Cl\u00e9ach, puis Claude Merceur, mari\u00e9 \u00e0 sa fille Marie-Anne, le secondent durant quelques ann\u00e9es.<\/p>\n<p>Ensuite, Gabriel Cl\u00e9ach part s&rsquo;\u00e9tablir vers Cr\u00e9ac&rsquo;h an Avel, au Petit Moulin o\u00f9 ne le retrouverons entre 1841 et 1846, puis au Grand Moulin de 1851 \u00e0 1856. Quant \u00e0 Claude Merceur, il meurt pr\u00e9matur\u00e9ment au moulin de Kerniguel \u00e0 l&rsquo;\u00e2ge de 34 ans, le 21 novembre 1864. Son beau-p\u00e8re, Jean Le Goasduff, meunier \u00e2g\u00e9 de 72 ans, est cit\u00e9 comme t\u00e9moin dans l&rsquo;acte de d\u00e9c\u00e8s.<\/p>\n<p>En 1866, l&rsquo;agent recenseur qualifie le patriarche de <em>sans profession et secouru par la charit\u00e9<\/em>. Il est \u00e2g\u00e9 de 74 ans !<\/p>\n<p>Louis M\u00e9ar, \u00e9poux de Marie-Anne Bars, est venu s&rsquo;\u00e9tablir comme meunier \u00e0 Kerniguel ; sa famille est dans l&rsquo;indigence et il part chercher fortune ailleurs. Son fils Goulven deviendra plus tard meunier \u00e0 Coatqu\u00e9nan.<\/p>\n<p>En 1872, l&rsquo;activit\u00e9 du moulin a sans doute cess\u00e9. Jean Goasduff, toujours <em>secouru par la charit\u00e9<\/em>, y habite encore en compagnie de sa fille Marie-Anne et de son petit-fils Jean Merceur, 13 ans. Il semble y cohabiter avec Jacques Le Guen, un tisserand de 67 ans et Jeanne Philippot, une veuve de 56 ans qui exerce la profession de journali\u00e8re. Il est probable que leur existence est mis\u00e9rable.<\/p>\n<p>Finalement, Jean Goasduff meurt au moulin de Kerniguel le 27 f\u00e9vrier 1878 \u00e0 l&rsquo;\u00e2ge de 85 ans ; un ph\u00e9nom\u00e8ne de long\u00e9vit\u00e9, comme son p\u00e8re Goulven !<\/p>\n<p>En 1881, deux familles habitent \u00e0 Kerniguel, peut-\u00eatre dans l&rsquo;ancien moulin et ses d\u00e9pendances devenues masures.<\/p>\n<p>Yves Jaffr\u00e8s, mari\u00e9 \u00e0 Marie-Jeanne Balcon, est \u00e2g\u00e9 de 35 ans. Il est journalier et p\u00e8re d&rsquo;un gar\u00e7on de trois ans. L&rsquo;autre m\u00e9nage est compos\u00e9 de Virginie Qu\u00e9r\u00e9 et de son fils Guillaume Coz \u00e2g\u00e9 lui aussi de trois ans. L&rsquo;\u00e9poux, Herv\u00e9 Coz, ne demeure pas \u00e0 Kerniguel ; domestique \u00e0 la ferme de Porz-al-Lez au moment de son mariage en 1875, il est sans doute employ\u00e9 permanent dans une ferme des<br \/>\nenvirons.<\/p>\n<p>La pr\u00e9carit\u00e9 est sans doute le quotidien sur l&rsquo;ancien site du moulin de Kerniguel.<\/p>\n<p>Le moulin est devenu propri\u00e9t\u00e9 de Fran\u00e7ois Loaec de Kernevez-Tremeur, peut-\u00eatre apr\u00e8s le d\u00e9c\u00e8s de Ma\u00eetre Le Jeune en 1851.<\/p>\n<p>Victime d&rsquo;un incendie en 1884, il ne sera pas reconstruit et ses vestiges disparaitront peu \u00e0 peu !<\/p>\n<table>\n<tbody>\n<tr>\n<td>&nbsp;<\/td>\n<\/tr>\n<\/tbody>\n<\/table>\n<p><span style=\"font-size: medium; color: #0000ff;\"><strong>Sources<\/strong><\/span><\/p>\n<p>. Centre G\u00e9n\u00e9alogique du Finist\u00e8re. Base de donn\u00e9es RECIF.<br \/>\n. Archives D\u00e9partementales du Finist\u00e8re. Sous-s\u00e9ries 3 E 235, 1182 E DEPOT, 16 B 16 (juridiction de Coatqu\u00e9nan), 6 M, 3 P 196.<br \/>\n. Archives municipales de Plouguerneau.<br \/>\n. \u00ab Nos vieux manoirs \u00e0 l\u00e9gendes \u00bb. Louis Le Guennec (1936).<br \/>\n. \u00ab Les moulins de Plouguerneau \u00bb. Etude in\u00e9dite de Ren\u00e9 Abjean.<br \/>\n. http:\/\/www.geoportail.gouv.fr<br \/>\n. http:\/\/www.lanildut.fr\/histoire<br \/>\n. http:\/\/gw.geneanet.org (Alain Gautier).<br \/>\n. http:\/\/www.cgf-forum.fr<\/p>\n<table>\n<tbody>\n<tr>\n<td>&nbsp;<\/td>\n<\/tr>\n<\/tbody>\n<\/table>\n<p><span style=\"font-size: xx-small;\"><strong>Andr\u00e9 NICOLAS &#8211; Mars 2014<\/strong><\/span><\/p>\n<\/div>\n","protected":false},"excerpt":{"rendered":"<p>&nbsp; KERNIGUEL Un moulin m\u00e9connu \u00e0 Plouguerneau&nbsp; &nbsp; &nbsp; Article complet (R\u00e9vision novembre 2021) au format PDF en cliquant ICI Dans les terres humides situ\u00e9es entre Enescadec, Enizinoc et Anteren, [&hellip;]<\/p>\n","protected":false},"author":8,"featured_media":1850,"parent":0,"menu_order":0,"comment_status":"closed","ping_status":"open","template":"","meta":{"ngg_post_thumbnail":0,"_EventAllDay":false,"_EventTimezone":"","_EventStartDate":"","_EventEndDate":"","_EventStartDateUTC":"","_EventEndDateUTC":"","_EventShowMap":false,"_EventShowMapLink":false,"_EventURL":"","_EventCost":"","_EventCostDescription":"","_EventCurrencySymbol":"","_EventCurrencyCode":"","_EventCurrencyPosition":"","_EventDateTimeSeparator":"","_EventTimeRangeSeparator":"","_EventOrganizerID":[],"_EventVenueID":[],"_OrganizerEmail":"","_OrganizerPhone":"","_OrganizerWebsite":"","_VenueAddress":"","_VenueCity":"","_VenueCountry":"","_VenueProvince":"","_VenueState":"","_VenueZip":"","_VenuePhone":"","_VenueURL":"","_VenueStateProvince":"","_VenueLat":"","_VenueLng":"","_VenueShowMap":false,"_VenueShowMapLink":false,"footnotes":""},"categories":[142],"tags":[],"class_list":["post-642","page","type-page","status-publish","has-post-thumbnail","hentry","category-moulins"],"_links":{"self":[{"href":"https:\/\/appriou.bzh\/index.php\/wp-json\/wp\/v2\/pages\/642","targetHints":{"allow":["GET"]}}],"collection":[{"href":"https:\/\/appriou.bzh\/index.php\/wp-json\/wp\/v2\/pages"}],"about":[{"href":"https:\/\/appriou.bzh\/index.php\/wp-json\/wp\/v2\/types\/page"}],"author":[{"embeddable":true,"href":"https:\/\/appriou.bzh\/index.php\/wp-json\/wp\/v2\/users\/8"}],"replies":[{"embeddable":true,"href":"https:\/\/appriou.bzh\/index.php\/wp-json\/wp\/v2\/comments?post=642"}],"version-history":[{"count":0,"href":"https:\/\/appriou.bzh\/index.php\/wp-json\/wp\/v2\/pages\/642\/revisions"}],"wp:featuredmedia":[{"embeddable":true,"href":"https:\/\/appriou.bzh\/index.php\/wp-json\/"}],"wp:attachment":[{"href":"https:\/\/appriou.bzh\/index.php\/wp-json\/wp\/v2\/media?parent=642"}],"wp:term":[{"taxonomy":"category","embeddable":true,"href":"https:\/\/appriou.bzh\/index.php\/wp-json\/wp\/v2\/categories?post=642"},{"taxonomy":"post_tag","embeddable":true,"href":"https:\/\/appriou.bzh\/index.php\/wp-json\/wp\/v2\/tags?post=642"}],"curies":[{"name":"wp","href":"https:\/\/api.w.org\/{rel}","templated":true}]}}