{"id":647,"date":"2014-06-19T10:29:35","date_gmt":"2014-06-19T08:29:35","guid":{"rendered":"https:\/\/plouguerneau.net\/destins-tragiques-dans-la-famille-lhostis\/"},"modified":"2014-06-19T10:29:35","modified_gmt":"2014-06-19T08:29:35","slug":"destins-tragiques-dans-la-famille-lhostis","status":"publish","type":"page","link":"https:\/\/appriou.bzh\/index.php\/destins-tragiques-dans-la-famille-lhostis\/","title":{"rendered":"Destins tragiques dans la famille L\u2019Hostis"},"content":{"rendered":"<div align=\"justify\"><center><br \/>\n<span style=\"color: #0000ff;\"><strong><span style=\"font-size: large;\">DESTINS TRAGIQUES DANS LA FAMILLE L&rsquo;HOSTIS<\/span><\/strong><\/span><\/center><\/p>\n<table>\n<tbody>\n<tr>\n<td><\/td>\n<\/tr>\n<\/tbody>\n<\/table>\n<table>\n<tbody>\n<tr>\n<td><\/td>\n<\/tr>\n<\/tbody>\n<\/table>\n<p>En marge des comm\u00e9morations du 70\u00e8 anniversaire du d\u00e9barquement des Alli\u00e9s en Normandie et de la Lib\u00e9ration de la France du joug nazi, deux portraits de personnes d\u2019origine plouguern\u00e9ennes qui ont perdu la vie pendant les combats. S\u2019ils ont tous les deux le m\u00eame patronyme (sans \u00eatre de la m\u00eame famille), et un destin funeste, leur parcours est bien diff\u00e9rent.<\/p>\n<table>\n<tbody>\n<tr>\n<td><\/td>\n<\/tr>\n<\/tbody>\n<\/table>\n<p><span style=\"color: #0000ff;\"><strong><span style=\"font-size: medium;\">1 &#8211; Marie Yvonne L\u2019Hostis, victime de l\u2019explosion de l\u2019abri Sadi-Carnot<\/span><\/strong><\/span><\/p>\n<p>N\u00e9e \u00e0 Lamb\u00e9zellec en 1877, Marie Yvonne L\u2019Hostis n\u2019a gu\u00e8re v\u00e9cu \u00e0 Plouguerneau. Son p\u00e8re, Fran\u00e7ois L\u2019Hostis, y \u00e9tait n\u00e9 en 1833, mais avait quitt\u00e9 la petite commune pour travailler \u00e0 Lamb\u00e9zellec dans une grande brasserie. Il y avait rencontr\u00e9 Fran\u00e7oise Qu\u00e9r\u00e9, n\u00e9e \u00e0 Guisseny en 1838. Le couple a eu au moins trois enfants dont Marie Yvonne.<\/p>\n<p>Cette famille L\u2019Hostis est attest\u00e9e \u00e0 Plouguerneau depuis 1776, date \u00e0 laquelle Pierre L\u2019Hostis est venu de Landunvez pour \u00e9pouser Marie Jeanne Marzin avec laquelle il a eu dix enfants. Il s\u2019est remari\u00e9 en 1800 \u00e0 Plouguerneau avec Marie L\u2019Her originaire de Kerlouan, avec laquelle il a encore eu six enfants. L\u2019Histoire de cette famille, qui a largement fait souche dans la r\u00e9gion, se confond ensuite avec celle des familles Soun, Maguer, Nicolas, Provost, Le Ven, Grall, Morant, Herry, et autres Kerbrat.<\/p>\n<p>Pour en revenir \u00e0 Marie Yvonne L\u2019Hostis, elle a un peu retrouv\u00e9 ses racines en \u00e9pousant en 1898 \u00e0 Lamb\u00e9zellec Yves Roudaut, journalier au port, n\u00e9 \u00e0 Plouguerneau en 1871 de Fran\u00e7ois Roudaut et Marie Fran\u00e7oise Lesteven. Le couple a eu un fils, Joseph, en 1908. Marie Yvonne est veuve en 1937, elle est donc seule \u00e0 Loscoat Lamb\u00e9zellec lors des bombardements alli\u00e9s sur Brest.<\/p>\n<p><center><\/center><\/p>\n<table>\n<tbody>\n<tr>\n<td><img decoding=\"async\" src=\"http:\/\/www.plouguerneau.net\/IMG\/jpg\/rAbriCarnot-01.jpg\" \/><\/td>\n<\/tr>\n<\/tbody>\n<\/table>\n<p>&nbsp;<\/p>\n<p>Elle n\u2019a pas quitt\u00e9 Brest pendant le si\u00e8ge de la ville et s\u2019est r\u00e9fugi\u00e9e dans l\u2019abri Sadi Carnot, devenu un haut lieu de la m\u00e9moire brestoise. C\u2019est dans la nuit du 8 au 9 septembre 1944 que l\u2019abri qui abritait 373 civils brestois, entre 500 et 600 militaires allemands et un important stock de munitions explose dans des circonstances qui n\u2019ont pu \u00eatre \u00e9tablies avec pr\u00e9cision.<\/p>\n<p><center><\/center><\/p>\n<table>\n<tbody>\n<tr>\n<td><img decoding=\"async\" src=\"http:\/\/www.plouguerneau.net\/IMG\/jpg\/rAbriCarnot-02.jpg\" \/><\/td>\n<\/tr>\n<\/tbody>\n<\/table>\n<p>&nbsp;<\/p>\n<p>De ce tunnel de 560m, reliant la porte Tourville \u00e0 la rue Emile Zola (pr\u00e8s du mus\u00e9e des Beaux Arts) une flamme immense s\u2019est extraite de l\u2019escalier, tel un chalumeau, juste apr\u00e8s une puissante explosion. En date du 3 mai 1946, le tribunal civil de Brest a enregistr\u00e9 le d\u00e9c\u00e8s de Marie Yvonne L\u2019Hostis avec la mention \u00ab Mort pour la France \u00bb.<\/p>\n<table>\n<tbody>\n<tr>\n<td><\/td>\n<\/tr>\n<\/tbody>\n<\/table>\n<p><span style=\"color: #0000ff;\"><strong><span style=\"font-size: medium;\">2 &#8211; Gabriel L\u2019Hostis, matelot de la Combattante<\/span><\/strong><\/span><\/p>\n<p>Gabriel L\u2019Hostis est n\u00e9 en 1924 \u00e0 Ploudaniel et \u00e9tait domicili\u00e9 en dernier lieu \u00e0 Kersaint-Plabennec. Ses parents, S\u00e9bastien L\u2019Hostis et Aline Marie Le Roy, s\u2019\u00e9taient mari\u00e9s \u00e0 Ploudaniel, un an avant sa naissance. C\u2019est son arri\u00e8re grand-p\u00e8re, Yves Claude L\u2019Hostis, n\u00e9 en 1803 \u00e0 Plouguerneau, qui s\u2019\u00e9tait install\u00e9 \u00e0 Kernoues o\u00f9 la famille avait fait souche. Mais tous ses anc\u00eatres, depuis le d\u00e9but du XVII\u00e8 si\u00e8cle sont attest\u00e9s \u00e0 Plouguerneau. C\u2019est l\u00e0 qu\u2019est n\u00e9 Louis L\u2019Hostis, vers 1675, un des enfants du couple form\u00e9 par Jean L\u2019Hostis et Fran\u00e7oise Richard, les plus anciens anc\u00eatres connus de Gabriel L\u2019Hostis.<\/p>\n<p><center><\/center><\/p>\n<table>\n<tbody>\n<tr>\n<td><img decoding=\"async\" src=\"http:\/\/www.plouguerneau.net\/IMG\/jpg\/rGabriel.jpg\" \/><\/td>\n<\/tr>\n<\/tbody>\n<\/table>\n<p>&nbsp;<\/p>\n<p>A l\u2019\u00e2ge de vingt ans, Gabriel L\u2019Hostis va vivre en direct un \u00e9v\u00e9nement historique qui va changer le cours de l\u2019histoire. Le 6 juin 1944, il est matelot fusilier sur la Combattante. Ce destroyer anglais mis \u00e0 disposition des Forces Navales de la France Libre fait partie de la fantastique armada qui arrive sur les c\u00f4tes de Normandie. Le destroyer se trouve en face des plages de Courseulles-sur-Mer et s\u2019emploie \u00e0 d\u00e9truire les batteries c\u00f4ti\u00e8res allemandes. Il en d\u00e9truit trois avant d\u2019\u00eatre l\u00e9g\u00e8rement touch\u00e9 \u00e0 son tour.<\/p>\n<p><center><\/center><\/p>\n<table>\n<tbody>\n<tr>\n<td><img decoding=\"async\" src=\"http:\/\/www.plouguerneau.net\/IMG\/jpg\/rLaCombattante.jpg\" \/><\/td>\n<\/tr>\n<\/tbody>\n<\/table>\n<p>&nbsp;<\/p>\n<p>Quelques jours plus tard, le 14 juin, c\u2019est ce m\u00eame destroyer qui est choisi pour mener en France le g\u00e9n\u00e9ral de Gaulle qui d\u00e9barque en France, \u00e0 Courseulles-sur-Mer pour la premi\u00e8re fois depuis pr\u00e8s de cinq ans.<\/p>\n<p>Les semaines qui suivent, la Combattante poursuit son harc\u00e8lement de la Kriegsmarine notamment entre Le Havre et Dieppe. Dans la nuit du 24 au 25 f\u00e9vrier 1945, la Combattante participe \u00e0 une patrouille de surveillance sur la c\u00f4te est de l\u2019Angleterre \u00e0 quelques encablures de l\u2019estuaire de la rivi\u00e8re Humber.<\/p>\n<p><center><\/center><\/p>\n<table>\n<tbody>\n<tr>\n<td><img decoding=\"async\" src=\"http:\/\/www.plouguerneau.net\/IMG\/jpg\/rMonuGabrielL_Hostis.jpg\" \/><\/td>\n<\/tr>\n<\/tbody>\n<\/table>\n<p>&nbsp;<\/p>\n<p>Elle heurte une mine de fond avant de se fracasser en deux et de rapidement sombrer. Des 185 hommes d\u2019\u00e9quipage, il y aura 117 survivants. Gabriel L\u2019Hostis fait partie des 68 morts et disparus. Il a \u00e9t\u00e9 d\u00e9cor\u00e9 du M\u00e9rite Maritime. Une petite biographie le pr\u00e9sente sur un des murs du M\u00e9morial des marins morts pour la France \u00e0 la Pointe Saint-Mathieu.<\/p>\n<table>\n<tbody>\n<tr>\n<td><\/td>\n<\/tr>\n<\/tbody>\n<\/table>\n<p>&nbsp;<\/p>\n<p>Norbert L\u2019Hostis &#8211; Version 1 : 18 Juin 2014<\/p>\n<p>&nbsp;<\/p>\n<\/div>\n","protected":false},"excerpt":{"rendered":"<p>DESTINS TRAGIQUES DANS LA FAMILLE L&rsquo;HOSTIS En marge des comm\u00e9morations du 70\u00e8 anniversaire du d\u00e9barquement des Alli\u00e9s en Normandie et de la Lib\u00e9ration de la France du joug nazi, deux [&hellip;]<\/p>\n","protected":false},"author":4,"featured_media":0,"parent":0,"menu_order":0,"comment_status":"closed","ping_status":"open","template":"","meta":{"ngg_post_thumbnail":0,"_EventAllDay":false,"_EventTimezone":"","_EventStartDate":"","_EventEndDate":"","_EventStartDateUTC":"","_EventEndDateUTC":"","_EventShowMap":false,"_EventShowMapLink":false,"_EventURL":"","_EventCost":"","_EventCostDescription":"","_EventCurrencySymbol":"","_EventCurrencyCode":"","_EventCurrencyPosition":"","_EventDateTimeSeparator":"","_EventTimeRangeSeparator":"","_EventOrganizerID":[],"_EventVenueID":[],"_OrganizerEmail":"","_OrganizerPhone":"","_OrganizerWebsite":"","_VenueAddress":"","_VenueCity":"","_VenueCountry":"","_VenueProvince":"","_VenueState":"","_VenueZip":"","_VenuePhone":"","_VenueURL":"","_VenueStateProvince":"","_VenueLat":"","_VenueLng":"","_VenueShowMap":false,"_VenueShowMapLink":false,"footnotes":""},"categories":[273],"tags":[],"class_list":["post-647","page","type-page","status-publish","hentry","category-portraits-dhier"],"_links":{"self":[{"href":"https:\/\/appriou.bzh\/index.php\/wp-json\/wp\/v2\/pages\/647","targetHints":{"allow":["GET"]}}],"collection":[{"href":"https:\/\/appriou.bzh\/index.php\/wp-json\/wp\/v2\/pages"}],"about":[{"href":"https:\/\/appriou.bzh\/index.php\/wp-json\/wp\/v2\/types\/page"}],"author":[{"embeddable":true,"href":"https:\/\/appriou.bzh\/index.php\/wp-json\/wp\/v2\/users\/4"}],"replies":[{"embeddable":true,"href":"https:\/\/appriou.bzh\/index.php\/wp-json\/wp\/v2\/comments?post=647"}],"version-history":[{"count":0,"href":"https:\/\/appriou.bzh\/index.php\/wp-json\/wp\/v2\/pages\/647\/revisions"}],"wp:attachment":[{"href":"https:\/\/appriou.bzh\/index.php\/wp-json\/wp\/v2\/media?parent=647"}],"wp:term":[{"taxonomy":"category","embeddable":true,"href":"https:\/\/appriou.bzh\/index.php\/wp-json\/wp\/v2\/categories?post=647"},{"taxonomy":"post_tag","embeddable":true,"href":"https:\/\/appriou.bzh\/index.php\/wp-json\/wp\/v2\/tags?post=647"}],"curies":[{"name":"wp","href":"https:\/\/api.w.org\/{rel}","templated":true}]}}