{"id":653,"date":"2014-06-20T08:46:25","date_gmt":"2014-06-20T06:46:25","guid":{"rendered":"https:\/\/plouguerneau.net\/le-lavoir-de-prat-menan-nettoye\/"},"modified":"2025-01-27T10:03:45","modified_gmt":"2025-01-27T09:03:45","slug":"le-lavoir-de-prat-menan-nettoye","status":"publish","type":"page","link":"https:\/\/appriou.bzh\/index.php\/le-lavoir-de-prat-menan-nettoye\/","title":{"rendered":"Le Lavoir de Prat-M\u00e9nan nettoy\u00e9"},"content":{"rendered":"<p><center><br \/>\n<span style=\"color: #0000ff;\"><strong><span style=\"font-size: large;\">LE LAVOIR DE PRAT-MENAN NETTOY\u00c9<\/span><\/strong><\/span><\/center><\/p>\n<table>\n<tbody>\n<tr>\n<td><\/td>\n<\/tr>\n<\/tbody>\n<\/table>\n<p>Une \u00e9quipe de <strong>Plouguerneau d&rsquo;Hier et d&rsquo;Aujourd&rsquo;hui<\/strong>\u00a0\u00bb \u00e9tait pr\u00e9sente \u00e0 <strong>Prat-M\u00e9nan<\/strong> le Samedi 31 Mai dernier.<\/p>\n<p>Le lavoir a \u00e9t\u00e9 nettoy\u00e9. Quelques photos &#8230;<\/p>\n<table>\n<tbody>\n<tr>\n<td><\/td>\n<\/tr>\n<\/tbody>\n<\/table>\n<table border=\"0\" width=\"100%\" frame=\"BELOW\" rules=\"ROWS\" cellspacing=\"0\">\n<tbody>\n<tr>\n<td width=\"20%\"><span style=\"font-size: small;\"><span style=\"color: blue;\"><b>. Photo 1<\/b><\/span><\/span><\/p>\n<p><strong>AVANT<\/strong><\/p>\n<p>&nbsp;<\/td>\n<td><img decoding=\"async\" src=\"https:\/\/plouguerneau.net\/wp-content\/uploads\/2014\/06\/jpg_pm-avant.jpg\" \/><\/td>\n<\/tr>\n<\/tbody>\n<\/table>\n<table border=\"0\" width=\"100%\" frame=\"BELOW\" rules=\"ROWS\" cellspacing=\"0\">\n<tbody>\n<tr>\n<td width=\"20%\"><span style=\"font-size: small;\"><span style=\"color: blue;\"><b>. Photo 2<\/b><\/span><\/span><\/p>\n<p><strong>AVANT SUITE<\/strong><\/p>\n<p>&nbsp;<\/td>\n<td><img decoding=\"async\" src=\"https:\/\/plouguerneau.net\/wp-content\/uploads\/2014\/06\/jpg_pm-avant1.jpg\" \/><\/td>\n<\/tr>\n<tr>\n<td width=\"20%\"><span style=\"font-size: small;\"><span style=\"color: blue;\"><b>. Photo 3<\/b><\/span><\/span><\/p>\n<p><strong>APRES<\/strong><\/p>\n<p>&nbsp;<\/td>\n<td><img decoding=\"async\" src=\"https:\/\/plouguerneau.net\/wp-content\/uploads\/2014\/06\/jpg_pm-apres.jpg\" \/><\/td>\n<\/tr>\n<tr>\n<td width=\"20%\"><span style=\"font-size: small;\"><span style=\"color: blue;\"><b>. Photo 4<\/b><\/span><\/span><\/p>\n<p><strong>APR\u00c8S SUITE<\/strong><\/p>\n<p>&nbsp;<\/td>\n<td><img decoding=\"async\" src=\"https:\/\/plouguerneau.net\/wp-content\/uploads\/2014\/06\/jpg_pm-apres1.jpg\" \/><\/td>\n<\/tr>\n<\/tbody>\n<\/table>\n<hr \/>\n<table>\n<tbody>\n<tr>\n<td><\/td>\n<\/tr>\n<\/tbody>\n<\/table>\n<p><center><br \/>\n<span style=\"color: #0000ff;\"><strong><span style=\"font-size: medium;\">LA PRESSE EN PARLE<\/span><\/strong><\/span><\/center><\/p>\n<table>\n<tbody>\n<tr>\n<td><\/td>\n<\/tr>\n<\/tbody>\n<\/table>\n<p><strong>Le T\u00e9l\u00e9gramme<\/strong><\/p>\n<table>\n<tbody>\n<tr>\n<td><\/td>\n<\/tr>\n<\/tbody>\n<\/table>\n<p><img decoding=\"async\" src=\"https:\/\/plouguerneau.net\/wp-content\/uploads\/2014\/06\/jpg_Telegramme-31-05-2014.jpg\" \/><\/p>\n<hr \/>\n","protected":false},"excerpt":{"rendered":"<p>LE LAVOIR DE PRAT-MENAN NETTOY\u00c9 Une \u00e9quipe de Plouguerneau d&rsquo;Hier et d&rsquo;Aujourd&rsquo;hui\u00a0\u00bb \u00e9tait pr\u00e9sente \u00e0 Prat-M\u00e9nan le Samedi 31 Mai dernier. Le lavoir a \u00e9t\u00e9 nettoy\u00e9. Quelques photos &#8230; . [&hellip;]<\/p>\n","protected":false},"author":4,"featured_media":652,"parent":0,"menu_order":0,"comment_status":"closed","ping_status":"open","template":"","meta":{"ngg_post_thumbnail":0,"_EventAllDay":false,"_EventTimezone":"","_EventStartDate":"","_EventEndDate":"","_EventStartDateUTC":"","_EventEndDateUTC":"","_EventShowMap":false,"_EventShowMapLink":false,"_EventURL":"","_EventCost":"","_EventCostDescription":"","_EventCurrencySymbol":"","_EventCurrencyCode":"","_EventCurrencyPosition":"","_EventDateTimeSeparator":"","_EventTimeRangeSeparator":"","_EventOrganizerID":[],"_EventVenueID":[],"_OrganizerEmail":"","_OrganizerPhone":"","_OrganizerWebsite":"","_VenueAddress":"","_VenueCity":"","_VenueCountry":"","_VenueProvince":"","_VenueState":"","_VenueZip":"","_VenuePhone":"","_VenueURL":"","_VenueStateProvince":"","_VenueLat":"","_VenueLng":"","_VenueShowMap":false,"_VenueShowMapLink":false,"footnotes":""},"categories":[140],"tags":[],"class_list":["post-653","page","type-page","status-publish","has-post-thumbnail","hentry","category-lavoirs"],"_links":{"self":[{"href":"https:\/\/appriou.bzh\/index.php\/wp-json\/wp\/v2\/pages\/653","targetHints":{"allow":["GET"]}}],"collection":[{"href":"https:\/\/appriou.bzh\/index.php\/wp-json\/wp\/v2\/pages"}],"about":[{"href":"https:\/\/appriou.bzh\/index.php\/wp-json\/wp\/v2\/types\/page"}],"author":[{"embeddable":true,"href":"https:\/\/appriou.bzh\/index.php\/wp-json\/wp\/v2\/users\/4"}],"replies":[{"embeddable":true,"href":"https:\/\/appriou.bzh\/index.php\/wp-json\/wp\/v2\/comments?post=653"}],"version-history":[{"count":0,"href":"https:\/\/appriou.bzh\/index.php\/wp-json\/wp\/v2\/pages\/653\/revisions"}],"wp:featuredmedia":[{"embeddable":true,"href":"https:\/\/appriou.bzh\/index.php\/wp-json\/"}],"wp:attachment":[{"href":"https:\/\/appriou.bzh\/index.php\/wp-json\/wp\/v2\/media?parent=653"}],"wp:term":[{"taxonomy":"category","embeddable":true,"href":"https:\/\/appriou.bzh\/index.php\/wp-json\/wp\/v2\/categories?post=653"},{"taxonomy":"post_tag","embeddable":true,"href":"https:\/\/appriou.bzh\/index.php\/wp-json\/wp\/v2\/tags?post=653"}],"curies":[{"name":"wp","href":"https:\/\/api.w.org\/{rel}","templated":true}]}}