{"id":654,"date":"2014-07-02T08:29:18","date_gmt":"2014-07-02T06:29:18","guid":{"rendered":"https:\/\/plouguerneau.net\/plouguerneau-au-temps-du-neolithique\/"},"modified":"2025-01-27T09:55:36","modified_gmt":"2025-01-27T08:55:36","slug":"plouguerneau-au-temps-du-neolithique","status":"publish","type":"page","link":"https:\/\/appriou.bzh\/index.php\/plouguerneau-au-temps-du-neolithique\/","title":{"rendered":"Plouguerneau au temps du N\u00e9olithique"},"content":{"rendered":"<p><center><br \/>\n<span style=\"color: #0000ff;\"><strong><span style=\"font-size: large;\">PLOUGUERNEAU AU TEMPS DU N\u00c9OLITHIQUE<br \/>\n( Un village sur pilotis \u00e0 Rann-Grannog\u00a0? )<\/span><\/strong><\/span><\/center>&nbsp;<\/p>\n<table>\n<tbody>\n<tr>\n<td><\/td>\n<\/tr>\n<\/tbody>\n<\/table>\n<p>\u00ab\u00a0Il nous aura fallu attendre 1971 pour d\u00e9couvrir l\u2019existence d\u2019un krannog ou village sur pilotis au lieu-dit Rann-Grannog, \u00e0 partir des photos a\u00e9riennes de 1966. Ce village devait comporter environ 55 huttes circulaires de 6 m de diam\u00e8tre, reposant sur de grosses pierres. Il s\u2019\u00e9tendait sur une zone de 95 m de longueur et de 45 m de largeur, entourant une mare ou un ruisseau. Ces photographies a\u00e9riennes indiquent la pr\u00e9sence de gros blocs de pierre. C\u2019est en Grande-Bretagne et en Irlande que l\u2019on compte le plus de krannog. Si celui de Rann-Grannog \u00e9tait v\u00e9rifi\u00e9, il serait le premier \u00e0 \u00eatre d\u00e9couvert sur le continent.\u00a0\u00bb<\/p>\n<p>&nbsp;<\/p>\n<table>\n<tbody>\n<tr>\n<td><img decoding=\"async\" src=\"http:\/\/www.plouguerneau.net\/IMG\/bmp\/Plan-Rann-Grannog-40.bmp\" \/><\/td>\n<\/tr>\n<\/tbody>\n<\/table>\n<p><em>Plan du Grannog de Plouguerneau<\/em><\/p>\n<table>\n<tbody>\n<tr>\n<td><\/td>\n<\/tr>\n<\/tbody>\n<\/table>\n<p>C\u2019est ainsi que, dans son ouvrage \u00ab\u00a0Plouguerneau-Histoire\u00a0\u00bb, publi\u00e9 en 1987, Pierre Abjean pr\u00e9sentait la d\u00e9couverte de quelques vestiges n\u00e9olithiques \u00e0 Plouguerneau. Malheureusement les pierres qui pouvaient signifier un crannog \u00e0 Rann-Grannog semblent avoir \u00e9t\u00e9s boulevers\u00e9es par les travaux de notre \u00e9poque des routes goudronn\u00e9es m\u00eame si certaines qui demeurent en place peuvent effectivement appartenir \u00e0 un ordonnancement artificiel et non naturel.<\/p>\n<p>Dans les notes manuscrites de Pierre Abjean on trouve aussi le sch\u00e9ma d\u2019un crannog qui semble exister au Naount \u00e0 Plouguerneau et dont les restes semblent mieux conserv\u00e9s que ceux de Rann-Grannog.<\/p>\n<p>&nbsp;<\/p>\n<table>\n<tbody>\n<tr>\n<td><img decoding=\"async\" src=\"http:\/\/www.plouguerneau.net\/IMG\/jpg\/Krannog-Naount.jpg\" \/><\/td>\n<\/tr>\n<\/tbody>\n<\/table>\n<p><em>Menhir au Grannog du Naount<\/em><\/p>\n<table>\n<tbody>\n<tr>\n<td><\/td>\n<\/tr>\n<\/tbody>\n<\/table>\n<p>Mais que signifient ces souvenirs qui nous viendraient de l\u2019\u00e9poque n\u00e9olithique\u00a0?<\/p>\n<p>Voici ce que Wikip\u00e9dia raconte \u00e0 ce sujet\u00a0: \u00ab\u00a0un crannog (mais \u00e9galement crann\u00f3g ou grannoge) est le nom donn\u00e9 en Ecosse et en Irlande \u00e0 une \u00eele artificielle utilis\u00e9e pour l\u2019habitation. Le nom est aussi utilis\u00e9 pour les plateformes en bois construites sur les eaux peu profondes des lochs, principalement pendant le N\u00e9olithique. Cependant peu de vestiges de ces constructions nous sont parvenus.<\/p>\n<p>Le nom viendrait du ga\u00e9lique irlandais crann signifiant arbre.<br \/>\nL\u2019approvisionnement en nourriture, avec le poisson, et le sentiment de s\u00e9curit\u00e9, semble avoir \u00e9t\u00e9 les raisons de l\u2019occupation de ces crannogs. Le crannog pouvait \u00eatre atteint depuis la rive au moyen d\u2019un passage fait de pierre, ou encore gr\u00e2ce \u00e0 un ponton de bois\u2026 Beaucoup de crannogs auraient \u00e9t\u00e9 utilis\u00e9s de l\u2019\u00e2ge du fer jusqu\u2019au d\u00e9but de l\u2019\u00e9poque m\u00e9di\u00e9vale, en m\u00eame temps que les brochs et les duns.\u00a0\u00bb<\/p>\n<p>Apr\u00e8s la citation de plusieurs endroits o\u00f9 sont visibles des crannogs en Irlande ou en Ecosse, voici ce que Wikipedia rapporte sur leur construction\u00a0:<\/p>\n<p>\u00ab\u00a0La construction d\u2019un crannog pr\u00e9historique commence sur une petite \u00eele ou sur un haut-fond situ\u00e9 sur un loch ou sur une zone mar\u00e9cageuse. A cet endroit sont alors plant\u00e9s des pieux de ch\u00eane, formant un cercle d\u2019environ 60 m de diam\u00e8tre. Les pieux sont joints par des branches entrelac\u00e9es et du clayonnage. L\u2019int\u00e9rieur de cet ensemble est ensuite rempli, d\u2019abord de troncs d\u2019arbres, puis de branches, de pierres, d\u2019argile, de tourbe et autres mat\u00e9riaux issus de la terre. Au centre, un grand foyer est construit \u00e0 l\u2019aide de pierres plates et une habitation de bois est construite autour. Plusieurs habitations \u00e9taient parfois construites sur un unique crannog.<\/p>\n<p>La fortification pr\u00e9historique \u00e9tait occup\u00e9e par une famille ou une tribu, et l\u2019acc\u00e8s se faisait souvent \u00e0 l\u2019aide d\u2019une pirogue. Cependant beaucoup de ces crannogs \u00e9taient reli\u00e9s \u00e0 la terre ferme au moyen de chauss\u00e9es de pierres ou de bois, parfois construites juste sous le niveau de l\u2019eau, permettant une plus grande s\u00e9curit\u00e9 face \u00e0 d\u2019\u00e9ventuels intrus. Des ossements de b\u00e9tail, cerfs et de porcs ont \u00e9t\u00e9 retrouv\u00e9s lors de fouilles de crannogs.<\/p>\n<p>Cette pr\u00e9sentation des crannogs par Wikip\u00e9dia est \u00e9videmment incompl\u00e8te, elle pr\u00e9sente d\u2019ailleurs essentiellement les crannogs d\u2019Ecosse et d\u2019Irlande. La discussion entre les arch\u00e9ologues et les divergences d\u2019hypoth\u00e8ses demandent bien s\u00fbr quelques informations suppl\u00e9mentaires.<\/p>\n<p>&nbsp;<\/p>\n<table>\n<tbody>\n<tr>\n<td><img decoding=\"async\" src=\"http:\/\/www.plouguerneau.net\/IMG\/jpg\/Crannog-Ecosse.jpg\" \/><\/td>\n<\/tr>\n<\/tbody>\n<\/table>\n<p><em>Crannog reconstitu\u00e9 en Ecosse<\/em><\/p>\n<table>\n<tbody>\n<tr>\n<td><\/td>\n<\/tr>\n<\/tbody>\n<\/table>\n<p>L\u2019\u00e2ge N\u00e9olithique est donc le \u00ab\u00a0nouvel \u00e2ge de pierre\u00a0\u00bb, celui de la pierre polie. Cette \u00e9poque est assez diff\u00e9rente selon les r\u00e9gions du monde, allant en moyenne de l\u2019an 7000 av JC jusqu\u2019\u00e0 environ l\u2019an 2500 av JC. Cette civilisation de la pierre polie semble \u00eatre partie du Croissant Fertile jusqu\u2019\u00e0 l\u2019Europe de l\u2019Ouest. Les alignements de Carnac semblent \u00eatre du N\u00e9olithique moyen, les crannogs semblent plus proches du N\u00e9olithique final, entre 3800 et 3200 av JC.<\/p>\n<p>Les crannogs semblent donc appartenir \u00e0 la civilisation du d\u00e9but de la s\u00e9dentarisation qui va engendrer l\u2019apparition des lieux stables, la transformation des milieux naturels et l\u2019invention de l\u2019agriculture, voire m\u00eame la cr\u00e9ation de villages.<\/p>\n<p>Comme on l\u2019a vu, les crannogs en Ecosse sont souvent install\u00e9s sur les lochs, mais ils peuvent \u00eatre install\u00e9s parfois sur un marais o\u00f9 coule un ruisseau. Il est \u00e9vident que la recherche de l\u2019eau \u00e9tait primordiale pour la vie des autochtones. Les pierres plates install\u00e9es sur le marais permettaient de b\u00e2tir, en bois, les abris n\u00e9cessaires \u00e0 la s\u00e9dentarisation. Ils avaient donc d\u00e9j\u00e0 l\u2019eau courante, potable en amont, et sans doute moins potable en aval. Le modeste ruisseau d\u2019une contr\u00e9e n\u2019avait \u00e9videmment qu\u2019un seul \u00ab\u00a0village\u00a0\u00bb.<\/p>\n<p>Dans \u00ab\u00a0La Toponymie Celtique\u00a0\u00bb (Ed. du F\u00e9lin 1989), Jean-Marie Plon\u00e9is nous \u00e9claire quelque peu sur le mot crannog.\u00a0: \u00ab\u00a0Le mot crann appara\u00eet en breton une bonne vingtaine fois comme nom de hameau dans le domaine bretonnant (il faut ajouter \u00e0 cela les compos\u00e9s\u00a0: pen\/cran, les d\u00e9riv\u00e9s\u00a0: crann\/ec, les pluriels\u00a0; cran(n)n\/o, crann\/ou, et des formes mut\u00e9es comme (ar) grann\/ec)\u00a0; il s\u2019agit bien du m\u00eame terme que l\u2019irlandais crann \u00ab\u00a0arbre\u00a0\u00bb. En breton, cependant, Krann d\u00e9signe aussi parfois la garenne\u00a0; nous avons m\u00eame un krann-radenn \u00ab\u00a0foug\u00e8res des garennes\u00a0\u00bb. Dans crann\/ou ou for\u00eat de Hanvec, le doute n\u2019est pas permis, il s\u2019agit bien du pluriel de krann avec le sens d\u2019\u2019arbres\u2019\u2026\u00a0\u00bb<\/p>\n<p>&nbsp;<\/p>\n<table>\n<tbody>\n<tr>\n<td><img decoding=\"async\" src=\"http:\/\/www.plouguerneau.net\/IMG\/jpg\/Rann-Grannog.jpg\" \/><\/td>\n<\/tr>\n<\/tbody>\n<\/table>\n<p><em>Pierre du Grannog \u00e0 Rann-Grannog<\/em><\/p>\n<table>\n<tbody>\n<tr>\n<td><\/td>\n<\/tr>\n<\/tbody>\n<\/table>\n<p>Les constructions en bois n\u2019ont \u00e9videmment laiss\u00e9 aucun souvenir, mais les grosses pierres cumul\u00e9es sont rest\u00e9es \u00e0 demeure, dans un cumul parfois encore ordonn\u00e9, mais parfois aussi un peu boulevers\u00e9 par les petits cataclysmes naturels en 5000 ans de survie, ou plus encore par les bulldozers \u00e0 notre \u00e9poque m\u00e9canique.<\/p>\n<p>Cette \u00e9poque du n\u00e9olithique est aussi le d\u00e9but de la culture de la c\u00e9ramique imprim\u00e9e. Assez curieusement le terrain du Naount a laiss\u00e9 des traces de poterie dans le voisinage de ce lieu qui pourrait figurer un crannog.<\/p>\n<p>Voici ce qu\u2019avait \u00e9crit Patrick Galliou dans le bulletin de la Soci\u00e9t\u00e9 Arch\u00e9ologique du Finist\u00e8re en 1971\u00a0au sujet du site du Naount : \u00ab\u00a0L\u2019examen de la photographie a\u00e9rienne (I.G.N., mission 8, n\u00b0 109) r\u00e9v\u00e8le la pr\u00e9sence \u00e0 l\u2019Est de ce village d\u2019un site en demi-cercle. Une visite sur le terrain a permis de retrouver, dans la tranch\u00e9e du chemin qui borde ce demi-cercle, de gros fragments de poterie m\u00e9di\u00e9vale. On y distingue des terrines \u00e0 bord vertical, des jarres ovo\u00efdes, de grands plats, parfois recouverts de vernis au plomb \u00e0 l\u2019int\u00e9rieur. La p\u00e2te est en g\u00e9n\u00e9ral bien cuite, dure et sonore. L\u2019\u00e9l\u00e9ment caract\u00e9ristique de tous ces vases, \u00e0 l\u2019exception des plats, est un rebord vers\u00e9 horizontal, soulign\u00e9 de cannelures ou d\u2019une d\u00e9pression concave.\u00a0\u00bb<\/p>\n<table>\n<tbody>\n<tr>\n<td><\/td>\n<\/tr>\n<\/tbody>\n<\/table>\n<p><center><br \/>\n<iframe src=\"https:\/\/www.youtube.com\/embed\/seQoj3cH0LM\" width=\"560\" height=\"315\" frameborder=\"0\" allowfullscreen=\"allowfullscreen\"><\/iframe><br \/>\nImages du site de Rann-Grannog<\/center><\/p>\n<table>\n<tbody>\n<tr>\n<td><\/td>\n<\/tr>\n<\/tbody>\n<\/table>\n<p>Comme on l\u2019a dit plus haut, l\u2019occupation de ces lieux a dur\u00e9 jusqu\u2019au d\u00e9but de l\u2019\u00e9poque m\u00e9di\u00e9vale, ce qui explique la remarque conclusive de P. Galliou\u00a0: \u00ab\u00a0Par sa qualit\u00e9, cette poterie est nettement plus moderne que celle des mottes f\u00e9odales ou du ch\u00e2teau de La Forest-Landerneau.\u00a0\u00bb<\/p>\n<p>En conclusion disons simplement que les deux sites de Plouguerneau, Rann-Grannog et le Naount m\u00e9riteraient s\u00fbrement d\u2019\u00eatre d\u00e9broussaill\u00e9s pour mieux \u00eatre \u00e9tudi\u00e9s\u00a0: seraient-ce les premiers crannogs d\u00e9couverts en Bretagne\u00a0?<\/p>\n<table>\n<tbody>\n<tr>\n<td><\/td>\n<\/tr>\n<\/tbody>\n<\/table>\n<p>Ren\u00e9 Abjean &#8211; Juin 2014<\/p>\n","protected":false},"excerpt":{"rendered":"<p>PLOUGUERNEAU AU TEMPS DU N\u00c9OLITHIQUE ( Un village sur pilotis \u00e0 Rann-Grannog\u00a0? )&nbsp; \u00ab\u00a0Il nous aura fallu attendre 1971 pour d\u00e9couvrir l\u2019existence d\u2019un krannog ou village sur pilotis au lieu-dit [&hellip;]<\/p>\n","protected":false},"author":4,"featured_media":388,"parent":0,"menu_order":0,"comment_status":"closed","ping_status":"open","template":"","meta":{"ngg_post_thumbnail":0,"_EventAllDay":false,"_EventTimezone":"","_EventStartDate":"","_EventEndDate":"","_EventStartDateUTC":"","_EventEndDateUTC":"","_EventShowMap":false,"_EventShowMapLink":false,"_EventURL":"","_EventCost":"","_EventCostDescription":"","_EventCurrencySymbol":"","_EventCurrencyCode":"","_EventCurrencyPosition":"","_EventDateTimeSeparator":"","_EventTimeRangeSeparator":"","_EventOrganizerID":[],"_EventVenueID":[],"_OrganizerEmail":"","_OrganizerPhone":"","_OrganizerWebsite":"","_VenueAddress":"","_VenueCity":"","_VenueCountry":"","_VenueProvince":"","_VenueState":"","_VenueZip":"","_VenuePhone":"","_VenueURL":"","_VenueStateProvince":"","_VenueLat":"","_VenueLng":"","_VenueShowMap":false,"_VenueShowMapLink":false,"footnotes":""},"categories":[146],"tags":[],"class_list":["post-654","page","type-page","status-publish","has-post-thumbnail","hentry","category-histoire-15e-siecle-et-avant"],"_links":{"self":[{"href":"https:\/\/appriou.bzh\/index.php\/wp-json\/wp\/v2\/pages\/654","targetHints":{"allow":["GET"]}}],"collection":[{"href":"https:\/\/appriou.bzh\/index.php\/wp-json\/wp\/v2\/pages"}],"about":[{"href":"https:\/\/appriou.bzh\/index.php\/wp-json\/wp\/v2\/types\/page"}],"author":[{"embeddable":true,"href":"https:\/\/appriou.bzh\/index.php\/wp-json\/wp\/v2\/users\/4"}],"replies":[{"embeddable":true,"href":"https:\/\/appriou.bzh\/index.php\/wp-json\/wp\/v2\/comments?post=654"}],"version-history":[{"count":0,"href":"https:\/\/appriou.bzh\/index.php\/wp-json\/wp\/v2\/pages\/654\/revisions"}],"wp:featuredmedia":[{"embeddable":true,"href":"https:\/\/appriou.bzh\/index.php\/wp-json\/wp\/v2\/media\/388"}],"wp:attachment":[{"href":"https:\/\/appriou.bzh\/index.php\/wp-json\/wp\/v2\/media?parent=654"}],"wp:term":[{"taxonomy":"category","embeddable":true,"href":"https:\/\/appriou.bzh\/index.php\/wp-json\/wp\/v2\/categories?post=654"},{"taxonomy":"post_tag","embeddable":true,"href":"https:\/\/appriou.bzh\/index.php\/wp-json\/wp\/v2\/tags?post=654"}],"curies":[{"name":"wp","href":"https:\/\/api.w.org\/{rel}","templated":true}]}}