{"id":666,"date":"2014-08-13T16:51:26","date_gmt":"2014-08-13T14:51:26","guid":{"rendered":"https:\/\/plouguerneau.net\/le-lavoir-de-keroudern-nettoye\/"},"modified":"2025-01-27T10:03:45","modified_gmt":"2025-01-27T09:03:45","slug":"le-lavoir-de-keroudern-nettoye","status":"publish","type":"page","link":"https:\/\/appriou.bzh\/index.php\/le-lavoir-de-keroudern-nettoye\/","title":{"rendered":"Le Lavoir de K\u00e9roudern nettoy\u00e9"},"content":{"rendered":"<p><center><br \/>\n<span style=\"color: #0000ff;\"><strong><span style=\"font-size: large;\">LE LAVOIR DE KEROUDERN NETTOY\u00c9<\/span><\/strong><\/span><\/center><\/p>\n<table>\n<tbody>\n<tr>\n<td><\/td>\n<\/tr>\n<\/tbody>\n<\/table>\n<p>7 membres de \u00ab\u00a0<strong>Plouguerneau d&rsquo;Hier et d&rsquo;Aujourd&rsquo;hui<\/strong>\u00a0\u00bb \u00e9taient \u00e0 l\u2019\u0153uvre \u00e0 <strong>K\u00e9roudern<\/strong> ce Mercredi 13 Ao\u00fbt 2014.<\/p>\n<p>Pour rappel, le manoir de K\u00e9roudern est le lieu de naissance de <strong>Dom Michel Le Nobletz<\/strong>.<\/p>\n<p>La <strong>procession des Petits Saints <\/strong> (voir l&rsquo;article) devant passer par la Chapelle St Claude le 15 Ao\u00fbt, nous avons nettoy\u00e9 le lavoir \u00e0 proximit\u00e9. Quelques photos &#8230;<\/p>\n<table>\n<tbody>\n<tr>\n<td><\/td>\n<\/tr>\n<\/tbody>\n<\/table>\n<table border=\"0\" width=\"100%\" frame=\"BELOW\" rules=\"ROWS\" cellspacing=\"0\">\n<tbody>\n<tr>\n<td><center><img decoding=\"async\" src=\"https:\/\/plouguerneau.net\/wp-content\/uploads\/2014\/08\/jpg_Keroudern-lavoir1.jpg\" \/><\/center><\/td>\n<\/tr>\n<\/tbody>\n<\/table>\n<table border=\"0\" width=\"100%\" frame=\"BELOW\" rules=\"ROWS\" cellspacing=\"0\">\n<tbody>\n<tr>\n<td><center><img decoding=\"async\" src=\"https:\/\/plouguerneau.net\/wp-content\/uploads\/2014\/08\/jpg_Keroudern-lavoir2.jpg\" \/><\/center><\/td>\n<\/tr>\n<\/tbody>\n<\/table>\n<table>\n<tbody>\n<tr>\n<td><\/td>\n<\/tr>\n<\/tbody>\n<\/table>\n<table border=\"0\" width=\"100%\" frame=\"BELOW\" rules=\"ROWS\" cellspacing=\"0\">\n<tbody>\n<tr>\n<td><center><img decoding=\"async\" src=\"https:\/\/plouguerneau.net\/wp-content\/uploads\/2014\/08\/jpg_Keroudern-lavoir3.jpg\" \/><\/center><\/td>\n<\/tr>\n<\/tbody>\n<\/table>\n<table border=\"0\" width=\"100%\" frame=\"BELOW\" rules=\"ROWS\" cellspacing=\"0\">\n<tbody>\n<tr>\n<td><center><img decoding=\"async\" src=\"https:\/\/plouguerneau.net\/wp-content\/uploads\/2014\/08\/jpg_Keroudern-lavoir4.jpg\" \/><\/center><\/td>\n<\/tr>\n<\/tbody>\n<\/table>\n<table border=\"0\" width=\"100%\" frame=\"BELOW\" rules=\"ROWS\" cellspacing=\"0\">\n<tbody>\n<tr>\n<td><center><img decoding=\"async\" src=\"https:\/\/plouguerneau.net\/wp-content\/uploads\/2014\/08\/jpg_Keroudern-lavoir5.jpg\" \/><\/center><\/td>\n<\/tr>\n<\/tbody>\n<\/table>\n<table border=\"0\" width=\"100%\" frame=\"BELOW\" rules=\"ROWS\" cellspacing=\"0\">\n<tbody>\n<tr>\n<td><center><img decoding=\"async\" src=\"https:\/\/plouguerneau.net\/wp-content\/uploads\/2014\/08\/jpg_Keroudern-lavoir6.jpg\" \/><\/center><\/td>\n<\/tr>\n<\/tbody>\n<\/table>\n<table>\n<tbody>\n<tr>\n<td><\/td>\n<\/tr>\n<\/tbody>\n<\/table>\n<table border=\"0\" width=\"100%\" frame=\"BELOW\" rules=\"ROWS\" cellspacing=\"0\">\n<tbody>\n<tr>\n<td><center><img decoding=\"async\" src=\"https:\/\/plouguerneau.net\/wp-content\/uploads\/2014\/08\/jpg_Keroudern-lavoir7.jpg\" \/><\/center><\/td>\n<\/tr>\n<\/tbody>\n<\/table>\n<table border=\"0\" width=\"100%\" frame=\"BELOW\" rules=\"ROWS\" cellspacing=\"0\">\n<tbody>\n<tr>\n<td><center><img decoding=\"async\" src=\"https:\/\/plouguerneau.net\/wp-content\/uploads\/2014\/08\/jpg_Keroudern-lavoir8.jpg\" \/><\/center><\/td>\n<\/tr>\n<\/tbody>\n<\/table>\n<hr \/>\n","protected":false},"excerpt":{"rendered":"<p>LE LAVOIR DE KEROUDERN NETTOY\u00c9 7 membres de \u00ab\u00a0Plouguerneau d&rsquo;Hier et d&rsquo;Aujourd&rsquo;hui\u00a0\u00bb \u00e9taient \u00e0 l\u2019\u0153uvre \u00e0 K\u00e9roudern ce Mercredi 13 Ao\u00fbt 2014. Pour rappel, le manoir de K\u00e9roudern est le [&hellip;]<\/p>\n","protected":false},"author":4,"featured_media":658,"parent":0,"menu_order":0,"comment_status":"closed","ping_status":"open","template":"","meta":{"ngg_post_thumbnail":0,"_EventAllDay":false,"_EventTimezone":"","_EventStartDate":"","_EventEndDate":"","_EventStartDateUTC":"","_EventEndDateUTC":"","_EventShowMap":false,"_EventShowMapLink":false,"_EventURL":"","_EventCost":"","_EventCostDescription":"","_EventCurrencySymbol":"","_EventCurrencyCode":"","_EventCurrencyPosition":"","_EventDateTimeSeparator":"","_EventTimeRangeSeparator":"","_EventOrganizerID":[],"_EventVenueID":[],"_OrganizerEmail":"","_OrganizerPhone":"","_OrganizerWebsite":"","_VenueAddress":"","_VenueCity":"","_VenueCountry":"","_VenueProvince":"","_VenueState":"","_VenueZip":"","_VenuePhone":"","_VenueURL":"","_VenueStateProvince":"","_VenueLat":"","_VenueLng":"","_VenueShowMap":false,"_VenueShowMapLink":false,"footnotes":""},"categories":[140],"tags":[],"class_list":["post-666","page","type-page","status-publish","has-post-thumbnail","hentry","category-lavoirs"],"_links":{"self":[{"href":"https:\/\/appriou.bzh\/index.php\/wp-json\/wp\/v2\/pages\/666","targetHints":{"allow":["GET"]}}],"collection":[{"href":"https:\/\/appriou.bzh\/index.php\/wp-json\/wp\/v2\/pages"}],"about":[{"href":"https:\/\/appriou.bzh\/index.php\/wp-json\/wp\/v2\/types\/page"}],"author":[{"embeddable":true,"href":"https:\/\/appriou.bzh\/index.php\/wp-json\/wp\/v2\/users\/4"}],"replies":[{"embeddable":true,"href":"https:\/\/appriou.bzh\/index.php\/wp-json\/wp\/v2\/comments?post=666"}],"version-history":[{"count":0,"href":"https:\/\/appriou.bzh\/index.php\/wp-json\/wp\/v2\/pages\/666\/revisions"}],"wp:featuredmedia":[{"embeddable":true,"href":"https:\/\/appriou.bzh\/index.php\/wp-json\/"}],"wp:attachment":[{"href":"https:\/\/appriou.bzh\/index.php\/wp-json\/wp\/v2\/media?parent=666"}],"wp:term":[{"taxonomy":"category","embeddable":true,"href":"https:\/\/appriou.bzh\/index.php\/wp-json\/wp\/v2\/categories?post=666"},{"taxonomy":"post_tag","embeddable":true,"href":"https:\/\/appriou.bzh\/index.php\/wp-json\/wp\/v2\/tags?post=666"}],"curies":[{"name":"wp","href":"https:\/\/api.w.org\/{rel}","templated":true}]}}