{"id":6692,"date":"2017-07-02T09:29:50","date_gmt":"2017-07-02T07:29:50","guid":{"rendered":"https:\/\/plouguerneau.net\/circuit-n1-235-km\/"},"modified":"2025-01-27T10:12:44","modified_gmt":"2025-01-27T09:12:44","slug":"circuit-n1-235-km-2","status":"publish","type":"page","link":"https:\/\/appriou.bzh\/index.php\/circuit-n1-235-km-2\/","title":{"rendered":"Circuit n\u00b01 &#8211; 23,5 Km"},"content":{"rendered":"<p><b> <FONT size=\"4pt\">Boucle entre Plouguerneau et Le Grouanec<\/b> &#8211;<br \/> distance : 23,5 km<br \/><\/FONT><br \/>Erik et DomD proposent des parcours de randonn\u00e9e \u00e0 travers Plouguerneau.<\/p>\n<p><b>Circuit n\u00b01<\/b> : <i>Pour mieux visualiser la carte, voici la R\u00e9f\u00e9rence Open Runner : <a href=\"http:\/\/www.openrunner.com\/index.php?id=1213604\" target=blank>1213604<\/a><\/i><\/p>\n<p>Distance : 23.526 (km) <br \/>\nAltitude min. : 2 (m) <br \/>\nAltitude max. : 76 (m) <br \/>\nActivit\u00e9 : Course \u00e0 pied, promenade, Cyclisme VTT <br \/>\nDifficult\u00e9 : Basse<br \/>\nType de sol : Sentier<br \/>\nParcours balis\u00e9 : Non <\/p>\n<p>Pour r\u00e9aliser ce circuit nous vous conseillons de vous munir de la carte IGN Plouguerneau Les Abers &#8211; IGN 0416ET ou de vous munir de la carte de l&rsquo;association vendue 2\u20ac  \u00e0 l&rsquo;office du tourisme et dans certains commerces.<\/p>\n<div align=center>\n<a href=\"https:\/\/plouguerneau.net\/wp-content\/uploads\/2017\/07\/jpg_circuit1.jpg\" target=blank><img decoding=\"async\" src=\"https:\/\/plouguerneau.net\/wp-content\/uploads\/2017\/07\/jpg_circuit1.jpg\" width=550 height=334><\/a><br \/>\n<i>Cliquer sur la carte pour l&rsquo;agrandir<\/i><\/div>\n<p><b>(boucle n\u00b0 1 &#8211; 23,626 km)<br \/>\nPlouguerneau <i>(Plougerne)<\/b><\/i><br \/>\nboucle de 23,526 (si d\u00e9part zone du <b>Hellez<\/b> proche bourg de <b>Plouguerneau<\/b>)<\/p>\n<table>\n<tr>\n<td><font size=2>parking du <b>Grouanec (P9)<\/b><\/td>\n<td><font size=2>Latitude  48\u00b059&rsquo;17.64&Prime;N<\/td>\n<td><font size=2>Longitude  4\u00b046&rsquo;25.06&Prime;O<\/td>\n<td><\/td>\n<\/tr>\n<tr>\n<td><font size=2>parking du <b>Hellez<\/b> (zone artisanale) proche (D10), (P10)<\/td>\n<td><font size=2>Latitude  48\u00b060&rsquo;71.21&Prime;N<\/td>\n<td><font size=2>Longitude  4\u00b049&rsquo;58.14&Prime;O<\/td>\n<td><font size=2>23.526km<\/td>\n<\/tr>\n<tr>\n<td><font size=2>parking plage de <b>Creac\u2019h an Avel (P5)<\/b><\/td>\n<td><font size=2>Latitude  48\u00b062&rsquo;14.23&Prime;N<\/td>\n<td><font size=2>Longitude  4\u00b050&rsquo;28.09&Prime;O <\/td>\n<td><\/td>\n<\/tr>\n<\/table>\n<p>Du parking du bourg du <b>Grouanec : (P9)<\/b><br \/>\nau niveau du cimeti\u00e8re, prendre le chemin sur la partie gauche, au niveau du bar.<br \/>\ncontinuer jusqu\u2019\u00e0 une route en ignorant le 1er chemin rencontr\u00e9 sur la gauche.<br \/>\ntourner \u00e0 gauche sur quelques m\u00e8tres et emprunter le chemin de droite au niveau d\u2019un virage.<br \/>\narriv\u00e9 sur une petite route, bifurquer \u00e0 gauche sur quelques dizaines de m\u00e8tres puis emprunter le chemin de droite.<br \/>\narriv\u00e9 sur une petite route, tourner \u00e0 gauche lieu-dit : <b>Anteren<\/b>, suivre la route sinueuse sur quelques centaines de m\u00e8tres.<br \/>\ntourner au 2\u00e8me chemin sur la droite, apr\u00e8s le lavoir et la croix.<br \/>\npoursuivre le chemin c\u00f4t\u00e9 gauche en ignorant 2 chemins sur la droite et celui de gauche<br \/>\nafin d\u2019arriver \u00e0 une intersection de plusieurs chemins&#8230;<br \/>\nprendre la 2\u00e8me sur la gauche jusqu\u2019\u00e0 une route (<b>D52<\/b>) reliant le lieu-dit : <b>Leure<\/b> au <b>Grouanec<\/b>.<br \/>\ntraverser et continuer le chemin en ignorant les 2 chemins sur la gauche (sans issue), puis le 2\u00e8me et le 3\u00e8me chemin de gauche<br \/>\n(celui qui va vers la chapelle <b>Sainte-Claude<\/b>, du lieu-dit : <b>Keroudern<\/b>).<br \/>\npour continuer tout droit, sur 200m se trouve la route (<b>D10<\/b>) reliant <b>Plouguerneau<\/b> \u00e0 <b>Guisseny<\/b>.<br \/>\ntraverser la (<b>D10<\/b>) \u00e0 100m tourner \u00e0 droite puis \u00e0 100 autres m\u00e8tres \u00e0 gauche en direction de la route touristique, la traverser.<br \/>\ncontinuer tout droit par une route au lieu-dit : <b>Kerizoc<\/b>.<br \/>\nprendre \u00e0 gauche au niveau des maisons et emprunter un chemin sur la gauche.<br \/>\nemprunter une petite route sur 200m sur la gauche, au stop, lieu-dit : <b>Kereaz<\/b>, tourner \u00e0 droite.<br \/>\nla plage du <b>Zorn<\/b>. se trouve en contrebas sur la droite.<br \/>\nau niveau de du lavoir qui se situe \u00e0 gauche, lieu-dit : <b>Penngourven<\/b>, la route descend vers la plage, prendre \u00e0 gauche, \u00e7\u00e0 monte.<br \/>\ntourner au croisement \u00e0 droite, sur la route touristique. continuer 400m jusqu\u2019au lieu-dit : <b>Kernevez-Tremeur (abris)<\/b>.<br \/>\ncheminer par le chemin sur la gauche sur 400m, afin d\u2019arriver au lieu-dit : <b>Kergasken<\/b> et son manoir en ruine, sur la droite.<br \/>\nau manoir, emprunter le chemin de gauche jusqu\u2019au stop. (<b>abris<\/b>).<br \/>\nprendre la 2\u00e8me route \u00e0 droite puis la suivante \u00e0 gauche vers le lieu-dit : <b>Kergouroun<\/b>.<br \/>\n\u00e0 la derni\u00e8re petite maison du lieu-dit, (vue sur le port du <b>Korejou<\/b>), emprunter le chemin sur la gauche.<br \/>\nprendre ensuite le chemin de droite s\u2019il est praticable<br \/>\n<i>(sinon continuer tourner jusqu&rsquo;\u00e0 la route, lieu-dit : <b>Prad-yen<\/b>, tourner \u00e0 droite)<\/i>.<br \/>\npuis \u00e0 la prochaine  intersection, pour marcheur bien \u00e9quip\u00e9.<br \/>\nprendre le petit chemin sur la droite o\u00f9 passe un ruisseau en son centre.<br \/>\n<i>(sinon, emprunter \u00e0 gauche afin d\u2019arriver sur une route en pente, tourner \u00e0 droite)<\/i>.<br \/>\nprendre le petit chemin apr\u00e8s une maison clos de pins.<br \/>\narriv\u00e9e au niveau de la route touristique et le GR c\u00f4tier, <br \/>\nplage de <b>Creac\u2019h an Avel (parking P5)<\/b>.<br \/>\nsuivre la route \u00e0 gauche, prendre la route suivante \u00e0 gauche,<br \/>\njusqu\u2019\u00e0 une intersection, lieu-dit :  <b>Mogueran<\/b>, prendre le chemin de droite \u00e7\u00e0 monte un peu,<br \/>\npuis tourner \u00e0 gauche par un petit chemin sur 100m et au niveau de la route, descendre vers la chapelle <b>Saint-Laurent<\/b> sur la droite.<br \/>\nmonter et tourner \u00e0 gauche dans un quartier vers lieu-dit : <b>Kerveogan<\/b>.<br \/>\ntourner \u00e0 la 1\u00e8re route \u00e0 gauche, passer devant les serres.<br \/>\ntourner \u00e0 gauche  au niveau des g\u00eetes,  puis un peu plus loin, \u00e0 droite,  au lieu-dit : <b>Treongar<\/b>.<br \/>\nemprunter \u00e0 gauche, passer devant un manoir, puis au petit rond point, monter la c\u00f4te jusqu\u2019au lieu-dit suivant : <b>Kergadavarn<\/b>.<br \/>\ntourner \u00e0 droite pour traverser la (<b>D10<\/b>),  afin de se trouver au lieu-dit : <b>Kroaz-Edern<\/b> (croix et four).<br \/>\ntraverser la route, tout droit, emprunter le chemin jusqu\u2019\u00e0 une croix.<br \/>\ntourner \u00e0 droite sur un autre chemin, prendre ensuite (dans un virage) la route \u00e0 gauche jusqu\u2019au lieu-dit : <b>Rann-Grannoc<\/b>.<br \/>\npasser par un chemin qui descend sur la droite,des silos se trouve en face plus loin.<br \/>\nen bas du chemin passe le ruisseau de <b>Sainte-Anne<\/b> qui se jette dans l\u2019<b>Aber-Wrac\u2019h<\/b> apr\u00e8s \u00eatre pass\u00e9 par la chapelle du <b>Traon<\/b>.<br \/>\nmonter et au prochain croisement de chemins, (\u00e0 droite se trouve le bourg de <b>Plouguerneau<\/b>, parking du <b>Hellez \/ P10<\/b>).<\/p>\n<p><i>(si <b>d\u00e9part<\/b> du <b>parking<\/b> du <b>Hellez<\/b>, (antenne relais), (<b>P10<\/b>).<br \/>\nprendre le chemin qui descend vers lieu-dit : Le <b>Carpont<\/b>, tourner \u00e0 gauche par le chemin qui monte lieu-dit : <b>Rann-Enezi<\/b>.<br \/>\nTraverser la petite route afin d&rsquo;arriver \u00e0 un \u00e9levage et un grand silo sur la gauche, tourner \u00e0 droite  lieu-dit : <b>Gweleran<\/b>)<\/i>.<br \/>\nTourner le chemin de gauche apr\u00e8s le b\u00e2timent d&rsquo;\u00e9levage<br \/>\ncontinuer sur ce chemin gravillonn\u00e9 un b\u00e2timent agricole et une croix se trouve sur la droite, continuer dans ce sens<br \/>\npuis au chemin suivant prendre \u00e0 droite (100m) \u00e0 gauche est sans issu (2011) un autre chemin devrait \u00eatre r\u00e9abilit\u00e9 !.<br \/>\nContinuer jusqu\u2019\u00e0 la (<b>D32<\/b>), une croix se trouve de l\u2019autre c\u00f4t\u00e9 gauche de la route \u00e0 traverser afin de continuer tout droit par une route.<br \/>\nArriver au  lieu-dit : <b>Kerili<\/b>, (une chapelle priv\u00e9e se trouve sous le lierre dans le champs en face).<br \/>\nprendre le chemin sur la gauche afin d\u2019arriver sur une route au lieu-dit : <b>Ty-Koz<\/b>, <br \/>\ntourner \u00e0 gauche jusqu\u2019\u00e0 la (<b>D32<\/b>) un peu plus loin.<br \/>\nau stop, tourner \u00e0 droite, puis encore \u00e0 droite vers la direction du <b>Diouris\/Plouvien <\/b>sur 100m.<br \/>\ntourner \u00e0 gauche lieu-dit : <b>Mesfalette<\/b>, pour arriver dans un petit chemin qui ram\u00e8nera sur la (<b>D32<\/b>).<br \/>\ntourner \u00e0 droite afin d\u2019arriver au parking du <b>Grouanec (P9)<\/b>.<\/p>\n","protected":false},"excerpt":{"rendered":"<p>Boucle entre Plouguerneau et Le Grouanec &#8211; distance : 23,5 kmErik et DomD proposent des parcours de randonn\u00e9e \u00e0 travers Plouguerneau. Circuit n\u00b01 : Pour mieux visualiser la carte, voici [&hellip;]<\/p>\n","protected":false},"author":4,"featured_media":0,"parent":0,"menu_order":0,"comment_status":"closed","ping_status":"open","template":"","meta":{"ngg_post_thumbnail":0,"_EventAllDay":false,"_EventTimezone":"","_EventStartDate":"","_EventEndDate":"","_EventStartDateUTC":"","_EventEndDateUTC":"","_EventShowMap":false,"_EventShowMapLink":false,"_EventURL":"","_EventCost":"","_EventCostDescription":"","_EventCurrencySymbol":"","_EventCurrencyCode":"","_EventCurrencyPosition":"","_EventDateTimeSeparator":"","_EventTimeRangeSeparator":"","_EventOrganizerID":[],"_EventVenueID":[],"_OrganizerEmail":"","_OrganizerPhone":"","_OrganizerWebsite":"","_VenueAddress":"","_VenueCity":"","_VenueCountry":"","_VenueProvince":"","_VenueState":"","_VenueZip":"","_VenuePhone":"","_VenueURL":"","_VenueStateProvince":"","_VenueLat":"","_VenueLng":"","_VenueShowMap":false,"_VenueShowMapLink":false,"footnotes":""},"categories":[134],"tags":[],"class_list":["post-6692","page","type-page","status-publish","hentry","category-randonnees-dautres-idees"],"_links":{"self":[{"href":"https:\/\/appriou.bzh\/index.php\/wp-json\/wp\/v2\/pages\/6692","targetHints":{"allow":["GET"]}}],"collection":[{"href":"https:\/\/appriou.bzh\/index.php\/wp-json\/wp\/v2\/pages"}],"about":[{"href":"https:\/\/appriou.bzh\/index.php\/wp-json\/wp\/v2\/types\/page"}],"author":[{"embeddable":true,"href":"https:\/\/appriou.bzh\/index.php\/wp-json\/wp\/v2\/users\/4"}],"replies":[{"embeddable":true,"href":"https:\/\/appriou.bzh\/index.php\/wp-json\/wp\/v2\/comments?post=6692"}],"version-history":[{"count":0,"href":"https:\/\/appriou.bzh\/index.php\/wp-json\/wp\/v2\/pages\/6692\/revisions"}],"wp:attachment":[{"href":"https:\/\/appriou.bzh\/index.php\/wp-json\/wp\/v2\/media?parent=6692"}],"wp:term":[{"taxonomy":"category","embeddable":true,"href":"https:\/\/appriou.bzh\/index.php\/wp-json\/wp\/v2\/categories?post=6692"},{"taxonomy":"post_tag","embeddable":true,"href":"https:\/\/appriou.bzh\/index.php\/wp-json\/wp\/v2\/tags?post=6692"}],"curies":[{"name":"wp","href":"https:\/\/api.w.org\/{rel}","templated":true}]}}