{"id":6698,"date":"2017-07-02T09:23:08","date_gmt":"2017-07-02T07:23:08","guid":{"rendered":"https:\/\/plouguerneau.net\/circuit-n7-19-km\/"},"modified":"2025-01-27T10:12:46","modified_gmt":"2025-01-27T09:12:46","slug":"circuit-n7-19-km-2","status":"publish","type":"page","link":"https:\/\/appriou.bzh\/index.php\/circuit-n7-19-km-2\/","title":{"rendered":"Circuit n\u00b07 &#8211; 19 Km"},"content":{"rendered":"<p>Erik et DomD proposent des parcours de randonn\u00e9e \u00e0 travers Plouguerneau.<\/p>\n<p><b>Circuit n\u00b07 Lilia\/Plouguerneau (Plougerne) \u00e0 Guisseny par Brendaouez<\/b><\/p>\n<p><i>Pour mieux visualiser la carte, voici la R\u00e9f\u00e9rence Open Runner : <a href=\"http:\/\/www.openrunner.com\/index.php?id=1275442\" target=blank>1275442<\/a><\/i><\/p>\n<p>Distance : 19 (km) <br \/>\nAltitude min. : 8 (m) <br \/>\nAltitude max. : 66 (m) <br \/>\nActivit\u00e9 : Course \u00e0 pied, promenade, Cyclisme VTT <br \/>\nDifficult\u00e9 : Basse<br \/>\nType de sol : Sentier<br \/>\nParcours balis\u00e9 : Non <\/p>\n<p>Pour r\u00e9aliser ce circuit nous vous conseillons de vous munir de la carte IGN Plouguerneau Les Abers &#8211; IGN 0416ET ou de vous munir de la carte de l&rsquo;association vendue 2\u20ac  \u00e0 l&rsquo;office du tourisme et dans certains commerces.<br \/>\nAttention les deux cartes ne sont pas \u00e0 la m\u00eame \u00e9chelle.<\/p>\n<div align=center>\n<a href=\"https:\/\/plouguerneau.net\/wp-content\/uploads\/2017\/07\/jpg_cicuit71.jpg\" target=blank><img decoding=\"async\" src=\"https:\/\/plouguerneau.net\/wp-content\/uploads\/2017\/07\/jpg_cicuit71.jpg\" width=550 height=204><\/a><br \/>\n<i>Cliquer sur la carte pour l&rsquo;agrandir<\/i><\/div>\n<div align=center>\n<a href=\"https:\/\/plouguerneau.net\/wp-content\/uploads\/2017\/07\/jpg_cicuit72.jpg\" target=blank><img decoding=\"async\" src=\"https:\/\/plouguerneau.net\/wp-content\/uploads\/2017\/07\/jpg_cicuit72.jpg\" width=550 height=204 ><\/a><br \/>\n<i>Cliquer sur la carte pour l&rsquo;agrandir<\/i><\/div>\n<div align=center>\n<a href=\"https:\/\/plouguerneau.net\/wp-content\/uploads\/2017\/07\/jpg_cicuit73.jpg\" target=blank><img decoding=\"async\" src=\"https:\/\/plouguerneau.net\/wp-content\/uploads\/2017\/07\/jpg_cicuit73.jpg\" width=550 height=204 ><\/a><br \/>\n<i>Cliquer sur la carte pour l&rsquo;agrandir<\/i><\/div>\n<p><\/p>\n<p>Circuit n\u00b0 7 &#8211; 19 km<\/p>\n<p>Lilia\/Plouguerneau (Plougerne) \u00e0 Guisseny par Brendaouez<\/p>\n<p>Lilia\/Plouguerneau<\/p>\n<p>D\u00e9part du parking de Lilia derri\u00e8re l\u2019\u00e9glise.<\/p>\n<p>Passer devant l\u2019entr\u00e9e de l\u2019\u00e9glise c\u00f4t\u00e9 Ouest, prendre la route \u00e0 gauche qui m\u00e8ne \u00e0 Plouguerneau (<strong>Streat al Leac\u2019h<\/strong>).(le Dolmen se trouve \u00e0 gauche \u00e0 quelques m\u00e8tres).<br \/>Tourner \u00e0 droite \u00e0 la 2e route, puis \u00e0 gauche vers lieu-dit : Kerscao. <br \/>Tourner \u00e0 gauche vers lieu-dit : <strong>streat : treuz <\/strong> afin d\u2019emprunter le chemin de droite \u00e0 quelques m\u00e8tres seulement. <br \/>Arriv\u00e9 aux niveaux d\u2019habitations, continuer par la portion de route et le chemin tout droit.<br \/> Arriv\u00e9 \u00e0 une route, continuer tout droit, le phare de <strong>Lanvaon <\/strong> se trouve \u00e0 gauche.<br \/> Au carrefour, continuer tout droit, au niveau d\u2019une ferme, continuer tout droit c\u00f4t\u00e9 gauche par le chemin.<br \/> Au bout d\u2019une centaine de m\u00e8tre se trouve une croix sur le talus de gauche, ensuite un chemin sur la gauche ne pas le prendre mais continuer tout droit jusqu\u2019\u00e0 une route, la traverser. une autre route se pr\u00e9sente, la traverser.<br \/> Quelques m\u00e8tres avant d\u2019arriver \u00e0 une autre route, au niveau de logements, un chemin m\u00e8ne \u00e0 la m\u00e9diath\u00e8que, maison de l\u2019enfance et la future salle de spectacle, parking. <br \/>Continuer jusqu\u2019\u00e0 la route, le cimeti\u00e8re se trouve sur la droite, continuer sur 100m, le monument aux morts et un manoir se trouvent \u00e0 droite. <br \/>Tourner \u00e0 gauche vers l\u2019\u00e9glise, prendre \u00e0 droite face \u00e0 l\u2019\u00e9glise et continuer la travers\u00e9e du bourg.<br \/> Au niveau d\u2019un \u00ab c\u00e9der le passage \u00bb, continuer la rue de <strong>guisseny <\/strong> et continuer tout droit jusqu\u2019\u00e0 la (D10), la traverser, puis prendre le chemin au pied de l\u2019antenne relais zone artisanale du <strong>Hellez <\/strong> (P10).<br \/> Plouguerneau \/ Grouanec du parking du Hellez, (antenne relais), (P10). <br \/>Prendre le chemin qui descend vers lieu-dit : Le Carpont, tourner \u00e0 gauche par le chemin qui monte lieu-dit : <strong>Rann-Enezi<\/strong>. <br \/>Traverser la petite route afin d\u2019arriver \u00e0 un \u00e9levage et un grand silo sur la gauche, tourner \u00e0 droite lieu-dit : <strong>Gweleran<\/strong>. <br \/>\u00c0 quelques m\u00e8tres seulement, tourner \u00e0 gauche. Continuer sur ce chemin gravillonn\u00e9 un b\u00e2timent agricole et une croix se trouve sur la droite, passer devant. Le 1er chemin sur la gauche est une impasse, \u00e9galement pour le suivant qui devrait \u00eatre r\u00e9habilit\u00e9 (2011), rester c\u00f4t\u00e9 droit (100m). jusqu\u2019\u00e0 la (D32), une croix se trouve de l\u2019autre c\u00f4t\u00e9 gauche de la route \u00e0 traverser afin de continuer tout droit par une route. <br \/>Arriv\u00e9au lieu-dit : <strong>Kerili<\/strong>, une chapelle priv\u00e9e se trouve sous le lierre dans le champs en face). prendre le chemin sur la gauche afin d\u2019arriver sur une route au lieu-dit : <strong>Koat-Kenan<\/strong>. tourner \u00e0 gauche par la route jusqu\u2019\u00e0 la (D32) un peu plus loin. au stop, tourner \u00e0 droite, puis encore \u00e0 droite vers la direction du <strong>Diouris\/Plouvien <\/strong> sur 100m. tourner \u00e0 gauche lieu-dit : <strong>Porz al Lez<\/strong>, pour arriver dans un petit chemin qui ram\u00e8nera sur la (D32). tourner \u00e0 droite par le trottoir afin d\u2019arriver au parking du <strong>Grouanec <\/strong> (P9), la chapelle du Grouaneg se trouve c\u00f4t\u00e9 gauche. <strong>Grouanec \/ Guisseny<\/strong> Du parking du bourg du Grouanec : (P9).<br \/> Entre le cimeti\u00e8re et des habitations, prendre le chemin herbeux.<br \/> Continuer jusqu\u2019\u00e0 une route en ignorant le 1er chemin rencontr\u00e9 sur la gauche.<br \/> Tourner \u00e0 gauche sur quelques m\u00e8tres et emprunter le chemin de droite au niveau d\u2019un virage. <br \/>Arriv\u00e9 sur une petite route, bifurquer \u00e0 gauche sur quelques dizaines de m\u00e8tres, puis emprunter le chemin de droite.<br \/> Arriv\u00e9 sur une petite route, tourner \u00e0 gauche menant au lieu-dit : <strong>Anteren<\/strong>.<br \/> Au bout de 100m, au niveau d\u2019une croix sur la droite emprunter le chemin de droite tout droit jusqu\u2019\u00e0 une petite route. <br \/>Tourner \u00e0 gauche, ignorer le chemin sur la droite, continuer ensuite sur la route de droite au lieu-dit : <strong>Kervezennec <\/strong> (ferme \u00e0 gauche). ignorer la route de droite, celle de gauche, passer devant la route de droite menant \u00e0 la ferme auberge de <strong>Keralloret<\/strong>.<br \/> Arriv\u00e9 en bas d\u2019une vall\u00e9e, prendre sur quelques m\u00e8tres la route sur la gauche, puis tourner \u00e0 droite vers le moulin de lieu-dit : <strong>kergoniou<\/strong>.<br \/> Suivre cette petite route, en haut sur la gauche se trouve la (D10). (si pi\u00e9tons, suivre jusqu\u2019au 1er chemin sur 100m, le balisage d\u2019un sentier de randonn\u00e9e de Guisseny). descendre \u00e0 droite par un chemin (un sentier balis\u00e9 de randonn\u00e9e traverse ce chemin), afin de traverser une propri\u00e9t\u00e9 contenant un ancien moulin. grimper la c\u00f4te du chemin afin d\u2019arriver au lieu dit : <strong>Brendaouez <\/strong> (route). la chapelle se trouve sur la gauche et un parking (P12) plus bas sur la droite o\u00f9 se trouvent un jeu de quilles local et un talus de jeu de quilles du Leon. <br \/>Descendre par la route en passant devant un manoir dans un virage sur la droite, puis entre d\u2019autres belles maisons. continuer toujours tout droit jusqu\u2019\u00e0 un stop, continuer encore tout droit, le clocher de l\u2019\u00e9glise se trouve en face. <br \/>Monter au bourg de <strong>Guisseny<\/strong>, prendre \u00e0 gauche, l\u2019Office du tourisme se trouve pr\u00e8s d\u2019une place sur la droite, l\u2019\u00e9glise \u00e0 gauche.<br \/> Continuer tout droit \u00e0 une centaine de m\u00e8tres o\u00f9 se trouvent la poste et la mairie (D10) avec parking (P13) et aire de camping car.<\/p>\n","protected":false},"excerpt":{"rendered":"<p>Erik et DomD proposent des parcours de randonn\u00e9e \u00e0 travers Plouguerneau. Circuit n\u00b07 Lilia\/Plouguerneau (Plougerne) \u00e0 Guisseny par Brendaouez Pour mieux visualiser la carte, voici la R\u00e9f\u00e9rence Open Runner : [&hellip;]<\/p>\n","protected":false},"author":4,"featured_media":0,"parent":0,"menu_order":0,"comment_status":"closed","ping_status":"open","template":"","meta":{"ngg_post_thumbnail":0,"_EventAllDay":false,"_EventTimezone":"","_EventStartDate":"","_EventEndDate":"","_EventStartDateUTC":"","_EventEndDateUTC":"","_EventShowMap":false,"_EventShowMapLink":false,"_EventURL":"","_EventCost":"","_EventCostDescription":"","_EventCurrencySymbol":"","_EventCurrencyCode":"","_EventCurrencyPosition":"","_EventDateTimeSeparator":"","_EventTimeRangeSeparator":"","_EventOrganizerID":[],"_EventVenueID":[],"_OrganizerEmail":"","_OrganizerPhone":"","_OrganizerWebsite":"","_VenueAddress":"","_VenueCity":"","_VenueCountry":"","_VenueProvince":"","_VenueState":"","_VenueZip":"","_VenuePhone":"","_VenueURL":"","_VenueStateProvince":"","_VenueLat":"","_VenueLng":"","_VenueShowMap":false,"_VenueShowMapLink":false,"footnotes":""},"categories":[134],"tags":[],"class_list":["post-6698","page","type-page","status-publish","hentry","category-randonnees-dautres-idees"],"_links":{"self":[{"href":"https:\/\/appriou.bzh\/index.php\/wp-json\/wp\/v2\/pages\/6698","targetHints":{"allow":["GET"]}}],"collection":[{"href":"https:\/\/appriou.bzh\/index.php\/wp-json\/wp\/v2\/pages"}],"about":[{"href":"https:\/\/appriou.bzh\/index.php\/wp-json\/wp\/v2\/types\/page"}],"author":[{"embeddable":true,"href":"https:\/\/appriou.bzh\/index.php\/wp-json\/wp\/v2\/users\/4"}],"replies":[{"embeddable":true,"href":"https:\/\/appriou.bzh\/index.php\/wp-json\/wp\/v2\/comments?post=6698"}],"version-history":[{"count":0,"href":"https:\/\/appriou.bzh\/index.php\/wp-json\/wp\/v2\/pages\/6698\/revisions"}],"wp:attachment":[{"href":"https:\/\/appriou.bzh\/index.php\/wp-json\/wp\/v2\/media?parent=6698"}],"wp:term":[{"taxonomy":"category","embeddable":true,"href":"https:\/\/appriou.bzh\/index.php\/wp-json\/wp\/v2\/categories?post=6698"},{"taxonomy":"post_tag","embeddable":true,"href":"https:\/\/appriou.bzh\/index.php\/wp-json\/wp\/v2\/tags?post=6698"}],"curies":[{"name":"wp","href":"https:\/\/api.w.org\/{rel}","templated":true}]}}