{"id":6730,"date":"2014-09-10T14:33:51","date_gmt":"2014-09-10T12:33:51","guid":{"rendered":"https:\/\/plouguerneau.net\/6-4-ovillers-la-boisselle-le-17-decembre-2014\/"},"modified":"2025-01-27T10:00:59","modified_gmt":"2025-01-27T09:00:59","slug":"6-4-ovillers-la-boisselle-le-17-decembre-2014-2","status":"publish","type":"page","link":"https:\/\/appriou.bzh\/index.php\/6-4-ovillers-la-boisselle-le-17-decembre-2014-2\/","title":{"rendered":"6.4 &#8211; Ovillers-La-Boisselle le 17 D\u00e9cembre 1914"},"content":{"rendered":"<p><center><br \/>\n<span style=\"color: #0000ff;\"><strong><span style=\"font-size: large;\">OVILLERS-LA-BOISSELLE LE 17 DECEMBRE 1914<\/span><\/strong><\/span><\/center><\/p>\n<table>\n<tbody>\n<tr>\n<td><\/td>\n<\/tr>\n<\/tbody>\n<\/table>\n<div align=\"justify\"><center><strong>7 plouguern\u00e9ens sont morts \u00e0 OVILLERS-LA-BOISELLE le 17 D\u00e9cembre 1914.<\/strong><\/center><center><\/center><center><\/center><strong>. JOLL\u00c9 Th\u00e9ophile<\/strong> &#8211; N\u00e9 le : 4\/10\/1884 &#8211; Saint-Alphonse &#8211; Lannilis &#8211; Unit\u00e9 : 19e RI<\/p>\n<p>Selon \u00ab\u00a0M\u00e9moire des hommes\u00a0\u00bb, Th\u00e9ophile Joll\u00e9 a \u00e9t\u00e9 tu\u00e9 \u00e0 l&rsquo;ennemi le 17\/12\/1914. Son corps ne fut sans doute jamais identifi\u00e9 car son d\u00e9c\u00e8s fut d\u00e9clar\u00e9 constant par le tribunal de Brest le 10\/06\/1920. Th\u00e9ophile Joll\u00e9 \u00e9tait tailleur de pierres \u00e0 Saint-Alphonse (Lannilis) en 1907. Sa femme, fille de meuniers \u00e9tait d\u00e9bitante de boissons sur la Grand-Rue au bourg de Plouguerneau. Marguerite Foricher se remaria en 1921 avec Fran\u00e7ois Calvez (chevalier de la L\u00e9gion d&rsquo;Honneur, Croix de Guerre et M\u00e9daille Militaire), originaire de Kergoff.<\/p>\n<p><strong>. NICOLAS Jean-Louis<\/strong> &#8211; N\u00e9 le : 15\/9\/1882 &#8211; Prat-Lanven &#8211; Plouguerneau &#8211; Unit\u00e9 : 19e RI<\/p>\n<p>Selon \u00ab\u00a0M\u00e9moire de hommes\u00a0\u00bb, Jean-Louis Nicolas a \u00e9t\u00e9 tu\u00e9 \u00e0 l&rsquo;ennemi \u00e0 La Boisselle. Son corps a sans doute disparu (ou il fut enterr\u00e9 sommairement) car son d\u00e9c\u00e8s fut d\u00e9clar\u00e9 constant par le tribunal civil de Brest le 24\/06\/1920. Le 17\/12\/1914, le 19\u00e8me RI eut 1157 hommes tu\u00e9s, bless\u00e9s ou disparus, quatre mois apr\u00e8s son bapt\u00eame du feu \u00e0 Maissin le 22\/08\/1914, journ\u00e9e o\u00f9 il fut d\u00e9j\u00e0 d\u00e9cim\u00e9. Jean-Louis Nicolas, cultivateur au Lannic depuis son mariage avec Marie-Th\u00e9r\u00e8se Abiven, \u00e9tait p\u00e8re de deux filles \u00e2g\u00e9es de trois et un an. En mars 1915, naquit Jean-Louis, son fils posthume qui mourut en janvier 1918.<\/p>\n<p><strong>. NICOLAS Pierre <\/strong> &#8211; N\u00e9 le : 6\/4\/1883 &#8211; K\u00e9rizoc &#8211; Plouguerneau &#8211; Unit\u00e9 : 19e RI<\/p>\n<p>Selon \u00ab\u00a0M\u00e9moire des hommes\u00a0\u00bb, Pierre Nicolas a \u00e9t\u00e9 tu\u00e9 \u00e0 l&rsquo;ennemi. Son corps n&rsquo;a peut-\u00eatre pas \u00e9t\u00e9 retrouv\u00e9, ou il fut enterr\u00e9 sommairement, car son d\u00e9c\u00e8s d\u00e9clar\u00e9 a \u00e9t\u00e9 d\u00e9clar\u00e9 constant par jugement du tribunal de Brest le 14\/10\/1920. Le nom de Pierre Nicolas est grav\u00e9 sur le monument aux morts de Lannilis.<\/p>\n<p><strong>. PELL\u00c9 Jean-Pierre <\/strong> &#8211; N\u00e9 le : 12\/2\/1888 &#8211; Kerd\u00e9lant &#8211; Plouguerneau &#8211; Unit\u00e9 : 19e RI<\/p>\n<p>Selon \u00ab\u00a0M\u00e9moire des hommes\u00a0\u00bb, Jean-Pierre Pell\u00e9 a \u00e9t\u00e9 tu\u00e9 \u00e0 l&rsquo;ennemi. Son d\u00e9c\u00e8s fut d\u00e9clar\u00e9 constant par le Tribunal de Brest le 16\/12\/1920. Il a probablement disparu au combat le 17\/12\/1914 \u00e0 Orvilliers-La Boisselle. Son nom n&rsquo;est pas grav\u00e9 sur le monument au morts de Plouguerneau mais sur celui de Guiss\u00e9ny, pour une raison que nous n&rsquo;avons pas retrouv\u00e9. Il demeurait peut-\u00eatre \u00e0 Guiss\u00e9ny en 1914.<\/p>\n<p><strong>. QU\u00c9R\u00c9 Louis<\/strong> &#8211; N\u00e9 le : 1\/1\/1889 &#8211; Ant\u00e9ren &#8211; Plouguerneau &#8211; Unit\u00e9 : 19e RI<\/p>\n<p>Selon \u00ab\u00a0M\u00e9moire de hommes\u00a0\u00bb, Louis Qu\u00e9r\u00e9 a \u00e9t\u00e9 tu\u00e9 \u00e0 l&rsquo;ennemi, sans doute disparu, \u00e0 Orvillers-La-Boisselle le 17\/12\/1914. Son d\u00e9c\u00e8s fut d\u00e9clar\u00e9 \u00e0 Bouzincourt (Somme) le 22\/06\/1915 \u00e0 6 km du lieu de d\u00e9c\u00e8s, comme celui de Jean-Fran\u00e7ois Salaun peut-\u00eatre parce que leurs cadavres furent retrouv\u00e9s.<\/p>\n<p><strong>. SALAUN Jean-Fran\u00e7ois<\/strong> &#8211; N\u00e9 le : 11\/7\/1887 &#8211; Kerhabo &#8211; Plouguerneau &#8211; Unit\u00e9 : 19e RI<\/p>\n<p>Selon un avis de disparition adress\u00e9 \u00e0 la mairie de Plouguerneau, pour ses parents demeurant \u00e0 Languerc&rsquo;h en 1914, Jean-Fran\u00e7ois Salaun aurait d\u00e9j\u00e0 \u00e9t\u00e9 port\u00e9 disparu \u00e0 Autr\u00eaches (Oise) le 17\/09\/1914. Mais il s&rsquo;agit peut-\u00eatre d&rsquo;une erreur due \u00e0 une homonymie avec un soldat du 219\u00e8me RI, car le 19\/07\/1916 un autre avis fit part de sa disparition \u00e0 La Boisselle le 17\/12\/1914. Ce fut la date officielle de sa mort. Suivant l&rsquo;acte de son d\u00e9c\u00e8s dress\u00e9 \u00e0 Bouzincourt (Somme) le 22\/06\/1915, il fut tu\u00e9 \u00e0 l&rsquo;ennemi le 17\/12\/1914 \u00e0 Orvillers- La Boisselle, comme Louis Qu\u00e9r\u00e9 d&rsquo;Anteren. La raison du retard de ces d\u00e9clarations de d\u00e9c\u00e8s est inconnue (disparitions, puis d\u00e9couverte des corps&#8230; ? Jean-Fran\u00e7ois Salaun est consid\u00e9r\u00e9 comme disparu \u00e0 La Boisselle \u00e0 la date du 17\/12\/1914 par l&rsquo;inscription grav\u00e9e sur sa tombe de famille au cimeti\u00e8re du Grouanec, mais il ne figure pas dans \u00ab\u00a0M\u00e9moire des Hommes\u00a0\u00bb comme MPLF.<\/p>\n<p><strong>. SALOU Jean-Louis <\/strong> &#8211; N\u00e9 le : 27\/12\/1888 &#8211; Prat-L\u00e9dan &#8211; Plouguerneau &#8211; Unit\u00e9 : 19e RI<\/p>\n<p>Selon \u00ab\u00a0M\u00e9moire des hommes\u00a0\u00bb, Jean-Louis Salou a \u00e9t\u00e9 tu\u00e9 \u00e0 l&rsquo;ennemi le 17\/12\/1914, sans doute disparu ou enterr\u00e9 sommairement car son d\u00e9c\u00e8s fut d\u00e9clar\u00e9 constant par le tribunal de Brest le 10\/06\/1920.<\/p>\n<table>\n<tbody>\n<tr>\n<td><\/td>\n<\/tr>\n<\/tbody>\n<\/table>\n<table>\n<tbody>\n<tr>\n<td><\/td>\n<\/tr>\n<\/tbody>\n<\/table>\n<p><center><strong>Document parlant L&rsquo;ATTAQUE D&rsquo;OVILLERS LA BOISSELLE.<\/strong><\/center><\/p>\n<table>\n<tbody>\n<tr>\n<td><\/td>\n<\/tr>\n<\/tbody>\n<\/table>\n<p><strong>LE CALVAIRE BRETON D\u2019OVILLERS<\/strong> : Le 17 d\u00e9cembre 1914, les soldats bretons m\u00e8nent une offensive \u00e0 Ovillers et la Boisselle, l\u2019attaque tourne mal et se solde par un \u00e9chec. Le bilan des pertes est terrible : 19 officiers, 1 138 sous officiers et soldats seront tu\u00e9s, bless\u00e9s ou fait prisonniers. Le 19e R\u00e9giment d\u2019infanterie est d\u00e9cim\u00e9.<\/p>\n<p>Parmi les officiers tu\u00e9s, le Lieutenant Augustin de Boisanger fut mortellement bless\u00e9. Encore conscient sur le champ de bataille, ses hommes insistent pour le secourir et l\u2019\u00e9loigner des combats. Le lieutenant refuse et d\u00e9clare : \u00ab Je n\u2019abandonne pas mes bretons \u00bb. Il d\u00e9c\u00e9dera de ses blessures aux cot\u00e9s de nombreux soldats ayant combattu sous ses ordres.<\/p>\n<p>\u00c9rig\u00e9 et inaugur\u00e9 en 1924, le calvaire breton d\u2019Ovillers rappelle la m\u00e9moire du lieutenant et des soldats du 19e R\u00e9giment d&rsquo;Infanterie tomb\u00e9s dans la plaine picarde lors de l\u2019attaque du 17 d\u00e9cembre 1914.<\/p>\n<p>\u00c9mouvante carte postale, \u00e9voquant les nombreuses victimes de l&rsquo;attaque d&rsquo;<strong>Ovillers<\/strong> le <strong>17 d\u00e9cembre 1914<\/strong>, envoy\u00e9e par un soldat du <strong>19e r\u00e9giment d&rsquo;infanterie<\/strong> \u00e0 sa fianc\u00e9e.<a href=\"http:\/\/19emeri.canalblog.com\/archives\/2015\/12\/16\/33078412.html\" target=\"_blank\" rel=\"noopener\">ICI<\/a><\/p>\n<p>&nbsp;<\/p>\n<table>\n<tbody>\n<tr>\n<td><\/td>\n<\/tr>\n<\/tbody>\n<\/table>\n<p>&nbsp;<\/p>\n<table>\n<tbody>\n<tr>\n<td><\/td>\n<\/tr>\n<\/tbody>\n<\/table>\n<p><center><strong>3 Plouguern\u00e9ens furent faits Prisonniers.<\/strong><\/center><\/p>\n<table>\n<tbody>\n<tr>\n<td><\/td>\n<\/tr>\n<\/tbody>\n<\/table>\n<p><strong>. CALONNEC Jean-Louis<\/strong> &#8211; N\u00e9 : 8\/1\/1889 &#8211; Unit\u00e9 : 19e RI &#8211; Pris. : 17\/12\/1914 -Captivit\u00e9 : Permoussa\u00ebn &#8211; Lib. : 01\/12\/1918<\/p>\n<p>Jean-Louis Calonnec est d\u00e9c\u00e9d\u00e9 \u00e0 Kervener le 26\/06\/1949. Sa veuve, Marie-Anne Collic, demeure toujours \u00e0 Kervener en 1959.<\/p>\n<p><strong>. JEUNE (LE) [Jean]-Louis <\/strong> &#8211; N\u00e9 : 10\/1\/1888 &#8211; Unit\u00e9 : 19e RI &#8211; Pris. : 17\/12\/1914 &#8211; Captivit\u00e9 : Permoussa\u00ebn &#8211; Lib. : &#8211; En 1959 : Derbez<\/p>\n<p>D\u00e9c\u00e9d\u00e9 \u00e0 Lannilis le 05\/09\/1973.<\/p>\n<p><strong>. ROUDAUT Fran\u00e7ois<\/strong> &#8211; N\u00e9 : 12\/4\/1882 &#8211; Unit\u00e9 : 19e RI &#8211; Pris. : 17\/12\/1914 &#8211; Captivit\u00e9 : Celle &#8211; Lib. : 15\/01\/1919 &#8211; En 1959 : Kerfaven<\/p>\n<p>Veuf de Marie Tanguy depuis le 13\/02\/1953,Fran\u00e7ois-Marie Roudaut est d\u00e9c\u00e9d\u00e9 \u00e0 Kerfaven le 24\/09\/1959.<\/p>\n<table>\n<tbody>\n<tr>\n<td><\/td>\n<\/tr>\n<\/tbody>\n<\/table>\n<p><center><strong>2 autres Plouguern\u00e9ens sont morts en 1915.<\/strong><\/center><\/p>\n<table>\n<tbody>\n<tr>\n<td><\/td>\n<\/tr>\n<\/tbody>\n<\/table>\n<p><strong>. CALVEZ Louis<\/strong> &#8211; N\u00e9 le : 17\/10\/1894 &#8211; Kern\u00e9ac\u2019h an Traon &#8211; Plouguerneau &#8211; Unit\u00e9 : 118e RI &#8211; D\u00e9c\u00e9d\u00e9 le : 25\/1\/1915<\/p>\n<p>Louis Calvez a \u00e9t\u00e9 tu\u00e9 \u00e0 l&rsquo;ennemi le 25\/01\/1915. L&rsquo;acte de son d\u00e9c\u00e8s n&rsquo;a \u00e9t\u00e9 r\u00e9dig\u00e9 que le 19\/06\/1915 \u00e0 Dernancourt (Somme), apparemment suite \u00e0 son inhumation \u00e0 l&rsquo;insu de l&rsquo;Officier d&rsquo;\u00e9tat-civil le 25\/01\/1915. L&rsquo;un des t\u00e9moins signataire l&rsquo;acte est Etienne Sanquer de Kerambars, sergent au 118\u00e8me RI, qui terminera la guerre comme adjudant au 41\u00e8me RI. Durant ce mois de janvier, le JMO du 118\u00e8me RI ne fait pas \u00e9tat des pertes mais seulement de 428 hommes qui arrivent en renfort le 28, ce qui laisse \u00e0 penser que le mois fut particuli\u00e8rement \u00e9prouvant pour la troupe.<\/p>\n<p><strong>. KERVELLA Fran\u00e7ois-Laurent<\/strong> &#8211; N\u00e9 le : 4\/1\/1885 &#8211; Pengourven &#8211; Plouguerneau &#8211; Unit\u00e9 : 19e RI &#8211; D\u00e9c\u00e9d\u00e9 le : 15\/5\/1915<\/p>\n<p>Fran\u00e7ois Kervella (pr\u00e9nom rectifi\u00e9 en Fran\u00e7ois-Laurent le 14\/05\/1918) est d\u00e9c\u00e9d\u00e9 sur le champ de bataille le 15\/05\/1915. Son d\u00e9c\u00e8s fut d\u00e9clar\u00e9 le 16\/05\/1915 \u00e0 Albert (Somme). Sa veuve, originaire de K\u00e9rizoc, demeure \u00e0 Pengourven en 1915.<\/p>\n<\/div>\n","protected":false},"excerpt":{"rendered":"<p>OVILLERS-LA-BOISSELLE LE 17 DECEMBRE 1914 7 plouguern\u00e9ens sont morts \u00e0 OVILLERS-LA-BOISELLE le 17 D\u00e9cembre 1914.. JOLL\u00c9 Th\u00e9ophile &#8211; N\u00e9 le : 4\/10\/1884 &#8211; Saint-Alphonse &#8211; Lannilis &#8211; Unit\u00e9 : 19e [&hellip;]<\/p>\n","protected":false},"author":4,"featured_media":0,"parent":0,"menu_order":0,"comment_status":"closed","ping_status":"open","template":"","meta":{"ngg_post_thumbnail":0,"_EventAllDay":false,"_EventTimezone":"","_EventStartDate":"","_EventEndDate":"","_EventStartDateUTC":"","_EventEndDateUTC":"","_EventShowMap":false,"_EventShowMapLink":false,"_EventURL":"","_EventCost":"","_EventCostDescription":"","_EventCurrencySymbol":"","_EventCurrencyCode":"","_EventCurrencyPosition":"","_EventDateTimeSeparator":"","_EventTimeRangeSeparator":"","_EventOrganizerID":[],"_EventVenueID":[],"_OrganizerEmail":"","_OrganizerPhone":"","_OrganizerWebsite":"","_VenueAddress":"","_VenueCity":"","_VenueCountry":"","_VenueProvince":"","_VenueState":"","_VenueZip":"","_VenuePhone":"","_VenueURL":"","_VenueStateProvince":"","_VenueLat":"","_VenueLng":"","_VenueShowMap":false,"_VenueShowMapLink":false,"footnotes":""},"categories":[228],"tags":[],"class_list":["post-6730","page","type-page","status-publish","hentry","category-14-18-6-quelques-documents"],"_links":{"self":[{"href":"https:\/\/appriou.bzh\/index.php\/wp-json\/wp\/v2\/pages\/6730","targetHints":{"allow":["GET"]}}],"collection":[{"href":"https:\/\/appriou.bzh\/index.php\/wp-json\/wp\/v2\/pages"}],"about":[{"href":"https:\/\/appriou.bzh\/index.php\/wp-json\/wp\/v2\/types\/page"}],"author":[{"embeddable":true,"href":"https:\/\/appriou.bzh\/index.php\/wp-json\/wp\/v2\/users\/4"}],"replies":[{"embeddable":true,"href":"https:\/\/appriou.bzh\/index.php\/wp-json\/wp\/v2\/comments?post=6730"}],"version-history":[{"count":0,"href":"https:\/\/appriou.bzh\/index.php\/wp-json\/wp\/v2\/pages\/6730\/revisions"}],"wp:attachment":[{"href":"https:\/\/appriou.bzh\/index.php\/wp-json\/wp\/v2\/media?parent=6730"}],"wp:term":[{"taxonomy":"category","embeddable":true,"href":"https:\/\/appriou.bzh\/index.php\/wp-json\/wp\/v2\/categories?post=6730"},{"taxonomy":"post_tag","embeddable":true,"href":"https:\/\/appriou.bzh\/index.php\/wp-json\/wp\/v2\/tags?post=6730"}],"curies":[{"name":"wp","href":"https:\/\/api.w.org\/{rel}","templated":true}]}}