{"id":6731,"date":"2014-09-10T14:45:39","date_gmt":"2014-09-10T12:45:39","guid":{"rendered":"https:\/\/plouguerneau.net\/6-2-rossignol-le-22-aout-1914\/"},"modified":"2025-01-27T10:00:59","modified_gmt":"2025-01-27T09:00:59","slug":"6-2-rossignol-le-22-aout-1914-2","status":"publish","type":"page","link":"https:\/\/appriou.bzh\/index.php\/6-2-rossignol-le-22-aout-1914-2\/","title":{"rendered":"6.2 &#8211; Rossignol le 22 Ao\u00fbt 1914"},"content":{"rendered":"<p><center><br \/>\n<span style=\"color: #0000ff;\"><strong><span style=\"font-size: large;\">ROSSIGNOL LE 22 AOUT 1914<\/span><\/strong><\/span><\/center><\/p>\n<table>\n<tbody>\n<tr>\n<td><\/td>\n<\/tr>\n<\/tbody>\n<\/table>\n<div align=\"justify\"><center><strong>Un plouguern\u00e9en est mort \u00e0 ROSSIGNOL le 22 Ao\u00fbt 1914.<\/strong><\/center><strong>FRANC\u00c8S Fran\u00e7ois-Marie<\/strong> &#8211; N\u00e9 le : 8\/1\/1888 &#8211; Moulin du Stang &#8211; Plouguerneau &#8211; Unit\u00e9 : 2e RIC<\/p>\n<p>Selon \u00ab\u00a0M\u00e9moire des hommes\u00a0\u00bb, Fran\u00e7ois-Marie Franc\u00e8s a \u00e9t\u00e9 tu\u00e9 \u00e0 l&rsquo;ennemi \u00e0 Rossignol (Belgique) le 22\/08\/1914. Pour ce seul jour, l&rsquo;historique du r\u00e9giment fait \u00e9tat de 2850 hommes hors de combat, dont 410 tu\u00e9s suivant d&rsquo;autres sources. Son d\u00e9c\u00e8s fut d\u00e9clar\u00e9 constant par le Tribunal de Brest le 20\/05\/1920 car son cadavre ne fut sans doute jamais identifi\u00e9 et enterr\u00e9 sommairement dans une fosse commune par la population du village belge. En 1906, alors \u00e2g\u00e9 de 13 ans, Jean-Marie Franc\u00e8s habitait rue Toull-Batel avec ses parents, anciens meuniers devenus journaliers.<\/p>\n<p style=\"text-align: center;\">La vid\u00e9o ( de Tv Luxembourg ) qui suit parle de la bataille de Rossignol.<\/p>\n<table>\n<tbody>\n<tr>\n<td><\/td>\n<\/tr>\n<\/tbody>\n<\/table>\n<p><iframe src=\"https:\/\/www.tvlux.be\/playerjs\/embed.php?id=16794\" width=\"560\" height=\"315\" frameborder=\"0\" allowfullscreen=\"allowfullscreen\"><\/iframe><\/p>\n<table>\n<tbody>\n<tr>\n<td><\/td>\n<\/tr>\n<\/tbody>\n<\/table>\n<p>&nbsp;<\/p>\n<\/div>\n","protected":false},"excerpt":{"rendered":"<p>ROSSIGNOL LE 22 AOUT 1914 Un plouguern\u00e9en est mort \u00e0 ROSSIGNOL le 22 Ao\u00fbt 1914.FRANC\u00c8S Fran\u00e7ois-Marie &#8211; N\u00e9 le : 8\/1\/1888 &#8211; Moulin du Stang &#8211; Plouguerneau &#8211; Unit\u00e9 : [&hellip;]<\/p>\n","protected":false},"author":4,"featured_media":1774,"parent":0,"menu_order":0,"comment_status":"closed","ping_status":"open","template":"","meta":{"ngg_post_thumbnail":0,"_EventAllDay":false,"_EventTimezone":"","_EventStartDate":"","_EventEndDate":"","_EventStartDateUTC":"","_EventEndDateUTC":"","_EventShowMap":false,"_EventShowMapLink":false,"_EventURL":"","_EventCost":"","_EventCostDescription":"","_EventCurrencySymbol":"","_EventCurrencyCode":"","_EventCurrencyPosition":"","_EventDateTimeSeparator":"","_EventTimeRangeSeparator":"","_EventOrganizerID":[],"_EventVenueID":[],"_OrganizerEmail":"","_OrganizerPhone":"","_OrganizerWebsite":"","_VenueAddress":"","_VenueCity":"","_VenueCountry":"","_VenueProvince":"","_VenueState":"","_VenueZip":"","_VenuePhone":"","_VenueURL":"","_VenueStateProvince":"","_VenueLat":"","_VenueLng":"","_VenueShowMap":false,"_VenueShowMapLink":false,"footnotes":""},"categories":[228],"tags":[],"class_list":["post-6731","page","type-page","status-publish","has-post-thumbnail","hentry","category-14-18-6-quelques-documents"],"_links":{"self":[{"href":"https:\/\/appriou.bzh\/index.php\/wp-json\/wp\/v2\/pages\/6731","targetHints":{"allow":["GET"]}}],"collection":[{"href":"https:\/\/appriou.bzh\/index.php\/wp-json\/wp\/v2\/pages"}],"about":[{"href":"https:\/\/appriou.bzh\/index.php\/wp-json\/wp\/v2\/types\/page"}],"author":[{"embeddable":true,"href":"https:\/\/appriou.bzh\/index.php\/wp-json\/wp\/v2\/users\/4"}],"replies":[{"embeddable":true,"href":"https:\/\/appriou.bzh\/index.php\/wp-json\/wp\/v2\/comments?post=6731"}],"version-history":[{"count":0,"href":"https:\/\/appriou.bzh\/index.php\/wp-json\/wp\/v2\/pages\/6731\/revisions"}],"wp:featuredmedia":[{"embeddable":true,"href":"https:\/\/appriou.bzh\/index.php\/wp-json\/wp\/v2\/media\/1774"}],"wp:attachment":[{"href":"https:\/\/appriou.bzh\/index.php\/wp-json\/wp\/v2\/media?parent=6731"}],"wp:term":[{"taxonomy":"category","embeddable":true,"href":"https:\/\/appriou.bzh\/index.php\/wp-json\/wp\/v2\/categories?post=6731"},{"taxonomy":"post_tag","embeddable":true,"href":"https:\/\/appriou.bzh\/index.php\/wp-json\/wp\/v2\/tags?post=6731"}],"curies":[{"name":"wp","href":"https:\/\/api.w.org\/{rel}","templated":true}]}}