{"id":6732,"date":"2014-09-10T18:42:02","date_gmt":"2014-09-10T16:42:02","guid":{"rendered":"https:\/\/plouguerneau.net\/6-3-le-siege-de-maubeuge-aout-septembre-1914\/"},"modified":"2025-01-27T10:00:59","modified_gmt":"2025-01-27T09:00:59","slug":"6-3-le-siege-de-maubeuge-aout-septembre-1914-2","status":"publish","type":"page","link":"https:\/\/appriou.bzh\/index.php\/6-3-le-siege-de-maubeuge-aout-septembre-1914-2\/","title":{"rendered":"6.3 &#8211; Le si\u00e8ge de Maubeuge Ao\u00fbt-Septembre 1914"},"content":{"rendered":"<p><center><br \/>\n<span style=\"color: #0000ff;\"><strong><span style=\"font-size: large;\">LE SIEGE DE MAUBEUGE 28 AOUT &#8211; 8 SEPTEMBRE 1914<\/span><\/strong><\/span><\/center><\/p>\n<table>\n<tbody>\n<tr>\n<td><\/td>\n<\/tr>\n<\/tbody>\n<\/table>\n<div align=\"justify\"><center><strong>16 Plouguern\u00e9ens principalement du 32e RIC ( R\u00e9giment d\u2019Infanterie Coloniale &#8211; 1 000 hommes &#8211; Lieutenant-Colonel Fran\u00e7ois ) firent partis de 46 000 prisonniers du si\u00e9ge de Maubeuge et furent lib\u00e9r\u00e9s \u00e0 partir de D\u00e9cembre 1918.<\/strong><\/center><strong>. BERTHOULOUX Jean<\/strong> &#8211; N\u00e9 le : 3\/8\/1881 &#8211; Unit\u00e9 : 32e RIC &#8211; Pris. le : 07\/09\/1914 &#8211; Lib. le : 15\/01\/1919 &#8211; En 1959 : Lanvaon<\/p>\n<p>Son fr\u00e8re Pierre est mort pour la France le 02\/07\/1916 \u00e0 Foucaucourt (Somme).<\/p>\n<p><strong>. BOSSARD Jean<\/strong> &#8211; N\u00e9 le : 15\/1\/1882 &#8211; Unit\u00e9 : 3e RAP &#8211; Pris. le : 08\/09\/1914 &#8211; Lib. le : 26\/12\/1918 &#8211; En 1959 : Keryel<\/p>\n<p><strong>. CALVEZ Fran\u00e7ois<\/strong> &#8211; N\u00e9 le : 31\/10\/1883 &#8211; Unit\u00e9 : 32e RIC &#8211; Pris. le : 08\/09\/1914 &#8211; Lib. le : 01\/01\/1919 &#8211; En 1959 : Kergasken<\/p>\n<p>Selon une mention marginale sur son acte de naissance, Ftan\u00e7ois Calvez est d\u00e9c\u00e9d\u00e9 \u00e0 Plouguerneau le 28\/01\/1967.<\/p>\n<p><strong>. DAVID Jean-Louis <\/strong> &#8211; N\u00e9 le : 3\/4\/1883 &#8211; Unit\u00e9 : 32e RIC &#8211; Pris. le : 07\/09\/1914 &#8211; Lib. le : 15\/01\/1919 &#8211; En 1959 : Kerhabo<\/p>\n<p>En 1959, il est veuf de Marguerite Marzin, fille des derniers meuniers au moulin du Grouanec, d\u00e9c\u00e9d\u00e9e \u00e0 Kerdidreun le 05\/05\/1935. Selon une mention marginale sur son acte de naissance, il est d\u00e9c\u00e9d\u00e9 \u00e0 Lannilis le 06\/09\/1969.<\/p>\n<p><strong>. DAVID Yves<\/strong> &#8211; N\u00e9 le : 8\/11\/1880 &#8211; Unit\u00e9 : 32e RIC &#8211; Pris. le : 07\/09\/1914 &#8211; Lib. le : 01\/12\/1918 &#8211; En 1959 : Sainte-Anne<\/p>\n<p>Selon une mention marginale, sur son acte de naissance, Yves David est d\u00e9c\u00e9d\u00e9 au Grouanec, \u00e0 Sainte-Anne, le 04\/01\/1971.<\/p>\n<p><strong>. GUEN (LE) Guillaume<\/strong> &#8211; N\u00e9 le : 24\/4\/1883 &#8211; Unit\u00e9 : 32e RIC &#8211; Pris. le : 08\/09\/1914 &#8211; Lib. le : 20\/12\/1918 &#8211; En 1959 : K\u00e9r\u00e9as<\/p>\n<p>Veuf de Marie-Jeanne S\u00e9galen, Guillaume Le Guen est d\u00e9c\u00e9d\u00e9 \u00e0 K\u00e9r\u00e9as le 05\/05\/1967.<\/p>\n<p><strong>. GU\u00c9VEL Fran\u00e7ois-Marie<\/strong> &#8211; N\u00e9 le : 20\/6\/1885 &#8211; Unit\u00e9 : 32e RIC &#8211; Pris. le : 08\/09\/1914 &#8211; Lib. le : 24\/12\/1918 &#8211; En 1959 : K\u00e9rhuel<\/p>\n<p>D\u00e9c\u00e9d\u00e9 le 20\/07\/1970 \u00e0 Kerhuel.<\/p>\n<p><strong>. KERFOURN Yves<\/strong> &#8211; N\u00e9 le : 1\/11\/1889 &#8211; Unit\u00e9 : 32e RIC &#8211; Pris. le : 08\/09\/1914 &#8211; Lib. le : 26\/12\/1918 &#8211; En 1959 : Croasprenn<\/p>\n<p>Yves Kerfourn est d\u00e9c\u00e9d\u00e9 le 31\/01\/1975. Adrienne Page, son \u00e9pouse, avait perdu ses fr\u00e8res Andr\u00e9 et Ren\u00e9 durant la Grande Guerre en 1916 et 1918, respectivement, et trois de ses cousins Jean-Marie et Yves Page et Fran\u00e7ois-Marie Boucher.<\/p>\n<p><strong>. JEUNE (LE) Jean<\/strong> &#8211; N\u00e9 le : 18\/8\/1880 &#8211; Unit\u00e9 : 32e RIC &#8211; Pris. le : 07\/09\/1914 &#8211; Lib. le : 05\/01\/1919<\/p>\n<p>Sa veuve, Marie-Jeanne Grall, demeure \u00e0 Kervily en 1959. Selon une mention marginale appos\u00e9e sur son acte de naissance, il est d\u00e9c\u00e9d\u00e9 \u00e0 Plouguerneau le 19\/03\/1952.<\/p>\n<p><strong>. KERVELLA Michel <\/strong> &#8211; N\u00e9 le : 26\/6\/1888 &#8211; Unit\u00e9 : 32e RIC &#8211; Pris. le : 07\/09\/1914 &#8211; Lib. le : 05\/01\/1919 &#8211; En 1959 : Kerdidreun<\/p>\n<p>Michel Kervella est d\u00e9c\u00e9d\u00e9 le 25\/10\/1968 \u00e0 Kerdidreun.<\/p>\n<p><strong>. KERYER Fran\u00e7ois <\/strong> &#8211; N\u00e9 le : 22\/1\/1887 &#8211; Unit\u00e9 : 32e RIC &#8211; Pris. le : 07\/09\/1914 &#8211; Lib. le : 05\/01\/1919 &#8211; En 1959 : Kerhuel<\/p>\n<p>Sa famille est venue s&rsquo;\u00e9tablir \u00e0 Kerhuel entre 1911 et 1914. C\u00e9libataire, il est d\u00e9c\u00e9d\u00e9 au bourg de Plouguerneau le 25\/08\/1976.<\/p>\n<p><strong>. PRONOST Joachim<\/strong> &#8211; N\u00e9 le : 29\/7\/1887 &#8211; Unit\u00e9 : 32e RIC &#8211; Pris. le : 08\/09\/1914 &#8211; Lib. le : 10\/01\/1919 &#8211; En 1959 : Mogu\u00e9ran<\/p>\n<p>Captur\u00e9 lors de la reddition de la place forte de Maubeuge (au moins 45000 prisonniers fran\u00e7ais), Joachim Pronost est d\u00e9c\u00e9d\u00e9 \u00e0 Mogu\u00e9ran le 10\/10\/1964.<\/p>\n<p><strong>. ROUDAUT Auguste<\/strong> &#8211; N\u00e9 le : 17\/1\/1883 &#8211; Unit\u00e9 : 32e RIC &#8211; Pris. le : 08\/09\/1914 &#8211; Lib. le : 25\/11\/1918 &#8211; En 1959 : Croas-Boulic<\/p>\n<p>Domicili\u00e9 \u00e0 Kergadavarn en 1914. Captur\u00e9 lors de la reddition de la place forte de Maubeuge (au moins 45000 prisonniers fran\u00e7ais), Auguste Roudaut est d\u00e9c\u00e9d\u00e9 rue de Croas-Boulic, le 07\/04\/1963.<\/p>\n<p><strong>. ROUDAUT Joseph <\/strong> &#8211; N\u00e9 le : 8\/4\/1887 &#8211; Unit\u00e9 : 32e RIC &#8211; Pris. le : 08\/09\/1914 &#8211; Lib. le : 25\/11\/1918 &#8211; En 1959 : Mesmeur<\/p>\n<p>Domicili\u00e9 \u00e0 Kervent en 1919, Joseph Roudaut est d\u00e9c\u00e9d\u00e9 le 11\/07\/1969 suivant la mention marginale appos\u00e9e sur son acte de naissance.<\/p>\n<p><strong>. ROUX (LE) Jean<\/strong> &#8211; N\u00e9 le : 22\/6\/1887 &#8211; Unit\u00e9 : 32e RIC &#8211; Pris. le : 07\/09\/1914 &#8211; Lib. le : 05\/01\/1919 &#8211; En 1959 : Saint-Qu\u00e9nan<\/p>\n<p>Jean Le Roux est d\u00e9c\u00e9d\u00e9 \u00e0 Saint-Qu\u00e9nan le 15\/02\/1965.<\/p>\n<p><strong>. V\u00c9ZO (LE) Pierre<\/strong> &#8211; N\u00e9 le : 27\/5\/1880 &#8211; Unit\u00e9 : 32e RIC &#8211; Pris. le : 08\/09\/1914 &#8211; Lib. le : 01\/01\/1919 &#8211; En 1959 : Bourg<\/p>\n<p>Captur\u00e9 lors de la reddition de la place forte de Maubeuge (au moins 45000 prisonniers fran\u00e7ais). Devenu veuf le 27\/03\/1962, Pierre Le V\u00e9zo est d\u00e9c\u00e9d\u00e9 au bourg le 25\/09\/1962.<\/p>\n<table>\n<tbody>\n<tr>\n<td><\/td>\n<\/tr>\n<\/tbody>\n<\/table>\n<p><center><strong>Le Si\u00e8ge de MAUBEUGE sur Wikip\u00e9dia.<\/strong><\/center><\/p>\n<table>\n<tbody>\n<tr>\n<td><\/td>\n<\/tr>\n<\/tbody>\n<\/table>\n<p><center><iframe src=\"https:\/\/fr.wikipedia.org\/wiki\/Si%C3%A8ge_de_Maubeuge_(1914)\" width=\"780\" height=\"660\" frameborder=\"0\" allowfullscreen=\"allowfullscreen\"><span style=\"display: inline-block; width: 0px; overflow: hidden; line-height: 0;\" data-mce-type=\"bookmark\" class=\"mce_SELRES_start\">\ufeff<\/span><\/iframe><\/center><\/p>\n<table>\n<tbody>\n<tr>\n<td><\/td>\n<\/tr>\n<\/tbody>\n<\/table>\n<\/div>\n","protected":false},"excerpt":{"rendered":"<p>LE SIEGE DE MAUBEUGE 28 AOUT &#8211; 8 SEPTEMBRE 1914 16 Plouguern\u00e9ens principalement du 32e RIC ( R\u00e9giment d\u2019Infanterie Coloniale &#8211; 1 000 hommes &#8211; Lieutenant-Colonel Fran\u00e7ois ) firent partis [&hellip;]<\/p>\n","protected":false},"author":4,"featured_media":5833,"parent":0,"menu_order":0,"comment_status":"closed","ping_status":"open","template":"","meta":{"ngg_post_thumbnail":0,"_EventAllDay":false,"_EventTimezone":"","_EventStartDate":"","_EventEndDate":"","_EventStartDateUTC":"","_EventEndDateUTC":"","_EventShowMap":false,"_EventShowMapLink":false,"_EventURL":"","_EventCost":"","_EventCostDescription":"","_EventCurrencySymbol":"","_EventCurrencyCode":"","_EventCurrencyPosition":"","_EventDateTimeSeparator":"","_EventTimeRangeSeparator":"","_EventOrganizerID":[],"_EventVenueID":[],"_OrganizerEmail":"","_OrganizerPhone":"","_OrganizerWebsite":"","_VenueAddress":"","_VenueCity":"","_VenueCountry":"","_VenueProvince":"","_VenueState":"","_VenueZip":"","_VenuePhone":"","_VenueURL":"","_VenueStateProvince":"","_VenueLat":"","_VenueLng":"","_VenueShowMap":false,"_VenueShowMapLink":false,"footnotes":""},"categories":[228],"tags":[],"class_list":["post-6732","page","type-page","status-publish","has-post-thumbnail","hentry","category-14-18-6-quelques-documents"],"_links":{"self":[{"href":"https:\/\/appriou.bzh\/index.php\/wp-json\/wp\/v2\/pages\/6732","targetHints":{"allow":["GET"]}}],"collection":[{"href":"https:\/\/appriou.bzh\/index.php\/wp-json\/wp\/v2\/pages"}],"about":[{"href":"https:\/\/appriou.bzh\/index.php\/wp-json\/wp\/v2\/types\/page"}],"author":[{"embeddable":true,"href":"https:\/\/appriou.bzh\/index.php\/wp-json\/wp\/v2\/users\/4"}],"replies":[{"embeddable":true,"href":"https:\/\/appriou.bzh\/index.php\/wp-json\/wp\/v2\/comments?post=6732"}],"version-history":[{"count":0,"href":"https:\/\/appriou.bzh\/index.php\/wp-json\/wp\/v2\/pages\/6732\/revisions"}],"wp:featuredmedia":[{"embeddable":true,"href":"https:\/\/appriou.bzh\/index.php\/wp-json\/wp\/v2\/media\/5833"}],"wp:attachment":[{"href":"https:\/\/appriou.bzh\/index.php\/wp-json\/wp\/v2\/media?parent=6732"}],"wp:term":[{"taxonomy":"category","embeddable":true,"href":"https:\/\/appriou.bzh\/index.php\/wp-json\/wp\/v2\/categories?post=6732"},{"taxonomy":"post_tag","embeddable":true,"href":"https:\/\/appriou.bzh\/index.php\/wp-json\/wp\/v2\/tags?post=6732"}],"curies":[{"name":"wp","href":"https:\/\/api.w.org\/{rel}","templated":true}]}}