{"id":6744,"date":"2012-07-02T16:17:00","date_gmt":"2012-07-02T14:17:00","guid":{"rendered":"https:\/\/plouguerneau.net\/3-chantiers-2-associations-1-envie\/"},"modified":"2025-01-27T10:16:59","modified_gmt":"2025-01-27T09:16:59","slug":"3-chantiers-2-associations-1-envie","status":"publish","type":"page","link":"https:\/\/appriou.bzh\/index.php\/3-chantiers-2-associations-1-envie\/","title":{"rendered":"3 chantiers, 2 associations, 1 envie&#8230;"},"content":{"rendered":"<div align=justify>\nLa m\u00e9t\u00e9o n&rsquo;est pas au beau fixe ce dimanche 17 juin, \u00e0 peine mieux qu&rsquo;il y a quelques semaines lorsque que <b>Plouguerneau Nature Environnement (PNE)<\/b> et <b>Plouguerneau d&rsquo;Hier et d&rsquo;Aujourd&rsquo;hui (PHA)<\/b> avaient d\u00e9cid\u00e9s de se retrouver pour travailler ensemble \u00e0 la pr\u00e9servation du petit patrimoine local. <br \/>\nIl n&rsquo;est pas dit que la m\u00e9t\u00e9o aura raison de l&rsquo;envie des associations de travailler en collaboration. Les membres de PNE d\u00e9cident de continuer le travail entam\u00e9 il y a quelques mois autour de la ferme de Pont Krac&rsquo;h ainsi que d&rsquo;effectuer la coupe du go\u00e9mon sur le Pont du Diable. La coupe du go\u00e9mon est rendue n\u00e9cessaire afin que le pont puisse \u00eatre travers\u00e9 en toute qui\u00e9tude, ou presque !<br \/>\nLes membres de PHA avaient \u00e0 coeur de redonner vie \u00e0 un lavoir et sa fontaine situ\u00e9s en contre-bas de la ferme.<\/p>\n<div align=center><img decoding=\"async\" src=\"https:\/\/plouguerneau.net\/wp-content\/uploads\/2012\/07\/association_presse_2012_pontkrach.jpg\"><br \/>\n<i><br \/>\nPhoto &#8211; Jean Morvan<\/i>\n<\/div>\n<p>\nLa pluie n&rsquo;a pas entam\u00e9 les ardeurs ni des travailleurs ni de Junior, un trait breton de 14 ans.  Ce dernier avait pour t\u00e2che de d\u00e9placer des blocs de pierre afin de r\u00e9tablir la ceinture du corps de ferme datant vraisemblablement du XVIII\u00e8me si\u00e8cle.<br \/>\nLa matin\u00e9e s&rsquo;est termin\u00e9e par un pot bien sympathique en l&rsquo;honneur du petit patrimoine local que tous ont \u00e0 coeur de pr\u00e9server et d&rsquo;essayer de transmettre aux g\u00e9n\u00e9rations futures.<\/p>\n<div align=center>\n<div class=\"flash\">\n      <object classid=\"clsid:d27cdb6e-ae6d-11cf-96b8-444553540000\" codebase=\"http:\/\/fpdownload.macromedia.com\/pub\/shockwave\/cabs\/flash\/swflash.cab#version=9,0,0,0\" width=\"500\" height=\"333\" id=\"tech\" align=\"middle\" ><param name=\"movie\" value=\"http:\/\/www.plouguerneau.net\/IMG\/swf\/pontdudiable.swf\" \/><param name=\"quality\" value=\"high\" \/><param name=\"allowFullScreen\" value=\"true\" \/><param name=\"wmode\" value=\"transparent\" \/><param name=\"allowScriptAccess\" value=\"always\" \/><param name=\"_flashcreator\" value=\"http:\/\/www.photo-flash-maker.com\" \/><param name=\"_flashhost\" value=\"http:\/\/www.go2album.com\" \/><embed src=\"http:\/\/www.plouguerneau.net\/IMG\/swf\/pontdudiable.swf\" width=\"500\" height=\"333\" quality=\"high\" allowFullScreen=\"true\" wmode=\"transparent\" allowScriptAccess=\"always\" name=\"tech\" align=\"middle\" type=\"application\/x-shockwave-flash\" pluginspage=\"http:\/\/www.macromedia.com\/go\/getflashplayer\" \/><\/object>\n    <\/div>\n<p>\n<i>Cr\u00e9dit photos : Claire Souche et Dominique Cardinal<\/i>\n<\/div>\n<\/div>\n","protected":false},"excerpt":{"rendered":"<p>La m\u00e9t\u00e9o n&rsquo;est pas au beau fixe ce dimanche 17 juin, \u00e0 peine mieux qu&rsquo;il y a quelques semaines lorsque que Plouguerneau Nature Environnement (PNE) et Plouguerneau d&rsquo;Hier et d&rsquo;Aujourd&rsquo;hui [&hellip;]<\/p>\n","protected":false},"author":4,"featured_media":0,"parent":0,"menu_order":0,"comment_status":"closed","ping_status":"open","template":"","meta":{"ngg_post_thumbnail":0,"_EventAllDay":false,"_EventTimezone":"","_EventStartDate":"","_EventEndDate":"","_EventStartDateUTC":"","_EventEndDateUTC":"","_EventShowMap":false,"_EventShowMapLink":false,"_EventURL":"","_EventCost":"","_EventCostDescription":"","_EventCurrencySymbol":"","_EventCurrencyCode":"","_EventCurrencyPosition":"","_EventDateTimeSeparator":"","_EventTimeRangeSeparator":"","_EventOrganizerID":[],"_EventVenueID":[],"_OrganizerEmail":"","_OrganizerPhone":"","_OrganizerWebsite":"","_VenueAddress":"","_VenueCity":"","_VenueCountry":"","_VenueProvince":"","_VenueState":"","_VenueZip":"","_VenuePhone":"","_VenueURL":"","_VenueStateProvince":"","_VenueLat":"","_VenueLng":"","_VenueShowMap":false,"_VenueShowMapLink":false,"footnotes":""},"categories":[204],"tags":[],"class_list":["post-6744","page","type-page","status-publish","hentry","category-presentation"],"_links":{"self":[{"href":"https:\/\/appriou.bzh\/index.php\/wp-json\/wp\/v2\/pages\/6744","targetHints":{"allow":["GET"]}}],"collection":[{"href":"https:\/\/appriou.bzh\/index.php\/wp-json\/wp\/v2\/pages"}],"about":[{"href":"https:\/\/appriou.bzh\/index.php\/wp-json\/wp\/v2\/types\/page"}],"author":[{"embeddable":true,"href":"https:\/\/appriou.bzh\/index.php\/wp-json\/wp\/v2\/users\/4"}],"replies":[{"embeddable":true,"href":"https:\/\/appriou.bzh\/index.php\/wp-json\/wp\/v2\/comments?post=6744"}],"version-history":[{"count":0,"href":"https:\/\/appriou.bzh\/index.php\/wp-json\/wp\/v2\/pages\/6744\/revisions"}],"wp:attachment":[{"href":"https:\/\/appriou.bzh\/index.php\/wp-json\/wp\/v2\/media?parent=6744"}],"wp:term":[{"taxonomy":"category","embeddable":true,"href":"https:\/\/appriou.bzh\/index.php\/wp-json\/wp\/v2\/categories?post=6744"},{"taxonomy":"post_tag","embeddable":true,"href":"https:\/\/appriou.bzh\/index.php\/wp-json\/wp\/v2\/tags?post=6744"}],"curies":[{"name":"wp","href":"https:\/\/api.w.org\/{rel}","templated":true}]}}