{"id":689,"date":"2014-09-10T12:05:51","date_gmt":"2014-09-10T10:05:51","guid":{"rendered":"https:\/\/plouguerneau.net\/6-1-maissin-le-22-aout-2014\/"},"modified":"2025-01-16T10:32:27","modified_gmt":"2025-01-16T09:32:27","slug":"6-1-maissin-le-22-aout-2014","status":"publish","type":"page","link":"https:\/\/appriou.bzh\/index.php\/6-1-maissin-le-22-aout-2014\/","title":{"rendered":"Maissin, le 22 Ao\u00fbt 2014"},"content":{"rendered":"<p><center><br \/>\n<span style=\"color: #0000ff;\"><strong><span style=\"font-size: large;\">MAISSIN LE 22 AOUT 1914<\/span><\/strong><\/span><\/center><\/p>\n<table>\n<tbody>\n<tr>\n<td><\/td>\n<\/tr>\n<\/tbody>\n<\/table>\n<div align=\"justify\"><center><strong>Deux plouguern\u00e9ens sont morts \u00e0 MAISSIN le 22 Ao\u00fbt 1914.<\/strong><\/center><strong>DAVID Fran\u00e7ois-Marie<\/strong> &#8211; N\u00e9 le : 8\/4\/1891 &#8211; Prat-Paul &#8211; Plouguerneau &#8211; Unit\u00e9 : 62e RI<\/p>\n<p>Le JMO du 62\u00e8me RI fait \u00e9tat de 12 tu\u00e9s, 91 bless\u00e9s et 257 disparus, dits \u00ab\u00a0presque tous tu\u00e9s ou bless\u00e9s qui ont du \u00eatre laiss\u00e9s \u00e0 l&rsquo;ennemi\u00a0\u00bb dans des assauts \u00e0 la ba\u00efonnette contre les mitrailleuses allemandes. Selon \u00ab\u00a0M\u00e9moire des hommes\u00a0\u00bb Fran\u00e7ois-Marie David fut tu\u00e9 \u00e0 l&rsquo;ennemi, et comme beaucoup de ses camarades sans doute enterr\u00e9 sommairement dans une fosse commune par des civils belges r\u00e9quisitionn\u00e9s par les Allemands. Son d\u00e9c\u00e8s fut d\u00e9clar\u00e9 constant par leTribunal de Brest le 03\/06\/1920.<\/p>\n<p><strong>LE PORS Jacques<\/strong> &#8211; N\u00e9 le : 14\/8\/1892 &#8211; Kerlastren &#8211; Plouguerneau &#8211; Unit\u00e9 : 19e RI<\/p>\n<p>Jacques Le Pors fit sans doute partie des disparus, ou inhum\u00e9s sommairement apr\u00e8s le combat, lors du bapt\u00eame du feu du 19\u00e8me RI \u00e0 Maissin (Belgique) le 22\/08\/1914. Son d\u00e9c\u00e8s fut d\u00e9clar\u00e9 constant par le tribunal civil de Brest le 17\/02\/1921. Le JMO avec le bilan officiel des pertes du r\u00e9giment de Brest pour ce jour a br\u00fbl\u00e9 (au Chemin des Dames\u00a0en 1917\u00a0?), ou n&rsquo;a jamais \u00e9t\u00e9 r\u00e9ellement \u00e9tabli. Cependant des sources \u00e9manant des survivants au d\u00e9but des ann\u00e9es 1920 font \u00e9tat de plus de 800 hommes hors de combat (tu\u00e9s, bless\u00e9s et disparus).<\/p>\n<table>\n<tbody>\n<tr>\n<td><\/td>\n<\/tr>\n<\/tbody>\n<\/table>\n<p><center><strong>La vid\u00e9o ( de Tv Luxembourg ) qui suit parle de la bataille de Maissin et des relations avec la r\u00e9gion de BREST.<\/strong><\/center><center><\/center><iframe src=\"https:\/\/www.tvlux.be\/playerjs\/embed.php?id=17006\" width=\"560\" height=\"315\" frameborder=\"0\" allowfullscreen=\"allowfullscreen\"><\/iframe><\/p>\n<table>\n<tbody>\n<tr>\n<td><\/td>\n<\/tr>\n<\/tbody>\n<\/table>\n<\/div>\n","protected":false},"excerpt":{"rendered":"<p>MAISSIN LE 22 AOUT 1914 Deux plouguern\u00e9ens sont morts \u00e0 MAISSIN le 22 Ao\u00fbt 1914.DAVID Fran\u00e7ois-Marie &#8211; N\u00e9 le : 8\/4\/1891 &#8211; Prat-Paul &#8211; Plouguerneau &#8211; Unit\u00e9 : 62e RI [&hellip;]<\/p>\n","protected":false},"author":4,"featured_media":0,"parent":0,"menu_order":0,"comment_status":"closed","ping_status":"closed","template":"","meta":{"ngg_post_thumbnail":0,"_EventAllDay":false,"_EventTimezone":"","_EventStartDate":"","_EventEndDate":"","_EventStartDateUTC":"","_EventEndDateUTC":"","_EventShowMap":false,"_EventShowMapLink":false,"_EventURL":"","_EventCost":"","_EventCostDescription":"","_EventCurrencySymbol":"","_EventCurrencyCode":"","_EventCurrencyPosition":"","_EventDateTimeSeparator":"","_EventTimeRangeSeparator":"","_EventOrganizerID":[],"_EventVenueID":[],"_OrganizerEmail":"","_OrganizerPhone":"","_OrganizerWebsite":"","_VenueAddress":"","_VenueCity":"","_VenueCountry":"","_VenueProvince":"","_VenueState":"","_VenueZip":"","_VenuePhone":"","_VenueURL":"","_VenueStateProvince":"","_VenueLat":"","_VenueLng":"","_VenueShowMap":false,"_VenueShowMapLink":false,"footnotes":""},"categories":[228],"tags":[],"class_list":["post-689","page","type-page","status-publish","hentry","category-14-18-6-quelques-documents"],"_links":{"self":[{"href":"https:\/\/appriou.bzh\/index.php\/wp-json\/wp\/v2\/pages\/689","targetHints":{"allow":["GET"]}}],"collection":[{"href":"https:\/\/appriou.bzh\/index.php\/wp-json\/wp\/v2\/pages"}],"about":[{"href":"https:\/\/appriou.bzh\/index.php\/wp-json\/wp\/v2\/types\/page"}],"author":[{"embeddable":true,"href":"https:\/\/appriou.bzh\/index.php\/wp-json\/wp\/v2\/users\/4"}],"replies":[{"embeddable":true,"href":"https:\/\/appriou.bzh\/index.php\/wp-json\/wp\/v2\/comments?post=689"}],"version-history":[{"count":0,"href":"https:\/\/appriou.bzh\/index.php\/wp-json\/wp\/v2\/pages\/689\/revisions"}],"wp:attachment":[{"href":"https:\/\/appriou.bzh\/index.php\/wp-json\/wp\/v2\/media?parent=689"}],"wp:term":[{"taxonomy":"category","embeddable":true,"href":"https:\/\/appriou.bzh\/index.php\/wp-json\/wp\/v2\/categories?post=689"},{"taxonomy":"post_tag","embeddable":true,"href":"https:\/\/appriou.bzh\/index.php\/wp-json\/wp\/v2\/tags?post=689"}],"curies":[{"name":"wp","href":"https:\/\/api.w.org\/{rel}","templated":true}]}}