{"id":7,"date":"2010-05-02T15:50:20","date_gmt":"2010-05-02T13:50:20","guid":{"rendered":"https:\/\/plouguerneau.net\/phare-de-lanvaon\/"},"modified":"2010-05-02T15:50:20","modified_gmt":"2010-05-02T13:50:20","slug":"phare-de-lanvaon","status":"publish","type":"page","link":"https:\/\/appriou.bzh\/index.php\/phare-de-lanvaon\/","title":{"rendered":"Phare de Lanvaon"},"content":{"rendered":"<p><i><font color=#ff0000>En cours de r\u00e9daction<\/i><\/font><br \/>\nLe phare de Lanvaon est n\u00e9 d&rsquo;un constat simple. Le feu appos\u00e9 sur le clocher de Plouguerneau n&rsquo;offre pas de solution p\u00e9renne \u00e0 l&rsquo;alignement avec celui de l&rsquo;\u00eele Wrac&rsquo;h.<\/p>\n<p>Lorsque le 15 ao\u00fbt 1845, les services de l&rsquo;\u00e9tat apposent une gu\u00e9rite en charpente sur la galerie occidentale du clocher de l&rsquo;\u00e9glise de Plouguerneau, on pense n\u00e9cessairement que la solution est trouv\u00e9e. Il n&rsquo;en est rien, le feu fixe blanc est souvent invisible de la c\u00f4te. Plus que la distance, la tour est \u00e9loign\u00e9e du petit phare rouge de plus de cinq kilom\u00e8tres, c&rsquo;est vraisemblablement les intemp\u00e9ries et le brouillard qui le rendent n\u00e9faste \u00e0 la navigation.<\/p>\n<p>Un nouveau projet est alors \u00e9labor\u00e9. Il est approuv\u00e9 le 2 mai 1867 par d\u00e9cision minist\u00e9rielle. Les travaux sont ordonn\u00e9s le 8 janvier 1868  et c&rsquo;est l&rsquo;entreprise Martin de Landerneau qui se voit attribuer le march\u00e9 de construction d&rsquo;une tour carr\u00e9e de 27 m\u00e8tres de haut et de 98 marches. Cette derni\u00e8re est en ma\u00e7onnerie lisse avec des pierres d&rsquo;angle. Les quatre c\u00f4t\u00e9s sont peints en blanc, la partie sup\u00e9rieure ouest est peinte en rouge.  <\/p>\n<p>L&rsquo;optique mise en place le 15 novembre 1868 est un feu fixe rouge de 4\u00e8me ordre catoptrique, c&rsquo;est-\u00e0-dire qu&rsquo;il comprend quatre miroirs. Le premier miroir est convexe, le second concave. Les rayons de courbures sont sensiblement \u00e9gaux. Le feu est aliment\u00e9 par de l&rsquo;huile v\u00e9g\u00e9tale, vers 1875 on lui pr\u00e9f\u00e8re l&rsquo;huile min\u00e9rale. Ce n&rsquo;est qu&rsquo;en 1934 qu&rsquo;appara\u00eet le p\u00e9trole mais il faut attendre 1960 pour que le feu soit \u00e9lectrifi\u00e9. C&rsquo;est deux derniers types d&rsquo;alimentation sont \u00e9galement li\u00e9s \u00e0 des changements d&rsquo;optique. En 1934 c&rsquo;est une optique directionnelle qui est mise en place, puis en 1960 un feu scintillant blanc fait son apparition.<\/p>\n<p>La focale se situe \u00e0 43 m\u00e8tres au-dessus du niveau de la mer et offre une visibilit\u00e9 \u00e0 13,5 milles (environ 25 kilom\u00e8tres). Le phare est \u00e0 pr\u00e9sent automatis\u00e9. Les visites ne sont pas autoris\u00e9es. Un entretien int\u00e9rieur des plus succints donne une sensation d&rsquo;abandon \u00e0 cette tour plus que centenaire.<\/p>\n<div align=center>\n<img decoding=\"async\" src=\"http:\/\/www.plouguerneau.net\/IMG\/phares\/lanvaon\/lanvaon.jpg\" title=\"Phare de Lanvaon\">\n<\/div>\n<p>L&rsquo;anecdote suivante est tir\u00e9e du livre : \u00ab\u00a0Chronique d&rsquo;hier Tome 2 La vie du Finist\u00e8re 1939\/1945\u00a0\u00bb de Roland Bohn, Alain Le Berre et Michel Le Bars.<\/p>\n<p><i>C&rsquo;est au cours de l&rsquo;hiver 1942\/43,alors que, par une nuit sombre, les parents de Charles Th\u00e9r\u00e9n\u00e9 terminent leur d\u00eener \u00e0 la lueur d&rsquo;une lampe \u00e0 p\u00e9trole dans leur maison au pied du phare de Lanvaon en Plouguerneau :<br \/>\n\u00ab\u00a0Un coup de feu claque et par la fen\u00eatre ouverte mon p\u00e8re distingue dans l&rsquo;ombre un groupe de soldats allemands gesticulant et vocif\u00e9rant. Ignorant qu&rsquo;il s&rsquo;agit d&rsquo;un phare, ils onts pour faire respecter le black-out, \u00e9teint le feu tout l\u00e0-haut \u00e0 coup de fusil !\u00a0\u00bb<\/i><\/p>\n<p><b><font color=blue>Les gardiens du phare<\/font><\/b><\/p>\n<table width=100% border=1 bordercolor=\"blue\" cellpading=4 cellspacing=0 frame=BELOW rules=ROWS>\n<tr>\n<td width=20%><i><font size=2>Dates<\/i><\/td>\n<td width=20%><i><font size=2>Noms<\/i><\/td>\n<td><i><font size=2>Observations<\/i><\/td>\n<\/tr>\n<tr>\n<td><font size=2>1934 \u00e0 1945<\/td>\n<td><font size=2>Madame Th\u00e9r\u00e9n\u00e9<\/td>\n<td><font size=2><\/td>\n<\/tr>\n<tr>\n<td><font size=2>1945 \u00e0 1961<\/td>\n<td><font size=2>Marianne L\u00e9on<\/td>\n<td><font size=2><\/td>\n<\/tr>\n<tr>\n<td><font size=2>1961 \u00e0 1991<\/td>\n<td><font size=2>Soizic et Fran\u00e7ois Corre<\/td>\n<td><font size=2><br \/>\n<img decoding=\"async\" src=\"http:\/\/www.plouguerneau.net\/IMG\/phares\/lanvaon\/soisiccorre.jpg\" title=\"Soizic Corre\"><br \/>\n<i><font size=1>Soizic Corre lors de son entretien avec l&rsquo;\u00e9quipe de \u00ab\u00a0Plouguerneau d&rsquo;hier et d&rsquo;aujourd&rsquo;hui\u00a0\u00bb<\/font><\/i><\/p>\n<table>\n<tr>\n<td><font size=2>Ecoutez l&rsquo;entretien de Soizic avec l&rsquo;\u00e9quipe de \u00ab\u00a0Plouguerneau d&rsquo;hier et d&rsquo;aujourd&rsquo;hui\u00a0\u00bb <i>(Genevi\u00e8ve, Erik et Dominique)<\/i> :<\/td>\n<td>\n<a href=\"http:\/\/www.plouguerneau.net\/IMG\/phares\/lanvaon\/lanvaon.m3u\" target=blank><img decoding=\"async\" src=\"https:\/\/appriou.bzh\/wp-content\/uploads\/2010\/05\/site_casque.gif\"><\/a><\/td>\n<\/tr>\n<\/table>\n<p> <img decoding=\"async\" src=\"http:\/\/www.plouguerneau.net\/IMG\/phares\/lanvaon\/soisicfanchcorre.jpg\" title=\"Soizic et Fanch Corre\"><br \/>\n<i><font size=1>Soizic et Fran\u00e7ois Corre en 1957 &#8211; Collection personnelle de Soizic Corre<\/font><\/i>\n<\/td>\n<\/tr>\n<\/table>\n<div align=center><img decoding=\"async\" src=\"https:\/\/appriou.bzh\/wp-content\/uploads\/2010\/05\/phares_lanvaon_tableaulanvaonp.jpg\" title=\"\"><br \/>\n<i><font size=1>Tableau de service de l&rsquo;ann\u00e9e 1967 du phare de Lanvaon &#8211; Collection personnelle de Soizic Corre<\/font><\/i>\n<\/div>\n","protected":false},"excerpt":{"rendered":"<p>En cours de r\u00e9daction Le phare de Lanvaon est n\u00e9 d&rsquo;un constat simple. Le feu appos\u00e9 sur le clocher de Plouguerneau n&rsquo;offre pas de solution p\u00e9renne \u00e0 l&rsquo;alignement avec celui [&hellip;]<\/p>\n","protected":false},"author":4,"featured_media":0,"parent":0,"menu_order":0,"comment_status":"closed","ping_status":"open","template":"","meta":{"ngg_post_thumbnail":0,"_EventAllDay":false,"_EventTimezone":"","_EventStartDate":"","_EventEndDate":"","_EventStartDateUTC":"","_EventEndDateUTC":"","_EventShowMap":false,"_EventShowMapLink":false,"_EventURL":"","_EventCost":"","_EventCostDescription":"","_EventCurrencySymbol":"","_EventCurrencyCode":"","_EventCurrencyPosition":"","_EventDateTimeSeparator":"","_EventTimeRangeSeparator":"","_EventOrganizerID":[],"_EventVenueID":[],"_OrganizerEmail":"","_OrganizerPhone":"","_OrganizerWebsite":"","_VenueAddress":"","_VenueCity":"","_VenueCountry":"","_VenueProvince":"","_VenueState":"","_VenueZip":"","_VenuePhone":"","_VenueURL":"","_VenueStateProvince":"","_VenueLat":"","_VenueLng":"","_VenueShowMap":false,"_VenueShowMapLink":false,"footnotes":""},"categories":[249],"tags":[],"class_list":["post-7","page","type-page","status-publish","hentry","category-patrimoine-maritime"],"_links":{"self":[{"href":"https:\/\/appriou.bzh\/index.php\/wp-json\/wp\/v2\/pages\/7","targetHints":{"allow":["GET"]}}],"collection":[{"href":"https:\/\/appriou.bzh\/index.php\/wp-json\/wp\/v2\/pages"}],"about":[{"href":"https:\/\/appriou.bzh\/index.php\/wp-json\/wp\/v2\/types\/page"}],"author":[{"embeddable":true,"href":"https:\/\/appriou.bzh\/index.php\/wp-json\/wp\/v2\/users\/4"}],"replies":[{"embeddable":true,"href":"https:\/\/appriou.bzh\/index.php\/wp-json\/wp\/v2\/comments?post=7"}],"version-history":[{"count":0,"href":"https:\/\/appriou.bzh\/index.php\/wp-json\/wp\/v2\/pages\/7\/revisions"}],"wp:attachment":[{"href":"https:\/\/appriou.bzh\/index.php\/wp-json\/wp\/v2\/media?parent=7"}],"wp:term":[{"taxonomy":"category","embeddable":true,"href":"https:\/\/appriou.bzh\/index.php\/wp-json\/wp\/v2\/categories?post=7"},{"taxonomy":"post_tag","embeddable":true,"href":"https:\/\/appriou.bzh\/index.php\/wp-json\/wp\/v2\/tags?post=7"}],"curies":[{"name":"wp","href":"https:\/\/api.w.org\/{rel}","templated":true}]}}