{"id":705,"date":"2014-09-18T08:59:50","date_gmt":"2014-09-18T06:59:50","guid":{"rendered":"https:\/\/plouguerneau.net\/2-1-cartes-des-morts-par-quartier-de-naissance\/"},"modified":"2025-01-16T10:29:55","modified_gmt":"2025-01-16T09:29:55","slug":"2-1-cartes-des-morts-par-quartier-de-naissance","status":"publish","type":"page","link":"https:\/\/appriou.bzh\/index.php\/2-1-cartes-des-morts-par-quartier-de-naissance\/","title":{"rendered":"Cartes des Morts par Quartier de Naissance"},"content":{"rendered":"<p><iframe src=\"https:\/\/umap.openstreetmap.fr\/fr\/map\/morts-pour-la-france-plouguerneau_15001?scaleControl=false&amp;miniMap=false&amp;scrollWheelZoom=false&amp;zoomControl=true&amp;allowEdit=false&amp;moreControl=true&amp;searchControl=null&amp;tilelayersControl=null&amp;embedControl=null&amp;datalayersControl=true&amp;onLoadPanel=undefined&amp;captionBar=false\" width=\"100%\" height=\"300px\" frameborder=\"0\" allowfullscreen=\"allowfullscreen\"><span style=\"display: inline-block; width: 0px; overflow: hidden; line-height: 0;\" data-mce-type=\"bookmark\" class=\"mce_SELRES_start\">\ufeff<\/span><span style=\"display: inline-block; width: 0px; overflow: hidden; line-height: 0;\" data-mce-type=\"bookmark\" class=\"mce_SELRES_start\">\ufeff<\/span><\/iframe><\/p>\n<p><a href=\"https:\/\/umap.openstreetmap.fr\/fr\/map\/morts-pour-la-france-plouguerneau_15001\">Voir en plein \u00e9cran\u00a0<\/a><\/p>\n<p>On peut \u00e9galement visualiser sur le document ci-dessous r\u00e9alis\u00e9 par Yann Souche<\/p>\n<p><a href=\"https:\/\/plouguerneau.net\/wp-content\/uploads\/2014\/09\/Poster-14-18-1.jpg\"><img fetchpriority=\"high\" decoding=\"async\" class=\"aligncenter wp-image-1399 size-medium\" src=\"https:\/\/plouguerneau.net\/wp-content\/uploads\/2014\/09\/Poster-14-18-1-300x213.jpg\" alt=\"\" width=\"300\" height=\"213\" \/><\/a><\/p>\n","protected":false},"excerpt":{"rendered":"<p>\ufeff\ufeff Voir en plein \u00e9cran\u00a0 On peut \u00e9galement visualiser sur le document ci-dessous r\u00e9alis\u00e9 par Yann Souche<\/p>\n","protected":false},"author":4,"featured_media":1399,"parent":0,"menu_order":0,"comment_status":"closed","ping_status":"closed","template":"","meta":{"ngg_post_thumbnail":0,"_EventAllDay":false,"_EventTimezone":"","_EventStartDate":"","_EventEndDate":"","_EventStartDateUTC":"","_EventEndDateUTC":"","_EventShowMap":false,"_EventShowMapLink":false,"_EventURL":"","_EventCost":"","_EventCostDescription":"","_EventCurrencySymbol":"","_EventCurrencyCode":"","_EventCurrencyPosition":"","_EventDateTimeSeparator":"","_EventTimeRangeSeparator":"","_EventOrganizerID":[],"_EventVenueID":[],"_OrganizerEmail":"","_OrganizerPhone":"","_OrganizerWebsite":"","_VenueAddress":"","_VenueCity":"","_VenueCountry":"","_VenueProvince":"","_VenueState":"","_VenueZip":"","_VenuePhone":"","_VenueURL":"","_VenueStateProvince":"","_VenueLat":"","_VenueLng":"","_VenueShowMap":false,"_VenueShowMapLink":false,"footnotes":""},"categories":[224],"tags":[],"class_list":["post-705","page","type-page","status-publish","has-post-thumbnail","hentry","category-14-18-2-les-cartes"],"_links":{"self":[{"href":"https:\/\/appriou.bzh\/index.php\/wp-json\/wp\/v2\/pages\/705","targetHints":{"allow":["GET"]}}],"collection":[{"href":"https:\/\/appriou.bzh\/index.php\/wp-json\/wp\/v2\/pages"}],"about":[{"href":"https:\/\/appriou.bzh\/index.php\/wp-json\/wp\/v2\/types\/page"}],"author":[{"embeddable":true,"href":"https:\/\/appriou.bzh\/index.php\/wp-json\/wp\/v2\/users\/4"}],"replies":[{"embeddable":true,"href":"https:\/\/appriou.bzh\/index.php\/wp-json\/wp\/v2\/comments?post=705"}],"version-history":[{"count":0,"href":"https:\/\/appriou.bzh\/index.php\/wp-json\/wp\/v2\/pages\/705\/revisions"}],"wp:featuredmedia":[{"embeddable":true,"href":"https:\/\/appriou.bzh\/index.php\/wp-json\/"}],"wp:attachment":[{"href":"https:\/\/appriou.bzh\/index.php\/wp-json\/wp\/v2\/media?parent=705"}],"wp:term":[{"taxonomy":"category","embeddable":true,"href":"https:\/\/appriou.bzh\/index.php\/wp-json\/wp\/v2\/categories?post=705"},{"taxonomy":"post_tag","embeddable":true,"href":"https:\/\/appriou.bzh\/index.php\/wp-json\/wp\/v2\/tags?post=705"}],"curies":[{"name":"wp","href":"https:\/\/api.w.org\/{rel}","templated":true}]}}