{"id":708,"date":"2014-10-02T10:24:58","date_gmt":"2014-10-02T08:24:58","guid":{"rendered":"https:\/\/plouguerneau.net\/5-2-gabriel-nicolas\/"},"modified":"2025-01-16T10:31:50","modified_gmt":"2025-01-16T09:31:50","slug":"5-2-gabriel-nicolas","status":"publish","type":"page","link":"https:\/\/appriou.bzh\/index.php\/5-2-gabriel-nicolas\/","title":{"rendered":"Gabriel Nicolas"},"content":{"rendered":"<p><center><br \/>\n<span style=\"color: #0000ff;\"><strong><span style=\"font-size: large;\">GABRIEL NICOLAS<\/span><\/strong><\/span><\/center><\/p>\n<table>\n<tbody>\n<tr>\n<td><\/td>\n<\/tr>\n<\/tbody>\n<\/table>\n<p><center><b>La guerre d&rsquo;un soldat de 2\u00e8me classe, ou le parcours des r\u00e9giments de Guingamp durant la Grande Guerre.<br \/>\n<\/b><\/center><\/p>\n<table>\n<tbody>\n<tr>\n<td><\/td>\n<\/tr>\n<\/tbody>\n<\/table>\n<p><em>N\u00e9 le 9 novembre 1892 \u00e0 Kerrieg en Plouguerneau<br \/>\nD\u00e9c\u00e9d\u00e9 le 24 mai 1974 \u00e0 Kerfaven en Plouguerneau<br \/>\n<\/em><\/p>\n<table>\n<tbody>\n<tr>\n<td><\/td>\n<\/tr>\n<\/tbody>\n<\/table>\n<div align=\"justify\">\n<p><span style=\"color: #0000ff;\"><strong><em><span style=\"font-size: medium;\">1 \u2013 Les origines familiales<\/span><\/em><\/strong><\/span><\/p>\n<p>Gabriel est n\u00e9 \u00e0 Kerriec le 9 novembre 1892. C&rsquo;est le troisi\u00e8me enfant de Jean-Marie Nicolas de Kerriec et de Marie-Anne Le Roy de L\u00e9zerdot, mari\u00e9s \u00e0 Plouguerneau le 2 mai 1889.<\/p>\n<p>Les ascendants paternels de Gabriel habitent sur la paroisse de Plouguerneau depuis au moins 1705, ann\u00e9e o\u00f9 son a\u00efeul Fran\u00e7ois Nicolas na\u00eet \u00e0 Anteren le 17 avril. Au hasard des mariages et des baux \u00e0 ferme successifs, ils seront ensuite cultivateurs \u00e0 Kerambars, puis de nouveau \u00e0 Anteren et enfin \u00e0 Kerriec.<\/p>\n<p>Les origines de sa famille maternelle, Le Roy, se touvent \u00e0 Guiss\u00e9ny et \u00e0 Kernilis ; Yves Le Roy de Kervizouarn en Guiss\u00e9ny vint s&rsquo;\u00e9tablir comme gendre \u00e0 L\u00e9zerdot apr\u00e8s son mariage avec Marie Gourlaouen en 1850.<\/p>\n<p>Jean-Marie, Marie-Anne et leurs cinq enfants viennent habiter Kerfaven en 1901 pour remplacer Marie-Anne Mercelle et son fils Christophe Galliou. Jean-Marie Nicolas devient ainsi le plus proche voisin de son fr\u00e8re a\u00een\u00e9 Jean, install\u00e9 dans la ferme voisine depuis son mariage avec Marie-Ang\u00e8le D\u00e9niel en 1899.<\/p>\n<table>\n<tbody>\n<tr>\n<td><\/td>\n<\/tr>\n<\/tbody>\n<\/table>\n<p><em>Article complet au format <strong>PDF<\/strong> en cliquant<\/em> <span style=\"color: #ff0000;\"><a style=\"color: #ff0000;\" href=\"http:\/\/www.plouguerneau.net\/IMG\/anicolas\/nicolas_gabriel_rev1.pdf\" target=\"blank\"><strong>ICI<\/strong><\/a>.<\/span><\/p>\n<p><em>Version avril 2016<\/em><\/p>\n<p>&nbsp;<\/p>\n<p><center><img decoding=\"async\" src=\"https:\/\/appriou.bzh\/wp-content\/uploads\/2014\/10\/jpg_nicolas-G_1892_N-1.jpg\" \/><\/center><\/div>\n","protected":false},"excerpt":{"rendered":"<p>GABRIEL NICOLAS La guerre d&rsquo;un soldat de 2\u00e8me classe, ou le parcours des r\u00e9giments de Guingamp durant la Grande Guerre. N\u00e9 le 9 novembre 1892 \u00e0 Kerrieg en Plouguerneau D\u00e9c\u00e9d\u00e9 [&hellip;]<\/p>\n","protected":false},"author":4,"featured_media":5824,"parent":0,"menu_order":0,"comment_status":"closed","ping_status":"closed","template":"","meta":{"ngg_post_thumbnail":0,"_EventAllDay":false,"_EventTimezone":"","_EventStartDate":"","_EventEndDate":"","_EventStartDateUTC":"","_EventEndDateUTC":"","_EventShowMap":false,"_EventShowMapLink":false,"_EventURL":"","_EventCost":"","_EventCostDescription":"","_EventCurrencySymbol":"","_EventCurrencyCode":"","_EventCurrencyPosition":"","_EventDateTimeSeparator":"","_EventTimeRangeSeparator":"","_EventOrganizerID":[],"_EventVenueID":[],"_OrganizerEmail":"","_OrganizerPhone":"","_OrganizerWebsite":"","_VenueAddress":"","_VenueCity":"","_VenueCountry":"","_VenueProvince":"","_VenueState":"","_VenueZip":"","_VenuePhone":"","_VenueURL":"","_VenueStateProvince":"","_VenueLat":"","_VenueLng":"","_VenueShowMap":false,"_VenueShowMapLink":false,"footnotes":""},"categories":[226],"tags":[],"class_list":["post-708","page","type-page","status-publish","has-post-thumbnail","hentry","category-14-18-5-quelques-soldats"],"_links":{"self":[{"href":"https:\/\/appriou.bzh\/index.php\/wp-json\/wp\/v2\/pages\/708","targetHints":{"allow":["GET"]}}],"collection":[{"href":"https:\/\/appriou.bzh\/index.php\/wp-json\/wp\/v2\/pages"}],"about":[{"href":"https:\/\/appriou.bzh\/index.php\/wp-json\/wp\/v2\/types\/page"}],"author":[{"embeddable":true,"href":"https:\/\/appriou.bzh\/index.php\/wp-json\/wp\/v2\/users\/4"}],"replies":[{"embeddable":true,"href":"https:\/\/appriou.bzh\/index.php\/wp-json\/wp\/v2\/comments?post=708"}],"version-history":[{"count":0,"href":"https:\/\/appriou.bzh\/index.php\/wp-json\/wp\/v2\/pages\/708\/revisions"}],"wp:featuredmedia":[{"embeddable":true,"href":"https:\/\/appriou.bzh\/index.php\/wp-json\/wp\/v2\/media\/5824"}],"wp:attachment":[{"href":"https:\/\/appriou.bzh\/index.php\/wp-json\/wp\/v2\/media?parent=708"}],"wp:term":[{"taxonomy":"category","embeddable":true,"href":"https:\/\/appriou.bzh\/index.php\/wp-json\/wp\/v2\/categories?post=708"},{"taxonomy":"post_tag","embeddable":true,"href":"https:\/\/appriou.bzh\/index.php\/wp-json\/wp\/v2\/tags?post=708"}],"curies":[{"name":"wp","href":"https:\/\/api.w.org\/{rel}","templated":true}]}}