{"id":709,"date":"2014-10-29T11:39:37","date_gmt":"2014-10-29T10:39:37","guid":{"rendered":"https:\/\/plouguerneau.net\/5-3-pierre-abjean\/"},"modified":"2025-01-16T10:32:10","modified_gmt":"2025-01-16T09:32:10","slug":"5-3-pierre-abjean","status":"publish","type":"page","link":"https:\/\/appriou.bzh\/index.php\/5-3-pierre-abjean\/","title":{"rendered":"Pierre Abjean"},"content":{"rendered":"<p><center><br \/>\n<span style=\"color: #0000ff;\"><strong><span style=\"font-size: large;\">PIERRE ABJEAN<\/span><\/strong><\/span><\/center><\/p>\n<table>\n<tbody>\n<tr>\n<td><\/td>\n<\/tr>\n<\/tbody>\n<\/table>\n<p><center><b><span style=\"font-size: medium; color: #0000ff;\">Ou la Grande Guerre des territoriaux du Finist\u00e8re<\/span><br \/>\n<\/b><\/center><\/p>\n<table>\n<tbody>\n<tr>\n<td><\/td>\n<\/tr>\n<\/tbody>\n<\/table>\n<p><em>N\u00e9 le 5 juin 1874 \u00e0 Gorrekear en Plouguerneau<br \/>\nD\u00e9c\u00e9d\u00e9 le 23 septembre 1917 \u00e0 Saint-Thomas (Marne)<br \/>\n<\/em><br \/>\nMort pour la France<\/p>\n<p><em>Article complet au format <strong>PDF<\/strong> en cliquant<\/em><span style=\"color: #ff0000;\"><a style=\"color: #ff0000;\" href=\"http:\/\/www.plouguerneau.net\/IMG\/anicolas\/abjeanp_parcours.pdf\" target=\"blank\"><strong>\u00a0ICI<\/strong><\/a><\/span><\/p>\n<table>\n<tbody>\n<tr>\n<td><\/td>\n<\/tr>\n<\/tbody>\n<\/table>\n<div align=\"justify\">\n<p><span style=\"color: #0000ff;\"><strong><em><span style=\"font-size: medium;\">Pr\u00e9ambule<\/span><\/em><\/strong><\/span><\/p>\n<p>Entre 1914 et 1918, huit millions de Fran\u00e7ais \u00e2g\u00e9s de 18 \u00e0 45 ans furent mobilis\u00e9s, soit le cinqui\u00e8me de la population totale de la M\u00e9tropole.<\/p>\n<p>Selon les lois en vigueur sous la Troisi\u00e8me R\u00e9publique, chaque homme doit s\u2019acquitter de ses obligations militaires, en passant par trois arm\u00e9es r\u00e9glementaires diff\u00e9rentes suivant son \u00e2ge. En ao\u00fbt 1914, se retrouvent sous les drapeaux :<\/p>\n<p><strong>\u00b7 l\u2019arm\u00e9e d\u2019active : <\/strong><br \/>\nSont mobilis\u00e9s d\u00e8s le d\u00e9but du conflit les r\u00e9giments d\u2019active (num\u00e9rot\u00e9s de 1 \u00e0 176). L&rsquo;Active est compos\u00e9e des hommes \u00e2g\u00e9s de 21 \u00e0 23 ans, c\u2019est-\u00e0-dire n\u00e9s en 1891, 1892, 1893 et au- del\u00e0. La plupart d&rsquo;entre eux sont en train d&rsquo;effectuer leur service militaire de trois ans.<\/p>\n<p><strong>\u00b7 l\u2019arm\u00e9e de r\u00e9serve : <\/strong><br \/>\nSont mobilis\u00e9s d\u00e8s le d\u00e9but du conflit les r\u00e9giments de r\u00e9serve (num\u00e9rot\u00e9s de 201 \u00e0 421). Elle est compos\u00e9e des hommes \u00e2g\u00e9s de 24 \u00e0 33 ans, c\u2019est-\u00e0-dire n\u00e9s entre 1881 et 1890.<\/p>\n<p><strong>\u00b7 l\u2019arm\u00e9e territoriale : <\/strong><br \/>\nSont mobilis\u00e9s tout au long du conflit les r\u00e9giments de la territoriale. Elle est compos\u00e9e des hommes \u00e2g\u00e9s de 34 \u00e0 39 ans c\u2019est-\u00e0-dire n\u00e9s entre 1875 et 1880.<\/p>\n<p><strong>\u00b7 la r\u00e9serve de l\u2019arm\u00e9e territoriale : <\/strong><br \/>\nElle est compos\u00e9e des hommes \u00e2g\u00e9s de 40 \u00e0 45 ans, c\u2019est-\u00e0-dire n\u00e9s entre 1868 et 1874.<\/p>\n<p>Rapidement la r\u00e9serve de l\u2019arm\u00e9e territoriale incorpore aussi les hommes \u00e2g\u00e9s de 46 \u00e0 49 ans c\u2019est-\u00e0-dire n\u00e9s entre 1868 et 1865.<\/p>\n<table>\n<tbody>\n<tr>\n<td><\/td>\n<\/tr>\n<\/tbody>\n<\/table>\n<p><em>Version septembre 2016<\/em><\/p>\n<table>\n<tbody>\n<tr>\n<td><\/td>\n<\/tr>\n<\/tbody>\n<\/table>\n<p><em>Article complet au format <strong>PDF<\/strong> en cliquant<\/em><a href=\"http:\/\/www.plouguerneau.net\/IMG\/anicolas\/abjeanp_parcours.pdf\" target=\"blank\"><strong>\u00a0<span style=\"color: #ff0000;\">ICI<\/span><\/strong><\/a><\/p>\n<\/div>\n","protected":false},"excerpt":{"rendered":"<p>PIERRE ABJEAN Ou la Grande Guerre des territoriaux du Finist\u00e8re N\u00e9 le 5 juin 1874 \u00e0 Gorrekear en Plouguerneau D\u00e9c\u00e9d\u00e9 le 23 septembre 1917 \u00e0 Saint-Thomas (Marne) Mort pour la [&hellip;]<\/p>\n","protected":false},"author":4,"featured_media":5825,"parent":0,"menu_order":0,"comment_status":"closed","ping_status":"closed","template":"","meta":{"ngg_post_thumbnail":0,"_EventAllDay":false,"_EventTimezone":"","_EventStartDate":"","_EventEndDate":"","_EventStartDateUTC":"","_EventEndDateUTC":"","_EventShowMap":false,"_EventShowMapLink":false,"_EventURL":"","_EventCost":"","_EventCostDescription":"","_EventCurrencySymbol":"","_EventCurrencyCode":"","_EventCurrencyPosition":"","_EventDateTimeSeparator":"","_EventTimeRangeSeparator":"","_EventOrganizerID":[],"_EventVenueID":[],"_OrganizerEmail":"","_OrganizerPhone":"","_OrganizerWebsite":"","_VenueAddress":"","_VenueCity":"","_VenueCountry":"","_VenueProvince":"","_VenueState":"","_VenueZip":"","_VenuePhone":"","_VenueURL":"","_VenueStateProvince":"","_VenueLat":"","_VenueLng":"","_VenueShowMap":false,"_VenueShowMapLink":false,"footnotes":""},"categories":[226],"tags":[],"class_list":["post-709","page","type-page","status-publish","has-post-thumbnail","hentry","category-14-18-5-quelques-soldats"],"_links":{"self":[{"href":"https:\/\/appriou.bzh\/index.php\/wp-json\/wp\/v2\/pages\/709","targetHints":{"allow":["GET"]}}],"collection":[{"href":"https:\/\/appriou.bzh\/index.php\/wp-json\/wp\/v2\/pages"}],"about":[{"href":"https:\/\/appriou.bzh\/index.php\/wp-json\/wp\/v2\/types\/page"}],"author":[{"embeddable":true,"href":"https:\/\/appriou.bzh\/index.php\/wp-json\/wp\/v2\/users\/4"}],"replies":[{"embeddable":true,"href":"https:\/\/appriou.bzh\/index.php\/wp-json\/wp\/v2\/comments?post=709"}],"version-history":[{"count":0,"href":"https:\/\/appriou.bzh\/index.php\/wp-json\/wp\/v2\/pages\/709\/revisions"}],"wp:featuredmedia":[{"embeddable":true,"href":"https:\/\/appriou.bzh\/index.php\/wp-json\/wp\/v2\/media\/5825"}],"wp:attachment":[{"href":"https:\/\/appriou.bzh\/index.php\/wp-json\/wp\/v2\/media?parent=709"}],"wp:term":[{"taxonomy":"category","embeddable":true,"href":"https:\/\/appriou.bzh\/index.php\/wp-json\/wp\/v2\/categories?post=709"},{"taxonomy":"post_tag","embeddable":true,"href":"https:\/\/appriou.bzh\/index.php\/wp-json\/wp\/v2\/tags?post=709"}],"curies":[{"name":"wp","href":"https:\/\/api.w.org\/{rel}","templated":true}]}}