{"id":739,"date":"2015-12-11T09:30:18","date_gmt":"2015-12-11T08:30:18","guid":{"rendered":"https:\/\/plouguerneau.net\/la-quete-dun-pere\/"},"modified":"2025-01-27T10:00:31","modified_gmt":"2025-01-27T09:00:31","slug":"la-quete-dun-pere","status":"publish","type":"page","link":"https:\/\/appriou.bzh\/index.php\/la-quete-dun-pere\/","title":{"rendered":"La Qu\u00eate d&rsquo;un P\u00e8re"},"content":{"rendered":"<p><center><br \/>\n<strong><span style=\"font-size: large;\">LA QUETE D&rsquo;UN PERE<\/span><\/strong><\/center><strong>Jean-Louis Tanguy, en m\u00e9moire de son fils Guillaume<\/strong><\/p>\n<p><center><img decoding=\"async\" src=\"https:\/\/appriou.bzh\/wp-content\/uploads\/2014\/08\/jpg_Lindivat.jpg\" \/><\/center><\/p>\n<table>\n<tbody>\n<tr>\n<td><\/td>\n<\/tr>\n<\/tbody>\n<\/table>\n<p>L&rsquo;association <strong>SPERED BRO GWISENI<\/strong> a publi\u00e9 en 2012 un document sur <strong>Guillaume TANGUY<\/strong>, Guiss\u00e9nien, n\u00e9 \u00e0 Kerlouergat, soldat de 2eme classe au 320\u00e9me r\u00e9giment d&rsquo;Infanterie, mort pour la France le 26 Octobre 1918 \u00e0 l&rsquo;\u00e2ge de 20 ans, 15 jours avant l&rsquo;Armistice.<\/p>\n<p>Ce document nous a sembl\u00e9 tr\u00e8s int\u00e9ressant et nous avons demand\u00e9 \u00e0 <strong>SPERED BRO GWISENI<\/strong> l&rsquo;autorisation d&rsquo;y acc\u00e9der \u00e0 partir de notre site.<\/p>\n<p>C&rsquo;est un document au format <strong>PDF<\/strong>. Pour le consulter, cliquez <a href=\"https:\/\/appriou.bzh\/wp-content\/uploads\/2015\/12\/Spered-Guillaume-Tanguy.pdf&quot;\" target=\"blank\"><strong>ICI <\/strong> ou lire ci-dessous<\/a><\/p>\n<p>&nbsp;<\/p>\n<a href=\"https:\/\/appriou.bzh\/wp-content\/uploads\/2015\/12\/Spered-Guillaume-Tanguy.pdf\" class=\"pdfemb-viewer\" style=\"\" data-width=\"max\" data-height=\"max\" data-toolbar=\"bottom\" data-toolbar-fixed=\"off\">Spered-Guillaume-Tanguy<\/a>\n","protected":false},"excerpt":{"rendered":"<p>LA QUETE D&rsquo;UN PEREJean-Louis Tanguy, en m\u00e9moire de son fils Guillaume L&rsquo;association SPERED BRO GWISENI a publi\u00e9 en 2012 un document sur Guillaume TANGUY, Guiss\u00e9nien, n\u00e9 \u00e0 Kerlouergat, soldat de [&hellip;]<\/p>\n","protected":false},"author":4,"featured_media":5822,"parent":0,"menu_order":0,"comment_status":"closed","ping_status":"closed","template":"","meta":{"ngg_post_thumbnail":0,"_EventAllDay":false,"_EventTimezone":"","_EventStartDate":"","_EventEndDate":"","_EventStartDateUTC":"","_EventEndDateUTC":"","_EventShowMap":false,"_EventShowMapLink":false,"_EventURL":"","_EventCost":"","_EventCostDescription":"","_EventCurrencySymbol":"","_EventCurrencyCode":"","_EventCurrencyPosition":"","_EventDateTimeSeparator":"","_EventTimeRangeSeparator":"","_EventOrganizerID":[],"_EventVenueID":[],"_OrganizerEmail":"","_OrganizerPhone":"","_OrganizerWebsite":"","_VenueAddress":"","_VenueCity":"","_VenueCountry":"","_VenueProvince":"","_VenueState":"","_VenueZip":"","_VenuePhone":"","_VenueURL":"","_VenueStateProvince":"","_VenueLat":"","_VenueLng":"","_VenueShowMap":false,"_VenueShowMapLink":false,"footnotes":""},"categories":[226],"tags":[],"class_list":["post-739","page","type-page","status-publish","has-post-thumbnail","hentry","category-14-18-5-quelques-soldats"],"_links":{"self":[{"href":"https:\/\/appriou.bzh\/index.php\/wp-json\/wp\/v2\/pages\/739","targetHints":{"allow":["GET"]}}],"collection":[{"href":"https:\/\/appriou.bzh\/index.php\/wp-json\/wp\/v2\/pages"}],"about":[{"href":"https:\/\/appriou.bzh\/index.php\/wp-json\/wp\/v2\/types\/page"}],"author":[{"embeddable":true,"href":"https:\/\/appriou.bzh\/index.php\/wp-json\/wp\/v2\/users\/4"}],"replies":[{"embeddable":true,"href":"https:\/\/appriou.bzh\/index.php\/wp-json\/wp\/v2\/comments?post=739"}],"version-history":[{"count":0,"href":"https:\/\/appriou.bzh\/index.php\/wp-json\/wp\/v2\/pages\/739\/revisions"}],"wp:featuredmedia":[{"embeddable":true,"href":"https:\/\/appriou.bzh\/index.php\/wp-json\/wp\/v2\/media\/5822"}],"wp:attachment":[{"href":"https:\/\/appriou.bzh\/index.php\/wp-json\/wp\/v2\/media?parent=739"}],"wp:term":[{"taxonomy":"category","embeddable":true,"href":"https:\/\/appriou.bzh\/index.php\/wp-json\/wp\/v2\/categories?post=739"},{"taxonomy":"post_tag","embeddable":true,"href":"https:\/\/appriou.bzh\/index.php\/wp-json\/wp\/v2\/tags?post=739"}],"curies":[{"name":"wp","href":"https:\/\/api.w.org\/{rel}","templated":true}]}}