{"id":740,"date":"2015-12-13T07:08:25","date_gmt":"2015-12-13T06:08:25","guid":{"rendered":"https:\/\/plouguerneau.net\/pourquoi-plouguerneau-en-1851\/"},"modified":"2015-12-13T07:08:25","modified_gmt":"2015-12-13T06:08:25","slug":"pourquoi-plouguerneau-en-1851","status":"publish","type":"page","link":"https:\/\/appriou.bzh\/index.php\/pourquoi-plouguerneau-en-1851\/","title":{"rendered":"Pourquoi Plouguerneau en 1851 ?"},"content":{"rendered":"<div class=\"crayon article-texte-342 texte\"><center><span style=\"color: #0000ff;\"><strong><span style=\"font-size: large;\">POURQUOI PLOUGUERNEAU EN 1851\u00a0?<\/span><\/strong><\/span><\/center><\/p>\n<table>\n<tbody>\n<tr>\n<td><\/td>\n<\/tr>\n<\/tbody>\n<\/table>\n<p>On me demande souvent pourquoi je parle souvent de \u00ab\u00a0<strong>Plouguerneau en 1851<\/strong>\u00a0\u00bb.<\/p>\n<p>Selon la personne qui me pose cette question, j\u2019ai plusieurs r\u00e9ponses\u00a0:<\/p>\n<ul class=\"spip\">\n<li>Car PASTIS (<i>humour<\/i>)<\/li>\n<\/ul>\n<ul class=\"spip\">\n<li>C\u2019est l\u2019ann\u00e9e du coup d\u2019\u00e9tat de Napol\u00e9on III qui mit fin \u00e0 la deuxi\u00e8me R\u00e9publique ce qui lui permit, l\u2019ann\u00e9e suivante, de restaurer l\u2019empire (<i>histoire<\/i>)<\/li>\n<\/ul>\n<ul class=\"spip\">\n<li>Non, la vraie raison est d\u00e9mographique. <strong>1851<\/strong> est l\u2019ann\u00e9e o\u00f9 la population de la commune de Plouguerneau a \u00e9t\u00e9 la plus importante au XIX<sup class=\"typo_exposants\">e<\/sup> si\u00e8cle avec <strong>6 246 habitants<\/strong> et il faudra attendre <strong>2010<\/strong> pour retrouver une population plus importante avec <strong>6 393 habitants<\/strong>.<\/li>\n<\/ul>\n<p>C\u2019est aussi une p\u00e9riode charni\u00e8re du fait de changements importants sur la commune sur la d\u00e9cennie pr\u00e9c\u00e9dente\u00a0:<\/p>\n<ul class=\"spip\">\n<li>Construction du 1<sup class=\"typo_exposants\">er<\/sup> phare de Phare de l\u2019\u00cele Vierge entre 1842 et1845<\/li>\n<\/ul>\n<ul class=\"spip\">\n<li>Construction du Phare de l\u2019\u00cele Wrac\u2019h en 1845<\/li>\n<\/ul>\n<ul class=\"spip\">\n<li>Premier pont de Paluden (pont suspendu) construit entre 1848 et 1851<\/li>\n<\/ul>\n<p>&nbsp;<\/p>\n<table>\n<tbody>\n<tr>\n<td><img decoding=\"async\" src=\"https:\/\/web.archive.org\/web\/20160402090007im_\/http:\/\/www.plouguerneau.net\/IMG\/jpg\/55.jpg\" \/><\/td>\n<\/tr>\n<\/tbody>\n<\/table>\n<p>Il faut savoir que Plouguerneau \u00e9tait en 1851, la <strong>commune rurale<\/strong>, d\u00e9mographiquement, <strong>la plus importante du Finist\u00e8re<\/strong> apr\u00e8s Crozon. Donc un cas d\u2019\u00e9tude int\u00e9ressant (en tenant aussi compte de sa position g\u00e9ographique\u00a0: presqu\u2019une presqu\u2019ile).<\/p>\n<table>\n<tbody>\n<tr>\n<td><\/td>\n<\/tr>\n<\/tbody>\n<\/table>\n<p><span style=\"color: #0000ff;\"><strong><i><span style=\"font-size: medium;\">1 &#8211; Quelques chiffres d\u00e9mographiques positionnant Plouguerneau<\/span><\/i><\/strong><\/span><\/p>\n<p>Plouguerneau, en 1851, est class\u00e9 au <strong>7<sup class=\"typo_exposants\">e<\/sup> rang<\/strong> des Communes du Finist\u00e8re avec ces 6 242 habitants.<\/p>\n<p>Arrive avant\u00a0:<\/p>\n<ul class=\"spip\">\n<li>1. Brest\u00a0: 51 160 habitants<\/li>\n<li>2. Quimper\u00a0: 15 699 habitants<\/li>\n<li>3. Morlaix\u00a0: 11 529 habitants<\/li>\n<li>4. Lamb\u00e9zellec\u00a0: 10 131 habitants<\/li>\n<li>5. Crozon\u00a0: 8 576 habitants<\/li>\n<li>6. Saint Pol de L\u00e9on\u00a0: 6 836 habitants<\/li>\n<\/ul>\n<p>Population en 1851 de quelques villes bien plus importantes aujourd\u2019hui\u00a0:<\/p>\n<ul class=\"spip\">\n<li>1. Landerneau\u00a0: 5 113 habitants ( 12<sup class=\"typo_exposants\">e<\/sup> rang )<\/li>\n<li>2. Douarnenez\u00a0: 4 143 habitants ( 22<sup class=\"typo_exposants\">e<\/sup> rang )<\/li>\n<li>3. Concarneau\u00a0: 2 289 habitants ( 78<sup class=\"typo_exposants\">e<\/sup> rang )<\/li>\n<\/ul>\n<p>Population en 1851 de quelques communes voisines\u00a0:<\/p>\n<ul class=\"spip\">\n<li>1. Lannilis\u00a0: 3 340 habitants ( 35<sup class=\"typo_exposants\">e<\/sup> rang)<\/li>\n<li>2. Guisseny\u00a0: 3 052 habitants ( 53<sup class=\"typo_exposants\">e<\/sup> rang )<\/li>\n<li>3. Lesneven\u00a0: 2 847 habitants ( 62<sup class=\"typo_exposants\">e<\/sup> rang )<\/li>\n<\/ul>\n<p>En <strong>2012<\/strong> avec <strong>6 352 habitants<\/strong>, Plouguerneau occupe le <strong>27<sup class=\"typo_exposants\">e<\/sup> rang<\/strong>.<\/p>\n<table>\n<tbody>\n<tr>\n<td><\/td>\n<\/tr>\n<\/tbody>\n<\/table>\n<p><span style=\"color: #0000ff;\"><strong><i><span style=\"font-size: medium;\">2 &#8211; Quelques chiffres sur la superficie de Plouguerneau<\/span><\/i><\/strong><\/span><\/p>\n<p>Plouguerneau est un grande commune avec ces 43,33 Km2.<\/p>\n<p>Elle se place au 35\u00e9me rang dans le Finist\u00e8re.<\/p>\n<p>La commune la plus importante du Finist\u00e8re est Scaer avec 117,60 Km2.<\/p>\n<p>La plus petite est l\u2019\u00cele de Sein avec 0,58 Km2.<\/p>\n<table>\n<tbody>\n<tr>\n<td><\/td>\n<\/tr>\n<\/tbody>\n<\/table>\n<p><span style=\"color: #0000ff;\"><strong><i><span style=\"font-size: medium;\">3 &#8211; Article sur Plouguerneau en 1851<\/span><\/i><\/strong><\/span><\/p>\n<p>Cliquez sur le lien\u00a0: <a href=\"https:\/\/web.archive.org\/web\/20160402090007\/http:\/\/www.plouguerneau.net\/spip.php?article205\">Etre Plouguern\u00e9en en 1851<\/a><\/p>\n<table>\n<tbody>\n<tr>\n<td><\/td>\n<\/tr>\n<\/tbody>\n<\/table>\n<p><span style=\"color: #0000ff;\"><strong><i><span style=\"font-size: medium;\">Sources<\/span><\/i><\/strong><\/span><\/p>\n<p>Internet\u00a0: Wikip\u00e9dia ( <a class=\"spip_out\" href=\"https:\/\/web.archive.org\/web\/20160402090007\/https:\/\/fr.wikipedia.org\/wiki\/Plouguerneau\">https:\/\/fr.wikipedia.org\/wiki\/Ploug&#8230;<\/a> )<\/p>\n<table>\n<tbody>\n<tr>\n<td><\/td>\n<\/tr>\n<\/tbody>\n<\/table>\n<p>Pierre ARZUR &#8211; D\u00e9cembre 2015<\/p>\n<\/div>\n","protected":false},"excerpt":{"rendered":"<p>POURQUOI PLOUGUERNEAU EN 1851\u00a0? On me demande souvent pourquoi je parle souvent de \u00ab\u00a0Plouguerneau en 1851\u00a0\u00bb. Selon la personne qui me pose cette question, j\u2019ai plusieurs r\u00e9ponses\u00a0: Car PASTIS (humour) [&hellip;]<\/p>\n","protected":false},"author":4,"featured_media":1778,"parent":0,"menu_order":0,"comment_status":"closed","ping_status":"open","template":"","meta":{"ngg_post_thumbnail":0,"_EventAllDay":false,"_EventTimezone":"","_EventStartDate":"","_EventEndDate":"","_EventStartDateUTC":"","_EventEndDateUTC":"","_EventShowMap":false,"_EventShowMapLink":false,"_EventURL":"","_EventCost":"","_EventCostDescription":"","_EventCurrencySymbol":"","_EventCurrencyCode":"","_EventCurrencyPosition":"","_EventDateTimeSeparator":"","_EventTimeRangeSeparator":"","_EventOrganizerID":[],"_EventVenueID":[],"_OrganizerEmail":"","_OrganizerPhone":"","_OrganizerWebsite":"","_VenueAddress":"","_VenueCity":"","_VenueCountry":"","_VenueProvince":"","_VenueState":"","_VenueZip":"","_VenuePhone":"","_VenueURL":"","_VenueStateProvince":"","_VenueLat":"","_VenueLng":"","_VenueShowMap":false,"_VenueShowMapLink":false,"footnotes":""},"categories":[255],"tags":[],"class_list":["post-740","page","type-page","status-publish","has-post-thumbnail","hentry","category-18-19-la-vie-a-plouguerneau"],"_links":{"self":[{"href":"https:\/\/appriou.bzh\/index.php\/wp-json\/wp\/v2\/pages\/740","targetHints":{"allow":["GET"]}}],"collection":[{"href":"https:\/\/appriou.bzh\/index.php\/wp-json\/wp\/v2\/pages"}],"about":[{"href":"https:\/\/appriou.bzh\/index.php\/wp-json\/wp\/v2\/types\/page"}],"author":[{"embeddable":true,"href":"https:\/\/appriou.bzh\/index.php\/wp-json\/wp\/v2\/users\/4"}],"replies":[{"embeddable":true,"href":"https:\/\/appriou.bzh\/index.php\/wp-json\/wp\/v2\/comments?post=740"}],"version-history":[{"count":0,"href":"https:\/\/appriou.bzh\/index.php\/wp-json\/wp\/v2\/pages\/740\/revisions"}],"wp:featuredmedia":[{"embeddable":true,"href":"https:\/\/appriou.bzh\/index.php\/wp-json\/wp\/v2\/media\/1778"}],"wp:attachment":[{"href":"https:\/\/appriou.bzh\/index.php\/wp-json\/wp\/v2\/media?parent=740"}],"wp:term":[{"taxonomy":"category","embeddable":true,"href":"https:\/\/appriou.bzh\/index.php\/wp-json\/wp\/v2\/categories?post=740"},{"taxonomy":"post_tag","embeddable":true,"href":"https:\/\/appriou.bzh\/index.php\/wp-json\/wp\/v2\/tags?post=740"}],"curies":[{"name":"wp","href":"https:\/\/api.w.org\/{rel}","templated":true}]}}