{"id":741,"date":"2015-12-22T21:12:42","date_gmt":"2015-12-22T20:12:42","guid":{"rendered":"https:\/\/plouguerneau.net\/patrimoine-2015-et-balades-decouvertes\/"},"modified":"2015-12-22T21:12:42","modified_gmt":"2015-12-22T20:12:42","slug":"patrimoine-2015-et-balades-decouvertes","status":"publish","type":"page","link":"https:\/\/appriou.bzh\/index.php\/patrimoine-2015-et-balades-decouvertes\/","title":{"rendered":"Patrimoine 2015 et Balades-D\u00e9couvertes"},"content":{"rendered":"<p><center><strong>Balade-D\u00e9couverte No 1 : Le Pont du Diable<\/strong> &#8211; 6 Septembre 2015<\/center><br \/>\n<\/p>\n<div align=center>\n<iframe width=\"560\" height=\"315\" src=\"http:\/\/www.youtube.com\/embed\/V_3uKG-SR0k\" frameborder=\"0\" allowfullscreen><\/iframe>\n<\/div>\n<p><\/p>\n<table>\n<tr>\n<td><\/td>\n<\/tr>\n<\/table>\n<hr>\n<table>\n<tr>\n<td><\/td>\n<\/tr>\n<\/table>\n<div align=justify>\n<center><strong>Journ\u00e9es du Patrimoine 2015<\/strong> &#8211; Dimanche 20 Septembre 2015<\/center><br \/>\n<\/p>\n<div align=center>\n<iframe width=\"560\" height=\"315\" src=\"http:\/\/www.youtube.com\/embed\/WMbtjfwp2JM\" frameborder=\"0\" allowfullscreen><\/iframe>\n<\/div>\n<p><\/p>\n<table>\n<tr>\n<td><\/td>\n<\/tr>\n<\/table>\n<hr>\n<table>\n<tr>\n<td><\/td>\n<\/tr>\n<\/table>\n<p><center><strong>Balade-D\u00e9couverte No 5 : Zorn-Le Vougot<\/strong> &#8211; 13 D\u00e9cembre 2015<\/center><br \/>\n<\/p>\n<div align=center>\n<iframe width=\"560\" height=\"315\" src=\"http:\/\/www.youtube.com\/embed\/HzaQh9g-5-s\" frameborder=\"0\" allowfullscreen><\/iframe>\n<\/div>\n<p><\/p>\n<table>\n<tr>\n<td><\/td>\n<\/tr>\n<\/table>\n<hr>\n<table>\n<tr>\n<td><\/td>\n<\/tr>\n<\/table>\n","protected":false},"excerpt":{"rendered":"<p>Balade-D\u00e9couverte No 1 : Le Pont du Diable &#8211; 6 Septembre 2015 Journ\u00e9es du Patrimoine 2015 &#8211; Dimanche 20 Septembre 2015 Balade-D\u00e9couverte No 5 : Zorn-Le Vougot &#8211; 13 D\u00e9cembre [&hellip;]<\/p>\n","protected":false},"author":4,"featured_media":0,"parent":0,"menu_order":0,"comment_status":"closed","ping_status":"open","template":"","meta":{"ngg_post_thumbnail":0,"_EventAllDay":false,"_EventTimezone":"","_EventStartDate":"","_EventEndDate":"","_EventStartDateUTC":"","_EventEndDateUTC":"","_EventShowMap":false,"_EventShowMapLink":false,"_EventURL":"","_EventCost":"","_EventCostDescription":"","_EventCurrencySymbol":"","_EventCurrencyCode":"","_EventCurrencyPosition":"","_EventDateTimeSeparator":"","_EventTimeRangeSeparator":"","_EventOrganizerID":[],"_EventVenueID":[],"_OrganizerEmail":"","_OrganizerPhone":"","_OrganizerWebsite":"","_VenueAddress":"","_VenueCity":"","_VenueCountry":"","_VenueProvince":"","_VenueState":"","_VenueZip":"","_VenuePhone":"","_VenueURL":"","_VenueStateProvince":"","_VenueLat":"","_VenueLng":"","_VenueShowMap":false,"_VenueShowMapLink":false,"footnotes":""},"categories":[265],"tags":[],"class_list":["post-741","page","type-page","status-publish","hentry","category-videos"],"_links":{"self":[{"href":"https:\/\/appriou.bzh\/index.php\/wp-json\/wp\/v2\/pages\/741","targetHints":{"allow":["GET"]}}],"collection":[{"href":"https:\/\/appriou.bzh\/index.php\/wp-json\/wp\/v2\/pages"}],"about":[{"href":"https:\/\/appriou.bzh\/index.php\/wp-json\/wp\/v2\/types\/page"}],"author":[{"embeddable":true,"href":"https:\/\/appriou.bzh\/index.php\/wp-json\/wp\/v2\/users\/4"}],"replies":[{"embeddable":true,"href":"https:\/\/appriou.bzh\/index.php\/wp-json\/wp\/v2\/comments?post=741"}],"version-history":[{"count":0,"href":"https:\/\/appriou.bzh\/index.php\/wp-json\/wp\/v2\/pages\/741\/revisions"}],"wp:attachment":[{"href":"https:\/\/appriou.bzh\/index.php\/wp-json\/wp\/v2\/media?parent=741"}],"wp:term":[{"taxonomy":"category","embeddable":true,"href":"https:\/\/appriou.bzh\/index.php\/wp-json\/wp\/v2\/categories?post=741"},{"taxonomy":"post_tag","embeddable":true,"href":"https:\/\/appriou.bzh\/index.php\/wp-json\/wp\/v2\/tags?post=741"}],"curies":[{"name":"wp","href":"https:\/\/api.w.org\/{rel}","templated":true}]}}