{"id":742,"date":"2022-02-04T10:16:00","date_gmt":"2022-02-04T09:16:00","guid":{"rendered":"https:\/\/plouguerneau.net\/les-moulins-du-zorn\/"},"modified":"2025-01-27T10:04:30","modified_gmt":"2025-01-27T09:04:30","slug":"les-moulins-du-zorn","status":"publish","type":"page","link":"https:\/\/appriou.bzh\/index.php\/les-moulins-du-zorn\/","title":{"rendered":"Les Moulins du Zorn"},"content":{"rendered":"<p>&nbsp;<\/p>\n<p>&nbsp;<\/p>\n<p>&nbsp;<\/p>\n<p><center><br \/>\n<span style=\"font-size: large; color: #0000ff;\"><strong>LES MOULINS DU ZORN<\/strong><br \/>\nou de K\u00e9roudern, en Plouguerneau<\/span><\/center>&nbsp;<\/p>\n<p>&nbsp;<\/p>\n<p>&nbsp;<\/p>\n<table>\n<tbody>\n<tr>\n<td>&nbsp;<\/td>\n<\/tr>\n<\/tbody>\n<\/table>\n<table>\n<tbody>\n<tr>\n<td>&nbsp;<\/td>\n<\/tr>\n<\/tbody>\n<\/table>\n<div align=\"justify\">\n<p>&nbsp;<span class=\"fontstyle0\">Deux ruisseaux se perdent dans le sable blanc de la gr\u00e8ve du Zorn.<br \/>\nIls sont tellement modestes qu&rsquo;ils ne figurent sur aucune carte. Longs de seulement<br \/>\nquelques centaines de m\u00e8tres, ils b\u00e9n\u00e9ficient cependant de quelques atouts car ils<br \/>\nplongent vers la falaise avec une tr\u00e8s forte d\u00e9nivel\u00e9e en quelques dizaines de m\u00e8tres.<br \/>\nLes vallons sont suffisamment encaiss\u00e9s et il a \u00e9t\u00e9 possible de barrer l&rsquo;un deux, pour<br \/>\ncr\u00e9er une chauss\u00e9e et un \u00e9tang.<br \/>\nCes minuscules cours d\u2019eaux ne sont aliment\u00e9s que par quelques petites sources<br \/>\nsitu\u00e9es principalement vers les hameaux de Kerlastren et Kereas. Ceci rend le<br \/>\nremplissage de la r\u00e9serve d&rsquo;eau fort tributaire des pluies saisonni\u00e8res et devait rendre le<br \/>\nfonctionnement des moulins assez al\u00e9atoire, surtout durant l&rsquo;\u00e9t\u00e9.<\/span><\/p>\n<p><span class=\"fontstyle0\">Pour am\u00e9liorer l&rsquo;amen\u00e9e de l&rsquo;eau aux trois moulins du Zorn, on creusa un bief dont le<br \/>\ncheminement est toujours visible de nos jours. Il permit de canaliser les d\u00e9bits des<br \/>\ndeux principaux ruisseaux et ainsi de mieux assurer le remplissage de l&rsquo;\u00e9tang.<br \/>\nB\u00e2ti au pied de la chauss\u00e9e, le moulin d&rsquo;en haut, <\/span><span class=\"fontstyle2\">milin huela<\/span><span class=\"fontstyle0\">, re\u00e7oit son \u00e9nergie motrice<br \/>\npar l&rsquo;interm\u00e9diaire d&rsquo;une roue verticale. Il fut sans doute le moulin originel du site et la<br \/>\npierre de taille fut largement utilis\u00e9e pour sa construction.<br \/>\nLes deux autres furent probablement b\u00e2tis pour b\u00e9n\u00e9ficier de l&rsquo;effet de la forte pente et<br \/>\nutiliser l&rsquo;\u00e9nergie r\u00e9siduelle de l&rsquo;eau s&rsquo;\u00e9vacuant du moulin principal. Trente m\u00e8tres plus<br \/>\nbas, la meule du moulin milieu, <\/span><span class=\"fontstyle2\">milin creis<\/span><span class=\"fontstyle0\">, tourne gr\u00e2ce \u00e0 une roue horizontale ou<br \/>\npirouette. La disposition des vestiges du moulin inf\u00e9rieur, <\/span><span class=\"fontstyle2\">milin izela<\/span><span class=\"fontstyle0\">, visibles \u00e0 une<br \/>\nquarantaine de m\u00e8tres du bord actuel de la falaise, laisse penser que sa meule tournante<br \/>\n\u00e9tait \u00e9galement mue par l&rsquo;interm\u00e9diaire d&rsquo;une roue verticale.<\/span><\/p>\n<p><em>Version f\u00e9vrier 2022<br \/>\n<\/em><\/p>\n<table>\n<tbody>\n<tr>\n<td>&nbsp;<\/td>\n<\/tr>\n<\/tbody>\n<\/table>\n<p><em>Article complet (27 pages) au format <strong>PDF<\/strong> en cliquant<\/em><a href=\"https:\/\/plouguerneau.net\/wp-content\/uploads\/2022\/02\/20220131_zorn.pdf\"> <strong>ICI<\/strong><\/a><\/p>\n<p>Voici quelques photos des moulins du Zorn cit\u00e9s dans l\u2019article.<\/p>\n\n<p>&nbsp;<\/p>\n<figure id=\"attachment_1277\" aria-describedby=\"caption-attachment-1277\" style=\"width: 300px\" class=\"wp-caption alignnone\"><img fetchpriority=\"high\" decoding=\"async\" class=\"wp-image-1277 size-medium\" src=\"https:\/\/appriou.bzh\/wp-content\/uploads\/2016\/01\/tableau-300x176.jpg\" alt=\"\" width=\"300\" height=\"176\"><figcaption id=\"caption-attachment-1277\" class=\"wp-caption-text\">Ancien \u00e9tablissement meunier vers 1960<\/figcaption><\/figure>\n<p>&nbsp;<\/p>\n<\/div>\n","protected":false},"excerpt":{"rendered":"<p>&nbsp; &nbsp; &nbsp; LES MOULINS DU ZORN ou de K\u00e9roudern, en Plouguerneau&nbsp; &nbsp; &nbsp; &nbsp; &nbsp; &nbsp;Deux ruisseaux se perdent dans le sable blanc de la gr\u00e8ve du Zorn. Ils [&hellip;]<\/p>\n","protected":false},"author":8,"featured_media":1277,"parent":0,"menu_order":0,"comment_status":"closed","ping_status":"open","template":"","meta":{"ngg_post_thumbnail":0,"_EventAllDay":false,"_EventTimezone":"","_EventStartDate":"","_EventEndDate":"","_EventStartDateUTC":"","_EventEndDateUTC":"","_EventShowMap":false,"_EventShowMapLink":false,"_EventURL":"","_EventCost":"","_EventCostDescription":"","_EventCurrencySymbol":"","_EventCurrencyCode":"","_EventCurrencyPosition":"","_EventDateTimeSeparator":"","_EventTimeRangeSeparator":"","_EventOrganizerID":[],"_EventVenueID":[],"_OrganizerEmail":"","_OrganizerPhone":"","_OrganizerWebsite":"","_VenueAddress":"","_VenueCity":"","_VenueCountry":"","_VenueProvince":"","_VenueState":"","_VenueZip":"","_VenuePhone":"","_VenueURL":"","_VenueStateProvince":"","_VenueLat":"","_VenueLng":"","_VenueShowMap":false,"_VenueShowMapLink":false,"footnotes":""},"categories":[142],"tags":[],"class_list":["post-742","page","type-page","status-publish","has-post-thumbnail","hentry","category-moulins"],"_links":{"self":[{"href":"https:\/\/appriou.bzh\/index.php\/wp-json\/wp\/v2\/pages\/742","targetHints":{"allow":["GET"]}}],"collection":[{"href":"https:\/\/appriou.bzh\/index.php\/wp-json\/wp\/v2\/pages"}],"about":[{"href":"https:\/\/appriou.bzh\/index.php\/wp-json\/wp\/v2\/types\/page"}],"author":[{"embeddable":true,"href":"https:\/\/appriou.bzh\/index.php\/wp-json\/wp\/v2\/users\/8"}],"replies":[{"embeddable":true,"href":"https:\/\/appriou.bzh\/index.php\/wp-json\/wp\/v2\/comments?post=742"}],"version-history":[{"count":0,"href":"https:\/\/appriou.bzh\/index.php\/wp-json\/wp\/v2\/pages\/742\/revisions"}],"wp:featuredmedia":[{"embeddable":true,"href":"https:\/\/appriou.bzh\/index.php\/wp-json\/wp\/v2\/media\/1277"}],"wp:attachment":[{"href":"https:\/\/appriou.bzh\/index.php\/wp-json\/wp\/v2\/media?parent=742"}],"wp:term":[{"taxonomy":"category","embeddable":true,"href":"https:\/\/appriou.bzh\/index.php\/wp-json\/wp\/v2\/categories?post=742"},{"taxonomy":"post_tag","embeddable":true,"href":"https:\/\/appriou.bzh\/index.php\/wp-json\/wp\/v2\/tags?post=742"}],"curies":[{"name":"wp","href":"https:\/\/api.w.org\/{rel}","templated":true}]}}