{"id":743,"date":"2016-08-01T15:37:20","date_gmt":"2016-08-01T13:37:20","guid":{"rendered":"https:\/\/plouguerneau.net\/deux-drames-en-bretagne\/"},"modified":"2016-08-01T15:37:20","modified_gmt":"2016-08-01T13:37:20","slug":"deux-drames-en-bretagne","status":"publish","type":"page","link":"https:\/\/appriou.bzh\/index.php\/deux-drames-en-bretagne\/","title":{"rendered":"Deux drames en bretagne"},"content":{"rendered":"<p>&nbsp;<\/p>\n<p class=\"MsoNormal\" style=\"margin-left: 1cm; text-align: center;\"><big><big style=\"color: #3366ff; font-weight: bold; text-decoration: underline;\"><big>DEUX<br \/>\nDRAMES EN BRETAGNE<\/big><\/big><\/big><\/p>\n<p class=\"MsoNormal\" style=\"margin-left: 1cm; text-align: center;\">&nbsp;<img decoding=\"async\" style=\"width: 600px; height: 849px;\" src=\"http:\/\/www.plouguerneau.net\/IMG\/conf\/deux_drames\/FlyerConf22Juillet2.jpg\" alt=\"affiche\"><\/p>\n<p class=\"MsoNormal\" style=\"margin-left: 1cm;\">Il y a 85 ans, le 14 juin 1931, le Saint-Philibert, un bateau de croisi\u00e8re construit \u00e0 Nantes huit ans plus t\u00f4t, est affr\u00e9t\u00e9 par la \u00ab&nbsp;Soci\u00e9t\u00e9 des Loisirs&nbsp;\u00bb pour une sortie<br \/>\ndistrayante \u00e0 l\u2019Ile de Noirmoutier. A une \u00e9poque o\u00f9 les cong\u00e9s pay\u00e9s n\u2019existent encore pas, nombreuses sont les associations ou partis qui encouragent<br \/>\nleurs adh\u00e9rents \u00e0 participer. Ils seront pr\u00e8s de 500 \u00e0 embarquer et aussi dispara\u00eetre dans le naufrage de ce qui sera appel\u00e9 par la suite \u00ab&nbsp;le Titanic breton&nbsp;\u00bb.<\/p>\n<p class=\"MsoNormal\" style=\"margin-left: 1cm;\">Une quarantaine d\u2019ann\u00e9es plus t\u00f4t, le 24 juin 1890, la Bretagne \u00e9tait d\u00e9j\u00e0 frapp\u00e9e par un drame o\u00f9 l\u2019on d\u00e9nombrait beaucoup moins de victimes mais qui est rest\u00e9 dans les m\u00e9moires des Brestois. Ce jour-l\u00e0, pour le retour du pardon de Saint-Jean \u00e0 Plougastel-Daoulas, on fait la queue sur la passerelle en bois pour embarquer sur une des navettes qui traverse l\u2019Elorn. La passerelle c\u00e8dera sous le poids des Brestois et une centaine de passagers seront projet\u00e9s \u00e0 l\u2019eau. Sept ne survivront pas \u00e0 la catastrophe.<\/p>\n<p class=\"MsoNormal\" style=\"margin-left: 1cm;\">Ces deux drames ont \u00e9t\u00e9 largement m\u00e9diatis\u00e9s avec les moyens de l\u2019\u00e9poque. C\u2019est \u00e0 travers des images, coupures de journaux, t\u00e9moignages, et m\u00eame gwerzio\u00f9 que Norbert L\u2019Hostis, de l\u2019association Plouguerneau d\u2019Hier et d\u2019Aujourd\u2019hui, nous a racont\u00e9 ces deux terribles faits-divers lors&nbsp; d&rsquo;une conf\u00e9rence&nbsp; \u00e0 la&nbsp; m\u00e9diath\u00e8que de Plouguerneau.<\/p>\n<p class=\"MsoNormal\" style=\"margin-left: 1cm;\"><a href=\"http:\/\/www.plouguerneau.net\/IMG\/conf\/deux_drames\/2drames_NL.mp3\">Ecouter<\/a><\/p>\n<p class=\"MsoNormal\" style=\"margin-left: 1cm;\">\n<p>&nbsp;<\/p>\n","protected":false},"excerpt":{"rendered":"<p>&nbsp; DEUX DRAMES EN BRETAGNE &nbsp; Il y a 85 ans, le 14 juin 1931, le Saint-Philibert, un bateau de croisi\u00e8re construit \u00e0 Nantes huit ans plus t\u00f4t, est affr\u00e9t\u00e9 [&hellip;]<\/p>\n","protected":false},"author":4,"featured_media":2033,"parent":0,"menu_order":0,"comment_status":"closed","ping_status":"open","template":"","meta":{"ngg_post_thumbnail":0,"_EventAllDay":false,"_EventTimezone":"","_EventStartDate":"","_EventEndDate":"","_EventStartDateUTC":"","_EventEndDateUTC":"","_EventShowMap":false,"_EventShowMapLink":false,"_EventURL":"","_EventCost":"","_EventCostDescription":"","_EventCurrencySymbol":"","_EventCurrencyCode":"","_EventCurrencyPosition":"","_EventDateTimeSeparator":"","_EventTimeRangeSeparator":"","_EventOrganizerID":[],"_EventVenueID":[],"_OrganizerEmail":"","_OrganizerPhone":"","_OrganizerWebsite":"","_VenueAddress":"","_VenueCity":"","_VenueCountry":"","_VenueProvince":"","_VenueState":"","_VenueZip":"","_VenuePhone":"","_VenueURL":"","_VenueStateProvince":"","_VenueLat":"","_VenueLng":"","_VenueShowMap":false,"_VenueShowMapLink":false,"footnotes":""},"categories":[249],"tags":[],"class_list":["post-743","page","type-page","status-publish","has-post-thumbnail","hentry","category-patrimoine-maritime"],"_links":{"self":[{"href":"https:\/\/appriou.bzh\/index.php\/wp-json\/wp\/v2\/pages\/743","targetHints":{"allow":["GET"]}}],"collection":[{"href":"https:\/\/appriou.bzh\/index.php\/wp-json\/wp\/v2\/pages"}],"about":[{"href":"https:\/\/appriou.bzh\/index.php\/wp-json\/wp\/v2\/types\/page"}],"author":[{"embeddable":true,"href":"https:\/\/appriou.bzh\/index.php\/wp-json\/wp\/v2\/users\/4"}],"replies":[{"embeddable":true,"href":"https:\/\/appriou.bzh\/index.php\/wp-json\/wp\/v2\/comments?post=743"}],"version-history":[{"count":0,"href":"https:\/\/appriou.bzh\/index.php\/wp-json\/wp\/v2\/pages\/743\/revisions"}],"wp:featuredmedia":[{"embeddable":true,"href":"https:\/\/appriou.bzh\/index.php\/wp-json\/wp\/v2\/media\/2033"}],"wp:attachment":[{"href":"https:\/\/appriou.bzh\/index.php\/wp-json\/wp\/v2\/media?parent=743"}],"wp:term":[{"taxonomy":"category","embeddable":true,"href":"https:\/\/appriou.bzh\/index.php\/wp-json\/wp\/v2\/categories?post=743"},{"taxonomy":"post_tag","embeddable":true,"href":"https:\/\/appriou.bzh\/index.php\/wp-json\/wp\/v2\/tags?post=743"}],"curies":[{"name":"wp","href":"https:\/\/api.w.org\/{rel}","templated":true}]}}