{"id":749,"date":"2016-10-23T10:23:15","date_gmt":"2016-10-23T08:23:15","guid":{"rendered":"https:\/\/plouguerneau.net\/gens-de-mer-a-plouguerneau-au-debut-du-xxe-siecle-et-durant-la-grande-guerre\/"},"modified":"2025-01-27T10:02:01","modified_gmt":"2025-01-27T09:02:01","slug":"gens-de-mer-a-plouguerneau-au-debut-du-xxe-siecle-et-durant-la-grande-guerre","status":"publish","type":"page","link":"https:\/\/appriou.bzh\/index.php\/gens-de-mer-a-plouguerneau-au-debut-du-xxe-siecle-et-durant-la-grande-guerre\/","title":{"rendered":"Gens de mer \u00e0 Plouguerneau, au d\u00e9but du XXe si\u00e8cle et durant la Grande Guerre"},"content":{"rendered":"<p>&nbsp;<\/p>\n<p>&nbsp;<\/p>\n<p><center><br \/>\n<span style=\"font-size: large;\"><strong>GENS DE MER \u00e0 PLOUGUERNEAU,<br \/>\nau d\u00e9but du XX\u00e8me si\u00e8cle et durant la Grande Guerre<\/strong><br \/>\n<\/span><\/center>&nbsp;<\/p>\n<p>&nbsp;<\/p>\n<table>\n<tbody>\n<tr>\n<td>&nbsp;<\/td>\n<\/tr>\n<\/tbody>\n<\/table>\n<table>\n<tbody>\n<tr>\n<td style=\"width: 574px;\">&nbsp;<\/td>\n<\/tr>\n<\/tbody>\n<\/table>\n<div align=\"justify\">\n<p>Selon le d\u00e9nombrement de la population effectu\u00e9 au d\u00e9but de l&rsquo;ann\u00e9e 1911, Plouguerneau compte environ 200 hommes qui tirent l&rsquo;essentiel de leurs ressources de la mer et qui sont en \u00e2ge d&rsquo;\u00eatre mobilis\u00e9s en cas de conflit. On peut sans doute ajouter quelques dizaines d&rsquo;autres qui sont absents car ils effectuent leur service militaire dans l&rsquo;Active ou sont engag\u00e9s, embarqu\u00e9s sur les navires de guerre ou stationn\u00e9s dans les d\u00e9p\u00f4ts de la Marine \u00e0 Cherbourg, Brest, Lorient, Rochefort ou Toulon.<br \/>\nLa plupart des appel\u00e9s sont matelots sans sp\u00e9cialit\u00e9. Malgr\u00e9 l&rsquo;instruction rendue obligatoire jusqu&rsquo;\u00e0 l&rsquo;\u00e2ge de 13 ans par la loi Ferry de 1882, leur niveau d&rsquo;instruction reste faible. Leurs bras sont bien plus utiles \u00e0 la gr\u00e8ve ou sur les bateaux d\u00e8s l&rsquo;\u00e2ge de 10 ans que sur les bancs de l&rsquo;\u00e9cole ! Quelques<br \/>\nrares autres naviguent dans la marine marchande au long cours ou au cabotage, ou \u00e0 la grande p\u00eache ; au d\u00e9but des ann\u00e9es 1900, on est attach\u00e9 \u00e0 son terroir et on pr\u00e9f\u00e8re travailler au pays.<br \/>\nAvant la guerre de 1914, la zone c\u00f4ti\u00e8re de Plouguerneau fourmille de gens de mer. Les registres de la Matricule contiennent plus de 900 fiches de Plouguern\u00e9ens, n\u00e9s entre 1867 et 1900, inscrits maritimes d\u00e9finitifs entre 1885 et 1918. La plupart sont port\u00e9s sur des r\u00f4les \u00e0 la petite p\u00eache, peut-<br \/>\n\u00eatre un terme de simplification pour l&rsquo;Inscription Maritime car, pour une \u00e9norme majorit\u00e9, la polyvalence pr\u00e9vaut ; ils sont souvent go\u00e9moniers et p\u00eacheurs selon les saisons. Souvent on exploite aussi une petite ferme qui aide \u00e0 surmonter la pr\u00e9carit\u00e9 du quotidien, surtout durant les mois d&rsquo;hiver.<br \/>\nPour d&rsquo;autres, le m\u00e9tier principal est le travail de la terre ; ils sont inscrits maritimes car ce statut leur conf\u00e8re quelques avantages : des facilit\u00e9s pour amender leurs terres et une petite pension d\u00e8s leur passage aux inscrits hors de service, c&rsquo;est-\u00e0-dire \u00e0 cinquante ans.<\/p>\n<p><em>Version Juin 2016<\/em><\/p>\n<table>\n<tbody>\n<tr>\n<td>&nbsp;<\/td>\n<\/tr>\n<\/tbody>\n<\/table>\n<p><em>Article complet au format <strong>PDF<\/strong> en cliquant<\/em> <a href=\"http:\/\/www.plouguerneau.net\/IMG\/anicolas\/marins_1418.pdf\" target=\"blank\" rel=\"noopener noreferrer\">]<strong>ICI<\/strong>[<\/a>.<\/p>\n<p><img fetchpriority=\"high\" decoding=\"async\" class=\" wp-image-1229 aligncenter\" src=\"https:\/\/appriou.bzh\/wp-content\/uploads\/2018\/11\/JF_bodenes-236x300.jpg\" alt=\"\" width=\"255\" height=\"324\"><\/p>\n<p>&nbsp;<\/p>\n<\/div>\n","protected":false},"excerpt":{"rendered":"<p>&nbsp; &nbsp; GENS DE MER \u00e0 PLOUGUERNEAU, au d\u00e9but du XX\u00e8me si\u00e8cle et durant la Grande Guerre &nbsp; &nbsp; &nbsp; &nbsp; Selon le d\u00e9nombrement de la population effectu\u00e9 au d\u00e9but [&hellip;]<\/p>\n","protected":false},"author":8,"featured_media":1229,"parent":0,"menu_order":0,"comment_status":"closed","ping_status":"closed","template":"","meta":{"ngg_post_thumbnail":0,"_EventAllDay":false,"_EventTimezone":"","_EventStartDate":"","_EventEndDate":"","_EventStartDateUTC":"","_EventEndDateUTC":"","_EventShowMap":false,"_EventShowMapLink":false,"_EventURL":"","_EventCost":"","_EventCostDescription":"","_EventCurrencySymbol":"","_EventCurrencyCode":"","_EventCurrencyPosition":"","_EventDateTimeSeparator":"","_EventTimeRangeSeparator":"","_EventOrganizerID":[],"_EventVenueID":[],"_OrganizerEmail":"","_OrganizerPhone":"","_OrganizerWebsite":"","_VenueAddress":"","_VenueCity":"","_VenueCountry":"","_VenueProvince":"","_VenueState":"","_VenueZip":"","_VenuePhone":"","_VenueURL":"","_VenueStateProvince":"","_VenueLat":"","_VenueLng":"","_VenueShowMap":false,"_VenueShowMapLink":false,"footnotes":""},"categories":[232],"tags":[],"class_list":["post-749","page","type-page","status-publish","has-post-thumbnail","hentry","category-14-18-8-marins-de-14-18"],"_links":{"self":[{"href":"https:\/\/appriou.bzh\/index.php\/wp-json\/wp\/v2\/pages\/749","targetHints":{"allow":["GET"]}}],"collection":[{"href":"https:\/\/appriou.bzh\/index.php\/wp-json\/wp\/v2\/pages"}],"about":[{"href":"https:\/\/appriou.bzh\/index.php\/wp-json\/wp\/v2\/types\/page"}],"author":[{"embeddable":true,"href":"https:\/\/appriou.bzh\/index.php\/wp-json\/wp\/v2\/users\/8"}],"replies":[{"embeddable":true,"href":"https:\/\/appriou.bzh\/index.php\/wp-json\/wp\/v2\/comments?post=749"}],"version-history":[{"count":0,"href":"https:\/\/appriou.bzh\/index.php\/wp-json\/wp\/v2\/pages\/749\/revisions"}],"wp:featuredmedia":[{"embeddable":true,"href":"https:\/\/appriou.bzh\/index.php\/wp-json\/wp\/v2\/media\/1229"}],"wp:attachment":[{"href":"https:\/\/appriou.bzh\/index.php\/wp-json\/wp\/v2\/media?parent=749"}],"wp:term":[{"taxonomy":"category","embeddable":true,"href":"https:\/\/appriou.bzh\/index.php\/wp-json\/wp\/v2\/categories?post=749"},{"taxonomy":"post_tag","embeddable":true,"href":"https:\/\/appriou.bzh\/index.php\/wp-json\/wp\/v2\/tags?post=749"}],"curies":[{"name":"wp","href":"https:\/\/api.w.org\/{rel}","templated":true}]}}