{"id":750,"date":"2016-10-23T10:54:28","date_gmt":"2016-10-23T08:54:28","guid":{"rendered":"https:\/\/plouguerneau.net\/pont-crach-et-son-terroir\/"},"modified":"2025-01-27T10:08:28","modified_gmt":"2025-01-27T09:08:28","slug":"pont-crach-et-son-terroir","status":"publish","type":"page","link":"https:\/\/appriou.bzh\/index.php\/pont-crach-et-son-terroir\/","title":{"rendered":"Pont-Crac&rsquo;h et son terroir"},"content":{"rendered":"<p><center><br \/>\n<span style=\"font-size: large; color: #0000ff;\"><strong>Pont-Crac&rsquo;h et son terroir<\/strong><br \/>\n(vers 1792 ~ 1940)<\/span><\/center>&nbsp;<\/p>\n<div align=\"justify\">\n<p>Surplombant Pont-Crac&rsquo;h, ou Pont an Diaoul, sur la rive de l&rsquo;Aber-Wrach du c\u00f4t\u00e9 de Plouguerneau,les restes des murs d&rsquo;une maison myst\u00e9rieuse sont toujours visibles de nos jours.<br \/>\nElle fut sans doute b\u00e2tie bien avant la R\u00e9volution de 1789 pour abriter une sorte de collecteur de droits de p\u00e9age.<br \/>\nEn effet, le 5 avril 1792, le proc\u00e8s-verbal de la vente comme bien national rappelle que le dit PontCr\u00e9ac&rsquo;h rapportait un revenu annuel de 3 livres et 3 sols. Il s&rsquo;agit donc d&rsquo;un pont \u00e0 p\u00e9age, ce qui n&rsquo;arien d&rsquo;exceptionnel durant l&rsquo;Ancien R\u00e9gime ; les taxes et droits de passage \u00e9taient en effet multiples et li\u00e9s aux privil\u00e8ges fort anciens de la Noblesse ou de l\u2019\u00c9glise.<br \/>\nNous n&rsquo;avons pas retrouv\u00e9 le motif de la mise sous s\u00e9questre puis la mise aux ench\u00e8res de PontCrac&rsquo;h, mais l&rsquo;op\u00e9ration est contemporaine de la vente des biens nationaux de premi\u00e8re origine, c&rsquo;est-\u00e0-dire les anciennes propri\u00e9t\u00e9s de l\u2019\u00c9glise et de la Couronne&#8230;&#8230;<\/p>\n<p><em>Article complet au format <strong>PDF<\/strong> en cliquant<\/em> <span style=\"color: #ff0000;\"><a style=\"color: #ff0000;\" href=\"http:\/\/www.plouguerneau.net\/IMG\/anicolas\/pont-crach_environs.pdf\" target=\"blank\"><strong>ICI<\/strong><\/a>.<\/span><\/p>\n<p><em>Version Aout 2016<\/em><\/p>\n<\/div>\n","protected":false},"excerpt":{"rendered":"<p>Pont-Crac&rsquo;h et son terroir (vers 1792 ~ 1940)&nbsp; Surplombant Pont-Crac&rsquo;h, ou Pont an Diaoul, sur la rive de l&rsquo;Aber-Wrach du c\u00f4t\u00e9 de Plouguerneau,les restes des murs d&rsquo;une maison myst\u00e9rieuse sont [&hellip;]<\/p>\n","protected":false},"author":4,"featured_media":0,"parent":0,"menu_order":0,"comment_status":"closed","ping_status":"open","template":"","meta":{"ngg_post_thumbnail":0,"_EventAllDay":false,"_EventTimezone":"","_EventStartDate":"","_EventEndDate":"","_EventStartDateUTC":"","_EventEndDateUTC":"","_EventShowMap":false,"_EventShowMapLink":false,"_EventURL":"","_EventCost":"","_EventCostDescription":"","_EventCurrencySymbol":"","_EventCurrencyCode":"","_EventCurrencyPosition":"","_EventDateTimeSeparator":"","_EventTimeRangeSeparator":"","_EventOrganizerID":[],"_EventVenueID":[],"_OrganizerEmail":"","_OrganizerPhone":"","_OrganizerWebsite":"","_VenueAddress":"","_VenueCity":"","_VenueCountry":"","_VenueProvince":"","_VenueState":"","_VenueZip":"","_VenuePhone":"","_VenueURL":"","_VenueStateProvince":"","_VenueLat":"","_VenueLng":"","_VenueShowMap":false,"_VenueShowMapLink":false,"footnotes":""},"categories":[138],"tags":[],"class_list":["post-750","page","type-page","status-publish","hentry","category-patrimoine-archeologique"],"_links":{"self":[{"href":"https:\/\/appriou.bzh\/index.php\/wp-json\/wp\/v2\/pages\/750","targetHints":{"allow":["GET"]}}],"collection":[{"href":"https:\/\/appriou.bzh\/index.php\/wp-json\/wp\/v2\/pages"}],"about":[{"href":"https:\/\/appriou.bzh\/index.php\/wp-json\/wp\/v2\/types\/page"}],"author":[{"embeddable":true,"href":"https:\/\/appriou.bzh\/index.php\/wp-json\/wp\/v2\/users\/4"}],"replies":[{"embeddable":true,"href":"https:\/\/appriou.bzh\/index.php\/wp-json\/wp\/v2\/comments?post=750"}],"version-history":[{"count":0,"href":"https:\/\/appriou.bzh\/index.php\/wp-json\/wp\/v2\/pages\/750\/revisions"}],"wp:attachment":[{"href":"https:\/\/appriou.bzh\/index.php\/wp-json\/wp\/v2\/media?parent=750"}],"wp:term":[{"taxonomy":"category","embeddable":true,"href":"https:\/\/appriou.bzh\/index.php\/wp-json\/wp\/v2\/categories?post=750"},{"taxonomy":"post_tag","embeddable":true,"href":"https:\/\/appriou.bzh\/index.php\/wp-json\/wp\/v2\/tags?post=750"}],"curies":[{"name":"wp","href":"https:\/\/api.w.org\/{rel}","templated":true}]}}