{"id":754,"date":"2017-06-25T17:11:04","date_gmt":"2017-06-25T15:11:04","guid":{"rendered":"https:\/\/plouguerneau.net\/moulins-et-meuniers-a-plouguerneau-du-xvieme-au-xxeme-siecles\/"},"modified":"2025-01-27T10:04:30","modified_gmt":"2025-01-27T09:04:30","slug":"moulins-et-meuniers-a-plouguerneau-du-xvieme-au-xxeme-siecles","status":"publish","type":"page","link":"https:\/\/appriou.bzh\/index.php\/moulins-et-meuniers-a-plouguerneau-du-xvieme-au-xxeme-siecles\/","title":{"rendered":"Moulins et meuniers \u00e0 Plouguerneau du XVI\u00e8me au XX\u00e8me si\u00e8cles"},"content":{"rendered":"<p>Le document PDF consultable ci-dessous inventorie les moulins de Plouguerneau et leurs meuniers du XVI\u00e8me au XX\u00e8me si\u00e8cle, un document o\u00f9 les lecteurs amateurs de g\u00e9n\u00e9alogie trouveront, nous l&rsquo;esp\u00e9rons, leur bonheur&#8230; 237 pages traitant les 26 moulins \u00e0 eau et les 5 moulins \u00e0 vent de la commune.<\/p>\n<p><a href=\"https:\/\/appriou.bzh\/wp-content\/uploads\/2017\/06\/meuniers_1.pdf\"><img fetchpriority=\"high\" decoding=\"async\" class=\"aligncenter wp-image-1624 size-full\" src=\"https:\/\/plouguerneau.net\/wp-content\/uploads\/2017\/06\/icone-pdf.png\" alt=\"\" width=\"250\" height=\"252\" \/><\/a><a href=\"https:\/\/appriou.bzh\/wp-content\/uploads\/2017\/06\/meuniers_1.pdf\" class=\"pdfemb-viewer\" style=\"\" data-width=\"max\" data-height=\"max\" data-toolbar=\"bottom\" data-toolbar-fixed=\"off\">meuniers_1<\/a><\/p>\n<p>&nbsp;<\/p>\n","protected":false},"excerpt":{"rendered":"<p>Le document PDF consultable ci-dessous inventorie les moulins de Plouguerneau et leurs meuniers du XVI\u00e8me au XX\u00e8me si\u00e8cle, un document o\u00f9 les lecteurs amateurs de g\u00e9n\u00e9alogie trouveront, nous l&rsquo;esp\u00e9rons, leur [&hellip;]<\/p>\n","protected":false},"author":4,"featured_media":1817,"parent":0,"menu_order":0,"comment_status":"closed","ping_status":"open","template":"","meta":{"ngg_post_thumbnail":0,"_EventAllDay":false,"_EventTimezone":"","_EventStartDate":"","_EventEndDate":"","_EventStartDateUTC":"","_EventEndDateUTC":"","_EventShowMap":false,"_EventShowMapLink":false,"_EventURL":"","_EventCost":"","_EventCostDescription":"","_EventCurrencySymbol":"","_EventCurrencyCode":"","_EventCurrencyPosition":"","_EventDateTimeSeparator":"","_EventTimeRangeSeparator":"","_EventOrganizerID":[],"_EventVenueID":[],"_OrganizerEmail":"","_OrganizerPhone":"","_OrganizerWebsite":"","_VenueAddress":"","_VenueCity":"","_VenueCountry":"","_VenueProvince":"","_VenueState":"","_VenueZip":"","_VenuePhone":"","_VenueURL":"","_VenueStateProvince":"","_VenueLat":"","_VenueLng":"","_VenueShowMap":false,"_VenueShowMapLink":false,"footnotes":""},"categories":[142],"tags":[],"class_list":["post-754","page","type-page","status-publish","has-post-thumbnail","hentry","category-moulins"],"_links":{"self":[{"href":"https:\/\/appriou.bzh\/index.php\/wp-json\/wp\/v2\/pages\/754","targetHints":{"allow":["GET"]}}],"collection":[{"href":"https:\/\/appriou.bzh\/index.php\/wp-json\/wp\/v2\/pages"}],"about":[{"href":"https:\/\/appriou.bzh\/index.php\/wp-json\/wp\/v2\/types\/page"}],"author":[{"embeddable":true,"href":"https:\/\/appriou.bzh\/index.php\/wp-json\/wp\/v2\/users\/4"}],"replies":[{"embeddable":true,"href":"https:\/\/appriou.bzh\/index.php\/wp-json\/wp\/v2\/comments?post=754"}],"version-history":[{"count":0,"href":"https:\/\/appriou.bzh\/index.php\/wp-json\/wp\/v2\/pages\/754\/revisions"}],"wp:featuredmedia":[{"embeddable":true,"href":"https:\/\/appriou.bzh\/index.php\/wp-json\/wp\/v2\/media\/1817"}],"wp:attachment":[{"href":"https:\/\/appriou.bzh\/index.php\/wp-json\/wp\/v2\/media?parent=754"}],"wp:term":[{"taxonomy":"category","embeddable":true,"href":"https:\/\/appriou.bzh\/index.php\/wp-json\/wp\/v2\/categories?post=754"},{"taxonomy":"post_tag","embeddable":true,"href":"https:\/\/appriou.bzh\/index.php\/wp-json\/wp\/v2\/tags?post=754"}],"curies":[{"name":"wp","href":"https:\/\/api.w.org\/{rel}","templated":true}]}}