{"id":757,"date":"2017-07-09T10:00:00","date_gmt":"2017-07-09T08:00:00","guid":{"rendered":"https:\/\/plouguerneau.net\/circuit-2-lilia-7-km\/"},"modified":"2025-01-12T22:16:11","modified_gmt":"2025-01-12T21:16:11","slug":"circuit-02-lilia-7-km","status":"publish","type":"page","link":"https:\/\/appriou.bzh\/index.php\/circuit-02-lilia-7-km\/","title":{"rendered":"Circuit 02 &#8211; Lilia (7 Km)"},"content":{"rendered":"<p>&nbsp;<\/p>\n<p><span style=\"font-size: 18px;\"><u><strong>Ciruit de Lilia<\/strong><\/u><\/span><\/p>\n<p><span style=\"font-size: 18px;\"><u><strong>D\u00e9part<\/strong><\/u><\/span> : <span style=\"font-size: 18px;\">Bourg de Lilia (Eglise) vers le sud \u00a0 \u00a0\u00a0\u00a0\u00a0\u00a0\u00a0\u00a0\u00a0 <\/span><\/p>\n<p><span style=\"font-size: 18px;\"><u><strong>Distance<\/strong><\/u> : 7 Km\u00a0\u00a0\u00a0\u00a0\u00a0\u00a0\u00a0\u00a0\u00a0\u00a0 Difficult\u00e9 : facile <\/span><\/p>\n<p><strong>Attention :<\/strong> en fin de circuit le GR 34 a \u00e9t\u00e9 d\u00e9vi\u00e9 entre porz Kervelt et la pointe du Kastell ac&rsquo;h pour des raisons de s\u00e9curit\u00e9 (entre points 14 et 16)<\/p>\n<p><span style=\"font-size: 18px;\"><u><strong>Couleur du balisage<\/strong><\/u> : <span style=\"color: #000080;\">Bleu fonc\u00e9 et <\/span><span style=\"color: #ff0000;\">Rouge et blanc<\/span> sur le GR34 (sentier cotier)<\/span><\/p>\n<figure id=\"attachment_1650\" aria-describedby=\"caption-attachment-1650\" style=\"width: 200px\" class=\"wp-caption aligncenter\"><a href=\"https:\/\/plouguerneau.net\/wp-content\/uploads\/2018\/11\/circuit_2_a_la_d_couverte_de_lilia_plouguerneau.pdf\" target=\"_blank\" rel=\"noopener\"><img fetchpriority=\"high\" decoding=\"async\" class=\"wp-image-1650 \" src=\"https:\/\/appriou.bzh\/wp-content\/uploads\/2018\/11\/2lilia-145x300.jpg\" alt=\"\" width=\"200\" height=\"414\" \/><\/a><figcaption id=\"caption-attachment-1650\" class=\"wp-caption-text\">La plaquette au format PDF<\/figcaption><\/figure>\n<p><span style=\"font-size: 18px;\"><a href=\"http:\/\/www.plouguerneau.net\/IMG\/gpx\/lilia_deviation_gr.gpx\" target=\"_blank\" rel=\"attachment noopener wp-att-1662\"><img decoding=\"async\" class=\"alignnone wp-image-1662 size-full\" src=\"https:\/\/appriou.bzh\/wp-content\/uploads\/2017\/07\/gpx2562.png\" alt=\"\" width=\"100\" height=\"100\" \/><\/a>\u00a0<a href=\"http:\/\/www.plouguerneau.net\/IMG\/gpx\/lilia_deviation_gr.gpx\">Le fichier GPX<\/a><br \/>\n<\/span><\/p>\n<p><iframe src=\"https:\/\/www.openrunner.com\/route\/7606587\/embed\/fr\/5033475255515a6b36516832564259694759364b4f387a4f5034476a675a4c414e5263376e4e54622b62593d3a3a27b0371f87145448b055b2abaccd24f4\" width=\"450px\" height=\"580px\" frameborder=\"0\" allowfullscreen=\"allowfullscreen\"><\/iframe><\/p>\n<p>\u2460 Le bourg de Lilia -Kreiz Ker- que l&rsquo;on appelait autrefois l&rsquo;Armorique-an arvor breton- a \u00e9t\u00e9 \u00e9rig\u00e9 en paroisse en 1943. La premi\u00e8re \u00ab\u00a0\u00e9glise\u00a0\u00bb de Lilia a \u00e9t\u00e9 \u00e9rig\u00e9e en 1875 &#8211; avec en partie des pierres venant de la chapelle Saint cava ruin\u00e9e. Elle \u00e9tait d\u00e9di\u00e9e \u00e0 Notre-dame de Lilia et \u00e0 Saint Karan. L&rsquo;\u00e9glise trop petite, a \u00e9t\u00e9 agrandie en 1954 avec en particulier un haut clocher de ciment abritant des cloches \u00ab\u00a0\u00e9lectroniques\u00a0\u00bb. A l\u00a0\u00bbint\u00e9rieur statues anciennes de Notre-Dame et Saint Karan, et vitraux modernes de J.P Le Bihan racontant les origines et les activit\u00e9s maritimes de la paroisse. A l&rsquo;arri\u00e8re de l&rsquo;\u00e9glise les vieux b\u00e2timents de l&rsquo;\u00e9cole de p\u00eache -annexe de l&rsquo;\u00e9cole d&rsquo;apprentissages maritime de l&rsquo;aberwrac&rsquo;h- cr\u00e9e apr\u00e8s la guerre 39-45 par l&rsquo;abb\u00e9 Pierre Cornec (ou en 1942?)<br \/>\nMonumentale statue \u00ab la vierge \u00e0 l\u2019enfant \u00bb de Fran\u00e7ois Breton<\/p>\n<p>\u2461 Descendre par la rue principale de Stread al Leac&rsquo;h (le chemin de la grande pierre plate qui peut d\u00e9signer la couverture du dolmen). A 50 m\u00e8tres \u00e0 gauche, le dolmen de Lilia (Monument historique) : s\u00e9pulture m\u00e9galithique du n\u00e9olithique. Lilia lui doit sans doute son nom : lia signifie grande pierre plate, d\u00e9signant souvent un m\u00e9galithe.<\/p>\n<p>\u2462 Prendre la direction de Kerscao o\u00f9 on peut voir un ensemble bien restaur\u00e9 : maison ancienne et son puits.<\/p>\n<p>\u2463Traverser le village de Keridaouen. Petit village de p\u00eacheurs-go\u00e9moniers. Petite maison \u00e0 avanc\u00e9e (comme \u00e0 St Cava). Zone humide littorale Mechou Keridaouenn<br \/>\nEn retrait du pr\u00e9-sal\u00e9, entre les hameaux de Kergoz et de Keridaouen, s&rsquo;observe parmi les mechou (qui sont les terres cultiv\u00e9es) une butte que l&rsquo;on appelle un Krugell. Au milieu des champs on pourrait croire qu&rsquo;il s&rsquo;agit, comme on le voit en trop d&rsquo;endroits de Bretagne, d&rsquo;une de ces accumulations-d\u00e9potoirs o\u00f9 sont entass\u00e9s p\u00eale-m\u00eale pierres, restes de talus, vieux outils agricoles et d\u00e9chets divers, \u00e0 la suite du remembrement. Ici il n&rsquo;en est rien et cette butte est ancienne. Si un Krugell correspond \u00e0 une butte d&rsquo;\u00e9pierrage il s&rsquo;agit surtout d&rsquo;une \u00e9minence, naturel-le ou artificielle, non cultivable en raison de la pr\u00e9sence d&rsquo;un affleurement rocheux ou peut-\u00eatre d&rsquo;une tombe. Il en existe un autre sur EnezVenan qui est un Cairn du n\u00e9oli-thique, un autre au Reun.<br \/>\nA la sortie du village prendre \u00e0 droite sur le sentier c\u00f4tier (GR34 balis\u00e9 rouge et blanc). On peut aussi pousser jusqu&rsquo;\u00e0 Perroz, \u00e0 St Antoine ruines d&rsquo;un petit monast\u00e8re des cordeliers et d&rsquo;un manoir d\u00e9fensif.<\/p>\n<p>\u2464 Zone artisanale maritime (Kerazan Vihan) de Kerazan. Un bel exemple de d\u00e9veloppement \u00e9conomique li\u00e9 \u00e0 la mer, petit port, Quelques entreprises dont l&rsquo;\u00e9levage d&rsquo;ormeaux.<\/p>\n<p>\u2465 Beg ar Roz, sculpture moderne \u00ab\u00a0Rozmeur\u00a0\u00bb de Tetsus Harada. Point du vue sur le port de L&rsquo;Aber-Wrac&rsquo;h c\u00e9l\u00e8bre dans le moyen-age. Nouveau port inaugur\u00e9 le 14 juillet 2007, par sa marraine Jane Birkin accueille essentiellement les activit\u00e9s de p\u00eache et de plaisance.<\/p>\n<p>\u2466 Enez Terc&rsquo;h (l&rsquo;\u00eele aux Am\u00e9ricains) occup\u00e9e \u00e0 l&rsquo;\u00e2ge du bronze (tumulus ; poteries), puis par les go\u00e9moniers (XIX\u2014e et XXen&rsquo;t si\u00e8cles), en 1917\/18 les am\u00e9ricains y cr\u00e9\u00e8rent une base d&rsquo;hydravions (cales). Point de vue sur le port de l&rsquo;Aber-Wrac&rsquo;h ; l&rsquo;\u00eele et le fort c\u00e9zon (Vauban) ; Abbaye des anges (1507).<\/p>\n<p>\u2467Statue moderne : lune chavir\u00e9e (1990) par Catherine Hure. De ce point de vue, on aper\u00e7oit derri\u00e8re l&rsquo;\u00eele Wrac&rsquo;h les deux petites \u00eeles Wrac&rsquo;h dont l&rsquo;une abrite une maison et dans la gr\u00e8ve un vivier monumental en pierres de la fin du XIXemt si\u00e8cle (vers 1880. Famille Oulhen de l&rsquo;Aber-Wrac&rsquo;h) .<\/p>\n<p>\u2468 La plage de Saint Cava (Aod Kervezenn). Au centre de l&rsquo;estran : Le menhir Menozac&rsquo;h, ennoy\u00e9 \u00e0 chaque mar\u00e9e. C&rsquo;est un t\u00e9moin exceptionnel de la remont\u00e9e du niveau de la mer depuis le n\u00e9olithique. Le village de Saint Cava offre un beau calvaire du XVent si\u00e8cle, quelques belles maisons de caract\u00e8re et les ruines de la chapelle de St Karan (transf\u00e9r\u00e9e au bourg de Lilia en 1875) St Karan d\u00e9barquant un jour en gr\u00e8ve de Kervezenn (en auge de pierre) se serait exclam\u00e9 aux indig\u00e8nes venus l&rsquo;accueillir : holl ho karan (tous je vous aime). Le nom lui serait rest\u00e9.<\/p>\n<p>\u2469La sculpture en granit de Ghislaine Vernaujoux : Laouer Sant Karan ( l&rsquo;auge de St Karan) rappelle cette l\u00e9gende(1992).<\/p>\n<p>\u246aBeg ar Rest. La pointe du Rest est un des milieux naturels les plus int\u00e9ressants de Plouguerneau. L&rsquo;un des plus fragiles aussi. Vestiges de four \u00e0 go\u00e9mon. Sculpture moderne en granit : l&rsquo;\u0153il du cyclope par George Ranime] (1990). L&rsquo;estran en ce lieu est des plus importants; il porte vers le nord I&rsquo;lle Leac&rsquo;h Verni, vers le sud Enez Vreac&rsquo;h (lle Wrac&rsquo;h ou Roc&rsquo;h Gorred). Le phare de l&rsquo;\u00eele Wrac&rsquo;h f\u00fbt mis en service en 1845, pour baliser avec le clocher de Plouguerneau, puis le phare de Lanvaon (1869) l&rsquo;acc\u00e8s au port de l&rsquo;Aber- wrac&rsquo;h.<\/p>\n<p>\u246bPort et plage de Kervenni<\/p>\n<p>\u246cStatue moderne : Empreinte par Eric Theret (1988).<\/p>\n<p>\u246dLa Pointe du Kastell-Ac&rsquo;h a \u00e9t\u00e9 le si\u00e8ge d&rsquo;un \u00e9peron barr\u00e9 \u00e0 l&rsquo;\u00e9poque gauloise (\u00e2ge du fer). Point de vue sur les \u00eeles, de gauche \u00e0 droite: Stagadon, le plateau de Lezent, Enez Valan (\u00eele aux Gen\u00eats), Enez Werc&rsquo;h (\u00eele Vierge avec ses deux phares:1845 pour le petit phare et 1902), Enez Venan (Cairn n\u00e9blithique : 4000 ann\u00e9es environ avant J.C.) et Enez ar Vir. Statue en granit Victor Hugo par Coutelle 1992, rebaptis\u00e9e \u00ab\u00a0Ar Maltouter\u00a0\u00bb (Le douanier) par certains.<\/p>\n<p>\u246eL\u2019\u00eele Venan.cette grande \u00eele que l&rsquo;on voit au nord est accessible \u00e0 demi-mar\u00e9e. Elle abrite un cairn, des tombelles de l&rsquo;Age du fer, des fours \u00e0 go\u00e9mon, des chauss\u00e9es de d\u00e9barquement.<\/p>\n<p>\u246fContinuer sur le sentier c\u00f4tier sur 1,2 km puis tourner \u00e0 droite sur un chemin pour regagner le bourg de Lilia.<\/p>\n","protected":false},"excerpt":{"rendered":"<p>&nbsp; Ciruit de Lilia D\u00e9part : Bourg de Lilia (Eglise) vers le sud \u00a0 \u00a0\u00a0\u00a0\u00a0\u00a0\u00a0\u00a0\u00a0 Distance : 7 Km\u00a0\u00a0\u00a0\u00a0\u00a0\u00a0\u00a0\u00a0\u00a0\u00a0 Difficult\u00e9 : facile Attention : en fin de circuit le GR [&hellip;]<\/p>\n","protected":false},"author":4,"featured_media":388,"parent":0,"menu_order":0,"comment_status":"closed","ping_status":"closed","template":"","meta":{"ngg_post_thumbnail":0,"_EventAllDay":false,"_EventTimezone":"","_EventStartDate":"","_EventEndDate":"","_EventStartDateUTC":"","_EventEndDateUTC":"","_EventShowMap":false,"_EventShowMapLink":false,"_EventURL":"","_EventCost":"","_EventCostDescription":"","_EventCurrencySymbol":"","_EventCurrencyCode":"","_EventCurrencyPosition":"","_EventDateTimeSeparator":"","_EventTimeRangeSeparator":"","_EventOrganizerID":[],"_EventVenueID":[],"_OrganizerEmail":"","_OrganizerPhone":"","_OrganizerWebsite":"","_VenueAddress":"","_VenueCity":"","_VenueCountry":"","_VenueProvince":"","_VenueState":"","_VenueZip":"","_VenuePhone":"","_VenueURL":"","_VenueStateProvince":"","_VenueLat":"","_VenueLng":"","_VenueShowMap":false,"_VenueShowMapLink":false,"footnotes":""},"categories":[32],"tags":[],"class_list":["post-757","page","type-page","status-publish","has-post-thumbnail","hentry","category-randonnees-balisees"],"_links":{"self":[{"href":"https:\/\/appriou.bzh\/index.php\/wp-json\/wp\/v2\/pages\/757","targetHints":{"allow":["GET"]}}],"collection":[{"href":"https:\/\/appriou.bzh\/index.php\/wp-json\/wp\/v2\/pages"}],"about":[{"href":"https:\/\/appriou.bzh\/index.php\/wp-json\/wp\/v2\/types\/page"}],"author":[{"embeddable":true,"href":"https:\/\/appriou.bzh\/index.php\/wp-json\/wp\/v2\/users\/4"}],"replies":[{"embeddable":true,"href":"https:\/\/appriou.bzh\/index.php\/wp-json\/wp\/v2\/comments?post=757"}],"version-history":[{"count":0,"href":"https:\/\/appriou.bzh\/index.php\/wp-json\/wp\/v2\/pages\/757\/revisions"}],"wp:featuredmedia":[{"embeddable":true,"href":"https:\/\/appriou.bzh\/index.php\/wp-json\/wp\/v2\/media\/388"}],"wp:attachment":[{"href":"https:\/\/appriou.bzh\/index.php\/wp-json\/wp\/v2\/media?parent=757"}],"wp:term":[{"taxonomy":"category","embeddable":true,"href":"https:\/\/appriou.bzh\/index.php\/wp-json\/wp\/v2\/categories?post=757"},{"taxonomy":"post_tag","embeddable":true,"href":"https:\/\/appriou.bzh\/index.php\/wp-json\/wp\/v2\/tags?post=757"}],"curies":[{"name":"wp","href":"https:\/\/api.w.org\/{rel}","templated":true}]}}