{"id":758,"date":"2017-07-08T18:25:00","date_gmt":"2017-07-08T16:25:00","guid":{"rendered":"https:\/\/plouguerneau.net\/circuit-3-de-la-greve-blanche-a-lost-an-aod-6-km\/"},"modified":"2025-01-12T22:16:20","modified_gmt":"2025-01-12T21:16:20","slug":"circuit-03-de-la-greve-blanche-a-lost-an-aod-6-km","status":"publish","type":"page","link":"https:\/\/appriou.bzh\/index.php\/circuit-03-de-la-greve-blanche-a-lost-an-aod-6-km\/","title":{"rendered":"Circuit 03 &#8211; De la Gr\u00e8ve Blanche \u00e0 Lost an Aod (6 Km)"},"content":{"rendered":"<h2><span style=\"font-size: 18px; color: #0000ff;\"><u><strong><b>Boucle entre La gr\u00e8ve Blanche et Lost an Aaod<br \/>\n<\/b><\/strong><\/u><\/span><\/h2>\n<p><span style=\"font-size: 18px;\"><u><strong>D\u00e9part<\/strong><\/u><\/span> : <span style=\"font-size: 18px;\">Plage de la Gr\u00e8ve Blanche ou Lost an aod<br \/>\n<\/span><\/p>\n<p><span style=\"font-size: 18px;\"><u><strong>Distance<\/strong><\/u> : 6 Km\u00a0\u00a0\u00a0\u00a0\u00a0\u00a0\u00a0 Difficult\u00e9 : facile <\/span><\/p>\n<p><span style=\"font-size: 18px;\"><u><strong>Couleur du balisage<\/strong><\/u> : <span style=\"color: #000080;\"><strong><span style=\"color: #800080;\"><span style=\"color: #ffff00;\">Jaune<\/span> et<\/span><\/strong> <\/span><span style=\"color: #ff0000;\">Rouge et blanc<\/span> sur le GR34 (sentier cotier)<\/span><\/p>\n<p style=\"text-align: justify;\"><strong><span style=\"text-decoration: underline;\">Option<\/span> : Possibilit\u00e9 de le faire avec le circuit 4 st Michel Korejou qui fait aussi 6 Km<\/strong><\/p>\n<figure id=\"attachment_1649\" aria-describedby=\"caption-attachment-1649\" style=\"width: 200px\" class=\"wp-caption aligncenter\"><a href=\"https:\/\/plouguerneau.net\/wp-content\/uploads\/2018\/11\/circuit_3_a_la_d_couverte_du_spins_plouguerneau.pdf\" target=\"_blank\" rel=\"noopener\"><img fetchpriority=\"high\" decoding=\"async\" class=\"wp-image-1649\" src=\"https:\/\/plouguerneau.net\/wp-content\/uploads\/2018\/11\/3spins-146x300.jpg\" alt=\"\" width=\"200\" height=\"411\" \/><\/a><figcaption id=\"caption-attachment-1649\" class=\"wp-caption-text\">La plaquette au format PDF<\/figcaption><\/figure>\n<p><span style=\"font-size: 18px;\"><a href=\"http:\/\/www.plouguerneau.net\/IMG\/gpx\/3spins.gpx\" target=\"_blank\" rel=\"attachment noopener wp-att-1662\"><img decoding=\"async\" class=\"alignnone wp-image-1662 size-full\" src=\"https:\/\/appriou.bzh\/wp-content\/uploads\/2017\/07\/gpx2562.png\" alt=\"\" width=\"100\" height=\"100\" \/><\/a> <a href=\"http:\/\/www.plouguerneau.net\/IMG\/gpx\/3spins.gpx\">Le fichier GPX<\/a><strong> pour votre GPS (smartphone)<\/strong><br \/>\n<\/span><\/p>\n<p style=\"text-align: center;\"><iframe src=\"https:\/\/www.openrunner.com\/route\/4452023\/embed\/fr\/6d72334a525664736f6d4f36363376657962434e4c575a4f717542544839487351654b6e434a324673496f3d3a3a9a0d635deec78c0fb015e6386cd0f758\" width=\"450px\" height=\"580px\" frameborder=\"0\" allowfullscreen=\"allowfullscreen\"><\/iframe><br \/>\n<b> <\/b><\/p>\n<h2><strong><span style=\"color: #0000ff;\">\u00a0<\/span><\/strong><\/h2>\n","protected":false},"excerpt":{"rendered":"<p>Boucle entre La gr\u00e8ve Blanche et Lost an Aaod D\u00e9part : Plage de la Gr\u00e8ve Blanche ou Lost an aod Distance : 6 Km\u00a0\u00a0\u00a0\u00a0\u00a0\u00a0\u00a0 Difficult\u00e9 : facile Couleur du balisage [&hellip;]<\/p>\n","protected":false},"author":4,"featured_media":1714,"parent":0,"menu_order":0,"comment_status":"closed","ping_status":"closed","template":"","meta":{"ngg_post_thumbnail":0,"_EventAllDay":false,"_EventTimezone":"","_EventStartDate":"","_EventEndDate":"","_EventStartDateUTC":"","_EventEndDateUTC":"","_EventShowMap":false,"_EventShowMapLink":false,"_EventURL":"","_EventCost":"","_EventCostDescription":"","_EventCurrencySymbol":"","_EventCurrencyCode":"","_EventCurrencyPosition":"","_EventDateTimeSeparator":"","_EventTimeRangeSeparator":"","_EventOrganizerID":[],"_EventVenueID":[],"_OrganizerEmail":"","_OrganizerPhone":"","_OrganizerWebsite":"","_VenueAddress":"","_VenueCity":"","_VenueCountry":"","_VenueProvince":"","_VenueState":"","_VenueZip":"","_VenuePhone":"","_VenueURL":"","_VenueStateProvince":"","_VenueLat":"","_VenueLng":"","_VenueShowMap":false,"_VenueShowMapLink":false,"footnotes":""},"categories":[32],"tags":[],"class_list":["post-758","page","type-page","status-publish","has-post-thumbnail","hentry","category-randonnees-balisees"],"_links":{"self":[{"href":"https:\/\/appriou.bzh\/index.php\/wp-json\/wp\/v2\/pages\/758","targetHints":{"allow":["GET"]}}],"collection":[{"href":"https:\/\/appriou.bzh\/index.php\/wp-json\/wp\/v2\/pages"}],"about":[{"href":"https:\/\/appriou.bzh\/index.php\/wp-json\/wp\/v2\/types\/page"}],"author":[{"embeddable":true,"href":"https:\/\/appriou.bzh\/index.php\/wp-json\/wp\/v2\/users\/4"}],"replies":[{"embeddable":true,"href":"https:\/\/appriou.bzh\/index.php\/wp-json\/wp\/v2\/comments?post=758"}],"version-history":[{"count":0,"href":"https:\/\/appriou.bzh\/index.php\/wp-json\/wp\/v2\/pages\/758\/revisions"}],"wp:featuredmedia":[{"embeddable":true,"href":"https:\/\/appriou.bzh\/index.php\/wp-json\/wp\/v2\/media\/1714"}],"wp:attachment":[{"href":"https:\/\/appriou.bzh\/index.php\/wp-json\/wp\/v2\/media?parent=758"}],"wp:term":[{"taxonomy":"category","embeddable":true,"href":"https:\/\/appriou.bzh\/index.php\/wp-json\/wp\/v2\/categories?post=758"},{"taxonomy":"post_tag","embeddable":true,"href":"https:\/\/appriou.bzh\/index.php\/wp-json\/wp\/v2\/tags?post=758"}],"curies":[{"name":"wp","href":"https:\/\/api.w.org\/{rel}","templated":true}]}}