{"id":759,"date":"2017-07-07T09:19:00","date_gmt":"2017-07-07T07:19:00","guid":{"rendered":"https:\/\/plouguerneau.net\/circuit-4-st-michel-korejou-iliz-koz-6-km\/"},"modified":"2025-01-12T22:16:29","modified_gmt":"2025-01-12T21:16:29","slug":"circuit-04-st-michel-korejou-iliz-koz-6-km","status":"publish","type":"page","link":"https:\/\/appriou.bzh\/index.php\/circuit-04-st-michel-korejou-iliz-koz-6-km\/","title":{"rendered":"Circuit 04 -St Michel &#8211; Korejou &#8211; Iliz Koz (6 Km)"},"content":{"rendered":"<h2><span style=\"font-size: 18px; color: #0000ff;\"><u><strong><b>Boucle entre Le Korejou et la greve blanche<br \/>\n<\/b><\/strong><\/u><\/span><\/h2>\n<p><span style=\"font-size: 18px;\"><u><strong>D\u00e9part<\/strong><\/u><\/span> : <span style=\"font-size: 18px;\">Plage de la Gr\u00e8ve Blanche ou du Korejou<br \/>\n<\/span><\/p>\n<p><span style=\"font-size: 18px;\"><u><strong>Distance<\/strong><\/u> : 6 Km Difficult\u00e9 : facile <\/span><\/p>\n<p><span style=\"font-size: 18px;\"><u><strong>Couleur du balisage<\/strong><\/u> : <span style=\"color: #000080;\"><strong><span style=\"color: #800080;\"><span style=\"color: #ffff00;\">Jaune<\/span> et<\/span><\/strong> <\/span><span style=\"color: #ff0000;\">Rouge et blanc<\/span> sur le GR34 (sentier cotier)<\/span><\/p>\n<p style=\"text-align: justify;\"><strong><span style=\"text-decoration: underline;\">Option<\/span> : Possibilit\u00e9 de le faire avec le circuit 3 spins qui fait aussi 6 Km<\/strong><\/p>\n<figure id=\"attachment_1648\" aria-describedby=\"caption-attachment-1648\" style=\"width: 191px\" class=\"wp-caption aligncenter\"><a href=\"https:\/\/plouguerneau.net\/wp-content\/uploads\/2018\/11\/circuit_-_a_la_decouverte_de_saint-michel_et_du_korejou.pdf\" target=\"_blank\" rel=\"noopener\"><img fetchpriority=\"high\" decoding=\"async\" class=\"wp-image-1648 \" src=\"https:\/\/plouguerneau.net\/wp-content\/uploads\/2018\/11\/4korejou-143x300.jpg\" alt=\"\" width=\"191\" height=\"401\" \/><\/a><figcaption id=\"caption-attachment-1648\" class=\"wp-caption-text\">La plaquette au format PDF<\/figcaption><\/figure>\n<p><span style=\"font-size: 18px;\"><a href=\"http:\/\/www.plouguerneau.net\/IMG\/gpx\/4korejou.gpx\" target=\"_blank\" rel=\"attachment noopener wp-att-1662\"><img decoding=\"async\" class=\"alignnone wp-image-1662 size-full\" src=\"https:\/\/appriou.bzh\/wp-content\/uploads\/2017\/07\/gpx2562.png\" alt=\"\" width=\"100\" height=\"100\" \/><\/a> <a href=\"http:\/\/www.plouguerneau.net\/IMG\/gpx\/4korejou.gpx\">Le fichier GPX<\/a><strong> pour votre GPS (smartphone)<\/strong><br \/>\n<\/span><\/p>\n<p style=\"text-align: center;\"><iframe src=\"https:\/\/www.openrunner.com\/route\/4452054\/embed\/fr\/5662777872737646484945516953366d4d375450687a69412f4c6e7979655466486d49474f4d504d6c68453d3a3abb6fa4335e389df8f13b10b32f3b28a6\" width=\"450px\" height=\"580px\" frameborder=\"0\" allowfullscreen=\"allowfullscreen\"><\/iframe><br \/>\n<b> <\/b><\/p>\n<h2><\/h2>\n","protected":false},"excerpt":{"rendered":"<p>Boucle entre Le Korejou et la greve blanche D\u00e9part : Plage de la Gr\u00e8ve Blanche ou du Korejou Distance : 6 Km Difficult\u00e9 : facile Couleur du balisage : Jaune [&hellip;]<\/p>\n","protected":false},"author":4,"featured_media":1312,"parent":0,"menu_order":0,"comment_status":"closed","ping_status":"closed","template":"","meta":{"ngg_post_thumbnail":0,"_EventAllDay":false,"_EventTimezone":"","_EventStartDate":"","_EventEndDate":"","_EventStartDateUTC":"","_EventEndDateUTC":"","_EventShowMap":false,"_EventShowMapLink":false,"_EventURL":"","_EventCost":"","_EventCostDescription":"","_EventCurrencySymbol":"","_EventCurrencyCode":"","_EventCurrencyPosition":"","_EventDateTimeSeparator":"","_EventTimeRangeSeparator":"","_EventOrganizerID":[],"_EventVenueID":[],"_OrganizerEmail":"","_OrganizerPhone":"","_OrganizerWebsite":"","_VenueAddress":"","_VenueCity":"","_VenueCountry":"","_VenueProvince":"","_VenueState":"","_VenueZip":"","_VenuePhone":"","_VenueURL":"","_VenueStateProvince":"","_VenueLat":"","_VenueLng":"","_VenueShowMap":false,"_VenueShowMapLink":false,"footnotes":""},"categories":[32],"tags":[],"class_list":["post-759","page","type-page","status-publish","has-post-thumbnail","hentry","category-randonnees-balisees"],"_links":{"self":[{"href":"https:\/\/appriou.bzh\/index.php\/wp-json\/wp\/v2\/pages\/759","targetHints":{"allow":["GET"]}}],"collection":[{"href":"https:\/\/appriou.bzh\/index.php\/wp-json\/wp\/v2\/pages"}],"about":[{"href":"https:\/\/appriou.bzh\/index.php\/wp-json\/wp\/v2\/types\/page"}],"author":[{"embeddable":true,"href":"https:\/\/appriou.bzh\/index.php\/wp-json\/wp\/v2\/users\/4"}],"replies":[{"embeddable":true,"href":"https:\/\/appriou.bzh\/index.php\/wp-json\/wp\/v2\/comments?post=759"}],"version-history":[{"count":0,"href":"https:\/\/appriou.bzh\/index.php\/wp-json\/wp\/v2\/pages\/759\/revisions"}],"wp:featuredmedia":[{"embeddable":true,"href":"https:\/\/appriou.bzh\/index.php\/wp-json\/wp\/v2\/media\/1312"}],"wp:attachment":[{"href":"https:\/\/appriou.bzh\/index.php\/wp-json\/wp\/v2\/media?parent=759"}],"wp:term":[{"taxonomy":"category","embeddable":true,"href":"https:\/\/appriou.bzh\/index.php\/wp-json\/wp\/v2\/categories?post=759"},{"taxonomy":"post_tag","embeddable":true,"href":"https:\/\/appriou.bzh\/index.php\/wp-json\/wp\/v2\/tags?post=759"}],"curies":[{"name":"wp","href":"https:\/\/api.w.org\/{rel}","templated":true}]}}