{"id":761,"date":"2017-07-04T10:33:00","date_gmt":"2017-07-04T08:33:00","guid":{"rendered":"https:\/\/plouguerneau.net\/circuit-7-zorn-vougo-8-km\/"},"modified":"2025-01-12T22:16:53","modified_gmt":"2025-01-12T21:16:53","slug":"circuit-7-zorn-vougo-8-km","status":"publish","type":"page","link":"https:\/\/appriou.bzh\/index.php\/circuit-7-zorn-vougo-8-km\/","title":{"rendered":"Circuit 07 &#8211; Zorn Vougo (8 Km)"},"content":{"rendered":"<h2><span style=\"font-size: 18px; color: #0000ff;\"><u><strong><b>Boucle \u00e0 partir de la plage du Zorn<br \/>\n<\/b><\/strong><\/u><\/span><\/h2>\n<p><span style=\"font-size: 18px;\"><u><strong>D\u00e9part<\/strong><\/u><\/span><strong><b> : Plage du Zorn<br \/>\n<\/b><\/strong><\/p>\n<p><span style=\"font-size: 18px;\"><u><strong>Distance<\/strong><\/u> : 8 Km Difficult\u00e9 : facile <\/span><\/p>\n<p><span style=\"font-size: 18px;\"><u><strong>Couleur du balisage<\/strong><\/u> : <span style=\"color: #3366ff;\"><strong>Bleu roi<\/strong><\/span><\/span><\/p>\n<p style=\"text-align: justify;\"><strong><span style=\"text-decoration: underline;\">Option<\/span> : Possibilit\u00e9 de le lier avec les circuits \u00ab\u00a05 Kreach an avel\u00a0\u00bb ou le \u00ab\u00a010 Keroudern\u00a0\u00bb<br \/>\n<\/strong><\/p>\n<p><a href=\"https:\/\/plouguerneau.net\/wp-content\/uploads\/2018\/11\/circuit_7_a_la_d_couverte_du_zorn_plouguerneau.pdf\" target=\"_blank\" rel=\"noopener\"><img decoding=\"async\" class=\"alignnone wp-image-1645 size-medium\" src=\"https:\/\/appriou.bzh\/wp-content\/uploads\/2018\/11\/7zorn-145x300.jpg\" alt=\"\" width=\"145\" height=\"300\" \/><\/a><\/p>\n<p><span style=\"font-size: 18px;\"><a href=\"http:\/\/www.plouguerneau.net\/IMG\/gpx\/7zorn.gpx\" target=\"_blank\" rel=\"attachment noopener wp-att-1662\"><img decoding=\"async\" class=\"alignnone wp-image-1662 size-full\" src=\"https:\/\/appriou.bzh\/wp-content\/uploads\/2017\/07\/gpx2562.png\" alt=\"\" width=\"100\" height=\"100\" \/><\/a> <a href=\"http:\/\/www.plouguerneau.net\/IMG\/gpx\/7zorn.gpx\">Le fichier GPX<\/a><strong> pour votre GPS (smartphone)<\/strong><br \/>\n<\/span><\/p>\n<p style=\"text-align: center;\"><iframe src=\"https:\/\/www.openrunner.com\/route\/4975354\/embed\/fr\/2b6a70626e4761414a5549697039776b7833354248784c4d6e2b7a6c32485475736d324a3458776e4e4d6f3d3a3ae84415511b28be7db7a6d38ac7de4191\" width=\"450px\" height=\"580px\" frameborder=\"0\" allowfullscreen=\"allowfullscreen\"><\/iframe><br \/>\n<b> <\/b><\/p>\n<h2><\/h2>\n","protected":false},"excerpt":{"rendered":"<p>Boucle \u00e0 partir de la plage du Zorn D\u00e9part : Plage du Zorn Distance : 8 Km Difficult\u00e9 : facile Couleur du balisage : Bleu roi Option : Possibilit\u00e9 de [&hellip;]<\/p>\n","protected":false},"author":4,"featured_media":1645,"parent":0,"menu_order":0,"comment_status":"closed","ping_status":"closed","template":"","meta":{"ngg_post_thumbnail":0,"_EventAllDay":false,"_EventTimezone":"","_EventStartDate":"","_EventEndDate":"","_EventStartDateUTC":"","_EventEndDateUTC":"","_EventShowMap":false,"_EventShowMapLink":false,"_EventURL":"","_EventCost":"","_EventCostDescription":"","_EventCurrencySymbol":"","_EventCurrencyCode":"","_EventCurrencyPosition":"","_EventDateTimeSeparator":"","_EventTimeRangeSeparator":"","_EventOrganizerID":[],"_EventVenueID":[],"_OrganizerEmail":"","_OrganizerPhone":"","_OrganizerWebsite":"","_VenueAddress":"","_VenueCity":"","_VenueCountry":"","_VenueProvince":"","_VenueState":"","_VenueZip":"","_VenuePhone":"","_VenueURL":"","_VenueStateProvince":"","_VenueLat":"","_VenueLng":"","_VenueShowMap":false,"_VenueShowMapLink":false,"footnotes":""},"categories":[32],"tags":[],"class_list":["post-761","page","type-page","status-publish","has-post-thumbnail","hentry","category-randonnees-balisees"],"_links":{"self":[{"href":"https:\/\/appriou.bzh\/index.php\/wp-json\/wp\/v2\/pages\/761","targetHints":{"allow":["GET"]}}],"collection":[{"href":"https:\/\/appriou.bzh\/index.php\/wp-json\/wp\/v2\/pages"}],"about":[{"href":"https:\/\/appriou.bzh\/index.php\/wp-json\/wp\/v2\/types\/page"}],"author":[{"embeddable":true,"href":"https:\/\/appriou.bzh\/index.php\/wp-json\/wp\/v2\/users\/4"}],"replies":[{"embeddable":true,"href":"https:\/\/appriou.bzh\/index.php\/wp-json\/wp\/v2\/comments?post=761"}],"version-history":[{"count":0,"href":"https:\/\/appriou.bzh\/index.php\/wp-json\/wp\/v2\/pages\/761\/revisions"}],"wp:featuredmedia":[{"embeddable":true,"href":"https:\/\/appriou.bzh\/index.php\/wp-json\/wp\/v2\/media\/1645"}],"wp:attachment":[{"href":"https:\/\/appriou.bzh\/index.php\/wp-json\/wp\/v2\/media?parent=761"}],"wp:term":[{"taxonomy":"category","embeddable":true,"href":"https:\/\/appriou.bzh\/index.php\/wp-json\/wp\/v2\/categories?post=761"},{"taxonomy":"post_tag","embeddable":true,"href":"https:\/\/appriou.bzh\/index.php\/wp-json\/wp\/v2\/tags?post=761"}],"curies":[{"name":"wp","href":"https:\/\/api.w.org\/{rel}","templated":true}]}}