{"id":762,"date":"2017-07-05T11:17:00","date_gmt":"2017-07-05T09:17:00","guid":{"rendered":"https:\/\/plouguerneau.net\/circuit-6-pont-du-diable-loguivi-8-km\/"},"modified":"2025-01-12T22:16:46","modified_gmt":"2025-01-12T21:16:46","slug":"circuit-6-pont-du-diable-loguivi-8-km","status":"publish","type":"page","link":"https:\/\/appriou.bzh\/index.php\/circuit-6-pont-du-diable-loguivi-8-km\/","title":{"rendered":"Circuit 06 &#8211; Pont du Diable Loguivi (6 Km)"},"content":{"rendered":"<h2><span style=\"font-size: 18px; color: #0000ff;\"><u><strong><b>Boucle \u00e0 partir du pont du diable<br \/>\n<\/b><\/strong><\/u><\/span><\/h2>\n<p><span style=\"font-size: 18px;\"><u><strong>D\u00e9part<\/strong><\/u><\/span><strong><b> : Pont du diable<br \/>\n<\/b><\/strong><\/p>\n<p><span style=\"font-size: 18px;\"><u><strong>Distance<\/strong><\/u> : 6 Km Difficult\u00e9 : facile <\/span><\/p>\n<p><span style=\"font-size: 18px;\"><u><strong>Couleur du balisage<\/strong><\/u> : <span style=\"color: #00ccff;\"><strong>Bleu ciel<\/strong><\/span><\/span><\/p>\n<p><span style=\"color: #ff0000;\"><span style=\"text-decoration: underline;\"><strong>Attention \u00e0 la mar\u00e9e<\/strong><\/span> si vous empruntez la rive de l&rsquo;aber qui est parfois grasse. L&rsquo;id\u00e9al est de prendre le chemin sur votre gauche \u00e0 Mez ar c&rsquo;hzoty<\/span><\/p>\n<p style=\"text-align: justify;\"><strong><span style=\"text-decoration: underline;\">Option<\/span> : Possibilit\u00e9 de le lier avec les circuits 8 Naount\u00a0 et 8 bis Patrimoine Naturel<br \/>\n<\/strong><\/p>\n<p><a href=\"https:\/\/plouguerneau.net\/wp-content\/uploads\/2018\/11\/circuit_6_a_la_d_couverte_du_pont_du_diable_plouguerneau.pdf\" target=\"_blank\" rel=\"noopener\"><img decoding=\"async\" class=\"wp-image-1646 size-medium aligncenter\" src=\"https:\/\/appriou.bzh\/wp-content\/uploads\/2018\/11\/6diable-145x300.jpg\" alt=\"\" width=\"145\" height=\"300\" \/><\/a><\/p>\n<p><span style=\"font-size: 18px;\"><a href=\"http:\/\/www.plouguerneau.net\/IMG\/gpx\/6pont_du_diable.gpx\" target=\"_blank\" rel=\"attachment noopener wp-att-1662\"><img decoding=\"async\" class=\"alignnone wp-image-1662 size-full\" src=\"https:\/\/appriou.bzh\/wp-content\/uploads\/2017\/07\/gpx2562.png\" alt=\"\" width=\"100\" height=\"100\" \/><\/a> <a href=\"http:\/\/www.plouguerneau.net\/IMG\/gpx\/6pont_du_diable.gpx\">Le fichier GPX<\/a><strong> pour votre GPS (smartphone)<\/strong><br \/>\n<\/span><\/p>\n<p style=\"text-align: center;\"><iframe src=\"https:\/\/www.openrunner.com\/route\/5978856\/embed\/fr\/6c6141386b4f30692f5150516e745963677a39666862487276486435306b4c49506f6c6a6a70504f4537633d3a3aea3eedfb895084b8f9ce5cc44c9a15d6\" width=\"450px\" height=\"580px\" frameborder=\"0\" allowfullscreen=\"allowfullscreen\"><\/iframe><br \/>\n<b> <\/b><\/p>\n<h2><\/h2>\n","protected":false},"excerpt":{"rendered":"<p>Boucle \u00e0 partir du pont du diable D\u00e9part : Pont du diable Distance : 6 Km Difficult\u00e9 : facile Couleur du balisage : Bleu ciel Attention \u00e0 la mar\u00e9e si [&hellip;]<\/p>\n","protected":false},"author":4,"featured_media":1646,"parent":0,"menu_order":0,"comment_status":"closed","ping_status":"closed","template":"","meta":{"ngg_post_thumbnail":0,"_EventAllDay":false,"_EventTimezone":"","_EventStartDate":"","_EventEndDate":"","_EventStartDateUTC":"","_EventEndDateUTC":"","_EventShowMap":false,"_EventShowMapLink":false,"_EventURL":"","_EventCost":"","_EventCostDescription":"","_EventCurrencySymbol":"","_EventCurrencyCode":"","_EventCurrencyPosition":"","_EventDateTimeSeparator":"","_EventTimeRangeSeparator":"","_EventOrganizerID":[],"_EventVenueID":[],"_OrganizerEmail":"","_OrganizerPhone":"","_OrganizerWebsite":"","_VenueAddress":"","_VenueCity":"","_VenueCountry":"","_VenueProvince":"","_VenueState":"","_VenueZip":"","_VenuePhone":"","_VenueURL":"","_VenueStateProvince":"","_VenueLat":"","_VenueLng":"","_VenueShowMap":false,"_VenueShowMapLink":false,"footnotes":""},"categories":[32],"tags":[],"class_list":["post-762","page","type-page","status-publish","has-post-thumbnail","hentry","category-randonnees-balisees"],"_links":{"self":[{"href":"https:\/\/appriou.bzh\/index.php\/wp-json\/wp\/v2\/pages\/762","targetHints":{"allow":["GET"]}}],"collection":[{"href":"https:\/\/appriou.bzh\/index.php\/wp-json\/wp\/v2\/pages"}],"about":[{"href":"https:\/\/appriou.bzh\/index.php\/wp-json\/wp\/v2\/types\/page"}],"author":[{"embeddable":true,"href":"https:\/\/appriou.bzh\/index.php\/wp-json\/wp\/v2\/users\/4"}],"replies":[{"embeddable":true,"href":"https:\/\/appriou.bzh\/index.php\/wp-json\/wp\/v2\/comments?post=762"}],"version-history":[{"count":0,"href":"https:\/\/appriou.bzh\/index.php\/wp-json\/wp\/v2\/pages\/762\/revisions"}],"wp:featuredmedia":[{"embeddable":true,"href":"https:\/\/appriou.bzh\/index.php\/wp-json\/wp\/v2\/media\/1646"}],"wp:attachment":[{"href":"https:\/\/appriou.bzh\/index.php\/wp-json\/wp\/v2\/media?parent=762"}],"wp:term":[{"taxonomy":"category","embeddable":true,"href":"https:\/\/appriou.bzh\/index.php\/wp-json\/wp\/v2\/categories?post=762"},{"taxonomy":"post_tag","embeddable":true,"href":"https:\/\/appriou.bzh\/index.php\/wp-json\/wp\/v2\/tags?post=762"}],"curies":[{"name":"wp","href":"https:\/\/api.w.org\/{rel}","templated":true}]}}