{"id":763,"date":"2017-07-03T11:45:00","date_gmt":"2017-07-03T09:45:00","guid":{"rendered":"https:\/\/plouguerneau.net\/circuit-8-diouris-naount-8-km\/"},"modified":"2025-01-12T22:17:02","modified_gmt":"2025-01-12T21:17:02","slug":"circuit-08-diouris-naount-8-km","status":"publish","type":"page","link":"https:\/\/appriou.bzh\/index.php\/circuit-08-diouris-naount-8-km\/","title":{"rendered":"Circuit 08 &#8211; Diouris Naount (8 Km)"},"content":{"rendered":"<h2><span style=\"font-size: 18px; color: #0000ff;\"><u><strong><b>Boucle \u00e0 partir du Diouris<br \/>\n<\/b><\/strong><\/u><\/span><\/h2>\n<p><span style=\"font-size: 18px;\"><u><strong>D\u00e9part<\/strong><\/u><\/span><strong><b> : du Diouris sur la D 28 entre Lannilis et Kernilis<br \/>\n<\/b><\/strong><\/p>\n<p><span style=\"font-size: 18px;\"><u><strong>Distance<\/strong><\/u> : 8 Km Difficult\u00e9 : facile <\/span><\/p>\n<p><span style=\"font-size: 18px;\"><u><strong>Couleur du balisage<\/strong><\/u> : <span style=\"color: #3366ff;\"><strong><span style=\"color: #ff00ff;\">Fushia<\/span><br \/>\n<\/strong><\/span><\/span><\/p>\n<p style=\"text-align: justify;\"><strong><span style=\"text-decoration: underline;\">Option<\/span> : Possibilit\u00e9 de le lier avec les circuits \u00ab\u00a09 autour du Grouanec\u00a0\u00bb ou le \u00ab\u00a08 bis Patrimoine Naturel\u00a0\u00bb<br \/>\n<\/strong><\/p>\n<p><a href=\"https:\/\/plouguerneau.net\/wp-content\/uploads\/2018\/11\/randoplougernediouris.pdf\" target=\"_blank\" rel=\"noopener\"><img decoding=\"async\" class=\"alignnone wp-image-1644 size-medium\" src=\"https:\/\/plouguerneau.net\/wp-content\/uploads\/2018\/11\/8naount-144x300.jpg\" alt=\"\" width=\"144\" height=\"300\" \/><\/a><\/p>\n<p><span style=\"font-size: 18px;\"><a href=\"http:\/\/www.plouguerneau.net\/IMG\/gpx\/8_naount.gpx\" target=\"_blank\" rel=\"attachment noopener wp-att-1662\"><img decoding=\"async\" class=\"alignnone wp-image-1662 size-full\" src=\"https:\/\/appriou.bzh\/wp-content\/uploads\/2017\/07\/gpx2562.png\" alt=\"\" width=\"100\" height=\"100\" \/><\/a> <a href=\"http:\/\/www.plouguerneau.net\/IMG\/gpx\/8_naount.gpx\">Le fichier GPX<\/a><strong> pour votre GPS (smartphone)<\/strong><br \/>\n<\/span><br \/>\n<iframe src=\"https:\/\/www.openrunner.com\/route\/4452101\/embed\/fr\/386b42594335747761305473666b2f365759355233474a6e396e63727048697433704a36773946694377733d3a3aa4a910da1712ee8c6c5b9931e994f9b5\" width=\"450px\" height=\"580px\" frameborder=\"0\" allowfullscreen=\"allowfullscreen\"><\/iframe><\/p>\n<h2><\/h2>\n","protected":false},"excerpt":{"rendered":"<p>Boucle \u00e0 partir du Diouris D\u00e9part : du Diouris sur la D 28 entre Lannilis et Kernilis Distance : 8 Km Difficult\u00e9 : facile Couleur du balisage : Fushia Option [&hellip;]<\/p>\n","protected":false},"author":4,"featured_media":1713,"parent":0,"menu_order":0,"comment_status":"closed","ping_status":"closed","template":"","meta":{"ngg_post_thumbnail":0,"_EventAllDay":false,"_EventTimezone":"","_EventStartDate":"","_EventEndDate":"","_EventStartDateUTC":"","_EventEndDateUTC":"","_EventShowMap":false,"_EventShowMapLink":false,"_EventURL":"","_EventCost":"","_EventCostDescription":"","_EventCurrencySymbol":"","_EventCurrencyCode":"","_EventCurrencyPosition":"","_EventDateTimeSeparator":"","_EventTimeRangeSeparator":"","_EventOrganizerID":[],"_EventVenueID":[],"_OrganizerEmail":"","_OrganizerPhone":"","_OrganizerWebsite":"","_VenueAddress":"","_VenueCity":"","_VenueCountry":"","_VenueProvince":"","_VenueState":"","_VenueZip":"","_VenuePhone":"","_VenueURL":"","_VenueStateProvince":"","_VenueLat":"","_VenueLng":"","_VenueShowMap":false,"_VenueShowMapLink":false,"footnotes":""},"categories":[32],"tags":[],"class_list":["post-763","page","type-page","status-publish","has-post-thumbnail","hentry","category-randonnees-balisees"],"_links":{"self":[{"href":"https:\/\/appriou.bzh\/index.php\/wp-json\/wp\/v2\/pages\/763","targetHints":{"allow":["GET"]}}],"collection":[{"href":"https:\/\/appriou.bzh\/index.php\/wp-json\/wp\/v2\/pages"}],"about":[{"href":"https:\/\/appriou.bzh\/index.php\/wp-json\/wp\/v2\/types\/page"}],"author":[{"embeddable":true,"href":"https:\/\/appriou.bzh\/index.php\/wp-json\/wp\/v2\/users\/4"}],"replies":[{"embeddable":true,"href":"https:\/\/appriou.bzh\/index.php\/wp-json\/wp\/v2\/comments?post=763"}],"version-history":[{"count":0,"href":"https:\/\/appriou.bzh\/index.php\/wp-json\/wp\/v2\/pages\/763\/revisions"}],"wp:featuredmedia":[{"embeddable":true,"href":"https:\/\/appriou.bzh\/index.php\/wp-json\/wp\/v2\/media\/1713"}],"wp:attachment":[{"href":"https:\/\/appriou.bzh\/index.php\/wp-json\/wp\/v2\/media?parent=763"}],"wp:term":[{"taxonomy":"category","embeddable":true,"href":"https:\/\/appriou.bzh\/index.php\/wp-json\/wp\/v2\/categories?post=763"},{"taxonomy":"post_tag","embeddable":true,"href":"https:\/\/appriou.bzh\/index.php\/wp-json\/wp\/v2\/tags?post=763"}],"curies":[{"name":"wp","href":"https:\/\/api.w.org\/{rel}","templated":true}]}}