{"id":765,"date":"2017-07-01T14:44:00","date_gmt":"2017-07-01T12:44:00","guid":{"rendered":"https:\/\/plouguerneau.net\/circuit-9-autour-du-grouaneg-37-km\/"},"modified":"2025-01-12T22:17:18","modified_gmt":"2025-01-12T21:17:18","slug":"circuit-09-autour-du-grouaneg-37-km","status":"publish","type":"page","link":"https:\/\/appriou.bzh\/index.php\/circuit-09-autour-du-grouaneg-37-km\/","title":{"rendered":"Circuit 09 &#8211; Autour du Grouaneg (3,7 Km)"},"content":{"rendered":"<h2><span style=\"font-size: 18px; color: #0000ff;\"><u><strong><b>Boucle \u00e0 partir du bourg du Grouanec<br \/>\n<\/b><\/strong><\/u><\/span><\/h2>\n<p><span style=\"font-size: 18px;\"><u><strong>D\u00e9part<\/strong><\/u><\/span><strong><b> : Bourg du Grouanec sur la D 32<br \/>\n<\/b><\/strong><\/p>\n<p><span style=\"font-size: 18px;\"><u><strong>Distance<\/strong><\/u> : 4 Km Difficult\u00e9 : facile <\/span><\/p>\n<p><span style=\"font-size: 18px;\"><u><strong>Couleur du balisage<\/strong><\/u> : <span style=\"color: #993300;\"><strong>marron<\/strong><\/span><\/span><\/p>\n<p style=\"text-align: justify;\"><strong><span style=\"text-decoration: underline;\">Option<\/span> : Possibilit\u00e9 de le lier avec les circuits \u00ab\u00a08 Diouris-Naount\u00a0\u00bb ou le \u00ab\u00a08 bis\u00a0 patrimoine naturel\u00a0\u00bb<br \/>\n<\/strong><\/p>\n<figure id=\"attachment_1642\" aria-describedby=\"caption-attachment-1642\" style=\"width: 248px\" class=\"wp-caption aligncenter\"><a href=\"https:\/\/plouguerneau.net\/wp-content\/uploads\/2018\/11\/circuit_9_a_la_d_couverte_du_grouaneg_plouguerneau.pdf\" target=\"_blank\" rel=\"noopener\"><img fetchpriority=\"high\" decoding=\"async\" class=\"wp-image-1642\" src=\"https:\/\/plouguerneau.net\/wp-content\/uploads\/2018\/11\/9grouanec-146x300.jpg\" alt=\"\" width=\"248\" height=\"509\" \/><\/a><figcaption id=\"caption-attachment-1642\" class=\"wp-caption-text\">La plaquette au format PDF<\/figcaption><\/figure>\n<p><span style=\"font-size: 18px;\"><a href=\"http:\/\/www.plouguerneau.net\/IMG\/gpx\/autourgrouaneg.gpx\" target=\"_blank\" rel=\"attachment noopener wp-att-1662\"><img decoding=\"async\" class=\"alignnone wp-image-1662 size-full\" src=\"https:\/\/appriou.bzh\/wp-content\/uploads\/2017\/07\/gpx2562.png\" alt=\"\" width=\"100\" height=\"100\" \/><\/a> <a href=\"http:\/\/www.plouguerneau.net\/IMG\/gpx\/autourgrouaneg.gpx\">Le fichier GPX<\/a><strong> pour votre GPS (smartphone)<\/strong><br \/>\n<\/span><br \/>\n<iframe src=\"https:\/\/www.openrunner.com\/route\/5497307\/embed\/fr\/544e44785a32593048442b755863692b4f352b72574557534f4a5836377363644330696a6f42564a30324d3d3a3a090ae9767e18848293d530a31fe4ee9c\" width=\"450px\" height=\"580px\" frameborder=\"0\" allowfullscreen=\"allowfullscreen\"><\/iframe><\/p>\n<h2><\/h2>\n<p><a href=\"IMG\/gpx\/autourgrouaneg.gpx\">autourgrouaneg.gpx<\/a><br \/>\n\u2460 L&rsquo;enclos paroissial du Grouaneg. Ensemble riche et complet repr\u00e9sentatif des enclos l\u00e9onards. \u00c9glise Notre-Dame (en partie romane ; essentiellement du XV\u00e8me au XVI\u00e8me si\u00e8cle), ossuaire d&rsquo;attache, calvaire, fontaine de d\u00e9votion, gargouilles. A l&rsquo;int\u00e9rieur statues anciennes, lambris, sabli\u00e8re sculpt\u00e9e (satire de l&rsquo;ivrognerie), vitraux modernes de Max Ingrant, vestiges d&rsquo;anciens vitraux. Dans le jardin de l&rsquo;autre c\u00f4t\u00e9 de la route pr\u00e8s de l\u2019ancienne bascule : statue moderne en granit de Bernard Sirven (l&rsquo;ange \u00e0 la fen\u00eatre de l&rsquo;occident 1988).<\/p>\n<p>\u2461 A l&rsquo;est de l&rsquo;\u00e9glise le cimeti\u00e8re du Grouaneg. Tr\u00e8s beau calvaire de 1505. A la sortie du cimeti\u00e8re emprunter la voie charreti\u00e8re qui longe les prairies.<\/p>\n<p>\u2462 Tourner \u00e0 droite, route goudronn\u00e9e (avant Prad Orven).<\/p>\n<p>\u2463 Grouaneg Koz (le vieux Grouaneg). St\u00e8le gauloise de 3,25 m, \u00e0 huit pans concaves, surmont\u00e9e d&rsquo;une belle petite croix du XVI\u00e8me si\u00e8cle. L&rsquo;une des plus belles st\u00e8les de Bretagne. Plouguerneau eu compte plus de 3o. Tourner \u00e0 droite vers le Grouaneg.<\/p>\n<p>\u2464 L&rsquo;ancienne \u00e9cole publique (fin du XIX\u00e8me si\u00e8cle), \u00e9tait l&rsquo;une des 3 \u00e9coles du Grouaneg toutes ferm\u00e9es (l&rsquo;\u00e9cole Notre Dame du Grouaneg vers Lesneven; plus loin l&rsquo;ancienne \u00e9cole des gar\u00e7ons Ti Sant Kenan, la maison de Saint Kenan). Tourner \u00e0 gauche sur la route de Kernilis.<\/p>\n<p>\u2465 A Koad Haleg tourner \u00e0 droite dans une voie charreti\u00e8re qui longe ruisseau et prairies.<\/p>\n<p>\u2466 Tourner \u00e0 gauche vers Kerdidreun. La fontaine de d\u00e9votion \u00ab\u00a0Feunteun ar Gwelleat\u00a0\u00bb (La fontaine du mieux-\u00eatre) sur le bord de la route date de 1601. Organisation modifi\u00e9e par l&rsquo;\u00e9largissement de la route. Statue en Kersanton polychrome de la vierge \u00e0 l&rsquo;enfant conforme \u00e0 l&rsquo;ancienne statue (Jean Marc Jezequel, sculpteur; Jean Michel Appriou, peintre). Vertus curatives et pronostiques autrefois.<\/p>\n<p>\u2467 Continuer tout droit. Moulin disparu \u00ab\u00a0Milin Kelven\u00a0\u00bb .<\/p>\n<p>\u2468 Avant Kerdidreun tourner \u00e0 droite dans une voie charreti\u00e8re.<\/p>\n<p>\u2469 Tourner \u00e0 droite vers le Pont de Koad Kenan, ancienne chauss\u00e9e du Moulin \u00ab\u00a0Milin Koad Kenan\u00a0\u00bb (moulin du bois de Kenan) dont on peut voir les ruines bien conserv\u00e9es en contrebas. Encore appel\u00e9 Milin ar Saoz (le moulin de l&rsquo;anglais).<\/p>\n<p>\u246a A Porz al lez (la cour de la \u00ab\u00a0cour seigneuriale\u00a0\u00bb) tourner \u00e0 gauche vers Maner Koad Kenan, vieux manoir gothique du XV\u00e8me si\u00e8cle b\u00e2ti sur une motte f\u00e9odale. Il reste peu de chose de la splendeur du ch\u00e2teau des Koad Kenan, seigneurs qui \u00e9tendaient leur juridiction jusqu&rsquo;\u00e0 Kernoues.<\/p>\n<p>\u246b Revenir sur ses pas et tourner \u00e0 droite vers Mez Fallet et regagner l&rsquo;enclos du Grouaneg.<\/p>\n<p>\u246c A 200 m\u00e8tres au Nord sur le bord de la d\u00e9partementale le beau calvaire du XVI\u00e8me si\u00e8cle porte les armes, \u00ab\u00a0D&rsquo;azur au ch\u00e2teau d&rsquo;or somm\u00e9 de trois tourelles du m\u00eame\u00a0\u00bb, des seigneurs du lieu.<\/p>\n","protected":false},"excerpt":{"rendered":"<p>Boucle \u00e0 partir du bourg du Grouanec D\u00e9part : Bourg du Grouanec sur la D 32 Distance : 4 Km Difficult\u00e9 : facile Couleur du balisage : marron Option : [&hellip;]<\/p>\n","protected":false},"author":4,"featured_media":158,"parent":0,"menu_order":0,"comment_status":"closed","ping_status":"closed","template":"","meta":{"ngg_post_thumbnail":0,"_EventAllDay":false,"_EventTimezone":"","_EventStartDate":"","_EventEndDate":"","_EventStartDateUTC":"","_EventEndDateUTC":"","_EventShowMap":false,"_EventShowMapLink":false,"_EventURL":"","_EventCost":"","_EventCostDescription":"","_EventCurrencySymbol":"","_EventCurrencyCode":"","_EventCurrencyPosition":"","_EventDateTimeSeparator":"","_EventTimeRangeSeparator":"","_EventOrganizerID":[],"_EventVenueID":[],"_OrganizerEmail":"","_OrganizerPhone":"","_OrganizerWebsite":"","_VenueAddress":"","_VenueCity":"","_VenueCountry":"","_VenueProvince":"","_VenueState":"","_VenueZip":"","_VenuePhone":"","_VenueURL":"","_VenueStateProvince":"","_VenueLat":"","_VenueLng":"","_VenueShowMap":false,"_VenueShowMapLink":false,"footnotes":""},"categories":[32],"tags":[],"class_list":["post-765","page","type-page","status-publish","has-post-thumbnail","hentry","category-randonnees-balisees"],"_links":{"self":[{"href":"https:\/\/appriou.bzh\/index.php\/wp-json\/wp\/v2\/pages\/765","targetHints":{"allow":["GET"]}}],"collection":[{"href":"https:\/\/appriou.bzh\/index.php\/wp-json\/wp\/v2\/pages"}],"about":[{"href":"https:\/\/appriou.bzh\/index.php\/wp-json\/wp\/v2\/types\/page"}],"author":[{"embeddable":true,"href":"https:\/\/appriou.bzh\/index.php\/wp-json\/wp\/v2\/users\/4"}],"replies":[{"embeddable":true,"href":"https:\/\/appriou.bzh\/index.php\/wp-json\/wp\/v2\/comments?post=765"}],"version-history":[{"count":0,"href":"https:\/\/appriou.bzh\/index.php\/wp-json\/wp\/v2\/pages\/765\/revisions"}],"wp:featuredmedia":[{"embeddable":true,"href":"https:\/\/appriou.bzh\/index.php\/wp-json\/wp\/v2\/media\/158"}],"wp:attachment":[{"href":"https:\/\/appriou.bzh\/index.php\/wp-json\/wp\/v2\/media?parent=765"}],"wp:term":[{"taxonomy":"category","embeddable":true,"href":"https:\/\/appriou.bzh\/index.php\/wp-json\/wp\/v2\/categories?post=765"},{"taxonomy":"post_tag","embeddable":true,"href":"https:\/\/appriou.bzh\/index.php\/wp-json\/wp\/v2\/tags?post=765"}],"curies":[{"name":"wp","href":"https:\/\/api.w.org\/{rel}","templated":true}]}}