{"id":770,"date":"2022-11-16T18:26:53","date_gmt":"2022-11-16T17:26:53","guid":{"rendered":"https:\/\/plouguerneau.net\/une-assignation-pour-ollivier-le-got\/"},"modified":"2025-01-27T09:57:17","modified_gmt":"2025-01-27T08:57:17","slug":"une-assignation-pour-ollivier-le-got","status":"publish","type":"page","link":"https:\/\/appriou.bzh\/index.php\/une-assignation-pour-ollivier-le-got\/","title":{"rendered":"UNE ASSIGNATION POUR OLLIVIER LE GOT"},"content":{"rendered":"<p>R\u00e9cemment, j\u2019ai eu la possibilit\u00e9 d\u2019acheter un document datant de 1752 sur un site de vente aux ench\u00e8res. Mon attention avait \u00e9t\u00e9 attir\u00e9e car ce document concernait Plouguerneau et un d\u00e9nomm\u00e9 Ollivier Le Got. Ce patronyme ne m\u2019est pas inconnu, la propri\u00e9t\u00e9 voisine de la mienne, au bourg, comprenait notamment une mercerie tenue autrefois par deux s\u0153urs Le Got. Simple hasard ? Et bien non, il s\u2019agit bien de la m\u00eame famille.<br \/>\nLe document dat\u00e9 du 20 septembre 1752 est extrait des registres de la Chambre des Comptes de Bretagne. Certes, cette quittance ne bouleversera pas l\u2019histoire de Plouguerneau, Il s\u2019agit simplement de rappeler au Sieur Ollivier Le Got, demeurant au bourg de Plouguerneau et propri\u00e9taire de plusieurs maisons nobles au bourg, qu\u2019il doit r\u00e9gler des frais pour une assignation datant du 20 septembre pr\u00e9c\u00e9dent. En date du 11 juillet 1752, l\u2019huissier Rabu, de Lesneven, r\u00e9clame 30 Louis et 4 sols pour ces frais d\u2019assignation mais aussi pour les frais li\u00e9s \u00e0 ce rappel. Le document imprim\u00e9 et compl\u00e9t\u00e9 de mani\u00e8re manuscrite par l\u2019huissier, n\u2019indique malheureusement pas les raisons de cette assignation.<\/p>\n<div id='gallery-1' class='gallery galleryid-770 gallery-columns-3 gallery-size-thumbnail'><figure class='gallery-item'>\n\t\t\t<div class='gallery-icon landscape'>\n\t\t\t\t<a href='https:\/\/appriou.bzh\/legot-det-2\/'><img fetchpriority=\"high\" decoding=\"async\" width=\"300\" height=\"300\" src=\"https:\/\/appriou.bzh\/wp-content\/uploads\/2018\/11\/LeGot.Det_.2-300x300.jpg\" class=\"attachment-thumbnail size-thumbnail\" alt=\"\" \/><\/a>\n\t\t\t<\/div><\/figure>\n\t\t<\/div>\n\n<p>N\u00e9anmoins, je me suis int\u00e9ress\u00e9 \u00e0 Ollivier Le Got. Il est n\u00e9 \u00e0 Brest (Sept-Saints) le 28 septembre 1695, septi\u00e8me enfant du couple form\u00e9 par Jean Le Got et Claudine Theven. Le couple s\u2019est mari\u00e9 \u00e0 Plouguerneau le 1er d\u00e9cembre 1684. Jean Le Got a \u00e9t\u00e9 un personnage important \u00e0 cette \u00e9poque, fr\u00e9quentant les \u00e9lites brestoises de l\u2019\u00e9poque comme on peut le constater en identifiant les parrains et marraines de ses enfants. Il avait \u00e9t\u00e9 huissier-audiencier \u00e0 Brest avant de vendre cette charge et de continuer \u00e9tonnamment \u00e0 exercer comme notaire \u00e0 Plouguerneau puis \u00e0 Irvillac. C\u2019est d\u2019ailleurs \u00e0 Irvillac qu\u2019il \u00e9pousera, le 18 juin 1712, Claudine Galliou avec qui il aura encore trois enfants ce qui portera \u00e0 15 le nombre de ses enfants issus des deux mariages. Jean Le Got, n\u00e9 probablement vers 1648 \u00e0 Plouguin est d\u00e9c\u00e9d\u00e9 \u00e0 Guipavas le 12 janvier 1718.<br \/>\nJe n\u2019ai pas r\u00e9ussi \u00e0 identifier l\u2019activit\u00e9 de Ollivier Le Got \u00e0 Plouguerneau si ce n\u2019est celle de rentier puisqu\u2019il est indiqu\u00e9 \u00ab propri\u00e9taire de plusieurs maisons nobles au bourg \u00bb. Le 11 f\u00e9vrier 1721, il \u00e9pouse \u00e0 Plouguerneau Marie Breton, fille de Goulven et feue Marie Panelle. Il d\u00e9c\u00e8de \u00e0 Plouguerneau le 4 janvier 1721 \u00e0 l\u2019\u00e2ge de 66 ans. Il c\u00f4toiera au cimeti\u00e8re son fr\u00e8re Henry Charles, \u00e9poux successif de Jeanne Donnou et Jeanne Marec, d\u00e9c\u00e9d\u00e9 en 1782, ou encore sa demi-s\u0153ur Jeanne, \u00e9pouse de Guillaume Le Bras, d\u00e9c\u00e9d\u00e9e \u00e0 Plouguerneau en 1802 \u00e0 l\u2019\u00e2ge de 88 ans.<br \/>\nUn autre fr\u00e8re, Christophe, n\u00e9 en 1698, \u00e9poux de Marie Laurens (mariage le 12 septembre 1724 \u00e0 Plouguerneau) et d\u00e9c\u00e9d\u00e9 en 1776, est l\u2019anc\u00eatre direct des s\u0153urs Marie Anne et Yvonne Le Got qui tenaient la mercerie \u00e9voqu\u00e9e ci-dessus. Elles \u00e9taient les filles c\u00e9libataires de Fran\u00e7ois Le Got, \u00e9poux de Marie Jos\u00e9phine Talec, charron bien connu dans la commune qui tenait sa forge juste \u00e0 c\u00f4t\u00e9 de la mercerie.<\/p>\n<p>Norbert L\u2019Hostis<\/p>\n<p><span style=\"text-decoration: underline;\"><strong>Compl\u00e9ments d&rsquo;informations sur cette famille par Patrick PAUL, avec nos remerciements :<\/strong><\/span><\/p>\n<p><em>Le premier Le Got arriv\u00e9 \u00e0 Plouguerneau en 1683 s&rsquo;appelait Jean Le Got. Il est n\u00e9 \u00e0 Tinchebray dans l&rsquo;Orne en 1660.<\/em><br \/>\n<em>Il s&rsquo;est mari\u00e9e avec Claudine Teven \u00e0 Plouguerneau en 1684.<\/em><br \/>\n<em>Claudine \u00e9tait la fille d&rsquo;Ollivier Teven et de Jeanne Jaffretz. Ollivier Teven est d\u00e9c\u00e9d\u00e9 vers 1680.<\/em><br \/>\n<em>Jeanne Jaffretz s&rsquo;est remari\u00e9 avec Christophe Thomas de la Lande en 1683.<\/em><br \/>\n<em>Ce Christophe \u00e9tait vraisemblablement parent de Jean Le Got dont la m\u00e8re s&rsquo;appelait Jacquette Thomas de la Lande et vivait \u00e0 Tinchebray.<\/em><br \/>\n<em>En 1682, Christophe a achet\u00e9 une charge d&rsquo;huissier audiencier \u00e0 la cour royale de Brest Saint-Renan et l&rsquo;a transmise \u00e0 Jean Le Got en 1683.<\/em><br \/>\n<em>Christophe est souvent pr\u00e9sent dans les registres de Plouguerneau, dans lesquels, il est qualifi\u00e9 d&rsquo;honorable marchand. Entre 1684 et 1707, il fut 64 fois parrain \u00e0 Plouguerneau. Jeanne Jaffretz n&rsquo;\u00e9tait pas en reste puisqu&rsquo;entre 1675 et 1710, elle fut marraine 49 fois.<\/em><br \/>\n<em>Plusieurs des enfants de Jean Le Got, n\u00e9s \u00e0 Brest, ont v\u00e9cu \u00e0 Plouguerneau.<\/em><br \/>\n<em>Des 12 enfants de Jean Le Got et Claudine Teven, 7 n&rsquo;ont pas atteint l&rsquo;\u00e2ge adulte, 3 fils se sont mari\u00e9s \u00e0 Plouguerneau, une fille s&rsquo;est mari\u00e9 \u00e0 Morlaix et d\u00e9c\u00e9da \u00e0 Plouguerneau. Une fille resta c\u00e9libataire, v\u00e9cut \u00e0 Plouguerneau et mourut \u00e0 Morlaix.<\/em><\/p>\n<p><em>Quelques informations plus d\u00e9taill\u00e9es sur cette famille et aussi sur la famille Teven. Le personnage central de cette petite histoire de la fin du XVII\u00e8me si\u00e8cle est Jeanne Jaffretz qui vraisemblablement \u00e9tait commer\u00e7ante au bourg de Plouguerneau. Elle avait des relations avec les notables de la r\u00e9gion. Son fils Olivier Teven est devenu avocat au parlement et a ajout\u00e9 \u00e0 son nom le suffixe de Gu\u00e9l\u00e9ran.<\/em><br \/>\n<em>Ce nom \u00ab Teven de Gu\u00e9l\u00e9ran \u00bb est encore en usage aujourd\u2019hui. Sa fille Marie Jos\u00e8phe Thomas de la Lande est devenue demoiselle de Kernatoux apr\u00e8s que son p\u00e8re Christophe Thomas de la Lande ait achet\u00e9 le domaine du m\u00eame nom \u00e0 Ploudalm\u00e9zeau. Elle s\u2019est mari\u00e9e avec un notable morlaisien, Antoine Guillotou de Kerdu.<\/em><br \/>\n<em>Elle mourut \u00e0 Morlaix en 1716 \u00e0 l\u2019\u00e2ge de 77ans.<\/em><\/p>\n","protected":false},"excerpt":{"rendered":"<p>R\u00e9cemment, j\u2019ai eu la possibilit\u00e9 d\u2019acheter un document datant de 1752 sur un site de vente aux ench\u00e8res. Mon attention avait \u00e9t\u00e9 attir\u00e9e car ce document concernait Plouguerneau et un [&hellip;]<\/p>\n","protected":false},"author":4,"featured_media":1215,"parent":0,"menu_order":0,"comment_status":"closed","ping_status":"open","template":"","meta":{"ngg_post_thumbnail":0,"_EventAllDay":false,"_EventTimezone":"","_EventStartDate":"","_EventEndDate":"","_EventStartDateUTC":"","_EventEndDateUTC":"","_EventShowMap":false,"_EventShowMapLink":false,"_EventURL":"","_EventCost":"","_EventCostDescription":"","_EventCurrencySymbol":"","_EventCurrencyCode":"","_EventCurrencyPosition":"","_EventDateTimeSeparator":"","_EventTimeRangeSeparator":"","_EventOrganizerID":[],"_EventVenueID":[],"_OrganizerEmail":"","_OrganizerPhone":"","_OrganizerWebsite":"","_VenueAddress":"","_VenueCity":"","_VenueCountry":"","_VenueProvince":"","_VenueState":"","_VenueZip":"","_VenuePhone":"","_VenueURL":"","_VenueStateProvince":"","_VenueLat":"","_VenueLng":"","_VenueShowMap":false,"_VenueShowMapLink":false,"footnotes":""},"categories":[150],"tags":[],"class_list":["post-770","page","type-page","status-publish","has-post-thumbnail","hentry","category-histoire-18e-et-19e-siecle"],"_links":{"self":[{"href":"https:\/\/appriou.bzh\/index.php\/wp-json\/wp\/v2\/pages\/770","targetHints":{"allow":["GET"]}}],"collection":[{"href":"https:\/\/appriou.bzh\/index.php\/wp-json\/wp\/v2\/pages"}],"about":[{"href":"https:\/\/appriou.bzh\/index.php\/wp-json\/wp\/v2\/types\/page"}],"author":[{"embeddable":true,"href":"https:\/\/appriou.bzh\/index.php\/wp-json\/wp\/v2\/users\/4"}],"replies":[{"embeddable":true,"href":"https:\/\/appriou.bzh\/index.php\/wp-json\/wp\/v2\/comments?post=770"}],"version-history":[{"count":0,"href":"https:\/\/appriou.bzh\/index.php\/wp-json\/wp\/v2\/pages\/770\/revisions"}],"wp:featuredmedia":[{"embeddable":true,"href":"https:\/\/appriou.bzh\/index.php\/wp-json\/wp\/v2\/media\/1215"}],"wp:attachment":[{"href":"https:\/\/appriou.bzh\/index.php\/wp-json\/wp\/v2\/media?parent=770"}],"wp:term":[{"taxonomy":"category","embeddable":true,"href":"https:\/\/appriou.bzh\/index.php\/wp-json\/wp\/v2\/categories?post=770"},{"taxonomy":"post_tag","embeddable":true,"href":"https:\/\/appriou.bzh\/index.php\/wp-json\/wp\/v2\/tags?post=770"}],"curies":[{"name":"wp","href":"https:\/\/api.w.org\/{rel}","templated":true}]}}