{"id":771,"date":"2018-03-19T15:09:23","date_gmt":"2018-03-19T14:09:23","guid":{"rendered":"https:\/\/plouguerneau.net\/1743-un-drame-a-kerandraon-allain-plouzane\/"},"modified":"2025-01-27T09:57:16","modified_gmt":"2025-01-27T08:57:16","slug":"1743-un-drame-a-kerandraon-allain-plouzane","status":"publish","type":"page","link":"https:\/\/appriou.bzh\/index.php\/1743-un-drame-a-kerandraon-allain-plouzane\/","title":{"rendered":"1743 : UN DRAME A KERANDRAON (Allain Plouzan\u00e9)"},"content":{"rendered":"\n<p>Le mercredi26 juin 1743, Ma\u00eetre Prigent Jan Cabon, sieur de Lesma\u00efdic, et ses assistants se rendent du bourg de Lannilis vers le manoir de K\u00e9randraon situ\u00e9 \u00e0 environ une lieue et demie, en la paroisse de Plouguerneau.<\/p>\n\n\n\n<p>Le malheureux Allain Plouzann\u00e9 y est mort deux jours auparavant dans des conditions qui parurent sans doute suspectes car Joseph Henry, recteur de Plouguerneau, en avait avis\u00e9 par courrier les autorit\u00e9s judiciaires dans la soir\u00e9e du jour pr\u00e9c\u00e9dent. Avait-il refus\u00e9 l\u2019inhumation, ou fut-il press\u00e9 de pr\u00e9venir le s\u00e9n\u00e9chal de la juridiction de Carman par le p\u00e8re du d\u00e9funt ?<\/p>\n\n\n\n<p>Nous ne saurions le dire ! Ce dernier, Jean Plouzann\u00e9, \u00e9tait certainement peu capable d\u2019\u00e9crire une telle lettre.<\/p>\n\n\n\n<p>Avocat pr\u00e8s le Parlement de Bretagne, Ma\u00eetre Prigent Jan Cabon est le s\u00e9n\u00e9chal charg\u00e9 d\u2019instruire les affaires civiles et criminelles pour les juridictions du Ch\u00e2telen Lannilis, de Carman en Kernilis et de Coatqu\u00e9nan en Plouguerneau.<\/p>\n\n\n\n<p>Une douzaine d\u2019heures apr\u00e8s la r\u00e9ception du courrier, le transport de justice atteint Kerandraon vers neuf heures du matin. Le s\u00e9n\u00e9chal est accompagn\u00e9 de Ma\u00eetre Laurans Riousieur de Kerurien, procureur fiscal, Tanguy Lazennec sieur de K\u00e9rallan,greffier, de Ma\u00eetre Jean-Marie Morvan, interpr\u00e8te en langue bretonne, et de Charles Le Drast, sergent de la juridiction. Sont \u00e9galement pr\u00e9sents sur les lieux : Ma\u00eetres Pierre Ren\u00e9 Roulleau et Jan Bourgeois chirurgiens jur\u00e9s, commis au rapport du ressort de la Cour Royale de Lesneven, qui proc\u00e9deront \u00e0 l\u2019autopsie du cadavre&#8230;.<\/p>\n\n\n\n<p>L\u2019article complet dans le document ci-dessous :<\/p>\n\n\n\n<p><a href=\"https:\/\/plouguerneau.net\/wp-content\/uploads\/2018\/12\/alain-plouzan\u00e9_1743-rev20181204.pdf\">Alain_Plouzane 1743-rev20180319.pdf<\/a><\/p>\n","protected":false},"excerpt":{"rendered":"<p>Le mercredi26 juin 1743, Ma\u00eetre Prigent Jan Cabon, sieur de Lesma\u00efdic, et ses assistants se rendent du bourg de Lannilis vers le manoir de K\u00e9randraon situ\u00e9 \u00e0 environ une lieue [&hellip;]<\/p>\n","protected":false},"author":8,"featured_media":1725,"parent":0,"menu_order":0,"comment_status":"closed","ping_status":"open","template":"","meta":{"ngg_post_thumbnail":0,"_EventAllDay":false,"_EventTimezone":"","_EventStartDate":"","_EventEndDate":"","_EventStartDateUTC":"","_EventEndDateUTC":"","_EventShowMap":false,"_EventShowMapLink":false,"_EventURL":"","_EventCost":"","_EventCostDescription":"","_EventCurrencySymbol":"","_EventCurrencyCode":"","_EventCurrencyPosition":"","_EventDateTimeSeparator":"","_EventTimeRangeSeparator":"","_EventOrganizerID":[],"_EventVenueID":[],"_OrganizerEmail":"","_OrganizerPhone":"","_OrganizerWebsite":"","_VenueAddress":"","_VenueCity":"","_VenueCountry":"","_VenueProvince":"","_VenueState":"","_VenueZip":"","_VenuePhone":"","_VenueURL":"","_VenueStateProvince":"","_VenueLat":"","_VenueLng":"","_VenueShowMap":false,"_VenueShowMapLink":false,"footnotes":""},"categories":[150],"tags":[],"class_list":["post-771","page","type-page","status-publish","has-post-thumbnail","hentry","category-histoire-18e-et-19e-siecle"],"_links":{"self":[{"href":"https:\/\/appriou.bzh\/index.php\/wp-json\/wp\/v2\/pages\/771","targetHints":{"allow":["GET"]}}],"collection":[{"href":"https:\/\/appriou.bzh\/index.php\/wp-json\/wp\/v2\/pages"}],"about":[{"href":"https:\/\/appriou.bzh\/index.php\/wp-json\/wp\/v2\/types\/page"}],"author":[{"embeddable":true,"href":"https:\/\/appriou.bzh\/index.php\/wp-json\/wp\/v2\/users\/8"}],"replies":[{"embeddable":true,"href":"https:\/\/appriou.bzh\/index.php\/wp-json\/wp\/v2\/comments?post=771"}],"version-history":[{"count":0,"href":"https:\/\/appriou.bzh\/index.php\/wp-json\/wp\/v2\/pages\/771\/revisions"}],"wp:featuredmedia":[{"embeddable":true,"href":"https:\/\/appriou.bzh\/index.php\/wp-json\/wp\/v2\/media\/1725"}],"wp:attachment":[{"href":"https:\/\/appriou.bzh\/index.php\/wp-json\/wp\/v2\/media?parent=771"}],"wp:term":[{"taxonomy":"category","embeddable":true,"href":"https:\/\/appriou.bzh\/index.php\/wp-json\/wp\/v2\/categories?post=771"},{"taxonomy":"post_tag","embeddable":true,"href":"https:\/\/appriou.bzh\/index.php\/wp-json\/wp\/v2\/tags?post=771"}],"curies":[{"name":"wp","href":"https:\/\/api.w.org\/{rel}","templated":true}]}}