{"id":772,"date":"2018-10-31T09:10:35","date_gmt":"2018-10-31T08:10:35","guid":{"rendered":"https:\/\/plouguerneau.net\/plouguerneau-dans-la-grande-guerre-1914-1919\/"},"modified":"2025-01-16T10:29:28","modified_gmt":"2025-01-16T09:29:28","slug":"plouguerneau-dans-la-grande-guerre-1914-1919","status":"publish","type":"page","link":"https:\/\/appriou.bzh\/index.php\/plouguerneau-dans-la-grande-guerre-1914-1919\/","title":{"rendered":"Plouguerneau dans la Grande Guerre 1914-1919"},"content":{"rendered":"<p>\u00c0 l\u2019aube de la Grande Guerre, Plouguerneau est une des plus importantes communes rurales du Finist\u00e8re avec une population de pr\u00e8s de six mille habitants. En plus des familles qui ont pour unique activit\u00e9 l\u2019agriculture, et quelques unes de commer\u00e7ants et artisans, Plouguerneau compte de nombreuses autres, install\u00e9es dans les villages du littoral, qui tirent l&rsquo;essentiel de leurs ressources de la mer : la p\u00eache et le go\u00e9mon.<\/p>\n<p>Souvent on exploite en plus une petite ferme qui permet de s\u2019affranchir des al\u00e9as dus aux saisons. Les hommes sont inscrits maritimes d\u00e8s l\u2019\u00e2ge de dix-huit ans et constituent le vivier dans lequel la marine de l\u2019\u00c9tat puise ses \u00e9quipages. Leur r\u00e9gime militaire est toujours r\u00e9gi par la loi sur l&rsquo;Inscription maritime vot\u00e9e le 24 d\u00e9cembre 1896. Selon le d\u00e9nombrement de la population de Plouguerneau en 1911, environ deux cents marins sont en \u00e2ge d&rsquo;\u00eatre mobilis\u00e9s en cas de conflit.<\/p>\n<p>Les conscrits de l&rsquo;arm\u00e9e de terre sont soumis \u00e0 la loi du 21 mars 1905, amend\u00e9e le 7 ao\u00fbt 1913 pour allonger la dur\u00e9e du service militaire dans l\u2019Active, qui passe de deux \u00e0 trois ans. L\u2019objectif de l\u2019amendement est une hypoth\u00e9tique compensation de l&rsquo;inf\u00e9riorit\u00e9 num\u00e9rique de l&rsquo;Arm\u00e9e fran\u00e7aise, face \u00e0 celle du Reich allemand.<\/p>\n<p>On s\u2019attendait \u00e0 la guerre depuis plusieurs ann\u00e9es !<\/p>\n<figure id=\"attachment_1204\" aria-describedby=\"caption-attachment-1204\" style=\"width: 255px\" class=\"wp-caption aligncenter\"><a href=\"https:\/\/plouguerneau.net\/wp-content\/uploads\/2022\/02\/20220219_moulins-vallee-oubliee.pdf\" target=\"_blank\" rel=\"noopener noreferrer\"><img fetchpriority=\"high\" decoding=\"async\" class=\"wp-image-1204\" src=\"https:\/\/appriou.bzh\/wp-content\/uploads\/2018\/11\/iconeAN1419-150x150.jpg\" alt=\"\" width=\"255\" height=\"200\"><\/a><figcaption id=\"caption-attachment-1204\" class=\"wp-caption-text\">Le document PDF :<\/figcaption><\/figure>\n<p>&nbsp;<\/p>\n\n\n<div data-wp-interactive=\"core\/file\" class=\"wp-block-file\"><object data-wp-bind--hidden=\"!state.hasPdfPreview\" hidden class=\"wp-block-file__embed\" data=\"https:\/\/plouguerneau.net\/wp-content\/uploads\/2022\/02\/20220219_plouguerneau_1418.pdf\" type=\"application\/pdf\" style=\"width:100%;height:600px\" aria-label=\"Contenu embarqu\u00e9 Contenu embarqu\u00e9 20220219_plouguerneau_14~18..\"><\/object><a id=\"wp-block-file--media-14958e74-1e2a-41c1-9eff-31f19b2b7a96\" href=\"https:\/\/plouguerneau.net\/wp-content\/uploads\/2022\/02\/20220219_plouguerneau_1418.pdf\">20220219_plouguerneau_14~18<\/a><a href=\"https:\/\/plouguerneau.net\/wp-content\/uploads\/2022\/02\/20220219_plouguerneau_1418.pdf\" class=\"wp-block-file__button\" download aria-describedby=\"wp-block-file--media-14958e74-1e2a-41c1-9eff-31f19b2b7a96\">T\u00e9l\u00e9charger<\/a><\/div>\n","protected":false},"excerpt":{"rendered":"<p>\u00c0 l\u2019aube de la Grande Guerre, Plouguerneau est une des plus importantes communes rurales du Finist\u00e8re avec une population de pr\u00e8s de six mille habitants. En plus des familles qui [&hellip;]<\/p>\n","protected":false},"author":8,"featured_media":655,"parent":0,"menu_order":0,"comment_status":"closed","ping_status":"closed","template":"","meta":{"ngg_post_thumbnail":0,"_EventAllDay":false,"_EventTimezone":"","_EventStartDate":"","_EventEndDate":"","_EventStartDateUTC":"","_EventEndDateUTC":"","_EventShowMap":false,"_EventShowMapLink":false,"_EventURL":"","_EventCost":"","_EventCostDescription":"","_EventCurrencySymbol":"","_EventCurrencyCode":"","_EventCurrencyPosition":"","_EventDateTimeSeparator":"","_EventTimeRangeSeparator":"","_EventOrganizerID":[],"_EventVenueID":[],"_OrganizerEmail":"","_OrganizerPhone":"","_OrganizerWebsite":"","_VenueAddress":"","_VenueCity":"","_VenueCountry":"","_VenueProvince":"","_VenueState":"","_VenueZip":"","_VenuePhone":"","_VenueURL":"","_VenueStateProvince":"","_VenueLat":"","_VenueLng":"","_VenueShowMap":false,"_VenueShowMapLink":false,"footnotes":""},"categories":[234],"tags":[],"class_list":["post-772","page","type-page","status-publish","has-post-thumbnail","hentry","category-14-18-1-plouguerneau-dans-la-grande-guerre"],"_links":{"self":[{"href":"https:\/\/appriou.bzh\/index.php\/wp-json\/wp\/v2\/pages\/772","targetHints":{"allow":["GET"]}}],"collection":[{"href":"https:\/\/appriou.bzh\/index.php\/wp-json\/wp\/v2\/pages"}],"about":[{"href":"https:\/\/appriou.bzh\/index.php\/wp-json\/wp\/v2\/types\/page"}],"author":[{"embeddable":true,"href":"https:\/\/appriou.bzh\/index.php\/wp-json\/wp\/v2\/users\/8"}],"replies":[{"embeddable":true,"href":"https:\/\/appriou.bzh\/index.php\/wp-json\/wp\/v2\/comments?post=772"}],"version-history":[{"count":0,"href":"https:\/\/appriou.bzh\/index.php\/wp-json\/wp\/v2\/pages\/772\/revisions"}],"wp:featuredmedia":[{"embeddable":true,"href":"https:\/\/appriou.bzh\/index.php\/wp-json\/wp\/v2\/media\/655"}],"wp:attachment":[{"href":"https:\/\/appriou.bzh\/index.php\/wp-json\/wp\/v2\/media?parent=772"}],"wp:term":[{"taxonomy":"category","embeddable":true,"href":"https:\/\/appriou.bzh\/index.php\/wp-json\/wp\/v2\/categories?post=772"},{"taxonomy":"post_tag","embeddable":true,"href":"https:\/\/appriou.bzh\/index.php\/wp-json\/wp\/v2\/tags?post=772"}],"curies":[{"name":"wp","href":"https:\/\/api.w.org\/{rel}","templated":true}]}}